{"id":45355,"date":"2025-05-16T12:31:37","date_gmt":"2025-05-16T10:31:37","guid":{"rendered":"https:\/\/vapotheque.ch\/boutique\/dicodes-dani-micro-dlc-edition\/"},"modified":"2025-05-16T12:31:37","modified_gmt":"2025-05-16T10:31:37","slug":"dicodes-dani-micro-dlc-edition","status":"publish","type":"product","link":"https:\/\/vapotheque.ch\/de\/shop\/dicodes-dani-micro-dlc-edition\/","title":{"rendered":"Dicodes &#8211; Dani Micro DLC Edition"},"content":{"rendered":"<h3 class=\"\" data-start=\"134\" data-end=\"215\"><strong data-start=\"138\" data-end=\"215\">Dani Micro DLC Box Dicodes (USB-C) \u2013 Leistung und Eleganz im Mini-Formfaktor<\/strong><\/h3>\n<p class=\"\" data-start=\"217\" data-end=\"589\">Die <strong data-start=\"220\" data-end=\"250\">Dani Micro DLC Box (USB-C)<\/strong> von <strong data-start=\"254\" data-end=\"265\">Dicodes<\/strong> ist ein kompakter und raffinierter elektronischer Mod, der entwickelt wurde, um hohe Leistung in einem ergonomischen Format zu bieten. Er besteht aus <strong data-start=\"401\" data-end=\"421\">Edelstahl<\/strong> und <strong data-start=\"425\" data-end=\"446\">eloxiertem Aluminium<\/strong> und ist mit einer <strong data-start=\"473\" data-end=\"513\">DLC-Beschichtung (Diamond Like Carbon)<\/strong> versehen, die ihm ein luxuri\u00f6ses Aussehen und eine hervorragende Verschlei\u00dffestigkeit verleiht. <\/p>\n<hr class=\"\" data-start=\"591\" data-end=\"594\">\n<h3 class=\"\" data-start=\"596\" data-end=\"640\"><strong data-start=\"600\" data-end=\"640\">Kompakte Gr\u00f6\u00dfe, idealer Griff<\/strong><\/h3>\n<p class=\"\" data-start=\"642\" data-end=\"829\">Mit seinen Ma\u00dfen von <strong data-start=\"665\" data-end=\"688\">75,5 x 36,7 x 23 mm<\/strong> liegt der Dani Micro perfekt in der Hand und richtet sich sowohl an anspruchsvolle Dampfer als auch an Liebhaber von dezentem und elegantem Equipment.<\/p>\n<hr class=\"\" data-start=\"831\" data-end=\"834\">\n<h3 class=\"\" data-start=\"836\" data-end=\"870\"><strong data-start=\"840\" data-end=\"870\">Modernes Laden \u00fcber USB-C<\/strong><\/h3>\n<p class=\"\" data-start=\"872\" data-end=\"1107\">Angetrieben von einem <strong data-start=\"893\" data-end=\"907\">18650er Akku<\/strong> (nicht im Lieferumfang enthalten) unterscheidet sich diese Box von ihren Vorg\u00e4ngern durch die Integration eines <strong data-start=\"989\" data-end=\"1003\">USB-C-Anschlusses<\/strong>, der <strong data-start=\"1020\" data-end=\"1051\">ein schnelles und bequemes Aufladen<\/strong> erm\u00f6glicht, ohne den Akku entfernen zu m\u00fcssen. Ein echtes Plus im Alltag. <\/p>\n<hr class=\"\" data-start=\"1109\" data-end=\"1112\">\n<h3 class=\"\" data-start=\"1114\" data-end=\"1151\"><strong data-start=\"1118\" data-end=\"1151\">Vielseitigkeit der Vape-Modi<\/strong><\/h3>\n<p class=\"\" data-start=\"1153\" data-end=\"1271\">Dank seines <strong data-start=\"1165\" data-end=\"1184\">Dicodes-Chipsatzes<\/strong> bietet der Dani Micro mehrere <strong data-start=\"1216\" data-end=\"1235\">Ausgabemodi<\/strong> , die f\u00fcr alle Arten von Dampfen geeignet sind:<\/p>\n<ul data-start=\"1273\" data-end=\"1550\">\n<li class=\"\" data-start=\"1273\" data-end=\"1327\">\n<p class=\"\" data-start=\"1275\" data-end=\"1327\"><strong data-start=\"1275\" data-end=\"1307\">Variabler Leistungsmodus (VW) von<\/strong> <strong data-start=\"1311\" data-end=\"1327\">5 bis 80 Watt<\/strong><\/p>\n<\/li>\n<li class=\"\" data-start=\"1328\" data-end=\"1362\">\n<p class=\"\" data-start=\"1330\" data-end=\"1362\"><strong data-start=\"1330\" data-end=\"1362\">VW mit Thermoschutz<\/strong><\/p>\n<\/li>\n<li class=\"\" data-start=\"1363\" data-end=\"1388\">\n<p class=\"\" data-start=\"1365\" data-end=\"1388\"><strong data-start=\"1365\" data-end=\"1388\">VW mit Power Boost<\/strong><\/p>\n<\/li>\n<li class=\"\" data-start=\"1389\" data-end=\"1550\">\n<p class=\"\" data-start=\"1391\" data-end=\"1550\"><strong data-start=\"1391\" data-end=\"1428\">Temperaturregelungsmodus (TC),<\/strong> kompatibel mit <strong data-start=\"1454\" data-end=\"1468\">Ni, SS, Ti<\/strong> und anderen Materialien mit einem konfigurierbaren Temperaturkoeffizienten (TCR)<\/p>\n<\/li>\n<\/ul>\n<p class=\"\" data-start=\"1552\" data-end=\"1714\">Die <strong data-start=\"1555\" data-end=\"1579\">Power Boost-Funktion<\/strong> erm\u00f6glicht ein schnelles Aufheizen der Spule durch schnelles Erreichen einer Zieltemperatur und verbessert so die R\u00fcckgabe von Aromen.<\/p>\n<hr class=\"\" data-start=\"1716\" data-end=\"1719\">\n<h3 class=\"\" data-start=\"1721\" data-end=\"1769\"><strong data-start=\"1725\" data-end=\"1769\">\u00dcbersichtliche Navigation und intuitive Benutzeroberfl\u00e4che<\/strong><\/h3>\n<p class=\"\" data-start=\"1771\" data-end=\"2056\">Alle Funktionen k\u00f6nnen \u00fcber einen <strong data-start=\"1816\" data-end=\"1831\">Fire-Button<\/strong> und zwei <strong data-start=\"1840\" data-end=\"1871\">seitliche Einstelltasten<\/strong> aufgerufen werden. Ein lesbarer <strong data-start=\"1876\" data-end=\"1890\">OLED-Bildschirm<\/strong> zeigt alle wichtigen Informationen (Modus, Leistung, Temperatur, Akkustand usw.) in Echtzeit an und erleichtert so die Navigation durch die Men\u00fcs. <\/p>\n<hr class=\"\" data-start=\"2058\" data-end=\"2061\">\n<h3 class=\"\" data-start=\"2063\" data-end=\"2133\"><strong data-start=\"2067\" data-end=\"2133\">Ein High-End-Mod, der auf Pr\u00e4zision und Langlebigkeit ausgelegt ist<\/strong><\/h3>\n<p class=\"\" data-start=\"2135\" data-end=\"2371\">Die <strong data-start=\"2138\" data-end=\"2166\">Dani Micro DLC Box USB-C<\/strong> ist dank ihrer USB-C-Anschl\u00fcsse und ihrer hochmodernen Dicodes-Technologie eine ideale Wahl f\u00fcr Dampfer, die einen kompakten, leistungsstarken, \u00e4sthetisch vollendeten und entschieden modernen Mod suchen.<\/p>\n","protected":false},"excerpt":{"rendered":"<p>Dani Micro DLC Box Dicodes (USB-C) \u2013 Leistung und Eleganz im Mini-Formfaktor Die Dani Micro DLC Box (USB-C) von Dicodes ist ein kompakter und raffinierter elektronischer Mod, der entwickelt wurde, um hohe Leistung in einem ergonomischen Format zu bieten. Er besteht aus Edelstahl und eloxiertem Aluminium und ist mit einer DLC-Beschichtung (Diamond Like Carbon) versehen, [&hellip;]<\/p>\n","protected":false},"featured_media":45344,"template":"","meta":{"_acf_changed":false},"product_cat":[448,442,432,408],"product_tag":[],"class_list":{"0":"post-45355","1":"product","2":"type-product","3":"status-publish","4":"has-post-thumbnail","6":"product_brand-dicodes-de","7":"product_cat-box-mods-de","8":"product_cat-hervorgehobene-produkte","9":"product_cat-high-end","10":"product_cat-lieferbar-innerhalb-von-24-stunden-de","12":"first","13":"outofstock","14":"taxable","15":"shipping-taxable","16":"purchasable","17":"product-type-simple"},"acf":[],"jetpack_sharing_enabled":true,"_links":{"self":[{"href":"https:\/\/vapotheque.ch\/de\/wp-json\/wp\/v2\/product\/45355","targetHints":{"allow":["GET"]}}],"collection":[{"href":"https:\/\/vapotheque.ch\/de\/wp-json\/wp\/v2\/product"}],"about":[{"href":"https:\/\/vapotheque.ch\/de\/wp-json\/wp\/v2\/types\/product"}],"wp:featuredmedia":[{"embeddable":true,"href":"https:\/\/vapotheque.ch\/de\/wp-json\/wp\/v2\/media\/45344"}],"wp:attachment":[{"href":"https:\/\/vapotheque.ch\/de\/wp-json\/wp\/v2\/media?parent=45355"}],"wp:term":[{"taxonomy":"product_cat","embeddable":true,"href":"https:\/\/vapotheque.ch\/de\/wp-json\/wp\/v2\/product_cat?post=45355"},{"taxonomy":"product_tag","embeddable":true,"href":"https:\/\/vapotheque.ch\/de\/wp-json\/wp\/v2\/product_tag?post=45355"}],"curies":[{"name":"wp","href":"https:\/\/api.w.org\/{rel}","templated":true}]}}