{"id":45293,"date":"2025-05-12T15:50:29","date_gmt":"2025-05-12T13:50:29","guid":{"rendered":"https:\/\/vapotheque.ch\/boutique\/cebueno-dubai-chocovape-weiss-100-ml-120-ml-e-liquid\/"},"modified":"2025-08-27T19:39:27","modified_gmt":"2025-08-27T17:39:27","slug":"cebueno-dubai-chocovape-weiss-100-ml-120-ml-e-liquid","status":"publish","type":"product","link":"https:\/\/vapotheque.ch\/de\/shop\/cebueno-dubai-chocovape-weiss-100-ml-120-ml-e-liquid\/","title":{"rendered":"Cebueno &#8211; Dubai Chocovape Wei\u00df 100 ml \/ 120 ml E-Liquid"},"content":{"rendered":"<h2 data-start=\"131\" data-end=\"224\"><strong data-start=\"134\" data-end=\"224\"><span class=\"_fadeIn_m1hgl_8\">Cebueno &#8211; Dubai Chocovape White 100 ml \/ 120 ml E-Liquid: <\/span><span class=\"_fadeIn_m1hgl_8\">Eine <\/span><span class=\"_fadeIn_m1hgl_8\">orientalische <\/span><span class=\"_fadeIn_m1hgl_8\">S\u00fc\u00dfe <\/span><span class=\"_fadeIn_m1hgl_8\"> <\/span><span class=\"_fadeIn_m1hgl_8\">getaucht in <\/span><span class=\"_fadeIn_m1hgl_8\"> <\/span><span class=\"_fadeIn_m1hgl_8\">wei\u00dfe<\/span> <span class=\"_fadeIn_m1hgl_8\">Schokolade <\/span><\/strong><\/h2>\n<p data-start=\"226\" data-end=\"551\"><span class=\"_fadeIn_m1hgl_8\">H\u00e4ngen  <\/span><span class=\"_fadeIn_m1hgl_8\">dein  <\/span><span class=\"_fadeIn_m1hgl_8\">Geschmacksknospen  <\/span><span class=\"_fadeIn_m1hgl_8\">Eins  <\/span><span class=\"_fadeIn_m1hgl_8\">Bl\u00e4tter  <\/span><span class=\"_fadeIn_m1hgl_8\">f\u00fcr  <\/span><span class=\"_fadeIn_m1hgl_8\">Dubai&#8230;  <\/span><span class=\"_fadeIn_m1hgl_8\">ohne  <\/span><span class=\"_fadeIn_m1hgl_8\">Pass  <\/span><span class=\"_fadeIn_m1hgl_8\">aber  <\/span><span class=\"_fadeIn_m1hgl_8\">mit  <\/span><span class=\"_fadeIn_m1hgl_8\">Eins  <\/span><span class=\"_fadeIn_m1hgl_8\">gut  <\/span><span class=\"_fadeIn_m1hgl_8\">Dosis  <\/span><span class=\"_fadeIn_m1hgl_8\">Von  <\/span><span class=\"_fadeIn_m1hgl_8\">V\u00f6llerei  <\/span><span class=\"_fadeIn_m1hgl_8\">in  <\/span><span class=\"_fadeIn_m1hgl_8\">das  <\/span><span class=\"_fadeIn_m1hgl_8\">Clearo!  <\/span><span class=\"_fadeIn_m1hgl_8\">Das  <\/span><span class=\"_fadeIn_m1hgl_8\">markieren  <\/span><strong data-start=\"356\" data-end=\"367\"><span class=\"_fadeIn_m1hgl_8\">Cebueno<\/span><\/strong><span class=\"_fadeIn_m1hgl_8\">,  <\/span><span class=\"_fadeIn_m1hgl_8\">Experte  <\/span><span class=\"_fadeIn_m1hgl_8\">in  <\/span><span class=\"_fadeIn_m1hgl_8\">Rezepte  <\/span><span class=\"_fadeIn_m1hgl_8\">Wer  <\/span><span class=\"_fadeIn_m1hgl_8\">Machen  <\/span><span class=\"_fadeIn_m1hgl_8\">schmelzen  <\/span><span class=\"_fadeIn_m1hgl_8\">das  <\/span><span class=\"_fadeIn_m1hgl_8\">Liebespaar  <\/span><span class=\"_fadeIn_m1hgl_8\">Von  <\/span><span class=\"_fadeIn_m1hgl_8\">Verdampfen  <\/span><span class=\"_fadeIn_m1hgl_8\">S\u00fc\u00df  <\/span><span class=\"_fadeIn_m1hgl_8\">Ertrag  <\/span><span class=\"_fadeIn_m1hgl_8\">in  <\/span><span class=\"_fadeIn_m1hgl_8\">Kraft  <\/span><span class=\"_fadeIn_m1hgl_8\">mit  <\/span><span class=\"_fadeIn_m1hgl_8\">Eins  <\/span><span class=\"_fadeIn_m1hgl_8\">e-<\/span><span class=\"_fadeIn_m1hgl_8\">Fl\u00fcssigkeit  <\/span><span class=\"_fadeIn_m1hgl_8\">alle  <\/span><span class=\"_fadeIn_m1hgl_8\">Rechts  <\/span><span class=\"_fadeIn_m1hgl_8\">Aus  <\/span><span class=\"_fadeIn_m1hgl_8\">einige  <\/span><span class=\"_fadeIn_m1hgl_8\">Fabeln  <\/span><span class=\"_fadeIn_m1hgl_8\">einige  <\/span><span class=\"_fadeIn_m1hgl_8\">Tausend  <\/span><span class=\"_fadeIn_m1hgl_8\">und  <\/span><span class=\"_fadeIn_m1hgl_8\">Eins  <\/span><span class=\"_fadeIn_m1hgl_8\">N\u00e4chte:  <\/span><strong data-start=\"522\" data-end=\"550\"><span class=\"_fadeIn_m1hgl_8\">le Cebueno &#8211; Dubai Chocovape Wei\u00df 100 ml \/ 120 ml E-Liquid<\/span><\/strong><span class=\"_fadeIn_m1hgl_8\">.<\/span><\/p>\n<h3 data-start=\"553\" data-end=\"606\"><span class=\"_fadeIn_m1hgl_8\">Kunafa <\/span><span class=\"_fadeIn_m1hgl_8\">zum <\/span><span class=\"_fadeIn_m1hgl_8\"> <\/span><span class=\"_fadeIn_m1hgl_8\">Verdampfen? <\/span><span class=\"_fadeIn_m1hgl_8\">Ja, <\/span><span class=\"_fadeIn_m1hgl_8\">und <\/span><span class=\"_fadeIn_m1hgl_8\">zwar in <\/span><span class=\"_fadeIn_m1hgl_8\">der Deluxe-Version<\/span><span class=\"_fadeIn_m1hgl_8\">!<\/span><\/h3>\n<p data-start=\"608\" data-end=\"1065\"><span class=\"_fadeIn_m1hgl_8\">Stellen Sie sich <\/span><span class=\"_fadeIn_m1hgl_8\">eine <\/span><strong data-start=\"621\" data-end=\"631\"><span class=\"_fadeIn_m1hgl_8\">Kunafa<\/span><\/strong><span class=\"_fadeIn_m1hgl_8\"> vor \u2013 <\/span><span class=\"_fadeIn_m1hgl_8\">diese <\/span><span class=\"_fadeIn_m1hgl_8\">levantinische <\/span><span class=\"_fadeIn_m1hgl_8\">Delikatesse <\/span><span class=\"_fadeIn_m1hgl_8\">mit <\/span><strong data-start=\"657\" data-end=\"689\"><span class=\"_fadeIn_m1hgl_8\">knusprigem<\/span> <span class=\"_fadeIn_m1hgl_8\"> <\/span><span class=\"_fadeIn_m1hgl_8\">Engelshaar <\/span><\/strong><span class=\"_fadeIn_m1hgl_8\">, <\/span> in <span class=\"_fadeIn_m1hgl_8\"> <\/span><strong data-start=\"702\" data-end=\"720\"><span class=\"_fadeIn_m1hgl_8\">schmelzender<\/span> <span class=\"_fadeIn_m1hgl_8\">Butter <\/span><\/strong><span class=\"_fadeIn_m1hgl_8\">getr\u00e4nkt <\/span><span class=\"_fadeIn_m1hgl_8\">, <\/span><span class=\"_fadeIn_m1hgl_8\">gef\u00fcllt mit <\/span><span class=\"_fadeIn_m1hgl_8\"> <\/span><strong data-start=\"735\" data-end=\"751\"><span class=\"_fadeIn_m1hgl_8\">einem milden<\/span> <span class=\"_fadeIn_m1hgl_8\">K\u00e4se <\/span><\/strong> <span class=\"_fadeIn_m1hgl_8\">und <\/span><span class=\"_fadeIn_m1hgl_8\">belegt mit <\/span><span class=\"_fadeIn_m1hgl_8\"> <\/span><strong data-start=\"768\" data-end=\"792\"><span class=\"_fadeIn_m1hgl_8\">knackigen<\/span> <span class=\"_fadeIn_m1hgl_8\">Pistazien <\/span><\/strong> <span class=\"_fadeIn_m1hgl_8\">.  <\/span><span class=\"_fadeIn_m1hgl_8\">Schon  <\/span><span class=\"_fadeIn_m1hgl_8\">es  <\/span><span class=\"_fadeIn_m1hgl_8\">Gibt  <\/span><span class=\"_fadeIn_m1hgl_8\">Hunger.  <\/span><span class=\"_fadeIn_m1hgl_8\">Aber  <\/span><span class=\"_fadeIn_m1hgl_8\">Cebueno  <\/span><span class=\"_fadeIn_m1hgl_8\">nicht  <\/span><span class=\"_fadeIn_m1hgl_8\">haltestellen  <\/span><span class=\"_fadeIn_m1hgl_8\">Schritt  <\/span><span class=\"_fadeIn_m1hgl_8\">dort.  <\/span><span class=\"_fadeIn_m1hgl_8\">Das  <\/span><span class=\"_fadeIn_m1hgl_8\">klein  <\/span><span class=\"_fadeIn_m1hgl_8\">Juwel  <\/span><span class=\"_fadeIn_m1hgl_8\">\u00f6stlich  <\/span><span class=\"_fadeIn_m1hgl_8\">Osten  <\/span><strong data-start=\"876\" data-end=\"917\"><span class=\"_fadeIn_m1hgl_8\">eingetaucht <\/span><span class=\"_fadeIn_m1hgl_8\">in <\/span><span class=\"_fadeIn_m1hgl_8\">ein <\/span><span class=\"_fadeIn_m1hgl_8\">Bad <\/span><span class=\"_fadeIn_m1hgl_8\">aus <\/span><span class=\"_fadeIn_m1hgl_8\">wei\u00dfer<\/span> <span class=\"_fadeIn_m1hgl_8\">Schokolade <\/span><\/strong><span class=\"_fadeIn_m1hgl_8\">,  <\/span><span class=\"_fadeIn_m1hgl_8\">cremig  <\/span><span class=\"_fadeIn_m1hgl_8\">bei  <\/span><span class=\"_fadeIn_m1hgl_8\">w\u00fcnschen  <\/span><span class=\"_fadeIn_m1hgl_8\">f\u00fcr  <\/span><span class=\"_fadeIn_m1hgl_8\">Eins  <\/span><span class=\"_fadeIn_m1hgl_8\">Combo  <\/span><span class=\"_fadeIn_m1hgl_8\">S\u00fc\u00df-<\/span><span class=\"_fadeIn_m1hgl_8\">salzig  <\/span><span class=\"_fadeIn_m1hgl_8\">Wer  <\/span><span class=\"_fadeIn_m1hgl_8\">Explodiert  <\/span><span class=\"_fadeIn_m1hgl_8\">in  <\/span><span class=\"_fadeIn_m1hgl_8\">Mund.  <\/span><span class=\"_fadeIn_m1hgl_8\">Es ist  <\/span><strong data-start=\"992\" data-end=\"1025\"><span class=\"_fadeIn_m1hgl_8\">Reich, <\/span><span class=\"_fadeIn_m1hgl_8\">beruhigend, <\/span><span class=\"_fadeIn_m1hgl_8\">gro\u00dfz\u00fcgig<\/span><\/strong><span class=\"_fadeIn_m1hgl_8\">&#8230; <\/span><span class=\"_fadeIn_m1hgl_8\">Kurz gesagt, <\/span><span class=\"_fadeIn_m1hgl_8\">ein <\/span><span class=\"_fadeIn_m1hgl_8\">Dessert <\/span><span class=\"_fadeIn_m1hgl_8\">zum <\/span><span class=\"_fadeIn_m1hgl_8\">hemmungslosen<\/span> <span class=\"_fadeIn_m1hgl_8\">Verdampfen <\/span><span class=\"_fadeIn_m1hgl_8\"> <\/span>.<\/p>\n<h3 data-start=\"1067\" data-end=\"1133\"><span class=\"_fadeIn_m1hgl_8\">Ein <\/span><span class=\"_fadeIn_m1hgl_8\">au\u00dfergew\u00f6hnliches <\/span><span class=\"_fadeIn_m1hgl_8\"> <\/span><span class=\"_fadeIn_m1hgl_8\">Rezept <\/span><span class=\"_fadeIn_m1hgl_8\">f\u00fcr <\/span><span class=\"_fadeIn_m1hgl_8\"> <\/span><span class=\"_fadeIn_m1hgl_8\">Gaumen <\/span><span class=\"_fadeIn_m1hgl_8\">auf <\/span><span class=\"_fadeIn_m1hgl_8\">der Suche nach <\/span><span class=\"_fadeIn_m1hgl_8\">Ausnahme<\/span><\/h3>\n<p data-start=\"1135\" data-end=\"1518\"><span class=\"_fadeIn_m1hgl_8\">Mit  <\/span><span class=\"_fadeIn_m1hgl_8\">le Cebueno &#8211; Dubai Chocovape Wei\u00df 100 ml \/ 120 ml E-Liquid<\/span><span class=\"_fadeIn_m1hgl_8\">,  <\/span><span class=\"_fadeIn_m1hgl_8\">Die Marke  <\/span><span class=\"_fadeIn_m1hgl_8\">Schicksal  <\/span><span class=\"_fadeIn_m1hgl_8\">einige  <\/span><span class=\"_fadeIn_m1hgl_8\">Pfade  <\/span><span class=\"_fadeIn_m1hgl_8\">Geschlagen  <\/span><span class=\"_fadeIn_m1hgl_8\">Von  <\/span><span class=\"_fadeIn_m1hgl_8\">das  <\/span><span class=\"_fadeIn_m1hgl_8\">Verdampfen  <\/span><span class=\"_fadeIn_m1hgl_8\">Feinschmecker.  <\/span><span class=\"_fadeIn_m1hgl_8\">Hier  <\/span><span class=\"_fadeIn_m1hgl_8\">Schritt  <\/span><span class=\"_fadeIn_m1hgl_8\">Von  <\/span><span class=\"_fadeIn_m1hgl_8\">Einfach  <\/span><span class=\"_fadeIn_m1hgl_8\">Vanille-<\/span><span class=\"_fadeIn_m1hgl_8\">Keks:  <\/span><span class=\"_fadeIn_m1hgl_8\">Eins  <\/span><span class=\"_fadeIn_m1hgl_8\">Gespr\u00e4che  <\/span><span class=\"_fadeIn_m1hgl_8\">eines  <\/span><strong data-start=\"1276\" data-end=\"1312\"><span class=\"_fadeIn_m1hgl_8\">K\u00fchne <\/span><span class=\"_fadeIn_m1hgl_8\">und <\/span><span class=\"_fadeIn_m1hgl_8\">meisterhafte<\/span> <span class=\"_fadeIn_m1hgl_8\">Kreation <\/span><\/strong><span class=\"_fadeIn_m1hgl_8\">,  <\/span><span class=\"_fadeIn_m1hgl_8\">Gedanke  <\/span><span class=\"_fadeIn_m1hgl_8\">f\u00fcr  <\/span><span class=\"_fadeIn_m1hgl_8\">das  <\/span><span class=\"_fadeIn_m1hgl_8\">Verliebt  <\/span><span class=\"_fadeIn_m1hgl_8\">einige  <\/span><span class=\"_fadeIn_m1hgl_8\">e-<\/span><span class=\"_fadeIn_m1hgl_8\">Fl\u00fcssigkeiten  <\/span><span class=\"_fadeIn_m1hgl_8\">Reich  <\/span><span class=\"_fadeIn_m1hgl_8\">in  <\/span><span class=\"_fadeIn_m1hgl_8\">Gewebe  <\/span><span class=\"_fadeIn_m1hgl_8\">und  <\/span><span class=\"_fadeIn_m1hgl_8\">in  <\/span><span class=\"_fadeIn_m1hgl_8\">Sonnenbrille.  <\/span><span class=\"_fadeIn_m1hgl_8\">Das  <\/span><span class=\"_fadeIn_m1hgl_8\">alle  <\/span><span class=\"_fadeIn_m1hgl_8\">in  <\/span><span class=\"_fadeIn_m1hgl_8\">Eins  <\/span><span class=\"_fadeIn_m1hgl_8\">Dampf  <\/span><span class=\"_fadeIn_m1hgl_8\">Okay  <\/span><span class=\"_fadeIn_m1hgl_8\">rund  <\/span><span class=\"_fadeIn_m1hgl_8\">Ultra  <\/span><span class=\"_fadeIn_m1hgl_8\">Schmackhaft  <\/span><strong data-start=\"1442\" data-end=\"1517\"><span class=\"_fadeIn_m1hgl_8\"> <\/span><span class=\"_fadeIn_m1hgl_8\">Ideal <\/span><span class=\"_fadeIn_m1hgl_8\"> <\/span><span class=\"_fadeIn_m1hgl_8\">den ganzen Tag<\/span><span class=\"_fadeIn_m1hgl_8\"> <\/span><span class=\"_fadeIn_m1hgl_8\">\u00fcber f\u00fcr <\/span><span class=\"_fadeIn_m1hgl_8\">Naschkatzen <\/span><span class=\"_fadeIn_m1hgl_8\"> <\/span><span class=\"_fadeIn_m1hgl_8\">, die <\/span><span class=\"_fadeIn_m1hgl_8\">raffinierte Aromen<\/span><span class=\"_fadeIn_m1hgl_8\"> <\/span><span class=\"_fadeIn_m1hgl_8\"> <\/span><span class=\"_fadeIn_m1hgl_8\">m\u00f6gen <\/span><\/strong><span class=\"_fadeIn_m1hgl_8\">.<\/span><\/p>\n<h3 data-start=\"1520\" data-end=\"1560\"><span class=\"_fadeIn_m1hgl_8\">\u2697\ufe0f <\/span><span class=\"_fadeIn_m1hgl_8\">Gro\u00dfz\u00fcgiges Format<\/span><span class=\"_fadeIn_m1hgl_8\">, <\/span><span class=\"_fadeIn_m1hgl_8\">\u00fcppiger<\/span> <span class=\"_fadeIn_m1hgl_8\">Dampf <\/span><\/h3>\n<ul data-start=\"1562\" data-end=\"1948\">\n<li data-start=\"1562\" data-end=\"1761\">\n<p data-start=\"1564\" data-end=\"1761\"><strong data-start=\"1564\" data-end=\"1600\"><span class=\"_fadeIn_m1hgl_8\"> <\/span><span class=\"_fadeIn_m1hgl_8\">120 <\/span><span class=\"_fadeIn_m1hgl_8\">ml <\/span><span class=\"_fadeIn_m1hgl_8\">Flasche <\/span><span class=\"_fadeIn_m1hgl_8\">gef\u00fcllt <\/span><span class=\"_fadeIn_m1hgl_8\">auf <\/span><span class=\"_fadeIn_m1hgl_8\">100 <\/span><span class=\"_fadeIn_m1hgl_8\">ml<\/span><\/strong> <span class=\"_fadeIn_m1hgl_8\">Von  <\/span><span class=\"_fadeIn_m1hgl_8\">Fl\u00fcssigkeit  <\/span><span class=\"_fadeIn_m1hgl_8\">Verst\u00e4rkt  <\/span><span class=\"_fadeIn_m1hgl_8\">in  <\/span><span class=\"_fadeIn_m1hgl_8\">Aromen:  <\/span><span class=\"_fadeIn_m1hgl_8\">Hinzuf\u00fcgen  <\/span><span class=\"_fadeIn_m1hgl_8\">bis  <\/span><span class=\"_fadeIn_m1hgl_8\">20  <\/span><span class=\"_fadeIn_m1hgl_8\">Ml  <\/span><span class=\"_fadeIn_m1hgl_8\">Von  <\/span><span class=\"_fadeIn_m1hgl_8\">Booster  <\/span><span class=\"_fadeIn_m1hgl_8\">Von  <\/span><span class=\"_fadeIn_m1hgl_8\">Nikotin (<\/span><span class=\"_fadeIn_m1hgl_8\">oder  <\/span><span class=\"_fadeIn_m1hgl_8\">mehr  <\/span><span class=\"_fadeIn_m1hgl_8\">f\u00fcr  <\/span><span class=\"_fadeIn_m1hgl_8\">das  <\/span><span class=\"_fadeIn_m1hgl_8\">gro\u00df  <\/span><span class=\"_fadeIn_m1hgl_8\">Heimwerker),  <\/span><span class=\"_fadeIn_m1hgl_8\">und  <\/span><span class=\"_fadeIn_m1hgl_8\">Es ist  <\/span><span class=\"_fadeIn_m1hgl_8\">Partei  <\/span><span class=\"_fadeIn_m1hgl_8\">f\u00fcr  <\/span><span class=\"_fadeIn_m1hgl_8\">einige  <\/span><span class=\"_fadeIn_m1hgl_8\">Tage  <\/span><span class=\"_fadeIn_m1hgl_8\">Ganz  <\/span><span class=\"_fadeIn_m1hgl_8\">Von  <\/span><span class=\"_fadeIn_m1hgl_8\">rein  <\/span><span class=\"_fadeIn_m1hgl_8\">Gl\u00fcck.<\/span><\/p>\n<\/li>\n<li data-start=\"1762\" data-end=\"1948\">\n<p data-start=\"1764\" data-end=\"1948\"><strong data-start=\"1764\" data-end=\"1785\"><span class=\"_fadeIn_m1hgl_8\">PG\/<\/span><span class=\"_fadeIn_m1hgl_8\"><span class=\"_fadeIn_m1hgl_8\">VG-Verh\u00e4ltnis <\/span><span class=\"_fadeIn_m1hgl_8\">50\/<\/span><span class=\"_fadeIn_m1hgl_8\">50<\/span><\/span><\/strong><span class=\"_fadeIn_m1hgl_8\">  :  <\/span><span class=\"_fadeIn_m1hgl_8\">Eins  <\/span><span class=\"_fadeIn_m1hgl_8\">Gleichgewicht  <\/span><span class=\"_fadeIn_m1hgl_8\">perfekt  <\/span><span class=\"_fadeIn_m1hgl_8\">f\u00fcr  <\/span><span class=\"_fadeIn_m1hgl_8\">Gewinn  <\/span><span class=\"_fadeIn_m1hgl_8\">bei  <\/span><span class=\"_fadeIn_m1hgl_8\">Unteres  <\/span><span class=\"_fadeIn_m1hgl_8\">einige  <\/span><span class=\"_fadeIn_m1hgl_8\">Aromen  <\/span><span class=\"_fadeIn_m1hgl_8\">alle  <\/span><span class=\"_fadeIn_m1hgl_8\">in  <\/span><span class=\"_fadeIn_m1hgl_8\">Aufbewahrend  <\/span><span class=\"_fadeIn_m1hgl_8\">Eins  <\/span><span class=\"_fadeIn_m1hgl_8\">Gutaussehend  <\/span><span class=\"_fadeIn_m1hgl_8\">Produktion  <\/span><span class=\"_fadeIn_m1hgl_8\">Von  <\/span><span class=\"_fadeIn_m1hgl_8\">Dampf.  <\/span><span class=\"_fadeIn_m1hgl_8\">Kompatibel  <\/span><span class=\"_fadeIn_m1hgl_8\">mit  <\/span><span class=\"_fadeIn_m1hgl_8\">das  <\/span><span class=\"_fadeIn_m1hgl_8\">Mehrheit  <\/span><span class=\"_fadeIn_m1hgl_8\">einige  <\/span><span class=\"_fadeIn_m1hgl_8\">Zigaretten  <\/span><span class=\"_fadeIn_m1hgl_8\">Elektronisch.<\/span><\/p>\n<\/li>\n<\/ul>\n<h3 data-start=\"1950\" data-end=\"1997\"><span class=\"_fadeIn_m1hgl_8\">Hergestellt <\/span><span class=\"_fadeIn_m1hgl_8\">in <\/span><span class=\"_fadeIn_m1hgl_8\">Frankreich, <\/span><span class=\"_fadeIn_m1hgl_8\">inspiriert <\/span><span class=\"_fadeIn_m1hgl_8\">vom <\/span><span class=\"_fadeIn_m1hgl_8\">Orient<\/span><\/h3>\n<p data-start=\"1999\" data-end=\"2267\"><span class=\"_fadeIn_m1hgl_8\">Cebueno <\/span><span class=\"_fadeIn_m1hgl_8\">macht <\/span><span class=\"_fadeIn_m1hgl_8\"> <\/span><span class=\"_fadeIn_m1hgl_8\">alles <\/span><span class=\"_fadeIn_m1hgl_8\">richtig: <\/span><span class=\"_fadeIn_m1hgl_8\">Dieser <\/span><span class=\"_fadeIn_m1hgl_8\">Saft <\/span><span class=\"_fadeIn_m1hgl_8\">wird <\/span><strong data-start=\"2043\" data-end=\"2061\"><span class=\"_fadeIn_m1hgl_8\">in <\/span><span class=\"_fadeIn_m1hgl_8\">Frankreich<\/span> <span class=\"_fadeIn_m1hgl_8\">hergestellt <\/span><\/strong><span class=\"_fadeIn_m1hgl_8\">,  <\/span><span class=\"_fadeIn_m1hgl_8\">aber  <\/span><span class=\"_fadeIn_m1hgl_8\">er  <\/span><span class=\"_fadeIn_m1hgl_8\">du  <\/span><span class=\"_fadeIn_m1hgl_8\">Tr\u00e4gt  <\/span><span class=\"_fadeIn_m1hgl_8\">direkt  <\/span><span class=\"_fadeIn_m1hgl_8\">in  <\/span><span class=\"_fadeIn_m1hgl_8\">das  <\/span><span class=\"_fadeIn_m1hgl_8\">Gassen  <\/span><span class=\"_fadeIn_m1hgl_8\">Parf\u00fcmiert  <\/span><span class=\"_fadeIn_m1hgl_8\">eines  <\/span><span class=\"_fadeIn_m1hgl_8\">Souk  <\/span><span class=\"_fadeIn_m1hgl_8\">\u00f6stlich  <\/span><span class=\"_fadeIn_m1hgl_8\">dort  <\/span><span class=\"_fadeIn_m1hgl_8\">wo  <\/span><span class=\"_fadeIn_m1hgl_8\">das  <\/span><span class=\"_fadeIn_m1hgl_8\">Backware  <\/span><span class=\"_fadeIn_m1hgl_8\">triefend  <\/span><span class=\"_fadeIn_m1hgl_8\">Von  <\/span><span class=\"_fadeIn_m1hgl_8\">Honig  <\/span><span class=\"_fadeIn_m1hgl_8\">und  <\/span><span class=\"_fadeIn_m1hgl_8\">Von  <\/span><span class=\"_fadeIn_m1hgl_8\">Gro\u00dfz\u00fcgigkeit.  <\/span><span class=\"_fadeIn_m1hgl_8\">Eins  <\/span><span class=\"_fadeIn_m1hgl_8\">STIMMT  <\/span><strong data-start=\"2211\" data-end=\"2235\"><span class=\"_fadeIn_m1hgl_8\">Einladung <\/span><span class=\"_fadeIn_m1hgl_8\">zur <\/span><span class=\"_fadeIn_m1hgl_8\">Reise<\/span><\/strong><span class=\"_fadeIn_m1hgl_8\">, <\/span><span class=\"_fadeIn_m1hgl_8\">eine gierige <\/span><span class=\"_fadeIn_m1hgl_8\">und <\/span><span class=\"_fadeIn_m1hgl_8\">wolkige<\/span> <span class=\"_fadeIn_m1hgl_8\">Version<\/span>.<\/p>\n<hr data-start=\"2269\" data-end=\"2272\">\n<h3 data-start=\"2274\" data-end=\"2291\"><span class=\"_fadeIn_m1hgl_8\">\u2728 <\/span><span class=\"_fadeIn_m1hgl_8\">Zusammenfassend <\/span><span class=\"_fadeIn_m1hgl_8\">?<\/span><\/h3>\n<p data-start=\"2293\" data-end=\"2573\"><strong data-start=\"2293\" data-end=\"2321\"><span class=\"_fadeIn_m1hgl_8\">Der <\/span><span class=\"_fadeIn_m1hgl_8\">Dubai <\/span><span class=\"_fadeIn_m1hgl_8\">Chocovape <\/span><span class=\"_fadeIn_m1hgl_8\">Wei\u00df<\/span><\/strong><span class=\"_fadeIn_m1hgl_8\">,  <\/span><span class=\"_fadeIn_m1hgl_8\">Es ist  <\/span><span class=\"_fadeIn_m1hgl_8\">Eins  <\/span><span class=\"_fadeIn_m1hgl_8\">Kunafa  <\/span><span class=\"_fadeIn_m1hgl_8\">dotiert  <\/span><span class=\"_fadeIn_m1hgl_8\">bei  <\/span><span class=\"_fadeIn_m1hgl_8\">Schokolade  <\/span><span class=\"_fadeIn_m1hgl_8\">Wei\u00df  <\/span><span class=\"_fadeIn_m1hgl_8\">fertig  <\/span><span class=\"_fadeIn_m1hgl_8\">bei  <\/span><span class=\"_fadeIn_m1hgl_8\">verzaubern  <\/span><span class=\"_fadeIn_m1hgl_8\">dein  <\/span><span class=\"_fadeIn_m1hgl_8\">Geschmacksknospen  <\/span><span class=\"_fadeIn_m1hgl_8\">bei  <\/span><span class=\"_fadeIn_m1hgl_8\">jeder  <\/span><span class=\"_fadeIn_m1hgl_8\">Pusten.  <\/span><span class=\"_fadeIn_m1hgl_8\">Bei  <\/span><span class=\"_fadeIn_m1hgl_8\">Reservieren  <\/span><span class=\"_fadeIn_m1hgl_8\">bei  <\/span><span class=\"_fadeIn_m1hgl_8\">jene  <\/span><span class=\"_fadeIn_m1hgl_8\">Wer  <\/span><span class=\"_fadeIn_m1hgl_8\">M\u00f6gen  <\/span><span class=\"_fadeIn_m1hgl_8\">das  <\/span><span class=\"_fadeIn_m1hgl_8\">Verdampfen  <\/span><span class=\"_fadeIn_m1hgl_8\">gro\u00dfz\u00fcgig  <\/span><span class=\"_fadeIn_m1hgl_8\">schwanger  <\/span><span class=\"_fadeIn_m1hgl_8\">Von  <\/span><span class=\"_fadeIn_m1hgl_8\">Zeichen  <\/span><span class=\"_fadeIn_m1hgl_8\">und  <\/span><span class=\"_fadeIn_m1hgl_8\">ohne  <\/span><span class=\"_fadeIn_m1hgl_8\">H\u00e4lfte-<\/span><span class=\"_fadeIn_m1hgl_8\">messen.  <\/span><span class=\"_fadeIn_m1hgl_8\">Wenn  <\/span><span class=\"_fadeIn_m1hgl_8\">du  <\/span><span class=\"_fadeIn_m1hgl_8\">Gedanke  <\/span><span class=\"_fadeIn_m1hgl_8\">haben  <\/span><span class=\"_fadeIn_m1hgl_8\">alle  <\/span><span class=\"_fadeIn_m1hgl_8\">geschmeckt&#8230;  <\/span><span class=\"_fadeIn_m1hgl_8\">Cebueno  <\/span><span class=\"_fadeIn_m1hgl_8\">Kommt  <\/span><span class=\"_fadeIn_m1hgl_8\">Von  <\/span><span class=\"_fadeIn_m1hgl_8\">du  <\/span><span class=\"_fadeIn_m1hgl_8\">beweisen  <\/span><span class=\"_fadeIn_m1hgl_8\">das  <\/span><span class=\"_fadeIn_m1hgl_8\">Gegenteil.<\/span><\/p>\n<p>Z\u00f6gern Sie nicht, unsere anderen <a href=\"https:\/\/vapotheque.ch\/de\/kategorie\/e-liquids\/gourmands-de\/?orderby=date\">Gourmet E-Liquids<\/a> zu entdecken.<\/p>\n<p>Erhalten Sie Rabatte oder die neuesten Informationen zu unseren Produkten, indem Sie uns in unseren sozialen Netzwerken folgen: <a href=\"https:\/\/www.facebook.com\/VapeAigleCH\" target=\"_blank\" rel=\"noopener\">Facebook<\/a> oder <a href=\"https:\/\/www.instagram.com\/vapotheque_aigle\/\" target=\"_blank\" rel=\"noopener\">Instagram<\/a>.<\/p>\n","protected":false},"excerpt":{"rendered":"<p>Cebueno &#8211; Dubai Chocovape White 100 ml \/ 120 ml E-Liquid: Eine orientalische S\u00fc\u00dfe getaucht in wei\u00dfe Schokolade H\u00e4ngen dein Geschmacksknospen Eins Bl\u00e4tter f\u00fcr Dubai&#8230; ohne Pass aber mit Eins gut Dosis Von V\u00f6llerei in das Clearo! Das markieren Cebueno, Experte in Rezepte Wer Machen schmelzen das Liebespaar Von Verdampfen S\u00fc\u00df Ertrag in Kraft mit [&hellip;]<\/p>\n","protected":false},"featured_media":45277,"template":"","meta":{"_acf_changed":false},"product_cat":[405,397,442,408,1690,1679],"product_tag":[],"class_list":{"0":"post-45293","1":"product","2":"type-product","3":"status-publish","4":"has-post-thumbnail","6":"product_brand-cebueno-de","7":"product_cat-e-liquids","8":"product_cat-gourmands-de","9":"product_cat-hervorgehobene-produkte","10":"product_cat-lieferbar-innerhalb-von-24-stunden-de","11":"product_cat-100-ml-fur-120-ml","12":"product_cat-menge-e-flussigkeit-kapazitat-flasche","14":"first","15":"instock","16":"taxable","17":"shipping-taxable","18":"purchasable","19":"product-type-simple"},"acf":[],"jetpack_sharing_enabled":true,"_links":{"self":[{"href":"https:\/\/vapotheque.ch\/de\/wp-json\/wp\/v2\/product\/45293","targetHints":{"allow":["GET"]}}],"collection":[{"href":"https:\/\/vapotheque.ch\/de\/wp-json\/wp\/v2\/product"}],"about":[{"href":"https:\/\/vapotheque.ch\/de\/wp-json\/wp\/v2\/types\/product"}],"wp:featuredmedia":[{"embeddable":true,"href":"https:\/\/vapotheque.ch\/de\/wp-json\/wp\/v2\/media\/45277"}],"wp:attachment":[{"href":"https:\/\/vapotheque.ch\/de\/wp-json\/wp\/v2\/media?parent=45293"}],"wp:term":[{"taxonomy":"product_cat","embeddable":true,"href":"https:\/\/vapotheque.ch\/de\/wp-json\/wp\/v2\/product_cat?post=45293"},{"taxonomy":"product_tag","embeddable":true,"href":"https:\/\/vapotheque.ch\/de\/wp-json\/wp\/v2\/product_tag?post=45293"}],"curies":[{"name":"wp","href":"https:\/\/api.w.org\/{rel}","templated":true}]}}