{"id":45170,"date":"2025-05-03T13:28:29","date_gmt":"2025-05-03T11:28:29","guid":{"rendered":"https:\/\/vapotheque.ch\/boutique\/verdampfen-in-paris-silver-fox-pfirsich-sels-10-ml-e-liquid\/"},"modified":"2025-05-03T13:28:29","modified_gmt":"2025-05-03T11:28:29","slug":"verdampfen-in-paris-silver-fox-pfirsich-sels-10-ml-e-liquid","status":"publish","type":"product","link":"https:\/\/vapotheque.ch\/de\/shop\/verdampfen-in-paris-silver-fox-pfirsich-sels-10-ml-e-liquid\/","title":{"rendered":"Verdampfen In Paris &#8211; Silver Fox &#8211; Pfirsich SELS 10 ml E-Liquid"},"content":{"rendered":"<h2><strong>Verdampfen in Paris Silver Fox Peach SELS 10 ml E-Liquid: Sommer in jedem Zug!<\/strong> \u2744\ufe0f<\/h2>\n<p>Machen Sie sich bereit f\u00fcr ein atemberaubendes Geschmackserlebnis mit dem <strong>Vaping in Paris Silver Fox Peach SELS 10 ml E-Liquid<\/strong> ! Dieses E-Liquid l\u00e4dt Sie ein, die perfekte Verbindung zwischen der fruchtigen S\u00fc\u00dfe eines reifen Pfirsichs und einer eisigen Frische zu genie\u00dfen, die Ihre Geschmacksknospen begeistern wird.<\/p>\n<p><strong>  Ein Rezept mit tausend und einer Empfindung!<\/strong><br \/>\nTauche ein in einen Verdampfer, der sowohl sanft als auch erfrischend ist, wobei jeder Zug die Essenz eines saftigen Pfirsichs einf\u00e4ngt, der im Herzen des Sommers gepfl\u00fcckt wurde. F\u00fcgen Sie dazu eine eisige Note hinzu, die an eine k\u00fchle Brise in einem sonnigen Obstgarten erinnert, und Sie haben ein Rezept, das einfach unwiderstehlich ist. <\/p>\n<p> <strong> 100% nat\u00fcrlich, 100% pflanzlich, 100% Genuss<\/strong><br \/>\nVaping In Paris hat sein ganzes Know-how in dieses Meisterwerk gesteckt: <strong>nat\u00fcrliche Aromen<\/strong>, eine <strong>100% pflanzliche Basis<\/strong> und vor allem keine Coolada oder k\u00fcnstliche S\u00fc\u00dfstoffe. Das Ergebnis? Ein gesunder, reiner und intensiv geschmacklicher Verdampfer, perfekt f\u00fcr alle, die nach Authentizit\u00e4t ohne Kompromisse suchen.  <\/p>\n<p><strong>\u2728 Silver Fox: der ultimative Puff-Geschmack!<\/strong><br \/>\nInspiriert von den besten Einweg-Puffs, zeichnet sich die Silver Fox-Serie durch die Kunst aus, raffinierte Aromen mit unvergleichlicher Pr\u00e4zision zu reproduzieren. Wenn Sie fruchtige, frische und charaktervolle E-Liquids m\u00f6gen, haben Sie gerade Ihren neuen Favoriten gefunden. <\/p>\n<p>Kleiner Tipp: Um die Vorteile der Nikotinsalze voll auszusch\u00f6pfen, <strong>verdampfen Sie mit weniger als 18 Watt<\/strong> und entscheiden Sie sich f\u00fcr eine <strong>Spule von mindestens 1 Ohm<\/strong>. Sie werden <strong>einen sanften Dampf<\/strong> und eine perfekte Wiederherstellung der Aromen genie\u00dfen. <\/p>\n<p><strong><span style=\"vertical-align: inherit;\">Wichtig<\/span><\/strong><span style=\"vertical-align: inherit;\"> : E-Liquid bereits nikotiniert, verkauft in einer 10 ml Flasche.<\/span><\/p>\n<p>Sind Sie bereit, der eisigen S\u00fc\u00dfe des <strong>Verdampfens in Paris Silver Fox Peach SELS 10 ml E-Liquid<\/strong> zu erliegen? \u2744\ufe0f <\/p>\n<p><span style=\"vertical-align: inherit;\">Hergestellt in Frankreich; MPGV\/GV-Dosierung: 50% \/ 50%. Passt sich jeder Art von Ausr\u00fcstung an. <\/span><\/p>\n<p><span style=\"vertical-align: inherit;\">Entdecken Sie die anderen Produkte der Marke Vaping <\/span><a href=\"..\/..\/marque\/vaping-in-paris\"><span style=\"vertical-align: inherit;\">in Paris<\/span><\/a><span style=\"vertical-align: inherit;\">.<\/span><\/p>\n<p><span style=\"vertical-align: inherit;\">Erhalten Sie Rabatte oder die neuesten Informationen zu unseren Produkten, indem Sie uns in unseren sozialen Netzwerken folgen: <\/span><a href=\"https:\/\/www.facebook.com\/VapeAigleCH\" target=\"_blank\" rel=\"noopener\"><span style=\"vertical-align: inherit;\">Facebook<\/span><\/a><span style=\"vertical-align: inherit;\"> oder <\/span><a href=\"https:\/\/www.instagram.com\/vapotheque\" target=\"_blank\" rel=\"noopener\"><span style=\"vertical-align: inherit;\">Instagram<\/span><\/a><span style=\"vertical-align: inherit;\"> .<\/span><\/p>\n","protected":false},"excerpt":{"rendered":"<p>Verdampfen in Paris Silver Fox Peach SELS 10 ml E-Liquid: Sommer in jedem Zug! \u2744\ufe0f Machen Sie sich bereit f\u00fcr ein atemberaubendes Geschmackserlebnis mit dem Vaping in Paris Silver Fox Peach SELS 10 ml E-Liquid ! Dieses E-Liquid l\u00e4dt Sie ein, die perfekte Verbindung zwischen der fruchtigen S\u00fc\u00dfe eines reifen Pfirsichs und einer eisigen Frische [&hellip;]<\/p>\n","protected":false},"featured_media":45161,"template":"","meta":{"_acf_changed":false},"product_cat":[405,404,442,408,1629,1716],"product_tag":[],"class_list":{"0":"post-45170","1":"product","2":"type-product","3":"status-publish","4":"has-post-thumbnail","6":"product_brand-vaping-in-paris-de","7":"product_cat-e-liquids","8":"product_cat-fruchtig","9":"product_cat-hervorgehobene-produkte","10":"product_cat-lieferbar-innerhalb-von-24-stunden-de","11":"product_cat-10-ml-mit-nikotin","12":"product_cat-10ml-790-de","14":"first","15":"instock","16":"taxable","17":"shipping-taxable","18":"purchasable","19":"product-type-variable"},"acf":[],"jetpack_sharing_enabled":true,"_links":{"self":[{"href":"https:\/\/vapotheque.ch\/de\/wp-json\/wp\/v2\/product\/45170","targetHints":{"allow":["GET"]}}],"collection":[{"href":"https:\/\/vapotheque.ch\/de\/wp-json\/wp\/v2\/product"}],"about":[{"href":"https:\/\/vapotheque.ch\/de\/wp-json\/wp\/v2\/types\/product"}],"wp:featuredmedia":[{"embeddable":true,"href":"https:\/\/vapotheque.ch\/de\/wp-json\/wp\/v2\/media\/45161"}],"wp:attachment":[{"href":"https:\/\/vapotheque.ch\/de\/wp-json\/wp\/v2\/media?parent=45170"}],"wp:term":[{"taxonomy":"product_cat","embeddable":true,"href":"https:\/\/vapotheque.ch\/de\/wp-json\/wp\/v2\/product_cat?post=45170"},{"taxonomy":"product_tag","embeddable":true,"href":"https:\/\/vapotheque.ch\/de\/wp-json\/wp\/v2\/product_tag?post=45170"}],"curies":[{"name":"wp","href":"https:\/\/api.w.org\/{rel}","templated":true}]}}