{"id":45169,"date":"2025-05-03T13:11:33","date_gmt":"2025-05-03T11:11:33","guid":{"rendered":"https:\/\/vapotheque.ch\/boutique\/verdampfen-in-paris-silver-fox-zitrone-50-ml-75-ml\/"},"modified":"2025-05-03T13:11:33","modified_gmt":"2025-05-03T11:11:33","slug":"verdampfen-in-paris-silver-fox-zitrone-50-ml-75-ml","status":"publish","type":"product","link":"https:\/\/vapotheque.ch\/de\/shop\/verdampfen-in-paris-silver-fox-zitrone-50-ml-75-ml\/","title":{"rendered":"Verdampfen in Paris &#8211; Silver Fox &#8211; Zitrone 50 ml \/ 75 ml"},"content":{"rendered":"<h2 data-start=\"139\" data-end=\"236\"><strong data-start=\"139\" data-end=\"236\">Vaping In Paris Silver Fox \u2013 Lemon E-Liquid 50 ml \/ 75 ml: eine Explosion von gefrosteter Zitrone!<\/strong><\/h2>\n<p class=\"\" data-start=\"238\" data-end=\"377\">Vaping In Paris bietet Ihnen mit seinem <strong data-start=\"307\" data-end=\"370\">Vaping In Paris Silver Fox \u2013 Lemon E-Liquid 50 ml \/ 75 ml<\/strong> eine Welle intensiver Frische! \u2744\ufe0f<\/p>\n<p class=\"\" data-start=\"379\" data-end=\"667\">Stellen Sie sich eine saftige, w\u00fcrzige, frisch gepresste Zitrone vor, die in einen eisigen Mantel geh\u00fcllt ist, der Ihre Geschmacksknospen mit jedem Zug weckt. Diese perfekte Verbindung zwischen fruchtiger S\u00e4ure und minziger Frische wird Ihnen ein einzigartiges Erlebnis bieten, wie eine gefrostete Limonade, die mitten im Winter genossen wird! <\/p>\n<p class=\"\" data-start=\"669\" data-end=\"981\">Die E-Liquids der Silver Fox-Reihe, die daf\u00fcr bekannt sind, die Essenz von Einweg-Puffs einzufangen, sind echte Favoriten f\u00fcr Liebhaber fruchtiger und eisiger Aromen. Wenn Sie belebende und erfrischende Aromen m\u00f6gen, werden Sie das <strong data-start=\"917\" data-end=\"980\">Vaping In Paris Silver Fox \u2013 Lemon E-Liquid 50 ml \/ 75 ml<\/strong> lieben. <\/p>\n<p class=\"\" data-start=\"983\" data-end=\"1293\">Hergestellt aus einer 100% pflanzlichen Basis, ohne Koolada oder k\u00fcnstliche S\u00fc\u00dfstoffe, wurde dieses Liquid entwickelt, um Ihnen einen nat\u00fcrlichen, ausgewogenen und geschmackvollen Dampf zu bieten. Egal, ob Du auf der Suche nach einem Hauch frischer Luft bist oder einfach nur ein Fan von Zitrusfr\u00fcchten bist, dieses kleine eisgek\u00fchlte Konzentrat ist genau das Richtige f\u00fcr Dich! <\/p>\n<p class=\"\" data-start=\"1295\" data-end=\"1419\">Auf der Suche nach einem kleinen Schub? F\u00fcgen Sie ein oder zwei Nikotinverst\u00e4rker hinzu, um einen so intensiven Dampf zu erhalten, wie Sie m\u00f6chten! <\/p>\n<p><span style=\"vertical-align: inherit;\">Hergestellt in Frankreich; MPGV\/GV-Dosierung: 50% \/ 50%. Passt sich jeder Art von Ausr\u00fcstung an. <\/span><\/p>\n<p><span style=\"vertical-align: inherit;\">Entdecken Sie die anderen Produkte der Marke Vaping <\/span><a href=\"..\/..\/marque\/vaping-in-paris\"><span style=\"vertical-align: inherit;\">in Paris<\/span><\/a> <span style=\"vertical-align: inherit;\"> .<\/span><\/p>\n<p><span style=\"vertical-align: inherit;\">Erhalten Sie Rabatte oder die neuesten Informationen zu unseren Produkten, indem Sie uns in unseren sozialen Netzwerken folgen: <\/span><a href=\"https:\/\/www.facebook.com\/VapeAigleCH\" target=\"_blank\" rel=\"noopener\"><span style=\"vertical-align: inherit;\">Facebook<\/span><\/a><span style=\"vertical-align: inherit;\"> oder <\/span><a href=\"https:\/\/www.instagram.com\/vapotheque\/\" target=\"_blank\" rel=\"noopener\"><span style=\"vertical-align: inherit;\">Instagram<\/span><\/a><span style=\"vertical-align: inherit;\"> .<\/span><\/p>\n","protected":false},"excerpt":{"rendered":"<p>Vaping In Paris Silver Fox \u2013 Lemon E-Liquid 50 ml \/ 75 ml: eine Explosion von gefrosteter Zitrone! Vaping In Paris bietet Ihnen mit seinem Vaping In Paris Silver Fox \u2013 Lemon E-Liquid 50 ml \/ 75 ml eine Welle intensiver Frische! \u2744\ufe0f Stellen Sie sich eine saftige, w\u00fcrzige, frisch gepresste Zitrone vor, die in [&hellip;]<\/p>\n","protected":false},"featured_media":45158,"template":"","meta":{"_acf_changed":false},"product_cat":[405,404,442,408,1866,1687,1679],"product_tag":[],"class_list":{"0":"post-45169","1":"product","2":"type-product","3":"status-publish","4":"has-post-thumbnail","6":"product_brand-vaping-in-paris-de","7":"product_cat-e-liquids","8":"product_cat-fruchtig","9":"product_cat-hervorgehobene-produkte","10":"product_cat-lieferbar-innerhalb-von-24-stunden-de","11":"product_cat-silver-fox-50-ml-de","12":"product_cat-50-ml-fur-75-ml","13":"product_cat-menge-e-flussigkeit-kapazitat-flasche","15":"first","16":"instock","17":"taxable","18":"shipping-taxable","19":"purchasable","20":"product-type-simple"},"acf":[],"jetpack_sharing_enabled":true,"_links":{"self":[{"href":"https:\/\/vapotheque.ch\/de\/wp-json\/wp\/v2\/product\/45169","targetHints":{"allow":["GET"]}}],"collection":[{"href":"https:\/\/vapotheque.ch\/de\/wp-json\/wp\/v2\/product"}],"about":[{"href":"https:\/\/vapotheque.ch\/de\/wp-json\/wp\/v2\/types\/product"}],"wp:featuredmedia":[{"embeddable":true,"href":"https:\/\/vapotheque.ch\/de\/wp-json\/wp\/v2\/media\/45158"}],"wp:attachment":[{"href":"https:\/\/vapotheque.ch\/de\/wp-json\/wp\/v2\/media?parent=45169"}],"wp:term":[{"taxonomy":"product_cat","embeddable":true,"href":"https:\/\/vapotheque.ch\/de\/wp-json\/wp\/v2\/product_cat?post=45169"},{"taxonomy":"product_tag","embeddable":true,"href":"https:\/\/vapotheque.ch\/de\/wp-json\/wp\/v2\/product_tag?post=45169"}],"curies":[{"name":"wp","href":"https:\/\/api.w.org\/{rel}","templated":true}]}}