{"id":44983,"date":"2025-04-16T16:24:21","date_gmt":"2025-04-16T14:24:21","guid":{"rendered":"https:\/\/vapotheque.ch\/boutique\/aspire-kit-pod-pulz-pro\/"},"modified":"2025-04-16T16:24:21","modified_gmt":"2025-04-16T14:24:21","slug":"aspire-kit-pod-pulz-pro","status":"publish","type":"product","link":"https:\/\/vapotheque.ch\/de\/shop\/aspire-kit-pod-pulz-pro\/","title":{"rendered":"Aspire &#8211; Kit pod Pulz Pro"},"content":{"rendered":"<h2 data-start=\"118\" data-end=\"175\"><strong data-start=\"125\" data-end=\"175\">Aspire &#8211; Pulz Pro Pod Kit: Der Pod, der es in sich hat!<\/strong><\/h2>\n<p class=\"\" data-start=\"177\" data-end=\"454\">Glauben Sie uns: Sie <em data-start=\"203\" data-end=\"208\">haben noch nicht<\/em> alles gesehen. Mit dem <strong>Aspire Pod Kit Pulz Pro<\/strong> verschiebt Aspire die Grenzen des Pods und bietet einen Dampf, der <strong data-start=\"313\" data-end=\"348\">Stil, Leistung und Praktikabilit\u00e4t<\/strong> vereint, und das alles in einem schlanken und ultra-intuitiven Format. Ein wahres Konzentrat an Innovation in Ihrer Handfl\u00e4che.  <\/p>\n<p class=\"\" data-start=\"456\" data-end=\"521\">Machen Sie sich bereit, dieses kleine Juwel macht keine halben Sachen.<\/p>\n<hr class=\"\" data-start=\"523\" data-end=\"526\">\n<h3 class=\"\" data-start=\"528\" data-end=\"574\">\u2728 <strong data-start=\"534\" data-end=\"574\">Raffiniertes Design, quadratischer Griff<\/strong><\/h3>\n<p class=\"\" data-start=\"576\" data-end=\"780\">Klein in der Gr\u00f6\u00dfe (100,2 \u00d7 35,7 \u00d7 18,9 mm), gro\u00df im Stil. Der Pulz Pro passt m\u00fchelos in Ihre Tasche und zeigt mit seinem sch\u00f6nen Kunstleder-Finish einen <strong data-start=\"714\" data-end=\"730\">hochwertigen Look<\/strong> . <\/p>\n<p class=\"\" data-start=\"782\" data-end=\"954\">Der 0,91-Zoll-OLED-Bildschirm bietet Ihnen alle n\u00fctzlichen Informationen auf einen Blick: <strong data-start=\"860\" data-end=\"901\">Leistung, Akkulaufzeit, Anzahl der Z\u00fcge<\/strong>, alles ist da und kann zwischen zwei Wolken konsultiert werden.<\/p>\n<hr class=\"\" data-start=\"956\" data-end=\"959\">\n<h3 class=\"\" data-start=\"961\" data-end=\"1014\"><strong data-start=\"968\" data-end=\"1014\">Eine Kapsel, die an alles denkt&#8230; und vor allem f\u00fcr Sie<\/strong><\/h3>\n<p class=\"\" data-start=\"1016\" data-end=\"1067\">Sicherheit? \u2705<br data-start=\"1028\" data-end=\"1031\">Einfachheit? \u2705<br data-start=\"1045\" data-end=\"1048\">Leistung? \u2705\u2705\u2705 <\/p>\n<p class=\"\" data-start=\"1069\" data-end=\"1349\">Der <strong data-start=\"1072\" data-end=\"1087\">ASP-Chipsatz<\/strong> mit der signierten Aspire-Version bietet alles, was Sie brauchen, um beruhigt zu dampfen: Schutz vor Kurzschl\u00fcssen, \u00dcberhitzung und beeindruckende Reaktionsf\u00e4higkeit. Das i-T\u00fcpfelchen auf dem Pod: Sie k\u00f6nnen je nach Vorliebe zwischen <strong data-start=\"1290\" data-end=\"1322\">automatischem Ziehen oder Knopf<\/strong> w\u00e4hlen. <\/p>\n<hr class=\"\" data-start=\"1351\" data-end=\"1354\">\n<h3 class=\"\" data-start=\"1356\" data-end=\"1419\">\ufe0f <strong data-start=\"1364\" data-end=\"1419\">Smart-Modus oder Watt-Modus: Sie bestimmen das Programm<\/strong><\/h3>\n<p class=\"\" data-start=\"1421\" data-end=\"1504\">Warum sollten Sie sich zwischen Komfort und Kontrolle entscheiden? Mit dem<strong>Aspire Pulz Pro Pod-Kit<\/strong> haben Sie beides: <\/p>\n<ul data-start=\"1506\" data-end=\"1724\">\n<li class=\"\" data-start=\"1506\" data-end=\"1619\">\n<p class=\"\" data-start=\"1508\" data-end=\"1619\"><strong data-start=\"1508\" data-end=\"1522\">Smart-Modus<\/strong> : Erkennt den Widerstand und passt die Leistung automatisch an. Null Einstellung, nur Spa\u00df. <\/p>\n<\/li>\n<li class=\"\" data-start=\"1620\" data-end=\"1724\">\n<p class=\"\" data-start=\"1622\" data-end=\"1724\"><strong data-start=\"1622\" data-end=\"1635\">Watt-Modus<\/strong> : \u00dcbernehmen Sie die Kontrolle und stellen Sie die Leistung von 5 bis 18 W ein, um einen 100% ma\u00dfgeschneiderten Dampf zu erhalten.<\/p>\n<\/li>\n<\/ul>\n<hr class=\"\" data-start=\"1726\" data-end=\"1729\">\n<h3 class=\"\" data-start=\"1731\" data-end=\"1776\"><strong data-start=\"1738\" data-end=\"1776\">Ein Akku, der Sie nicht im Stich l\u00e4sst<\/strong><\/h3>\n<p class=\"\" data-start=\"1778\" data-end=\"1961\">Der <strong data-start=\"1781\" data-end=\"1814\">eingebaute 1400-mAh-Akku<\/strong> h\u00e4lt den ganzen Tag mit Ihnen Schritt, ohne mit der Wimper zu zucken. Und wann ist es Zeit, neue Energie zu tanken? Hopp, ein 2A USB-C Kabel und im Nu geht es wieder los. \u26a1<\/p>\n<hr class=\"\" data-start=\"1963\" data-end=\"1966\">\n<h3 class=\"\" data-start=\"1968\" data-end=\"2032\"><strong data-start=\"1975\" data-end=\"2032\">Die Minican Side Fill Kartusche: klein, aber fein<\/strong><\/h3>\n<p class=\"\" data-start=\"2034\" data-end=\"2277\">Der Pulz Pro stellt eine neue <strong data-start=\"2078\" data-end=\"2099\">Minican Side Fill<\/strong> Kartusche vor, die mit einer <strong data-start=\"2115\" data-end=\"2145\">0,6 Ohm Mesh-Spule<\/strong> f\u00fcr dichten Dampf und starke Aromen ausgestattet ist. Sein Fassungsverm\u00f6gen von 3 ml + <strong data-start=\"2222\" data-end=\"2260\">seine \u00e4u\u00dferst praktische Seitenf\u00fcllung<\/strong> = eine gewinnbringende Kombination. <\/p>\n<p class=\"\" data-start=\"2279\" data-end=\"2456\"><strong data-start=\"2282\" data-end=\"2321\">Minican Sidefill Kartusche 0,6 Ohm<\/strong> :<br data-start=\"2323\" data-end=\"2326\">\u2022 MTL\/RDL-Ziehung<br data-start=\"2342\" data-end=\"2345\">\u2022 Empfohlene Leistung: 15 bis 18 W<br data-start=\"2379\" data-end=\"2382\">\u2022 Empfohlenes PG\/VG-Verh\u00e4ltnis: 60\/40 bis 50\/50<br data-start=\"2423\" data-end=\"2426\">\u2022 Bis zu 12 mg\/ml Nikotin<\/p>\n<hr class=\"\" data-start=\"2458\" data-end=\"2461\">\n<h3 class=\"\" data-start=\"2463\" data-end=\"2519\">\u267b\ufe0f <strong data-start=\"2470\" data-end=\"2519\">Kompatibel mit allen Minican-Patronen<\/strong><\/h3>\n<p class=\"\" data-start=\"2521\" data-end=\"2742\">Ja, ALLE! Egal, ob Sie leere Patronen mit austauschbaren Minican-Spulen oder Patronen mit eingebauten Spulen bevorzugen, der Pulz Pro passt sich an. Dies wird als <strong data-start=\"2711\" data-end=\"2741\">Vielseitigkeit auf hohem Niveau<\/strong> bezeichnet.  <\/p>\n<hr class=\"\" data-start=\"2744\" data-end=\"2747\">\n<h3 class=\"\" data-start=\"2749\" data-end=\"2793\"><strong data-start=\"2756\" data-end=\"2793\">Kurz gesagt: Warum lieben wir es?<\/strong><\/h3>\n<ul data-start=\"2795\" data-end=\"3019\">\n<li class=\"\" data-start=\"2795\" data-end=\"2827\">\n<p class=\"\" data-start=\"2797\" data-end=\"2827\">Kompaktes und ultra-schickes Design<\/p>\n<\/li>\n<li class=\"\" data-start=\"2828\" data-end=\"2859\">\n<p class=\"\" data-start=\"2830\" data-end=\"2859\">Klares, voll ausgestattetes OLED-Display<\/p>\n<\/li>\n<li class=\"\" data-start=\"2860\" data-end=\"2892\">\n<p class=\"\" data-start=\"2862\" data-end=\"2892\">W\u00e4hlbare Modi Smart und Watt<\/p>\n<\/li>\n<li class=\"\" data-start=\"2893\" data-end=\"2931\">\n<p class=\"\" data-start=\"2895\" data-end=\"2931\">1400 mAh Akku + USB-C-Aufladung<\/p>\n<\/li>\n<li class=\"\" data-start=\"2932\" data-end=\"2981\">\n<p class=\"\" data-start=\"2934\" data-end=\"2981\">Kompatibel mit allen Minican-Patronen<\/p>\n<\/li>\n<li class=\"\" data-start=\"2982\" data-end=\"3019\">\n<p class=\"\" data-start=\"2984\" data-end=\"3019\">0,6 Ohm Side-Fill-Kartusche im Lieferumfang enthalten<\/p>\n<\/li>\n<\/ul>\n<hr class=\"\" data-start=\"3021\" data-end=\"3024\">\n<p class=\"\" data-start=\"3026\" data-end=\"3201\"><strong data-start=\"3029\" data-end=\"3132\">M\u00f6chten Sie mit Eleganz dampfen, ohne Kompromisse bei der Leistung einzugehen? Der Pulz Pro ist DER Pod f\u00fcr dich. <\/strong><br data-start=\"3132\" data-end=\"3135\">Und sobald du in deinen H\u00e4nden bist, wirst du derjenige sein, der den Tanz anf\u00fchrt.<\/p>\n<p data-start=\"3026\" data-end=\"3201\">\n<p data-start=\"3026\" data-end=\"3201\">\n<p>Entdecken Sie alle anderen Produkte der Marke <strong><a href=\"..\/product_brand\/aspire\/\" target=\"_blank\" rel=\"noopener\">Aspire<\/a><\/strong>.<\/p>\n<p>Erhalten Sie Rabatte oder die neuesten Informationen zu unseren anderen Produkten, die im Gesch\u00e4ft erh\u00e4ltlich sind, indem Sie uns in unseren sozialen Netzwerken folgen: <strong><a href=\"https:\/\/www.facebook.com\/VapeAigleCH\" target=\"_blank\" rel=\"noopener\">Facebook<\/a><\/strong> oder <strong><a href=\"https:\/\/www.instagram.com\/vapotheque\" target=\"_blank\" rel=\"noopener\">Instagram<\/a><\/strong>.<\/p>\n","protected":false},"excerpt":{"rendered":"<p>Aspire &#8211; Pulz Pro Pod Kit: Der Pod, der es in sich hat! Glauben Sie uns: Sie haben noch nicht alles gesehen. Mit dem Aspire Pod Kit Pulz Pro verschiebt Aspire die Grenzen des Pods und bietet einen Dampf, der Stil, Leistung und Praktikabilit\u00e4t vereint, und das alles in einem schlanken und ultra-intuitiven Format. Ein [&hellip;]<\/p>\n","protected":false},"featured_media":44948,"template":"","meta":{"_acf_changed":false},"product_cat":[442,408,453,454],"product_tag":[],"class_list":{"0":"post-44983","1":"product","2":"type-product","3":"status-publish","4":"has-post-thumbnail","6":"product_brand-aspire-de","7":"product_cat-hervorgehobene-produkte","8":"product_cat-lieferbar-innerhalb-von-24-stunden-de","9":"product_cat-pods-de","10":"product_cat-vapes-pods-de","12":"first","13":"instock","14":"taxable","15":"shipping-taxable","16":"purchasable","17":"product-type-variable"},"acf":[],"jetpack_sharing_enabled":true,"_links":{"self":[{"href":"https:\/\/vapotheque.ch\/de\/wp-json\/wp\/v2\/product\/44983","targetHints":{"allow":["GET"]}}],"collection":[{"href":"https:\/\/vapotheque.ch\/de\/wp-json\/wp\/v2\/product"}],"about":[{"href":"https:\/\/vapotheque.ch\/de\/wp-json\/wp\/v2\/types\/product"}],"wp:featuredmedia":[{"embeddable":true,"href":"https:\/\/vapotheque.ch\/de\/wp-json\/wp\/v2\/media\/44948"}],"wp:attachment":[{"href":"https:\/\/vapotheque.ch\/de\/wp-json\/wp\/v2\/media?parent=44983"}],"wp:term":[{"taxonomy":"product_cat","embeddable":true,"href":"https:\/\/vapotheque.ch\/de\/wp-json\/wp\/v2\/product_cat?post=44983"},{"taxonomy":"product_tag","embeddable":true,"href":"https:\/\/vapotheque.ch\/de\/wp-json\/wp\/v2\/product_tag?post=44983"}],"curies":[{"name":"wp","href":"https:\/\/api.w.org\/{rel}","templated":true}]}}