{"id":44976,"date":"2025-04-16T15:42:15","date_gmt":"2025-04-16T13:42:15","guid":{"rendered":"https:\/\/vapotheque.ch\/boutique\/vaporesso-bausatz-pod-apex\/"},"modified":"2025-04-16T15:42:15","modified_gmt":"2025-04-16T13:42:15","slug":"vaporesso-bausatz-pod-apex","status":"publish","type":"product","link":"https:\/\/vapotheque.ch\/de\/shop\/vaporesso-bausatz-pod-apex\/","title":{"rendered":"Vaporesso &#8211; Bausatz Pod Apex"},"content":{"rendered":"<h2 data-start=\"206\" data-end=\"258\"><strong data-start=\"213\" data-end=\"258\">Vaporesso &#8211; Apex Pod Kit: Klasse, die echte.<\/strong><\/h2>\n<p class=\"\" data-start=\"260\" data-end=\"592\">Kompakt, stilvoll, unglaublich effizient: <strong data-start=\"302\" data-end=\"330\">Das Vaporesso &#8211; Apex Pod Kit<\/strong> ist ein Konzentrat aus Eleganz und Leistung in einem Format, das (fast) in Ihre Brieftasche passt. Mit <strong data-start=\"449\" data-end=\"465\">99,7 \u00d7 37 mm<\/strong> k\u00f6nnte sie sich fast als Visitenkarte ausgeben&#8230; Nur dass keine Karte so leckeren Dampf produziert! <\/p>\n<p class=\"\" data-start=\"594\" data-end=\"792\"><strong data-start=\"597\" data-end=\"621\">Schicker Look, Shock Vape<\/strong> : tadellose Oberfl\u00e4chen, minimalistisches Design, elegante Farben \u2013 egal ob Sie einen Anzug oder eine Jogginghose tragen, <strong data-start=\"729\" data-end=\"792\">der Apex f\u00fcgt sich immer in die Einrichtung ein&#8230; mit Klasse.<\/strong><\/p>\n<hr class=\"\" data-start=\"794\" data-end=\"797\">\n<h3 class=\"\" data-start=\"799\" data-end=\"843\">\ufe0f <strong data-start=\"807\" data-end=\"843\">Ein Pod, der Ihnen buchstabengenau folgt<\/strong><\/h3>\n<p class=\"\" data-start=\"845\" data-end=\"1008\">Willst Du einen engen Zug f\u00fcr einen diskreten Dampf? Oder im Gegenteil, eine Wolke in der Luft, um ruhig zu spazieren? <strong data-start=\"958\" data-end=\"997\">Das Vaporesso &#8211; Apex Pod Kit passt sich all Ihren W\u00fcnschen<\/strong> an, dank: <\/p>\n<ul data-start=\"1010\" data-end=\"1167\">\n<li class=\"\" data-start=\"1010\" data-end=\"1050\">\n<p class=\"\" data-start=\"1012\" data-end=\"1050\"><strong data-start=\"1012\" data-end=\"1050\">Einstellbare Leistung von 5 bis 30 W<\/strong><\/p>\n<\/li>\n<li class=\"\" data-start=\"1051\" data-end=\"1105\">\n<p class=\"\" data-start=\"1053\" data-end=\"1105\"><strong data-start=\"1053\" data-end=\"1076\">Einstellbarer Luftstrom<\/strong> direkt an der Kartusche<\/p>\n<\/li>\n<li class=\"\" data-start=\"1106\" data-end=\"1167\">\n<p class=\"\" data-start=\"1108\" data-end=\"1167\"><strong data-start=\"1108\" data-end=\"1146\">Zwei Arten des Ziehens: MTL oder RDL,<\/strong> Sie haben die Wahl!<\/p>\n<\/li>\n<\/ul>\n<p class=\"\" data-start=\"1169\" data-end=\"1446\">Und um das Ganze abzurunden, wird der Apex <strong data-start=\"1210\" data-end=\"1230\">mit einer einzigen Taste<\/strong> gesteuert, mit einem <strong data-start=\"1240\" data-end=\"1260\">0,69-Zoll-OLED-Bildschirm<\/strong> , der Ihnen alle Informationen auf einen Blick anzeigt. Bevorzugen Sie automatische Z\u00fcge? Kein Problem: <strong data-start=\"1365\" data-end=\"1426\">Sie k\u00f6nnen den Vape durch Inhalation oder per Knopf aktivieren.<\/strong> Du bist der Boss.  <\/p>\n<hr class=\"\" data-start=\"1448\" data-end=\"1451\">\n<h3 class=\"\" data-start=\"1453\" data-end=\"1497\"><strong data-start=\"1460\" data-end=\"1497\">XXL-Akkulaufzeit im Mini-Format<\/strong><\/h3>\n<p class=\"\" data-start=\"1499\" data-end=\"1676\">Sie m\u00fcssen nicht mehr mittags einem Ladeger\u00e4t hinterherjagen: <strong data-start=\"1548\" data-end=\"1584\">Der eingebaute 2000-mAh-Akku<\/strong>, der durch <strong data-start=\"1613\" data-end=\"1626\">die Mega-BATT-Technologie<\/strong> verst\u00e4rkt wird, folgt Ihnen tagelang. Ja, <strong data-start=\"1666\" data-end=\"1675\">Tage<\/strong>. <\/p>\n<p class=\"\" data-start=\"1678\" data-end=\"1854\">Und wenn es Zeit zum Aufladen ist (denn ja, eines Tages wird dies der Fall sein), \u00fcbernimmt der <strong data-start=\"1754\" data-end=\"1769\">5V\/2A-USB-C-Anschluss das Express-Laden<\/strong> . Das Kabel befindet sich nat\u00fcrlich in der Box. <\/p>\n<hr class=\"\" data-start=\"1856\" data-end=\"1859\">\n<h3 class=\"\" data-start=\"1861\" data-end=\"1910\"><strong data-start=\"1868\" data-end=\"1910\">Apex-Patronen: Aromen zum Sterben sch\u00f6n<\/strong><\/h3>\n<p class=\"\" data-start=\"1912\" data-end=\"2119\">Das Kit wird mit <strong data-start=\"1934\" data-end=\"1966\">zwei 5-ml-Apex-Patronen<\/strong> geliefert: ein echter Luxus, wenn Sie genie\u00dfen m\u00f6chten, ohne alle 10 Minuten nachzuf\u00fcllen. Und mit <strong data-start=\"2066\" data-end=\"2084\">der SSS Anti-Leak<\/strong> + <strong data-start=\"2087\" data-end=\"2100\">COREX 2.0-Technologie<\/strong> k\u00f6nnen Sie Folgendes erwarten: <\/p>\n<ul data-start=\"2121\" data-end=\"2214\">\n<li class=\"\" data-start=\"2121\" data-end=\"2147\">\n<p class=\"\" data-start=\"2123\" data-end=\"2147\"><strong data-start=\"2123\" data-end=\"2147\">Explosive Aromen<\/strong><\/p>\n<\/li>\n<li class=\"\" data-start=\"2148\" data-end=\"2180\">\n<p class=\"\" data-start=\"2150\" data-end=\"2180\"><strong data-start=\"2150\" data-end=\"2180\">Widerstandsf\u00e4higkeit, die anh\u00e4lt<\/strong><\/p>\n<\/li>\n<li class=\"\" data-start=\"2181\" data-end=\"2214\">\n<p class=\"\" data-start=\"2183\" data-end=\"2214\"><strong data-start=\"2183\" data-end=\"2214\">Keine Tropfen in die Taschen<\/strong><\/p>\n<\/li>\n<\/ul>\n<p class=\"\" data-start=\"2216\" data-end=\"2330\">Jede Patrone verf\u00fcgt <strong data-start=\"2242\" data-end=\"2293\">\u00fcber einen eigenen Widerstand und eine 510er Tropfspitze<\/strong> , die f\u00fcr einen perfekt kalibrierten Druck geeignet ist.<\/p>\n<p class=\"\" data-start=\"2332\" data-end=\"2492\"><strong data-start=\"2335\" data-end=\"2362\">0,6 Ohm Tonabnehmer (RDL)<\/strong><br data-start=\"2362\" data-end=\"2365\">\u2022 F\u00fcr einen luftigeren Dampf<br data-start=\"2394\" data-end=\"2397\">\u2022 5 bis 25 W (20 W empfohlen)<br data-start=\"2423\" data-end=\"2426\">\u2022 Empfohlenes PG\/VG: 60\/40 bis 40\/60<\/p>\n<p class=\"\" data-start=\"2494\" data-end=\"2667\"><strong data-start=\"2497\" data-end=\"2524\">0,8 Ohm Tonabnehmer (MTL)<\/strong><br data-start=\"2524\" data-end=\"2527\">\u2022 F\u00fcr einen strafferen, diskreteren Dampf<br data-start=\"2569\" data-end=\"2572\">\u2022 5 bis 18 W (15 W empfohlen)<br data-start=\"2598\" data-end=\"2601\">\u2022 Empfohlenes PG\/VG: 70\/30 bis 50\/50<\/p>\n<hr class=\"\" data-start=\"2669\" data-end=\"2672\">\n<h3 class=\"\" data-start=\"2674\" data-end=\"2716\"><strong data-start=\"2681\" data-end=\"2714\">Vaporesso &#8211; Apex Pod Kit<\/strong> Inhalt:<\/h3>\n<ul data-start=\"2718\" data-end=\"2856\">\n<li class=\"\" data-start=\"2718\" data-end=\"2741\">\n<p class=\"\" data-start=\"2720\" data-end=\"2741\">1 Apex 2000 mAh Pod<\/p>\n<\/li>\n<li class=\"\" data-start=\"2742\" data-end=\"2776\">\n<p class=\"\" data-start=\"2744\" data-end=\"2776\">1 Apex 0,6 Ohm Tonabnehmer (RDL)<\/p>\n<\/li>\n<li class=\"\" data-start=\"2777\" data-end=\"2811\">\n<p class=\"\" data-start=\"2779\" data-end=\"2811\">1 x Apex 0,8 Ohm Tonabnehmer (MTL)<\/p>\n<\/li>\n<li class=\"\" data-start=\"2812\" data-end=\"2829\">\n<p class=\"\" data-start=\"2814\" data-end=\"2829\">1 USB-C-Kabel<\/p>\n<\/li>\n<li class=\"\" data-start=\"2830\" data-end=\"2856\">\n<p class=\"\" data-start=\"2832\" data-end=\"2856\">1 Benutzerhandbuch<\/p>\n<\/li>\n<\/ul>\n<p data-start=\"2863\" data-end=\"3033\">\n<p data-start=\"2863\" data-end=\"3033\">\n<p>Hier finden Sie alle unsere <a href=\"..\/categorie\/pods?orderby=date\/\" target=\"_blank\" rel=\"noopener\">Pods.<\/a><\/p>\n<p>Erhalten Sie Rabatte oder die neuesten Informationen zu unseren anderen Produkten, die im Gesch\u00e4ft erh\u00e4ltlich sind, indem Sie uns in unseren sozialen Netzwerken folgen: <a href=\"https:\/\/www.facebook.com\/VapeAigleCH\" target=\"_blank\" rel=\"noopener\">Facebook<\/a> oder <a href=\"https:\/\/www.instagram.com\/vapotheque_aigle\/\" target=\"_blank\" rel=\"noopener\">Instagram<\/a>.<\/p>\n","protected":false},"excerpt":{"rendered":"<p>Vaporesso &#8211; Apex Pod Kit: Klasse, die echte. Kompakt, stilvoll, unglaublich effizient: Das Vaporesso &#8211; Apex Pod Kit ist ein Konzentrat aus Eleganz und Leistung in einem Format, das (fast) in Ihre Brieftasche passt. Mit 99,7 \u00d7 37 mm k\u00f6nnte sie sich fast als Visitenkarte ausgeben&#8230; Nur dass keine Karte so leckeren Dampf produziert! Schicker [&hellip;]<\/p>\n","protected":false},"featured_media":44927,"template":"","meta":{"_acf_changed":false},"product_cat":[442,408,453,423,454,277],"product_tag":[],"class_list":{"0":"post-44976","1":"product","2":"type-product","3":"status-publish","4":"has-post-thumbnail","6":"product_brand-vaporesso-de","7":"product_cat-hervorgehobene-produkte","8":"product_cat-lieferbar-innerhalb-von-24-stunden-de","9":"product_cat-pods-de","10":"product_cat-promos","11":"product_cat-vapes-pods-de","12":"product_cat-promos-eliquides-vape","14":"first","15":"instock","16":"taxable","17":"shipping-taxable","18":"purchasable","19":"product-type-variable"},"acf":[],"jetpack_sharing_enabled":true,"_links":{"self":[{"href":"https:\/\/vapotheque.ch\/de\/wp-json\/wp\/v2\/product\/44976","targetHints":{"allow":["GET"]}}],"collection":[{"href":"https:\/\/vapotheque.ch\/de\/wp-json\/wp\/v2\/product"}],"about":[{"href":"https:\/\/vapotheque.ch\/de\/wp-json\/wp\/v2\/types\/product"}],"wp:featuredmedia":[{"embeddable":true,"href":"https:\/\/vapotheque.ch\/de\/wp-json\/wp\/v2\/media\/44927"}],"wp:attachment":[{"href":"https:\/\/vapotheque.ch\/de\/wp-json\/wp\/v2\/media?parent=44976"}],"wp:term":[{"taxonomy":"product_cat","embeddable":true,"href":"https:\/\/vapotheque.ch\/de\/wp-json\/wp\/v2\/product_cat?post=44976"},{"taxonomy":"product_tag","embeddable":true,"href":"https:\/\/vapotheque.ch\/de\/wp-json\/wp\/v2\/product_tag?post=44976"}],"curies":[{"name":"wp","href":"https:\/\/api.w.org\/{rel}","templated":true}]}}