{"id":44975,"date":"2025-04-16T14:18:00","date_gmt":"2025-04-16T12:18:00","guid":{"rendered":"https:\/\/vapotheque.ch\/boutique\/eliquid-france-lemontime-ingwer-50-ml-70-ml\/"},"modified":"2025-04-16T14:18:00","modified_gmt":"2025-04-16T12:18:00","slug":"eliquid-france-lemontime-ingwer-50-ml-70-ml","status":"publish","type":"product","link":"https:\/\/vapotheque.ch\/de\/shop\/eliquid-france-lemontime-ingwer-50-ml-70-ml\/","title":{"rendered":"Eliquid France &#8211; Lemon&#8217;Time Ingwer &#8211; 50 ml \/ 70 ml"},"content":{"rendered":"<h2 data-start=\"125\" data-end=\"183\">E-Liquid Frankreich &#8211; Lemon&#8217;Time Ingwer 50 ml \/ 70 ml: Das E-Liquid, das die Geschmacksknospen weckt!<\/h2>\n<p class=\"\" data-start=\"185\" data-end=\"617\"><strong data-start=\"185\" data-end=\"244\">Machen Sie sich bereit f\u00fcr einen Hauch von Frische und W\u00fcrze!<\/strong> Mit dem <strong>Eliquid France &#8211; Lemon&#8217;Time Ginger &#8211; 50 ml \/ 70 ml<\/strong> hat Lemon&#8217;Time in seinem Shaker eine <strong data-start=\"283\" data-end=\"306\">prickelnde Limonade<\/strong> und einen <strong data-start=\"313\" data-end=\"337\">vollmundigen Ingwer<\/strong> zu einem Tonic-Trank gemischt, der keine halben Sachen macht. Genau richtig s\u00fc\u00df, leicht pfeffrig, aber immer erfrischend, erinnert dieses k\u00fchne Rezept an ein <strong data-start=\"521\" data-end=\"559\">eisiges Ginger Ale in der Mitte<\/strong> eines Topfes. Man sp\u00fcrt ja schon, wie die Eisw\u00fcrfel im Glas klirren, oder?  <\/p>\n<p class=\"\" data-start=\"619\" data-end=\"802\">Ein E-Liquid, das mit Kontrasten spielt: <strong data-start=\"660\" data-end=\"677\">s\u00fc\u00df und w\u00fcrzig<\/strong>, <strong data-start=\"679\" data-end=\"699\">frisch und intensiv<\/strong>. Ergebnis? Ein Saft <strong data-start=\"725\" data-end=\"756\">, der sch\u00fcttelt, sticht und erfrischt<\/strong>&#8230; Kurz gesagt, ein kleiner Schub mit jedem Zug!  <\/p>\n<hr class=\"\" data-start=\"804\" data-end=\"807\">\n<h3 class=\"\" data-start=\"809\" data-end=\"856\">Die perfekte Balance f\u00fcr jedes Setup<\/h3>\n<p class=\"\" data-start=\"858\" data-end=\"1089\">Mit seinem <strong data-start=\"867\" data-end=\"891\">PG\/VG-Verh\u00e4ltnis von 50\/50<\/strong> passt dieser Trank \u00fcberall: <strong data-start=\"927\" data-end=\"947\">Pod, Clearo, Box<\/strong>, er passt sich allen Arten von Vape an. Ein angenehmer Zug, eine sch\u00f6ne Dampfproduktion und vor allem <strong data-start=\"1050\" data-end=\"1087\">eine top aromatische Reproduktion<\/strong> ! <\/p>\n<hr class=\"\" data-start=\"1091\" data-end=\"1094\">\n<h3 class=\"\" data-start=\"1096\" data-end=\"1134\">Es liegt an dir, den Chemiker zu spielen!<\/h3>\n<p class=\"\" data-start=\"1136\" data-end=\"1288\">Die <strong data-start=\"1149\" data-end=\"1158\">70 ml<\/strong> Flasche enth\u00e4lt bereits <strong data-start=\"1173\" data-end=\"1212\">50 ml E-Liquid mit Aromen<\/strong>. So hast du noch viel Spielraum, um das Nikotin an deine So\u00dfe anzupassen: <\/p>\n<ul data-start=\"1290\" data-end=\"1370\">\n<li class=\"\" data-start=\"1290\" data-end=\"1329\">\n<p class=\"\" data-start=\"1292\" data-end=\"1329\">\u2795 <strong data-start=\"1294\" data-end=\"1307\">1 Auffrischungsimpfung<\/strong> = <strong data-start=\"1310\" data-end=\"1329\">60 ml bei 3 mg\/ml<\/strong><\/p>\n<\/li>\n<li class=\"\" data-start=\"1330\" data-end=\"1370\">\n<p class=\"\" data-start=\"1332\" data-end=\"1370\">\u2795 <strong data-start=\"1334\" data-end=\"1348\">2 Auffrischungsimpfungen<\/strong> = <strong data-start=\"1351\" data-end=\"1370\">70 ml \u00e0 6 mg\/ml<\/strong><\/p>\n<\/li>\n<\/ul>\n<p class=\"\" data-start=\"1372\" data-end=\"1550\">Kein Nikotin? Verdampfen Sie ihn so, wie er ist, um einen ultra-druckvollen Schuss Frische zu erhalten, oder verd\u00fcnnen Sie ihn leicht mit etwas <strong data-start=\"1489\" data-end=\"1503\">PG\/VG-Basis<\/strong> , wenn Sie den Trank etwas zu intensiv finden. <\/p>\n<p class=\"\" data-start=\"1552\" data-end=\"1748\"><em data-start=\"1555\" data-end=\"1580\">Ein kleiner Tipp des Barkeepers<\/em> : Um die Kraft der Aromen zu erhalten, \u00fcberschreiten Sie <strong data-start=\"1637\" data-end=\"1651\">nicht 2 Booster<\/strong> oder <strong data-start=\"1655\" data-end=\"1672\">20 ml Base<\/strong>. Sonst k\u00f6nnte die Limonade ihre Blasen verlieren&#8230; und Ingwer seine Leidenschaft! <\/p>\n<hr class=\"\" data-start=\"1750\" data-end=\"1753\">\n<h3 class=\"\" data-start=\"1755\" data-end=\"1805\">Identit\u00e4tsblatt der Eliquid France &#8211; Lemon&#8217;Time Ingwer &#8211; 50 ml \/ 70 ml<\/h3>\n<ul data-start=\"1807\" data-end=\"2106\">\n<li class=\"\" data-start=\"1807\" data-end=\"1851\">\n<p class=\"\" data-start=\"1809\" data-end=\"1851\">70 ml PET-Flasche mit Kindersicherung<\/p>\n<\/li>\n<li class=\"\" data-start=\"1852\" data-end=\"1894\">\n<p class=\"\" data-start=\"1854\" data-end=\"1894\">50 ml E-Liquid mit Aromen<\/p>\n<\/li>\n<li class=\"\" data-start=\"1895\" data-end=\"1922\">\n<p class=\"\" data-start=\"1897\" data-end=\"1922\">\ufe0f PG\/VG-Verh\u00e4ltnis: 50\/50<\/p>\n<\/li>\n<li class=\"\" data-start=\"1923\" data-end=\"2009\">\n<p class=\"\" data-start=\"1925\" data-end=\"2009\">Aromatische Noten: zitronige Limonade, w\u00fcrziger Ingwer, durstl\u00f6schende Frische<\/p>\n<\/li>\n<li class=\"\" data-start=\"2010\" data-end=\"2065\">\n<p class=\"\" data-start=\"2012\" data-end=\"2065\">Nikotin: 0 mg\/ml \u2013 Boost nach Bedarf<\/p>\n<\/li>\n<li class=\"\" data-start=\"2066\" data-end=\"2106\">\n<p class=\"\" data-start=\"2068\" data-end=\"2106\">Mit Leidenschaft in Frankreich gebraut<\/p>\n<\/li>\n<\/ul>\n<hr class=\"\" data-start=\"2108\" data-end=\"2111\">\n<p class=\"\" data-start=\"2113\" data-end=\"2370\"><strong>E-Liquid France &#8211; Lemon&#8217;Time Ginger &#8211; 50 ml \/ 70 ml<\/strong>, es ist <strong data-start=\"2142\" data-end=\"2188\">der fruchtig-w\u00fcrzige Punch, der Sie zum Vibrieren bringt<\/strong>, ein E-Liquid so durstl\u00f6schend wie eine handwerklich hergestellte Limonade&#8230; mit einem guten Schuss Ingwer, um die Geschmacksknospen zum Tanzen zu bringen! Sind Sie bereit f\u00fcr den gro\u00dfen zitronigen Nervenkitzel? \u26a1<\/p>\n<p data-start=\"2113\" data-end=\"2370\">\n<p class=\"class-fabrication\"><strong>Wichtig:<\/strong> E-Liquid in Aromen 50 ml, verkauft in einer 70 ml Flasche.<\/p>\n<p>Hergestellt in Frankreich; PG \/ VG-Rate: 50\/50.<\/p>\n<p>Erhalten Sie Rabatte oder die neuesten Informationen zu unseren Produkten, indem Sie uns in unseren sozialen Netzwerken folgen: <strong><a href=\"https:\/\/www.facebook.com\/VapeAigleCH\" target=\"_blank\" rel=\"noopener\">Facebook<\/a> <\/strong>oder <strong><a href=\"https:\/\/www.instagram.com\/vapotheque\" target=\"_blank\" rel=\"noopener\">Instagram<\/a>.<\/strong><\/p>\n","protected":false},"excerpt":{"rendered":"<p>E-Liquid Frankreich &#8211; Lemon&#8217;Time Ingwer 50 ml \/ 70 ml: Das E-Liquid, das die Geschmacksknospen weckt! Machen Sie sich bereit f\u00fcr einen Hauch von Frische und W\u00fcrze! Mit dem Eliquid France &#8211; Lemon&#8217;Time Ginger &#8211; 50 ml \/ 70 ml hat Lemon&#8217;Time in seinem Shaker eine prickelnde Limonade und einen vollmundigen Ingwer zu einem Tonic-Trank [&hellip;]<\/p>\n","protected":false},"featured_media":44906,"template":"","meta":{"_acf_changed":false},"product_cat":[405,404,442,408,1686,1679],"product_tag":[],"class_list":{"0":"post-44975","1":"product","2":"type-product","3":"status-publish","4":"has-post-thumbnail","6":"product_brand-eliquid-frankreich","7":"product_cat-e-liquids","8":"product_cat-fruchtig","9":"product_cat-hervorgehobene-produkte","10":"product_cat-lieferbar-innerhalb-von-24-stunden-de","11":"product_cat-50-ml-fur-70-ml","12":"product_cat-menge-e-flussigkeit-kapazitat-flasche","14":"first","15":"instock","16":"taxable","17":"shipping-taxable","18":"purchasable","19":"product-type-simple"},"acf":[],"jetpack_sharing_enabled":true,"_links":{"self":[{"href":"https:\/\/vapotheque.ch\/de\/wp-json\/wp\/v2\/product\/44975","targetHints":{"allow":["GET"]}}],"collection":[{"href":"https:\/\/vapotheque.ch\/de\/wp-json\/wp\/v2\/product"}],"about":[{"href":"https:\/\/vapotheque.ch\/de\/wp-json\/wp\/v2\/types\/product"}],"wp:featuredmedia":[{"embeddable":true,"href":"https:\/\/vapotheque.ch\/de\/wp-json\/wp\/v2\/media\/44906"}],"wp:attachment":[{"href":"https:\/\/vapotheque.ch\/de\/wp-json\/wp\/v2\/media?parent=44975"}],"wp:term":[{"taxonomy":"product_cat","embeddable":true,"href":"https:\/\/vapotheque.ch\/de\/wp-json\/wp\/v2\/product_cat?post=44975"},{"taxonomy":"product_tag","embeddable":true,"href":"https:\/\/vapotheque.ch\/de\/wp-json\/wp\/v2\/product_tag?post=44975"}],"curies":[{"name":"wp","href":"https:\/\/api.w.org\/{rel}","templated":true}]}}