{"id":44972,"date":"2025-04-16T15:24:28","date_gmt":"2025-04-16T13:24:28","guid":{"rendered":"https:\/\/vapotheque.ch\/boutique\/vaporesso-apex-kartuschen-packung-x2\/"},"modified":"2025-04-16T15:24:28","modified_gmt":"2025-04-16T13:24:28","slug":"vaporesso-apex-kartuschen-packung-x2","status":"publish","type":"product","link":"https:\/\/vapotheque.ch\/de\/shop\/vaporesso-apex-kartuschen-packung-x2\/","title":{"rendered":"Vaporesso &#8211; Apex Kartuschen &#8211; Packung x2"},"content":{"rendered":"<h2 data-start=\"219\" data-end=\"288\"><strong data-start=\"226\" data-end=\"288\">Vaporesso &#8211; Apex Pack x2 Cartridges: Der perfekte Neustart f\u00fcr Ihren Vaporesso Pod<\/strong><\/h2>\n<p class=\"\" data-start=\"290\" data-end=\"638\">F\u00e4ngt Ihr Apex-Pod an zu husten? Verleihen Sie ihm ein Facelifting mit diesen <strong>Vaporesso &#8211; Apex Cartridges Pack x2<\/strong> ! Egal, ob Sie zu den Menschen geh\u00f6ren, die den Geschmack wechseln wie ein Hemd oder Ihre Spule ausgedient hat, dieses <strong data-start=\"518\" data-end=\"547\">2er-Pack Apex-Patronen<\/strong> ist <strong data-start=\"552\" data-end=\"595\">DAS Backup, das Sie immer zur Hand haben sollten<\/strong>. Vertrauen Sie uns, Ihr Vape wird es Ihnen danken!  <\/p>\n<p class=\"\" data-start=\"640\" data-end=\"757\"><strong data-start=\"643\" data-end=\"663\">5 ml Fassungsverm\u00f6gen<\/strong>, Anti-Leak-System, verst\u00e4rkter Geschmack&#8230; Diese Patronen haben mehr als eine Umdrehung in ihrem Tank.<\/p>\n<hr class=\"\" data-start=\"759\" data-end=\"762\">\n<h3 class=\"\" data-start=\"764\" data-end=\"805\">COREX 2.0-Technologie in Aktion<\/h3>\n<p class=\"\" data-start=\"807\" data-end=\"967\">Apex-Patronen sind nicht nur praktisch. Sie stecken auch <strong data-start=\"883\" data-end=\"909\">voller Innovationen<\/strong>. Mit <strong data-start=\"916\" data-end=\"955\">den integrierten COREX 2.0-Widerst\u00e4nden<\/strong> genie\u00dfen Sie:  <\/p>\n<ul data-start=\"969\" data-end=\"1132\">\n<li class=\"\" data-start=\"969\" data-end=\"1003\">\n<p class=\"\" data-start=\"971\" data-end=\"1003\">Verbesserte <strong data-start=\"977\" data-end=\"1003\">Lebensdauer<\/strong><\/p>\n<\/li>\n<li class=\"\" data-start=\"1004\" data-end=\"1046\">\n<p class=\"\" data-start=\"1006\" data-end=\"1046\">\u00dcberlegene <strong data-start=\"1012\" data-end=\"1046\">Geschmackswiedergabe<\/strong><\/p>\n<\/li>\n<li class=\"\" data-start=\"1047\" data-end=\"1132\">\n<p class=\"\" data-start=\"1049\" data-end=\"1132\">Ein ultraeinfaches System: eine HS-Kartusche? Hop, wir ersetzen es <strong data-start=\"1116\" data-end=\"1130\">mit einem Klick<\/strong> ! <\/p>\n<\/li>\n<\/ul>\n<p class=\"\" data-start=\"1134\" data-end=\"1303\">Das i-T\u00fcpfelchen an der Tropfspitze: <strong data-start=\"1159\" data-end=\"1182\">Ein einstellbarer Luftstrom<\/strong> erm\u00f6glicht es Ihnen, <strong data-start=\"1198\" data-end=\"1228\">Ihren Zug individuell zu gestalten<\/strong>, egal ob Sie ein Fan von gro\u00dfz\u00fcgigem Dampf oder dezenteren Z\u00fcgen sind.<\/p>\n<hr class=\"\" data-start=\"1305\" data-end=\"1308\">\n<h3 class=\"\" data-start=\"1310\" data-end=\"1356\">\ufe0f Zwei Versionen f\u00fcr zwei Arten von Vape<\/h3>\n<p class=\"\" data-start=\"1358\" data-end=\"1547\">Da wir nicht alle gleich dampfen, <strong data-start=\"1395\" data-end=\"1447\">sind die Vaporesso &#8211; Apex Pack x2 Cartridges in zwei Modellen erh\u00e4ltlich<\/strong>. Egal, ob Sie sich im diskreten MTL-Modus oder im druckvolleren RDL-Modus befinden, es gibt bestimmt einen Apex f\u00fcr Sie: <\/p>\n<p class=\"\" data-start=\"1549\" data-end=\"1801\"><strong data-start=\"1552\" data-end=\"1578\">Apex Tonabnehmer 0,6 Ohm<\/strong><br data-start=\"1578\" data-end=\"1581\">\u2022 <strong data-start=\"1583\" data-end=\"1597\">RDL-Zug<\/strong> \u2013 f\u00fcr einen luftigeren Dampf<br data-start=\"1627\" data-end=\"1630\">\u2022 Betriebsbereich: <strong data-start=\"1654\" data-end=\"1665\">5 bis 25 W<\/strong> (20 W empfohlen)<br data-start=\"1682\" data-end=\"1685\">\u2022 Empfohlene E-Liquids: PG\/VG zwischen <strong data-start=\"1724\" data-end=\"1742\">60\/40 und 40\/60<\/strong><\/p>\n<p class=\"\" data-start=\"1803\" data-end=\"2050\"><strong data-start=\"1806\" data-end=\"1832\">Apex Tonabnehmer 0,8 Ohm<\/strong><br data-start=\"1832\" data-end=\"1835\">\u2022 <strong data-start=\"1837\" data-end=\"1851\">MTL-Zug<\/strong> \u2013 enger, diskreter<br data-start=\"1878\" data-end=\"1881\">\u2022 Betriebsbereich: <strong data-start=\"1905\" data-end=\"1916\">5 bis 18 W<\/strong> (15 W empfohlen)<br data-start=\"1933\" data-end=\"1936\">\u2022 Empfohlene E-Liquids: PG\/VG zwischen <strong data-start=\"1975\" data-end=\"1993\">70\/30 und 50\/50<\/strong><br data-start=\"1993\" data-end=\"1996\"><\/p>\n<hr class=\"\" data-start=\"2052\" data-end=\"2055\">\n<h3 class=\"\" data-start=\"2057\" data-end=\"2079\">Packungsinhalt<\/h3>\n<ul data-start=\"2081\" data-end=\"2247\">\n<li class=\"\" data-start=\"2081\" data-end=\"2145\">\n<p class=\"\" data-start=\"2083\" data-end=\"2145\"><strong data-start=\"2083\" data-end=\"2104\">2 Apex-Patronen,<\/strong> die mit dem Vaporesso Apex-Pod kompatibel sind<\/p>\n<\/li>\n<li class=\"\" data-start=\"2146\" data-end=\"2190\">\n<p class=\"\" data-start=\"2148\" data-end=\"2190\">Eingebaute Widerst\u00e4nde (nicht austauschbar)<\/p>\n<\/li>\n<li class=\"\" data-start=\"2191\" data-end=\"2211\">\n<p class=\"\" data-start=\"2193\" data-end=\"2211\">Einstellbarer Luftstrom<\/p>\n<\/li>\n<li class=\"\" data-start=\"2212\" data-end=\"2247\">\n<p class=\"\" data-start=\"2214\" data-end=\"2247\">Drip Tip 510 (passend f\u00fcr Modell)<\/p>\n<\/li>\n<\/ul>\n<hr class=\"\" data-start=\"2249\" data-end=\"2252\">\n<p class=\"\" data-start=\"2254\" data-end=\"2517\"><strong data-start=\"2254\" data-end=\"2300\">Tanken Sie Effizienz und Vergn\u00fcgen<\/strong> mit diesen <strong>Vaporesso &#8211; Apex Pack x2 Kartuschen<\/strong> , die Einfachheit, Leistung und Komfort vereinen. Schl\u00fcpfen Sie in Ihre Vape-Tasche, Tasche oder Schatzschublade. Kurz gesagt, ein Gewinnerduo, das alles hat, um Ihren Lieblingspod zu erfreuen!  <\/p>\n<p data-start=\"2254\" data-end=\"2517\">\n<p>Hier finden Sie alle unsere <a href=\"..\/categorie\/pods?orderby=date\/\" target=\"_blank\" rel=\"noopener\">Pods.<\/a><\/p>\n<p>Erhalten Sie Rabatte oder die neuesten Informationen zu unseren anderen Produkten, die im Gesch\u00e4ft erh\u00e4ltlich sind, indem Sie uns in unseren sozialen Netzwerken folgen: <a href=\"https:\/\/www.facebook.com\/VapeAigleCH\" target=\"_blank\" rel=\"noopener\">Facebook<\/a> oder <a href=\"https:\/\/www.instagram.com\/vapotheque_aigle\/\" target=\"_blank\" rel=\"noopener\">Instagram<\/a>.<\/p>\n","protected":false},"excerpt":{"rendered":"<p>Vaporesso &#8211; Apex Pack x2 Cartridges: Der perfekte Neustart f\u00fcr Ihren Vaporesso Pod F\u00e4ngt Ihr Apex-Pod an zu husten? Verleihen Sie ihm ein Facelifting mit diesen Vaporesso &#8211; Apex Cartridges Pack x2 ! Egal, ob Sie zu den Menschen geh\u00f6ren, die den Geschmack wechseln wie ein Hemd oder Ihre Spule ausgedient hat, dieses 2er-Pack Apex-Patronen [&hellip;]<\/p>\n","protected":false},"featured_media":44918,"template":"","meta":{"_acf_changed":false},"product_cat":[442,408,453,423,469],"product_tag":[],"class_list":{"0":"post-44972","1":"product","2":"type-product","3":"status-publish","4":"has-post-thumbnail","6":"product_brand-vaporesso-de","7":"product_cat-hervorgehobene-produkte","8":"product_cat-lieferbar-innerhalb-von-24-stunden-de","9":"product_cat-pods-de","10":"product_cat-promos","11":"product_cat-zubehor-pods","13":"first","14":"instock","15":"taxable","16":"shipping-taxable","17":"purchasable","18":"product-type-variable"},"acf":[],"jetpack_sharing_enabled":true,"_links":{"self":[{"href":"https:\/\/vapotheque.ch\/de\/wp-json\/wp\/v2\/product\/44972","targetHints":{"allow":["GET"]}}],"collection":[{"href":"https:\/\/vapotheque.ch\/de\/wp-json\/wp\/v2\/product"}],"about":[{"href":"https:\/\/vapotheque.ch\/de\/wp-json\/wp\/v2\/types\/product"}],"wp:featuredmedia":[{"embeddable":true,"href":"https:\/\/vapotheque.ch\/de\/wp-json\/wp\/v2\/media\/44918"}],"wp:attachment":[{"href":"https:\/\/vapotheque.ch\/de\/wp-json\/wp\/v2\/media?parent=44972"}],"wp:term":[{"taxonomy":"product_cat","embeddable":true,"href":"https:\/\/vapotheque.ch\/de\/wp-json\/wp\/v2\/product_cat?post=44972"},{"taxonomy":"product_tag","embeddable":true,"href":"https:\/\/vapotheque.ch\/de\/wp-json\/wp\/v2\/product_tag?post=44972"}],"curies":[{"name":"wp","href":"https:\/\/api.w.org\/{rel}","templated":true}]}}