{"id":44971,"date":"2025-04-16T13:41:24","date_gmt":"2025-04-16T11:41:24","guid":{"rendered":"https:\/\/vapotheque.ch\/boutique\/curious-curious-potion-vanilla-peanut-capella-flavors-50-ml-70-ml\/"},"modified":"2025-11-02T04:39:55","modified_gmt":"2025-11-02T03:39:55","slug":"curious-curious-potion-vanilla-peanut-capella-flavors-50-ml-70-ml","status":"publish","type":"product","link":"https:\/\/vapotheque.ch\/de\/shop\/curious-curious-potion-vanilla-peanut-capella-flavors-50-ml-70-ml\/","title":{"rendered":"Curious &#8211; Curious Potion Vanilla Peanut (Capella Flavors) &#8211; 50 ml \/ 70 ml"},"content":{"rendered":"<h2 data-start=\"158\" data-end=\"230\">Curious &#8211; Curious Potion Vanilla Peanut (Capella Aromen) 50 ml \/ 70 ml: Die S\u00fc\u00dfe, die dich zum Knacken bringt!<\/h2>\n<p class=\"\" data-start=\"232\" data-end=\"741\">Machen Sie sich bereit f\u00fcr ein Gipfeltreffen zwischen <strong data-start=\"278\" data-end=\"305\">Gier und Eleganz<\/strong> ! Le <strong>Curieux &#8211; Curious Potion Vanilla Peanut (Capella Flavors) 50 ml \/ 70 ml<\/strong>, es ist ein bisschen so, als ob sich ein F\u00fcnf-Sterne-Dessert in Ihren Vape geschlichen h\u00e4tte. Sich vorstellen&#8230; Eine <strong data-start=\"442\" data-end=\"482\">weiche, seidige und bet\u00f6rende Vanille<\/strong> , die eine <strong data-start=\"517\" data-end=\"540\">ger\u00f6stete Erdnuss<\/strong> z\u00e4rtlich umarmt, gleichzeitig knackig, schmelzend und g\u00f6ttlich regressiv. Ein <strong data-start=\"602\" data-end=\"623\">Gourmet-Fresko<\/strong>, eine sanfte Wolke, die den Gaumen umrahmt wie ein L\u00f6ffel Erdnussbuttercreme wie aus einem Traum.  <\/p>\n<p class=\"\" data-start=\"743\" data-end=\"900\">Und das ist noch nicht alles: Diese geschmackliche Arbeit wird durch die <strong data-start=\"826\" data-end=\"844\">unverwechselbaren Capella-Aromen<\/strong> verst\u00e4rkt, wahre Meister in Sachen aromatischer Pr\u00e4zision.<\/p>\n<hr class=\"\" data-start=\"902\" data-end=\"905\">\n<h3 class=\"\" data-start=\"907\" data-end=\"959\">Ein sauberer und pflanzlicher Verdampfer, genau so, wie wir ihn m\u00f6gen<\/h3>\n<p class=\"\" data-start=\"961\" data-end=\"1293\">Bei Curieux geschieht die Magie immer mit Zutaten, die handverlesen aus der Flasche stammen: <strong data-start=\"1042\" data-end=\"1065\">100% pflanzliche Basis<\/strong>, <strong data-start=\"1067\" data-end=\"1092\">pflanzliches PG<\/strong> aus Raps, <strong data-start=\"1108\" data-end=\"1114\">VG auf Maisbasis<\/strong> und eine sch\u00f6ne <strong data-start=\"1144\" data-end=\"1161\">40\/60-Formel<\/strong> f\u00fcr einen dichten und weichen Dampf. Perfekt f\u00fcr einen <strong data-start=\"1220\" data-end=\"1234\">RDL- oder DTL-Verdampfer<\/strong>, auf der Suche nach sanften Wolken und ultrapr\u00e4zisen Aromen. <\/p>\n<hr class=\"\" data-start=\"1295\" data-end=\"1298\">\n<h3 class=\"\" data-start=\"1300\" data-end=\"1347\">Wie kann man diesen Gourmet-Trank verbessern?<\/h3>\n<p class=\"\" data-start=\"1349\" data-end=\"1490\">Die <strong data-start=\"1362\" data-end=\"1371\">70-ml-Flasche<\/strong> enth\u00e4lt bereits <strong data-start=\"1386\" data-end=\"1417\">50 ml super-boosted E-Liquid<\/strong>, nikotinfrei und bereit, Ihre kleine pers\u00f6nliche Alchemie zu begr\u00fc\u00dfen:<\/p>\n<ul data-start=\"1492\" data-end=\"1574\">\n<li class=\"\" data-start=\"1492\" data-end=\"1532\">\n<p class=\"\" data-start=\"1494\" data-end=\"1532\">\u2795 <strong data-start=\"1496\" data-end=\"1509\">1 Auffrischungsimpfung<\/strong> = <strong data-start=\"1512\" data-end=\"1532\">60 ml in 3 mg\/ml<\/strong><\/p>\n<\/li>\n<li class=\"\" data-start=\"1533\" data-end=\"1574\">\n<p class=\"\" data-start=\"1535\" data-end=\"1574\">\u2795 <strong data-start=\"1537\" data-end=\"1551\">2 Auffrischungsimpfungen<\/strong> = <strong data-start=\"1554\" data-end=\"1574\">70 ml in 6 mg\/ml<\/strong><\/p>\n<\/li>\n<\/ul>\n<p class=\"\" data-start=\"1576\" data-end=\"1756\">Kein Nikotin? Keine Sorge: Genie\u00dfen Sie diesen Trank pur f\u00fcr einen Ausbruch von S\u00fc\u00dfe, oder s\u00fc\u00dfen Sie ihn ein wenig mit einem Hauch von <strong data-start=\"1720\" data-end=\"1734\">PG\/VG-Basis<\/strong> , wenn Sie m\u00f6chten. <\/p>\n<p class=\"\" data-start=\"1758\" data-end=\"1892\"><em data-start=\"1761\" data-end=\"1785\">Alchemisten-Tipp:<\/em> Vermeiden Sie die Zugabe von mehr als <strong data-start=\"1811\" data-end=\"1825\">2 Boostern<\/strong> oder <strong data-start=\"1829\" data-end=\"1846\">20 ml Base<\/strong> , um die Magie der Aromen nicht zu schmelzen.<\/p>\n<hr class=\"\" data-start=\"1894\" data-end=\"1897\">\n<h3 class=\"\" data-start=\"1899\" data-end=\"1959\">Die Geheimnisse des Curious Vanilla Peanut Potion:<\/h3>\n<ul data-start=\"1961\" data-end=\"2315\">\n<li class=\"\" data-start=\"1961\" data-end=\"2005\">\n<p class=\"\" data-start=\"1963\" data-end=\"2005\">70 ml PET-Flasche mit Kindersicherung<\/p>\n<\/li>\n<li class=\"\" data-start=\"2006\" data-end=\"2047\">\n<p class=\"\" data-start=\"2008\" data-end=\"2047\">50 ml E-Liquid mit Aromen<\/p>\n<\/li>\n<li class=\"\" data-start=\"2048\" data-end=\"2098\">\n<p class=\"\" data-start=\"2050\" data-end=\"2098\">\u2728 Capella Flavors, der Ma\u00dfstab f\u00fcr Premium-Dampfen<\/p>\n<\/li>\n<li class=\"\" data-start=\"2099\" data-end=\"2162\">\n<p class=\"\" data-start=\"2101\" data-end=\"2162\">Aromatische Noten: weiche Vanille, ger\u00f6stete Erdnuss<\/p>\n<\/li>\n<li class=\"\" data-start=\"2163\" data-end=\"2213\">\n<p class=\"\" data-start=\"2165\" data-end=\"2213\">PG\/VG-Verh\u00e4ltnis auf pflanzlicher Basis: 40\/60 \u2013 100% pflanzlich<\/p>\n<\/li>\n<li class=\"\" data-start=\"2214\" data-end=\"2274\">\n<p class=\"\" data-start=\"2216\" data-end=\"2274\">\ufe0f Nikotingehalt: 0 mg\/ml (einstellbar mit Boostern)<\/p>\n<\/li>\n<li class=\"\" data-start=\"2275\" data-end=\"2315\">\n<p class=\"\" data-start=\"2277\" data-end=\"2315\">Hergestellt mit Leidenschaft in Frankreich<\/p>\n<\/li>\n<\/ul>\n<hr class=\"\" data-start=\"2317\" data-end=\"2320\">\n<p class=\"\" data-start=\"2322\" data-end=\"2544\"><strong>Curious &#8211; Curious Potion Vanilla Peanut (Capella Flavors) 50 ml \/ 70 ml<\/strong>, es ist ein <strong data-start=\"2367\" data-end=\"2416\">warmer, gro\u00dfz\u00fcgiger und ultra-beruhigender<\/strong> Dampf, wie ein aromatisches Karo, in das wir uns gerne einkuscheln. Ein wahrer Genuss f\u00fcr Liebhaber raffinierter S\u00fc\u00dfigkeiten! <\/p>\n<p class=\"\" data-start=\"2546\" data-end=\"2590\">Dann&#8230; Sind Sie bereit, Ihre Geschmacksknospen zum Schmelzen zu bringen?<\/p>\n<p data-start=\"2546\" data-end=\"2590\">\n<p data-start=\"2546\" data-end=\"2590\">\n<p class=\"class-fabrication\"><strong>Wichtig:<\/strong> E-Liquid in Aromen 50 ml, verkauft in einer 70 ml Flasche.<\/p>\n<p>Hergestellt in Frankreich; VPG \/ VG-Rate: 40\/60.<\/p>\n<p>Entdecken Sie alle Produkte der <strong>Marke <a href=\"..\/product_brand\/curieux\/\" target=\"_blank\" rel=\"noopener\">Curieux<\/a>.<\/strong><\/p>\n<p>Erhalten Sie Rabatte oder die neuesten Informationen zu unseren Produkten, indem Sie uns in unseren sozialen Netzwerken folgen: <strong><a href=\"https:\/\/www.facebook.com\/VapeAigleCH\" target=\"_blank\" rel=\"noopener\">Facebook<\/a> <\/strong>oder <strong><a href=\"https:\/\/www.instagram.com\/vapotheque\" target=\"_blank\" rel=\"noopener\">Instagram<\/a>.<\/strong><\/p>\n","protected":false},"excerpt":{"rendered":"<p>Curious &#8211; Curious Potion Vanilla Peanut (Capella Aromen) 50 ml \/ 70 ml: Die S\u00fc\u00dfe, die dich zum Knacken bringt! Machen Sie sich bereit f\u00fcr ein Gipfeltreffen zwischen Gier und Eleganz ! Le Curieux &#8211; Curious Potion Vanilla Peanut (Capella Flavors) 50 ml \/ 70 ml, es ist ein bisschen so, als ob sich ein [&hellip;]<\/p>\n","protected":false},"featured_media":47732,"template":"","meta":{"_acf_changed":false},"product_cat":[405,397,442,408,1686,1679],"product_tag":[],"class_list":{"0":"post-44971","1":"product","2":"type-product","3":"status-publish","4":"has-post-thumbnail","6":"product_brand-curieux-de","7":"product_cat-e-liquids","8":"product_cat-gourmands-de","9":"product_cat-hervorgehobene-produkte","10":"product_cat-lieferbar-innerhalb-von-24-stunden-de","11":"product_cat-50-ml-fur-70-ml","12":"product_cat-menge-e-flussigkeit-kapazitat-flasche","14":"first","15":"instock","16":"taxable","17":"shipping-taxable","18":"purchasable","19":"product-type-simple"},"acf":[],"jetpack_sharing_enabled":true,"_links":{"self":[{"href":"https:\/\/vapotheque.ch\/de\/wp-json\/wp\/v2\/product\/44971","targetHints":{"allow":["GET"]}}],"collection":[{"href":"https:\/\/vapotheque.ch\/de\/wp-json\/wp\/v2\/product"}],"about":[{"href":"https:\/\/vapotheque.ch\/de\/wp-json\/wp\/v2\/types\/product"}],"wp:featuredmedia":[{"embeddable":true,"href":"https:\/\/vapotheque.ch\/de\/wp-json\/wp\/v2\/media\/47732"}],"wp:attachment":[{"href":"https:\/\/vapotheque.ch\/de\/wp-json\/wp\/v2\/media?parent=44971"}],"wp:term":[{"taxonomy":"product_cat","embeddable":true,"href":"https:\/\/vapotheque.ch\/de\/wp-json\/wp\/v2\/product_cat?post=44971"},{"taxonomy":"product_tag","embeddable":true,"href":"https:\/\/vapotheque.ch\/de\/wp-json\/wp\/v2\/product_tag?post=44971"}],"curies":[{"name":"wp","href":"https:\/\/api.w.org\/{rel}","templated":true}]}}