{"id":44970,"date":"2025-04-16T14:59:36","date_gmt":"2025-04-16T12:59:36","guid":{"rendered":"https:\/\/vapotheque.ch\/boutique\/neugierig-speakeasy-soul-diva-50-ml-70-ml\/"},"modified":"2025-04-16T14:59:36","modified_gmt":"2025-04-16T12:59:36","slug":"neugierig-speakeasy-soul-diva-50-ml-70-ml","status":"publish","type":"product","link":"https:\/\/vapotheque.ch\/de\/shop\/neugierig-speakeasy-soul-diva-50-ml-70-ml\/","title":{"rendered":"Neugierig &#8211; Speakeasy Soul Diva &#8211; 50 ml \/ 70 ml"},"content":{"rendered":"<h2 data-start=\"196\" data-end=\"247\"><strong data-start=\"203\" data-end=\"247\">Curious &#8211; Speakeasy Soul Diva 50 ml \/ 70 ml: Die fruchtige Stimme der Speakeasy<\/strong><\/h2>\n<p class=\"\" data-start=\"249\" data-end=\"486\">Heute Abend <strong data-start=\"268\" data-end=\"357\">sind die Stra\u00dfen in Chicago ruhig, aber die W\u00e4nde des Curieux Private Clubs vibrieren bereits vor Ungeduld<\/strong>. Die roten Vorh\u00e4nge zittern, die Gl\u00e4ser klirren, die Augen richten sich auf die B\u00fchne&#8230; <strong data-start=\"452\" data-end=\"486\">Die Soul Diva r\u00fcckt ins Rampenlicht.<\/strong> <\/p>\n<p class=\"\" data-start=\"488\" data-end=\"762\">Sein Mikrofon? Eine Waffe der Verf\u00fchrung. Sein Cocktail? Eine <strong data-start=\"542\" data-end=\"571\">explosive, fruchtige Melodie<\/strong> : <strong data-start=\"577\" data-end=\"601\">charismatische schwarze Johannisbeere<\/strong>, <strong data-start=\"606\" data-end=\"628\">solare Clementine<\/strong>, <strong data-start=\"633\" data-end=\"661\">exotische Drachenfrucht<\/strong> und <strong data-start=\"668\" data-end=\"684\">s\u00fc\u00dfe Trauben<\/strong> harmonieren zu <strong data-start=\"711\" data-end=\"761\">einem Solo von Aromen, die so bet\u00f6rend sind wie ihre Stimme<\/strong>.   <\/p>\n<p class=\"\" data-start=\"764\" data-end=\"948\">Diese Diva singt nicht, <strong data-start=\"790\" data-end=\"809\">sie bet\u00f6rt<\/strong>. Jeder Zug ist ein Refrain, jedes Ausatmen eine Erinnerung. Machen Sie sich bereit f\u00fcr ein Obstkonzert, bei dem Ihr Kopf schwingt und Ihr Herz rast.  <\/p>\n<hr class=\"\" data-start=\"950\" data-end=\"953\">\n<h3 class=\"\" data-start=\"955\" data-end=\"988\">Ein Vape mit samtiger Rille<\/h3>\n<p class=\"\" data-start=\"990\" data-end=\"1268\">Bei <strong data-start=\"995\" data-end=\"1006\">Curieux<\/strong> geht der Speakeasy keine Kompromisse bei der Qualit\u00e4t ein: Wir sprechen von einer <strong data-start=\"1070\" data-end=\"1093\">100% pflanzlichen Basis<\/strong> mit einem <strong data-start=\"1109\" data-end=\"1135\">pflanzlichen PG\/VG-Verh\u00e4ltnis von 40\/60<\/strong>. Ergebnis? Ein <strong data-start=\"1152\" data-end=\"1182\">luftiger und gro\u00dfz\u00fcgiger Verdampfer<\/strong>, perfekt f\u00fcr RDL- oder DTL-Liebhaber, die Geschmack <strong data-start=\"1250\" data-end=\"1267\">mit Schwung<\/strong> wollen.  <\/p>\n<hr class=\"\" data-start=\"1270\" data-end=\"1273\">\n<h3 class=\"\" data-start=\"1275\" data-end=\"1328\">Wie erh\u00f6ht man die (Nikotin-)Lautst\u00e4rke?<\/h3>\n<p class=\"\" data-start=\"1330\" data-end=\"1434\">Die Soul Diva wird im <strong data-start=\"1358\" data-end=\"1398\">50-ml-Format in einer 70-ml-Flasche<\/strong> geliefert. Es liegt an Ihnen, die richtige Dosierung einzuschieben: <\/p>\n<ul data-start=\"1436\" data-end=\"1510\">\n<li class=\"\" data-start=\"1436\" data-end=\"1472\">\n<p class=\"\" data-start=\"1438\" data-end=\"1472\">1 Auffrischungsimpfung = <strong data-start=\"1453\" data-end=\"1472\">60 ml bei 3 mg\/ml<\/strong><\/p>\n<\/li>\n<li class=\"\" data-start=\"1473\" data-end=\"1510\">\n<p class=\"\" data-start=\"1475\" data-end=\"1510\">2 Auffrischungsimpfungen = <strong data-start=\"1491\" data-end=\"1510\">70 ml \u00e0 6 mg\/ml<\/strong><\/p>\n<\/li>\n<\/ul>\n<p class=\"\" data-start=\"1512\" data-end=\"1737\">Kein Nikotin? Kein Problem! Lassen Sie die Diva sich so ausdr\u00fccken, wie sie ist, oder dehnen Sie den Ton mit etwas PG\/VG-Basis&#8230; Aber <strong data-start=\"1635\" data-end=\"1674\">achten Sie darauf, den Rhythmus nicht zu unterbrechen<\/strong> : mehr als 2 Booster oder 20 ml Base, und der Refrain klingt aus.  <\/p>\n<hr class=\"\" data-start=\"1739\" data-end=\"1742\">\n<h3 class=\"\" data-start=\"1744\" data-end=\"1796\">Curieux &#8211; Speakeasy Soul Diva 50 ml \/ 70 ml<\/h3>\n<ul data-start=\"1798\" data-end=\"2097\">\n<li class=\"\" data-start=\"1798\" data-end=\"1842\">\n<p class=\"\" data-start=\"1800\" data-end=\"1842\">70 ml PET-Flasche mit Kindersicherung<\/p>\n<\/li>\n<li class=\"\" data-start=\"1843\" data-end=\"1882\">\n<p class=\"\" data-start=\"1845\" data-end=\"1882\">50 ml E-Liquid mit Aromen<\/p>\n<\/li>\n<li class=\"\" data-start=\"1883\" data-end=\"1926\">\n<p class=\"\" data-start=\"1885\" data-end=\"1926\">Nikotinfrei (einstellbar mit Boostern)<\/p>\n<\/li>\n<li class=\"\" data-start=\"1927\" data-end=\"1963\">\n<p class=\"\" data-start=\"1929\" data-end=\"1963\">100% pflanzlich (pflanzlich PG)<\/p>\n<\/li>\n<li class=\"\" data-start=\"1964\" data-end=\"1987\">\n<p class=\"\" data-start=\"1966\" data-end=\"1987\">PG\/VG-Verh\u00e4ltnis: 40\/60<\/p>\n<\/li>\n<li class=\"\" data-start=\"1988\" data-end=\"2052\">\n<p class=\"\" data-start=\"1990\" data-end=\"2052\">Fruchtige Noten: schwarze Johannisbeere, Clementine, Drachenfrucht, Traube<\/p>\n<\/li>\n<li class=\"\" data-start=\"2053\" data-end=\"2097\">\n<p class=\"\" data-start=\"2055\" data-end=\"2097\">Made in France, mit Liebe und Groove<\/p>\n<\/li>\n<\/ul>\n<hr class=\"\" data-start=\"2099\" data-end=\"2102\">\n<p class=\"\" data-start=\"2104\" data-end=\"2283\"><strong>Curious &#8211; Speakeasy Soul Diva 50 ml \/ 70 ml<\/strong>, das ist <strong data-start=\"2125\" data-end=\"2168\">die fruchtige Show, auf die Ihr Vape gewartet hat<\/strong>. Ein E-Liquid, das so lebendig ist wie eine Standing Ovation, das man wie eine sternenklare Nacht zum Klang einer Big Band genie\u00dfen kann. \u2728<\/p>\n<p data-start=\"2104\" data-end=\"2283\">\n<p data-start=\"2104\" data-end=\"2283\">\n<p class=\"class-fabrication\"><strong>Wichtig:<\/strong> E-Liquid in Aromen 50 ml, verkauft in einer 70 ml Flasche.<\/p>\n<p>Hergestellt in Frankreich; VPG \/ VG-Rate: 40\/60.<\/p>\n<p>Entdecken Sie alle Produkte der <strong>Marke <a href=\"..\/product_brand\/curieux\/\" target=\"_blank\" rel=\"noopener\">Curieux<\/a>.<\/strong><\/p>\n<p>Erhalten Sie Rabatte oder die neuesten Informationen zu unseren Produkten, indem Sie uns in unseren sozialen Netzwerken folgen: <strong><a href=\"https:\/\/www.facebook.com\/VapeAigleCH\" target=\"_blank\" rel=\"noopener\">Facebook<\/a> <\/strong>oder <strong><a href=\"https:\/\/www.instagram.com\/vapotheque\" target=\"_blank\" rel=\"noopener\">Instagram<\/a>.<\/strong><\/p>\n","protected":false},"excerpt":{"rendered":"<p>Curious &#8211; Speakeasy Soul Diva 50 ml \/ 70 ml: Die fruchtige Stimme der Speakeasy Heute Abend sind die Stra\u00dfen in Chicago ruhig, aber die W\u00e4nde des Curieux Private Clubs vibrieren bereits vor Ungeduld. Die roten Vorh\u00e4nge zittern, die Gl\u00e4ser klirren, die Augen richten sich auf die B\u00fchne&#8230; Die Soul Diva r\u00fcckt ins Rampenlicht. Sein [&hellip;]<\/p>\n","protected":false},"featured_media":47724,"template":"","meta":{"_acf_changed":false},"product_cat":[405,404,442,408,1686,1679],"product_tag":[],"class_list":{"0":"post-44970","1":"product","2":"type-product","3":"status-publish","4":"has-post-thumbnail","6":"product_brand-curieux-de","7":"product_cat-e-liquids","8":"product_cat-fruchtig","9":"product_cat-hervorgehobene-produkte","10":"product_cat-lieferbar-innerhalb-von-24-stunden-de","11":"product_cat-50-ml-fur-70-ml","12":"product_cat-menge-e-flussigkeit-kapazitat-flasche","14":"first","15":"instock","16":"taxable","17":"shipping-taxable","18":"purchasable","19":"product-type-simple"},"acf":[],"jetpack_sharing_enabled":true,"_links":{"self":[{"href":"https:\/\/vapotheque.ch\/de\/wp-json\/wp\/v2\/product\/44970","targetHints":{"allow":["GET"]}}],"collection":[{"href":"https:\/\/vapotheque.ch\/de\/wp-json\/wp\/v2\/product"}],"about":[{"href":"https:\/\/vapotheque.ch\/de\/wp-json\/wp\/v2\/types\/product"}],"wp:featuredmedia":[{"embeddable":true,"href":"https:\/\/vapotheque.ch\/de\/wp-json\/wp\/v2\/media\/47724"}],"wp:attachment":[{"href":"https:\/\/vapotheque.ch\/de\/wp-json\/wp\/v2\/media?parent=44970"}],"wp:term":[{"taxonomy":"product_cat","embeddable":true,"href":"https:\/\/vapotheque.ch\/de\/wp-json\/wp\/v2\/product_cat?post=44970"},{"taxonomy":"product_tag","embeddable":true,"href":"https:\/\/vapotheque.ch\/de\/wp-json\/wp\/v2\/product_tag?post=44970"}],"curies":[{"name":"wp","href":"https:\/\/api.w.org\/{rel}","templated":true}]}}