{"id":44969,"date":"2025-04-16T13:37:07","date_gmt":"2025-04-16T11:37:07","guid":{"rendered":"https:\/\/vapotheque.ch\/boutique\/curious-curious-peach-mango-potion-capella-flavors-50-ml-70-ml\/"},"modified":"2025-04-16T13:37:07","modified_gmt":"2025-04-16T11:37:07","slug":"curious-curious-peach-mango-potion-capella-flavors-50-ml-70-ml","status":"publish","type":"product","link":"https:\/\/vapotheque.ch\/de\/shop\/curious-curious-peach-mango-potion-capella-flavors-50-ml-70-ml\/","title":{"rendered":"Curious &#8211; Curious Peach Mango Potion (Capella Flavors) &#8211; 50 ml \/ 70 ml"},"content":{"rendered":"<h2 data-start=\"120\" data-end=\"206\">Curious &#8211; Curious Peach Mango Potion (Capella Aromas) 50 ml \/ 70 ml: Das sonnige Elixier, das nach Tropen duftet!<\/h2>\n<p class=\"\" data-start=\"208\" data-end=\"667\">Was w\u00e4re, wenn Sie den Sommer in einer Flasche festhalten k\u00f6nnten? Mit dem <strong>Curieux &#8211; Curious Peach Mango Potion (Capella Aromas) 50 ml \/ 70 ml<\/strong> l\u00e4dt die Marke zu einer sinnlichen Auszeit zwischen goldenen Obstg\u00e4rten und exotischen Str\u00e4nden ein. Ein farbenfrohes, fruchtiges Duo, bei dem <strong data-start=\"426\" data-end=\"455\">saftiger und samtiger Pfirsich<\/strong> <strong data-start=\"466\" data-end=\"494\">s\u00fc\u00dfe und fleischige Mango<\/strong> in einem sonnigen Tanz umarmt&#8230; Das Ergebnis: ein weiches, fleischiges und \u00e4u\u00dferst gro\u00dfz\u00fcgiges Rezept, sublimiert durch die ber\u00fchmten <strong data-start=\"606\" data-end=\"624\">Capella-Aromen<\/strong>, eine wahre Geschmackssignatur von Curieux.  <\/p>\n<hr class=\"\" data-start=\"669\" data-end=\"672\">\n<h3 class=\"\" data-start=\"674\" data-end=\"729\">Eine 100% pflanzliche Basis f\u00fcr einen nat\u00fcrlichen Vape<\/h3>\n<p class=\"\" data-start=\"731\" data-end=\"1159\">Hier gibt es keine dunkle Zauberei, nur einen reinen und gut durchdachten Trank! <strong data-start=\"805\" data-end=\"839\">Pflanzliches Propylenglykol (PGV),<\/strong> das aus Raps gewonnen wird, ersetzt seinen petrochemischen Cousin. Kombiniert mit einem <strong data-start=\"916\" data-end=\"943\">pflanzlichen Glycerin (VG)<\/strong> aus Mais bildet das Ganze eine <strong data-start=\"982\" data-end=\"998\">40\/60 PGV\/VG-Basis<\/strong>, ideal f\u00fcr einen <strong data-start=\"1016\" data-end=\"1035\">RDL- oder DTL-Dampf,<\/strong> dampfreich und voller Geschmack. Eine fl\u00fcssige und perfekt ausgewogene Mischung, wie ein frisch gemixter Smoothie   <\/p>\n<hr class=\"\" data-start=\"1161\" data-end=\"1164\">\n<h3 class=\"\" data-start=\"1166\" data-end=\"1218\">Boosten Sie Ihre Flasche, magische Gebrauchsanweisung:<\/h3>\n<p class=\"\" data-start=\"1220\" data-end=\"1392\">Ihr Trank ist in einer <strong data-start=\"1264\" data-end=\"1273\">70-ml-Flasche<\/strong> enthalten, die mit <strong data-start=\"1284\" data-end=\"1319\">50 ml nikotinfreiem E-Liquid<\/strong> gef\u00fcllt ist, mit gerade genug Platz, um Ihre Lieblingsbooster einzustecken:<\/p>\n<ul data-start=\"1394\" data-end=\"1468\">\n<li class=\"\" data-start=\"1394\" data-end=\"1430\">\n<p class=\"\" data-start=\"1396\" data-end=\"1430\">\u2795 1 Auffrischungsimpfung = <strong data-start=\"1410\" data-end=\"1430\">60 ml in 3 mg\/ml<\/strong><\/p>\n<\/li>\n<li class=\"\" data-start=\"1431\" data-end=\"1468\">\n<p class=\"\" data-start=\"1433\" data-end=\"1468\">\u2795 2 Auffrischungsimpfungen = <strong data-start=\"1448\" data-end=\"1468\">70 ml in 6 mg\/ml<\/strong><\/p>\n<\/li>\n<\/ul>\n<p class=\"\" data-start=\"1470\" data-end=\"1655\">Nicht nikotins\u00fcchtig? Kein Problem! Verdampfen Sie ihn so, wie <strong data-start=\"1519\" data-end=\"1535\">er ist<\/strong> , um seine fruchtige Intensit\u00e4t voll auszusch\u00f6pfen, oder f\u00fcgen Sie einen Hauch von <strong data-start=\"1612\" data-end=\"1626\">PG\/VG-Basis<\/strong> hinzu, um ihn nach Ihrem Geschmack zu s\u00fc\u00dfen.  <\/p>\n<p class=\"\" data-start=\"1657\" data-end=\"1781\">Tipp des Alchemisten: Um die F\u00fclle der Aromen nicht zu opfern, vermeiden Sie es, <strong data-start=\"1729\" data-end=\"1779\">mehr als 2 Booster oder 20 ml Base<\/strong> zu verwenden!<\/p>\n<hr class=\"\" data-start=\"1783\" data-end=\"1786\">\n<h3 class=\"\" data-start=\"1788\" data-end=\"1838\">Technisches Datenblatt des Pfirsich-Mango-Tranks:<\/h3>\n<ul data-start=\"1840\" data-end=\"2173\">\n<li class=\"\" data-start=\"1840\" data-end=\"1884\">\n<p class=\"\" data-start=\"1842\" data-end=\"1884\">70 ml PET-Flasche mit Kindersicherung<\/p>\n<\/li>\n<li class=\"\" data-start=\"1885\" data-end=\"1928\">\n<p class=\"\" data-start=\"1887\" data-end=\"1928\">50 ml E-Liquid mit verst\u00e4rkten Aromen<\/p>\n<\/li>\n<li class=\"\" data-start=\"1929\" data-end=\"1979\">\n<p class=\"\" data-start=\"1931\" data-end=\"1979\">100% pflanzliche Basis: 40\/60 PG Gem\u00fcse \/ VG<\/p>\n<\/li>\n<li class=\"\" data-start=\"1980\" data-end=\"2019\">\n<p class=\"\" data-start=\"1982\" data-end=\"2019\">\u2728 Hochwertige Capella-Aromen<\/p>\n<\/li>\n<li class=\"\" data-start=\"2020\" data-end=\"2077\">\n<p class=\"\" data-start=\"2022\" data-end=\"2077\">Aromatische Noten: schmelzender Pfirsich &amp; s\u00fc\u00dfe Mango<\/p>\n<\/li>\n<li class=\"\" data-start=\"2078\" data-end=\"2115\">\n<p class=\"\" data-start=\"2080\" data-end=\"2115\">Hergestellt mit Sorgfalt in Frankreich<\/p>\n<\/li>\n<li class=\"\" data-start=\"2116\" data-end=\"2173\">\n<p class=\"\" data-start=\"2118\" data-end=\"2173\">Nikotingehalt: 0 mg\/ml (einstellbar mit Boostern)<\/p>\n<\/li>\n<\/ul>\n<hr class=\"\" data-start=\"2175\" data-end=\"2178\">\n<p class=\"\" data-start=\"2180\" data-end=\"2409\"><strong>Curious &#8211; Curious Potion Peach Mango (Capella Aromas) 50 ml \/ 70 ml<\/strong>, es ist Sonnenschein in der Flasche, ein fruchtiges Duo, das das Herz erw\u00e4rmt und die Geschmacksknospen weckt. Perfekt f\u00fcr Liebhaber fruchtiger S\u00fc\u00dfigkeiten, bringt es Sie weit&#8230; sehr weit, mit jedem Zug <\/p>\n<p class=\"\" data-start=\"2411\" data-end=\"2454\">Sind Sie bereit, sich seinem tropischen Charme hinzugeben?<\/p>\n<p>&nbsp;<\/p>\n<p>&nbsp;<\/p>\n<p class=\"class-fabrication\"><strong>Wichtig:<\/strong> E-Liquid in Aromen 50 ml, verkauft in einer 70 ml Flasche.<\/p>\n<p>Hergestellt in Frankreich; VPG \/ VG-Rate: 40\/60.<\/p>\n<p>Entdecken Sie alle Produkte der <strong>Marke <a href=\"..\/product_brand\/curieux\/\" target=\"_blank\" rel=\"noopener\">Curieux<\/a>.<\/strong><\/p>\n<p>Erhalten Sie Rabatte oder die neuesten Informationen zu unseren Produkten, indem Sie uns in unseren sozialen Netzwerken folgen: <strong><a href=\"https:\/\/www.facebook.com\/VapeAigleCH\" target=\"_blank\" rel=\"noopener\">Facebook<\/a> <\/strong>oder <strong><a href=\"https:\/\/www.instagram.com\/vapotheque\" target=\"_blank\" rel=\"noopener\">Instagram<\/a>.<\/strong><\/p>\n","protected":false},"excerpt":{"rendered":"<p>Curious &#8211; Curious Peach Mango Potion (Capella Aromas) 50 ml \/ 70 ml: Das sonnige Elixier, das nach Tropen duftet! Was w\u00e4re, wenn Sie den Sommer in einer Flasche festhalten k\u00f6nnten? Mit dem Curieux &#8211; Curious Peach Mango Potion (Capella Aromas) 50 ml \/ 70 ml l\u00e4dt die Marke zu einer sinnlichen Auszeit zwischen goldenen [&hellip;]<\/p>\n","protected":false},"featured_media":47730,"template":"","meta":{"_acf_changed":false},"product_cat":[405,404,442,408,1686,1679],"product_tag":[],"class_list":{"0":"post-44969","1":"product","2":"type-product","3":"status-publish","4":"has-post-thumbnail","6":"product_brand-curieux-de","7":"product_cat-e-liquids","8":"product_cat-fruchtig","9":"product_cat-hervorgehobene-produkte","10":"product_cat-lieferbar-innerhalb-von-24-stunden-de","11":"product_cat-50-ml-fur-70-ml","12":"product_cat-menge-e-flussigkeit-kapazitat-flasche","14":"first","15":"instock","16":"taxable","17":"shipping-taxable","18":"purchasable","19":"product-type-simple"},"acf":[],"jetpack_sharing_enabled":true,"_links":{"self":[{"href":"https:\/\/vapotheque.ch\/de\/wp-json\/wp\/v2\/product\/44969","targetHints":{"allow":["GET"]}}],"collection":[{"href":"https:\/\/vapotheque.ch\/de\/wp-json\/wp\/v2\/product"}],"about":[{"href":"https:\/\/vapotheque.ch\/de\/wp-json\/wp\/v2\/types\/product"}],"wp:featuredmedia":[{"embeddable":true,"href":"https:\/\/vapotheque.ch\/de\/wp-json\/wp\/v2\/media\/47730"}],"wp:attachment":[{"href":"https:\/\/vapotheque.ch\/de\/wp-json\/wp\/v2\/media?parent=44969"}],"wp:term":[{"taxonomy":"product_cat","embeddable":true,"href":"https:\/\/vapotheque.ch\/de\/wp-json\/wp\/v2\/product_cat?post=44969"},{"taxonomy":"product_tag","embeddable":true,"href":"https:\/\/vapotheque.ch\/de\/wp-json\/wp\/v2\/product_tag?post=44969"}],"curies":[{"name":"wp","href":"https:\/\/api.w.org\/{rel}","templated":true}]}}