{"id":44968,"date":"2025-04-16T14:56:46","date_gmt":"2025-04-16T12:56:46","guid":{"rendered":"https:\/\/vapotheque.ch\/boutique\/neugierig-speakeasy-mac-allister-50-ml-70-ml\/"},"modified":"2026-01-13T00:17:35","modified_gmt":"2026-01-12T23:17:35","slug":"neugierig-speakeasy-mac-allister-50-ml-70-ml","status":"publish","type":"product","link":"https:\/\/vapotheque.ch\/de\/shop\/neugierig-speakeasy-mac-allister-50-ml-70-ml\/","title":{"rendered":"Neugierig &#8211; Speakeasy Mac Allister &#8211; 50 ml \/ 70 ml"},"content":{"rendered":"<h2 data-start=\"152\" data-end=\"210\">Curious &#8211; Speakeasy Mac Allister 50 ml \/ 70 ml: Die Bourbon Baron E-Liquid Version<\/h2>\n<p class=\"\" data-start=\"212\" data-end=\"712\"><strong data-start=\"212\" data-end=\"250\">Mac Allister, er ist kein Softie.<\/strong>  Ein Mann, der nicht viel redet, dessen Ruf aber ausreicht, um die Theken zum Zittern zu bringen. F\u00fcr manche ist er ein Schutzengel im dreiteiligen Anzug; f\u00fcr andere ein ber\u00fcchtigter Bandit mit einer st\u00e4hlernen Faust. Sicher ist, dass, wenn <strong data-start=\"486\" data-end=\"535\">Mac Allister die Kontrolle \u00fcber eine Fl\u00fcsterkneipe \u00fcbernimmt<\/strong>, man die fragw\u00fcrdigen Getr\u00e4nke vergessen kann, die einen verschwommen sehen lassen: Hier schenken wir <strong data-start=\"622\" data-end=\"647\">hochwertigen Bourbon<\/strong> ein, der mit Respekt vor den Traditionen destilliert wird&#8230; und ein Hauch von Laster.  <\/p>\n<p class=\"\" data-start=\"714\" data-end=\"1039\"><strong data-start=\"717\" data-end=\"735\">Ger\u00f6stete Mandeln<\/strong>, <strong data-start=\"740\" data-end=\"765\">samtige Kokosnuss<\/strong>, <strong data-start=\"770\" data-end=\"787\">s\u00fc\u00dfe Vanille<\/strong> : In seiner Flasche serviert Ihnen dieser Mann einen Trank, <strong data-start=\"839\" data-end=\"871\">der ebenso raffiniert wie unerbittlich ist<\/strong>. Ein Saft mit dem Geschmack von Luxusschmuggelware, der die Geschmacksknospen und die Waffen vor Genuss tanzen l\u00e4sst. Bereiten Sie Ihre Coils vor, <strong data-start=\"988\" data-end=\"1038\">Mac Allister spielt nicht mit Aromen herum<\/strong>.  <\/p>\n<hr class=\"\" data-start=\"1041\" data-end=\"1044\">\n<h3 class=\"\" data-start=\"1046\" data-end=\"1085\">Ein Dampf, der Respekt einfl\u00f6\u00dft<\/h3>\n<p class=\"\" data-start=\"1087\" data-end=\"1379\">Wie alle <strong data-start=\"1114\" data-end=\"1135\">Fl\u00fcssigkeiten in Speakeasy Curieux<\/strong> wird auch dieses Nugget auf <strong data-start=\"1172\" data-end=\"1195\">100% pflanzlicher Basis<\/strong> mit einem <strong data-start=\"1210\" data-end=\"1236\">pflanzlichen PG\/VG-Verh\u00e4ltnis von 40\/60<\/strong> hergestellt. Ergebnis? Ein <strong data-start=\"1260\" data-end=\"1287\">gro\u00dfz\u00fcgiger und schmackhafter<\/strong> Dampf, perfekt f\u00fcr RDL- und DTL-Liebhaber, die&#8230; Aber ohne die Brutalit\u00e4t.  <\/p>\n<hr class=\"\" data-start=\"1381\" data-end=\"1384\">\n<h3 class=\"\" data-start=\"1386\" data-end=\"1422\">Wie z\u00e4hme ich das Biest?<\/h3>\n<p class=\"\" data-start=\"1424\" data-end=\"1573\">Mac Allister wird in einer <strong data-start=\"1457\" data-end=\"1476\">70-ml-Flasche<\/strong> geliefert, die auf 50 ml abgef\u00fcllt ist. Wozu? Denn es l\u00e4sst Ihnen die Hand, das Nikotin zu dosieren&#8230; wenn du dich traust.  <\/p>\n<ul data-start=\"1575\" data-end=\"1780\">\n<li class=\"\" data-start=\"1575\" data-end=\"1614\">\n<p class=\"\" data-start=\"1577\" data-end=\"1614\">\u2795 <strong data-start=\"1579\" data-end=\"1592\">1 Auffrischungsimpfung<\/strong> = <strong data-start=\"1595\" data-end=\"1614\">60 ml bei 3 mg\/ml<\/strong><\/p>\n<\/li>\n<li class=\"\" data-start=\"1615\" data-end=\"1655\">\n<p class=\"\" data-start=\"1617\" data-end=\"1655\">\u2795 <strong data-start=\"1619\" data-end=\"1633\">2 Auffrischungsimpfungen<\/strong> = <strong data-start=\"1636\" data-end=\"1655\">70 ml \u00e0 6 mg\/ml<\/strong><\/p>\n<\/li>\n<li class=\"\" data-start=\"1656\" data-end=\"1780\">\n<p class=\"\" data-start=\"1658\" data-end=\"1780\">Kein Bedarf an Nikotin? Dieses Liquid kann pur verdampft oder mit etwas PG\/VG-Basis gestreckt werden, aber achten Sie darauf, dass es nicht verblasst. <\/p>\n<\/li>\n<\/ul>\n<p class=\"\" data-start=\"1782\" data-end=\"1929\">\u26a0\ufe0f <em data-start=\"1785\" data-end=\"1811\">Kleiner Geheimtipp:<\/em> \u00dcberschreiten Sie <strong data-start=\"1828\" data-end=\"1859\">nicht 2 Booster oder 20 ml Base<\/strong>, sonst k\u00f6nnte Mac Ihnen die Schuld geben, seine Arbeit zu sabotieren.<\/p>\n<hr class=\"\" data-start=\"1931\" data-end=\"1934\">\n<h3 class=\"\" data-start=\"1936\" data-end=\"1994\">Curious Sicherheitsdatenblatt &#8211; Speakeasy Mac Allister 50 ml \/ 70 ml<\/h3>\n<ul data-start=\"1996\" data-end=\"2337\">\n<li class=\"\" data-start=\"1996\" data-end=\"2040\">\n<p class=\"\" data-start=\"1998\" data-end=\"2040\">70 ml PET-Flasche mit Kindersicherung<\/p>\n<\/li>\n<li class=\"\" data-start=\"2041\" data-end=\"2083\">\n<p class=\"\" data-start=\"2043\" data-end=\"2083\">50 ml E-Liquid mit Aromen<\/p>\n<\/li>\n<li class=\"\" data-start=\"2084\" data-end=\"2126\">\n<p class=\"\" data-start=\"2086\" data-end=\"2126\">100% pflanzliche Basis (pflanzliches PG\/VG)<\/p>\n<\/li>\n<li class=\"\" data-start=\"2127\" data-end=\"2153\">\n<p class=\"\" data-start=\"2129\" data-end=\"2153\">\u2696\ufe0f PG\/VG-Verh\u00e4ltnis: 40\/60<\/p>\n<\/li>\n<li class=\"\" data-start=\"2154\" data-end=\"2219\">\n<p class=\"\" data-start=\"2156\" data-end=\"2219\">Aromatische Noten: Bourbon, Mandel, Kokosnuss, Vanille<\/p>\n<\/li>\n<li class=\"\" data-start=\"2220\" data-end=\"2276\">\n<p class=\"\" data-start=\"2222\" data-end=\"2276\">0 mg\/ml Nikotin \u2013 Boost nach Belieben<\/p>\n<\/li>\n<li class=\"\" data-start=\"2277\" data-end=\"2337\">\n<p class=\"\" data-start=\"2279\" data-end=\"2337\">Made in France mit Schmugglerflair<\/p>\n<\/li>\n<\/ul>\n<hr class=\"\" data-start=\"2339\" data-end=\"2342\">\n<p class=\"\" data-start=\"2344\" data-end=\"2581\"><strong>Curious &#8211; Speakeasy Mac Allister 50 ml \/ 70 ml<\/strong> ist <strong data-start=\"2368\" data-end=\"2413\">der Geschmack von Bourbon ohne Kater<\/strong>, ein E-Liquid mit Charakter f\u00fcr diejenigen, die es m\u00f6gen, dass ihr Vape wirklich gut aussieht. Die Art von Saft, die alle Blicke auf sich zieht&#8230; ohne eine Kugel abzufeuern. \ufe0f<\/p>\n<p data-start=\"2344\" data-end=\"2581\">\n<p data-start=\"2344\" data-end=\"2581\">\n<p class=\"class-fabrication\"><strong>Wichtig:<\/strong> E-Liquid in Aromen 50 ml, verkauft in einer 70 ml Flasche.<\/p>\n<p>Hergestellt in Frankreich; VPG \/ VG-Rate: 40\/60.<\/p>\n<p>Entdecken Sie alle Produkte der <strong>Marke <a href=\"..\/product_brand\/curieux\/\" target=\"_blank\" rel=\"noopener\">Curieux<\/a>.<\/strong><\/p>\n<p>Erhalten Sie Rabatte oder die neuesten Informationen zu unseren Produkten, indem Sie uns in unseren sozialen Netzwerken folgen: <strong><a href=\"https:\/\/www.facebook.com\/VapeAigleCH\" target=\"_blank\" rel=\"noopener\">Facebook<\/a> <\/strong>oder <strong><a href=\"https:\/\/www.instagram.com\/vapotheque\" target=\"_blank\" rel=\"noopener\">Instagram<\/a>.<\/strong><\/p>\n","protected":false},"excerpt":{"rendered":"<p>Curious &#8211; Speakeasy Mac Allister 50 ml \/ 70 ml: Die Bourbon Baron E-Liquid Version Mac Allister, er ist kein Softie. Ein Mann, der nicht viel redet, dessen Ruf aber ausreicht, um die Theken zum Zittern zu bringen. F\u00fcr manche ist er ein Schutzengel im dreiteiligen Anzug; f\u00fcr andere ein ber\u00fcchtigter Bandit mit einer st\u00e4hlernen [&hellip;]<\/p>\n","protected":false},"featured_media":47721,"template":"","meta":{"_acf_changed":false},"product_cat":[405,397,442,408,1686,1679],"product_tag":[],"class_list":{"0":"post-44968","1":"product","2":"type-product","3":"status-publish","4":"has-post-thumbnail","6":"product_brand-curieux-de","7":"product_cat-e-liquids","8":"product_cat-gourmands-de","9":"product_cat-hervorgehobene-produkte","10":"product_cat-lieferbar-innerhalb-von-24-stunden-de","11":"product_cat-50-ml-fur-70-ml","12":"product_cat-menge-e-flussigkeit-kapazitat-flasche","14":"first","15":"instock","16":"taxable","17":"shipping-taxable","18":"purchasable","19":"product-type-simple"},"acf":[],"jetpack_sharing_enabled":true,"_links":{"self":[{"href":"https:\/\/vapotheque.ch\/de\/wp-json\/wp\/v2\/product\/44968","targetHints":{"allow":["GET"]}}],"collection":[{"href":"https:\/\/vapotheque.ch\/de\/wp-json\/wp\/v2\/product"}],"about":[{"href":"https:\/\/vapotheque.ch\/de\/wp-json\/wp\/v2\/types\/product"}],"wp:featuredmedia":[{"embeddable":true,"href":"https:\/\/vapotheque.ch\/de\/wp-json\/wp\/v2\/media\/47721"}],"wp:attachment":[{"href":"https:\/\/vapotheque.ch\/de\/wp-json\/wp\/v2\/media?parent=44968"}],"wp:term":[{"taxonomy":"product_cat","embeddable":true,"href":"https:\/\/vapotheque.ch\/de\/wp-json\/wp\/v2\/product_cat?post=44968"},{"taxonomy":"product_tag","embeddable":true,"href":"https:\/\/vapotheque.ch\/de\/wp-json\/wp\/v2\/product_tag?post=44968"}],"curies":[{"name":"wp","href":"https:\/\/api.w.org\/{rel}","templated":true}]}}