{"id":44967,"date":"2025-04-16T13:36:53","date_gmt":"2025-04-16T11:36:53","guid":{"rendered":"https:\/\/vapotheque.ch\/boutique\/curious-kurioser-wassermelonen-litschi-trank-capella-geschmacksrichtungen-50-ml-70-ml\/"},"modified":"2025-04-16T13:36:53","modified_gmt":"2025-04-16T11:36:53","slug":"curious-kurioser-wassermelonen-litschi-trank-capella-geschmacksrichtungen-50-ml-70-ml","status":"publish","type":"product","link":"https:\/\/vapotheque.ch\/de\/shop\/curious-kurioser-wassermelonen-litschi-trank-capella-geschmacksrichtungen-50-ml-70-ml\/","title":{"rendered":"Curious &#8211; Kurioser Wassermelonen-Litschi-Trank (Capella Geschmacksrichtungen) &#8211; 50 ml \/ 70 ml"},"content":{"rendered":"<h2 data-start=\"140\" data-end=\"220\">\u2728 Curious &#8211; Curious Watermelon Lychee Potion (Capella Aromen) 50 ml \/ 70 ml: Der fruchtige Zauber aus einer anderen Welt!<\/h2>\n<p class=\"\" data-start=\"222\" data-end=\"529\">Betreten Sie das verzauberte Labor von <strong data-start=\"261\" data-end=\"272\">Curieux<\/strong>, wo Aromen unter den fachkundigen H\u00e4nden der Vape-Alchemisten zum Leben erweckt werden! In ihrem neuesten Meisterwerk, <strong data-start=\"390\" data-end=\"419\">dem Curious &#8211; Curious Watermelon Lychee Potion (Capella Aromas) 50 ml \/ 70 ml<\/strong>, verschmelzen zwei Fr\u00fcchte aus fernen Reichen, um ein ebenso bet\u00f6rendes wie s\u00fcchtig machendes Erlebnis zu bieten&#8230; <\/p>\n<p class=\"\" data-start=\"531\" data-end=\"887\">Stellen Sie sich die <strong data-start=\"543\" data-end=\"579\">saftige Frische der Wassermelone<\/strong> vor, weich wie eine Sommerbrise, kombiniert mit dem <strong data-start=\"622\" data-end=\"661\">blumigen und exotischen Charme der Litschi<\/strong>, zart, s\u00fc\u00df, fast mystisch&#8230; Alle sind mit den prestigetr\u00e4chtigen <strong data-start=\"733\" data-end=\"751\">Capella-Aromen<\/strong> angereichert, wahren aromatischen Juwelen des Vape. Ergebnis? Ein ultra-fruchtiges, perfekt ausbalanciertes und schrecklich bet\u00f6rendes E-Liquid  <\/p>\n<hr class=\"\" data-start=\"889\" data-end=\"892\">\n<h3 class=\"\" data-start=\"894\" data-end=\"963\">Ein Trank auf 100% pflanzlicher Basis&#8230; F\u00fcr einen nat\u00fcrlich magischen Dampf<\/h3>\n<p class=\"\" data-start=\"965\" data-end=\"1385\">Hier gibt es keine Bestandteile aus der Petrochemie! Dieser Trank wird aus <strong data-start=\"1054\" data-end=\"1077\">100% pflanzlicher Basis<\/strong> hergestellt, mit einem <strong data-start=\"1087\" data-end=\"1101\">pflanzlichen PG<\/strong> aus Raps und einem s\u00fc\u00dfen <strong data-start=\"1123\" data-end=\"1129\">VG<\/strong> aus Mais. Dank seines Gem\u00fcse <strong data-start=\"1169\" data-end=\"1194\">\/VG-Verh\u00e4ltnisses von 40\/60 PG<\/strong> ist der Dampf dicht, weich und die Aromen explodieren in einem fl\u00fcssigen und geschmackvollen Dampf. Egal, ob Sie ein Fan von <strong data-start=\"1314\" data-end=\"1321\">RDL<\/strong> oder <strong data-start=\"1328\" data-end=\"1334\">DL sind,<\/strong> dieser fruchtige Trank ist bereit, Sie zu verzaubern   <\/p>\n<hr class=\"\" data-start=\"1387\" data-end=\"1390\">\n<h3 class=\"\" data-start=\"1392\" data-end=\"1453\">Brauchen Sie einen Schub? Hier ist das Zauberrezept: <\/h3>\n<p class=\"\" data-start=\"1455\" data-end=\"1544\">Ihre 70-ml-Durchstechflasche enth\u00e4lt bereits <strong data-start=\"1490\" data-end=\"1523\">50 ml nikotinfreien Nektar<\/strong>, der bereit ist, Folgendes zu erhalten:<\/p>\n<ul data-start=\"1546\" data-end=\"1656\">\n<li class=\"\" data-start=\"1546\" data-end=\"1599\">\n<p class=\"\" data-start=\"1548\" data-end=\"1599\">\u2795 <strong data-start=\"1550\" data-end=\"1563\">1 Auffrischungsimpfung<\/strong> : zur Gewinnung von 60 ml in <strong data-start=\"1588\" data-end=\"1599\">3 mg\/ml<\/strong><\/p>\n<\/li>\n<li class=\"\" data-start=\"1600\" data-end=\"1656\">\n<p class=\"\" data-start=\"1602\" data-end=\"1656\">\u2795 <strong data-start=\"1604\" data-end=\"1618\">2 Booster:<\/strong> um 70 ml in <strong data-start=\"1645\" data-end=\"1656\">6 mg\/ml<\/strong> zu erreichen<\/p>\n<\/li>\n<\/ul>\n<p class=\"\" data-start=\"1658\" data-end=\"1945\">Kein Nikotin? Kein Problem! Sie k\u00f6nnen ihn so genie\u00dfen, wie er ist, um seine <strong data-start=\"1758\" data-end=\"1779\">aufgeladenen Aromen<\/strong> voll auszusch\u00f6pfen, oder ein wenig PG\/VG-Basis hinzuf\u00fcgen, um ihn zu s\u00fc\u00dfen. Seien Sie jedoch vorsichtig: Um den Zauber des Tranks nicht zu brechen, <strong data-start=\"1896\" data-end=\"1943\">\u00fcberschreiten Sie nicht 2 Booster oder 20 ml Base<\/strong> !   <\/p>\n<hr class=\"\" data-start=\"1947\" data-end=\"1950\">\n<h3 class=\"\" data-start=\"1952\" data-end=\"1989\">Trank Datenblatt:<\/h3>\n<ul data-start=\"1991\" data-end=\"2253\">\n<li class=\"\" data-start=\"1991\" data-end=\"2035\">\n<p class=\"\" data-start=\"1993\" data-end=\"2035\">70 ml PET-Flasche mit Kindersicherung<\/p>\n<\/li>\n<li class=\"\" data-start=\"2036\" data-end=\"2091\">\n<p class=\"\" data-start=\"2038\" data-end=\"2091\">50 ml nikotinfreies E-Liquid (bereit zum Boosten)<\/p>\n<\/li>\n<li class=\"\" data-start=\"2092\" data-end=\"2142\">\n<p class=\"\" data-start=\"2094\" data-end=\"2142\">100% pflanzliche Basis: 40\/60 PG Gem\u00fcse \/ VG<\/p>\n<\/li>\n<li class=\"\" data-start=\"2143\" data-end=\"2163\">\n<p class=\"\" data-start=\"2145\" data-end=\"2163\">\u2728 Capella Aromen<\/p>\n<\/li>\n<li class=\"\" data-start=\"2164\" data-end=\"2214\">\n<p class=\"\" data-start=\"2166\" data-end=\"2214\">Noten: Saftige Wassermelone &amp; faszinierende Litschi<\/p>\n<\/li>\n<li class=\"\" data-start=\"2215\" data-end=\"2253\">\n<p class=\"\" data-start=\"2217\" data-end=\"2253\">Mit Liebe in Frankreich hergestellt<\/p>\n<\/li>\n<\/ul>\n<hr class=\"\" data-start=\"2255\" data-end=\"2258\">\n<p class=\"\" data-start=\"2260\" data-end=\"2518\"><strong data-start=\"390\" data-end=\"419\">Curious &#8211; Curious Watermelon Lychee Potion (Capella Aromas) 50 ml \/ 70 ml<\/strong>, es ist der fruchtige Trank, von dem wir im Sommer tr\u00e4umen&#8230; die aber das ganze Jahr \u00fcber ihre geringe Wirkung hat! Ein s\u00fc\u00dfes, frisches und intensiv duftendes Elixier, das Ihre Vape-Pausen in echte Gourmet-Beschw\u00f6rungsformeln verwandelt <\/p>\n<p class=\"\" data-start=\"2520\" data-end=\"2556\">Sind Sie bereit, der Versuchung zu erliegen?<\/p>\n<p data-start=\"2520\" data-end=\"2556\">\n<p data-start=\"2520\" data-end=\"2556\">\n<p class=\"class-fabrication\"><strong>Wichtig:<\/strong> E-Liquid in Aromen 50 ml, verkauft in einer 70 ml Flasche.<\/p>\n<p>Hergestellt in Frankreich; VPG \/ VG-Rate: 40\/60.<\/p>\n<p>Entdecken Sie alle Produkte der <strong>Marke <a href=\"..\/product_brand\/curieux\/\" target=\"_blank\" rel=\"noopener\">Curieux<\/a>.<\/strong><\/p>\n<p>Erhalten Sie Rabatte oder die neuesten Informationen zu unseren Produkten, indem Sie uns in unseren sozialen Netzwerken folgen: <strong><a href=\"https:\/\/www.facebook.com\/VapeAigleCH\" target=\"_blank\" rel=\"noopener\">Facebook<\/a> <\/strong>oder <strong><a href=\"https:\/\/www.instagram.com\/vapotheque\" target=\"_blank\" rel=\"noopener\">Instagram<\/a>.<\/strong><\/p>\n","protected":false},"excerpt":{"rendered":"<p>\u2728 Curious &#8211; Curious Watermelon Lychee Potion (Capella Aromen) 50 ml \/ 70 ml: Der fruchtige Zauber aus einer anderen Welt! Betreten Sie das verzauberte Labor von Curieux, wo Aromen unter den fachkundigen H\u00e4nden der Vape-Alchemisten zum Leben erweckt werden! In ihrem neuesten Meisterwerk, dem Curious &#8211; Curious Watermelon Lychee Potion (Capella Aromas) 50 ml [&hellip;]<\/p>\n","protected":false},"featured_media":47728,"template":"","meta":{"_acf_changed":false},"product_cat":[405,404,442,408,1686,1679],"product_tag":[],"class_list":{"0":"post-44967","1":"product","2":"type-product","3":"status-publish","4":"has-post-thumbnail","6":"product_brand-curieux-de","7":"product_cat-e-liquids","8":"product_cat-fruchtig","9":"product_cat-hervorgehobene-produkte","10":"product_cat-lieferbar-innerhalb-von-24-stunden-de","11":"product_cat-50-ml-fur-70-ml","12":"product_cat-menge-e-flussigkeit-kapazitat-flasche","14":"first","15":"instock","16":"taxable","17":"shipping-taxable","18":"purchasable","19":"product-type-simple"},"acf":[],"jetpack_sharing_enabled":true,"_links":{"self":[{"href":"https:\/\/vapotheque.ch\/de\/wp-json\/wp\/v2\/product\/44967","targetHints":{"allow":["GET"]}}],"collection":[{"href":"https:\/\/vapotheque.ch\/de\/wp-json\/wp\/v2\/product"}],"about":[{"href":"https:\/\/vapotheque.ch\/de\/wp-json\/wp\/v2\/types\/product"}],"wp:featuredmedia":[{"embeddable":true,"href":"https:\/\/vapotheque.ch\/de\/wp-json\/wp\/v2\/media\/47728"}],"wp:attachment":[{"href":"https:\/\/vapotheque.ch\/de\/wp-json\/wp\/v2\/media?parent=44967"}],"wp:term":[{"taxonomy":"product_cat","embeddable":true,"href":"https:\/\/vapotheque.ch\/de\/wp-json\/wp\/v2\/product_cat?post=44967"},{"taxonomy":"product_tag","embeddable":true,"href":"https:\/\/vapotheque.ch\/de\/wp-json\/wp\/v2\/product_tag?post=44967"}],"curies":[{"name":"wp","href":"https:\/\/api.w.org\/{rel}","templated":true}]}}