{"id":44966,"date":"2025-04-16T13:27:34","date_gmt":"2025-04-16T11:27:34","guid":{"rendered":"https:\/\/vapotheque.ch\/boutique\/curious-curious-heidelbeer-traubentrank-capella-geschmacksrichtungen-50-ml-70-ml\/"},"modified":"2025-04-16T13:27:34","modified_gmt":"2025-04-16T11:27:34","slug":"curious-curious-heidelbeer-traubentrank-capella-geschmacksrichtungen-50-ml-70-ml","status":"publish","type":"product","link":"https:\/\/vapotheque.ch\/de\/shop\/curious-curious-heidelbeer-traubentrank-capella-geschmacksrichtungen-50-ml-70-ml\/","title":{"rendered":"Curious &#8211; Curious Heidelbeer-Traubentrank (Capella Geschmacksrichtungen) &#8211; 50 ml \/ 70 ml"},"content":{"rendered":"<h2 data-start=\"152\" data-end=\"245\"><strong data-start=\"159\" data-end=\"242\">Curious &#8211; Curious Blueberry Grape Potion (Capella Aromen) 50 ml \/ 70 ml: Das fruchtige Elixier, das Ihre Geschmacksknospen verzaubert!<\/strong><\/h2>\n<p class=\"\" data-start=\"247\" data-end=\"427\">\u00d6ffnen Sie das Grimoire der Aromen und lassen Sie sich verzaubern vom <strong data-start=\"159\" data-end=\"242\">Curious &#8211; Curious Blueberry Grape Potion (Capella Aromen) 50 ml \/ 70 ml<\/strong>&#8230; Ein E-Liquid, das jeden Zug in einen fruchtigen Genusszauber verwandelt!<\/p>\n<p class=\"\" data-start=\"429\" data-end=\"793\">In diesem mystischen 50 ml Fl\u00e4schchen verbirgt sich eine <strong data-start=\"477\" data-end=\"498\">perfekte Alchemie<\/strong> : <strong data-start=\"504\" data-end=\"524\">Die intensiv saftige wilde Heidelbeere<\/strong> tanzt mit <strong data-start=\"561\" data-end=\"584\">einer samtig-s\u00fc\u00dfen schwarzen Traube<\/strong>. Zusammen bilden sie einen eleganten, reichhaltigen und geheimnisvoll berauschenden Trank, der eines g\u00f6ttlichen Nektars w\u00fcrdig ist. Und dank der ber\u00fchmten <strong data-start=\"736\" data-end=\"747\">Capella-Aromen<\/strong> ist das Ergebnis einfach&#8230; Zauberei! \u2728  <\/p>\n<p class=\"\" data-start=\"795\" data-end=\"1082\">Hergestellt auf <strong data-start=\"811\" data-end=\"834\">einer 100% pflanzlichen Basis<\/strong> (keine Petrochemikalien mehr!), bietet dieser Trank dank seines ausgewogenen Gem\u00fcse-\/VG-Verh\u00e4ltnisses von <strong data-start=\"941\" data-end=\"966\">40\/60 PG<\/strong> einen gro\u00dfz\u00fcgigen und cremigen Dampf. Egal, ob Du eher ein <strong data-start=\"990\" data-end=\"997\">RDL<\/strong> &#8211; oder <strong data-start=\"1001\" data-end=\"1008\">DTL-Mensch<\/strong> bist, dieses Rezept passt wie angegossen zu Deinem Vape-Stil. <\/p>\n<hr class=\"\" data-start=\"1084\" data-end=\"1087\">\n<h3 class=\"\" data-start=\"1089\" data-end=\"1147\"><strong data-start=\"1096\" data-end=\"1145\">Ben\u00f6tigen Sie Nikotin? Hier ist die Zauberformel <\/strong>  :<\/h3>\n<p class=\"\" data-start=\"1149\" data-end=\"1232\">Ihr Fl\u00e4schchen ist bereit, mit Nikotinboostern (nicht im Lieferumfang enthalten) verzaubert zu werden:<\/p>\n<ul data-start=\"1234\" data-end=\"1316\">\n<li class=\"\" data-start=\"1234\" data-end=\"1274\">\n<p class=\"\" data-start=\"1236\" data-end=\"1274\">\u2795 <strong data-start=\"1238\" data-end=\"1251\">1 Auffrischungsimpfung<\/strong> = 60 ml in <strong data-start=\"1263\" data-end=\"1274\">3 mg\/ml<\/strong><\/p>\n<\/li>\n<li class=\"\" data-start=\"1275\" data-end=\"1316\">\n<p class=\"\" data-start=\"1277\" data-end=\"1316\">\u2795 <strong data-start=\"1279\" data-end=\"1293\">2 Auffrischungsimpfungen<\/strong> = 70 ml in <strong data-start=\"1305\" data-end=\"1316\">6 mg\/ml<\/strong><\/p>\n<\/li>\n<\/ul>\n<p class=\"\" data-start=\"1318\" data-end=\"1608\">Null Nikotin? Kein Problem! Verdampfen Sie ihn so, wie er ist, um eine Explosion von aufgeladenen Aromen zu erhalten, oder s\u00fc\u00dfen Sie den Trank leicht mit etwas PG\/VG-Basis. Ein kleiner Tipp des Zauberers: \u00dcberschreiten Sie <strong data-start=\"1515\" data-end=\"1546\">nicht 2 Booster oder 20 ml Base<\/strong>, um die aromatische Kraft des Getr\u00e4nks \u2728 nicht zu verpuffen   <\/p>\n<hr class=\"\" data-start=\"1610\" data-end=\"1613\">\n<h3 class=\"\" data-start=\"1615\" data-end=\"1654\"><strong data-start=\"1622\" data-end=\"1652\">Zaubertrank-Blatt<\/strong> :<\/h3>\n<ul data-start=\"1655\" data-end=\"1925\">\n<li class=\"\" data-start=\"1655\" data-end=\"1698\">\n<p class=\"\" data-start=\"1657\" data-end=\"1698\">50 ml E-Liquid mit verst\u00e4rkten Aromen<\/p>\n<\/li>\n<li class=\"\" data-start=\"1699\" data-end=\"1746\">\n<p class=\"\" data-start=\"1701\" data-end=\"1746\">70 ml PET-Flasche mit Kindersicherung<\/p>\n<\/li>\n<li class=\"\" data-start=\"1747\" data-end=\"1797\">\n<p class=\"\" data-start=\"1749\" data-end=\"1797\">100% pflanzliche Basis: PG Gem\u00fcse \/ VG 40\/60<\/p>\n<\/li>\n<li class=\"\" data-start=\"1798\" data-end=\"1845\">\n<p class=\"\" data-start=\"1800\" data-end=\"1845\">Geschmacksrichtungen: Wilde Heidelbeere &amp; Schwarze Traube<\/p>\n<\/li>\n<li class=\"\" data-start=\"1846\" data-end=\"1897\">\n<p class=\"\" data-start=\"1848\" data-end=\"1897\">Nikotingehalt: 0 mg\/ml (anpassbar)<\/p>\n<\/li>\n<li class=\"\" data-start=\"1898\" data-end=\"1925\">\n<p class=\"\" data-start=\"1900\" data-end=\"1925\">Hergestellt in Frankreich<\/p>\n<\/li>\n<\/ul>\n<hr class=\"\" data-start=\"1927\" data-end=\"1930\">\n<p class=\"\" data-start=\"1932\" data-end=\"2176\"><strong data-start=\"159\" data-end=\"242\">Curious &#8211; Curious Blueberry Grape Potion (Capella Flavors) 50 ml \/ 70 ml<\/strong>, es ist das Ergebnis einer modernen Magie, mit Pr\u00e4zision destilliert f\u00fcr alle Dampfer, die einen Moment intensiven, fruchtigen und raffinierten Genusses suchen&#8230; Also, bereit, einen Schluck von diesem Gourmet-Trank zu nehmen?<\/p>\n<p class=\"class-fabrication\"><strong>Wichtig:<\/strong> E-Liquid in Aromen 50 ml, verkauft in einer 70 ml Flasche.<\/p>\n<p>Hergestellt in Frankreich; VPG \/ VG-Rate: 40\/60.<\/p>\n<p>Entdecken Sie alle Produkte der <strong>Marke <a href=\"..\/product_brand\/curieux\/\" target=\"_blank\" rel=\"noopener\">Curieux<\/a>.<\/strong><\/p>\n<p>Erhalten Sie Rabatte oder die neuesten Informationen zu unseren Produkten, indem Sie uns in unseren sozialen Netzwerken folgen: <strong><a href=\"https:\/\/www.facebook.com\/VapeAigleCH\" target=\"_blank\" rel=\"noopener\">Facebook<\/a> <\/strong>oder <strong><a href=\"https:\/\/www.instagram.com\/vapotheque\" target=\"_blank\" rel=\"noopener\">Instagram<\/a>.<\/strong><\/p>\n","protected":false},"excerpt":{"rendered":"<p>Curious &#8211; Curious Blueberry Grape Potion (Capella Aromen) 50 ml \/ 70 ml: Das fruchtige Elixier, das Ihre Geschmacksknospen verzaubert! \u00d6ffnen Sie das Grimoire der Aromen und lassen Sie sich verzaubern vom Curious &#8211; Curious Blueberry Grape Potion (Capella Aromen) 50 ml \/ 70 ml&#8230; Ein E-Liquid, das jeden Zug in einen fruchtigen Genusszauber verwandelt! [&hellip;]<\/p>\n","protected":false},"featured_media":47726,"template":"","meta":{"_acf_changed":false},"product_cat":[405,404,442,408,1686,1679],"product_tag":[],"class_list":{"0":"post-44966","1":"product","2":"type-product","3":"status-publish","4":"has-post-thumbnail","6":"product_brand-curieux-de","7":"product_cat-e-liquids","8":"product_cat-fruchtig","9":"product_cat-hervorgehobene-produkte","10":"product_cat-lieferbar-innerhalb-von-24-stunden-de","11":"product_cat-50-ml-fur-70-ml","12":"product_cat-menge-e-flussigkeit-kapazitat-flasche","14":"first","15":"instock","16":"taxable","17":"shipping-taxable","18":"purchasable","19":"product-type-simple"},"acf":[],"jetpack_sharing_enabled":true,"_links":{"self":[{"href":"https:\/\/vapotheque.ch\/de\/wp-json\/wp\/v2\/product\/44966","targetHints":{"allow":["GET"]}}],"collection":[{"href":"https:\/\/vapotheque.ch\/de\/wp-json\/wp\/v2\/product"}],"about":[{"href":"https:\/\/vapotheque.ch\/de\/wp-json\/wp\/v2\/types\/product"}],"wp:featuredmedia":[{"embeddable":true,"href":"https:\/\/vapotheque.ch\/de\/wp-json\/wp\/v2\/media\/47726"}],"wp:attachment":[{"href":"https:\/\/vapotheque.ch\/de\/wp-json\/wp\/v2\/media?parent=44966"}],"wp:term":[{"taxonomy":"product_cat","embeddable":true,"href":"https:\/\/vapotheque.ch\/de\/wp-json\/wp\/v2\/product_cat?post=44966"},{"taxonomy":"product_tag","embeddable":true,"href":"https:\/\/vapotheque.ch\/de\/wp-json\/wp\/v2\/product_tag?post=44966"}],"curies":[{"name":"wp","href":"https:\/\/api.w.org\/{rel}","templated":true}]}}