{"id":44965,"date":"2025-04-16T14:52:14","date_gmt":"2025-04-16T12:52:14","guid":{"rendered":"https:\/\/vapotheque.ch\/boutique\/neugierig-speakeasy-lady-emily-50-ml-70-ml\/"},"modified":"2025-04-16T14:52:14","modified_gmt":"2025-04-16T12:52:14","slug":"neugierig-speakeasy-lady-emily-50-ml-70-ml","status":"publish","type":"product","link":"https:\/\/vapotheque.ch\/de\/shop\/neugierig-speakeasy-lady-emily-50-ml-70-ml\/","title":{"rendered":"Neugierig &#8211; Speakeasy Lady Emily &#8211; 50 ml \/ 70 ml"},"content":{"rendered":"<h2 data-start=\"187\" data-end=\"242\">Curious &#8211; Speakeasy Lady Emily 50 ml \/ 70 ml: Schicker Cocktail f\u00fcr einen dekadenten Abend<\/h2>\n<p class=\"\" data-start=\"244\" data-end=\"508\"><strong data-start=\"244\" data-end=\"312\">Tags\u00fcber eine kultivierte Dame der Gesellschaft, nachts eine Ikone der Fl\u00fcsterkneipe<\/strong>, macht Lady Emily nie halbe Sachen. Unter ihrer desillusionierten Herzoginnenluft verbirgt sich eine gequ\u00e4lte Seele&#8230; der seine Sorgen in einem <strong data-start=\"456\" data-end=\"507\">fruchtigen Cocktail ertr\u00e4nkt, der ebenso gewagt wie raffiniert ist<\/strong>. <\/p>\n<p class=\"\" data-start=\"510\" data-end=\"905\"><strong data-start=\"513\" data-end=\"529\">S\u00fc\u00dfe Ananas<\/strong>, <strong data-start=\"534\" data-end=\"556\">spritzige Cranberry,<\/strong> <strong data-start=\"561\" data-end=\"582\">explosiver Granatapfel<\/strong> und <strong data-start=\"586\" data-end=\"607\">saftige Brombeere<\/strong> : Dieser Saft ist ein wahres Fest der roten und tropischen Fr\u00fcchte, gemischt mit so viel Talent wie ein heimlicher Barkeeper in einer verrauchten Bar der Roaring Twenties. Jeder Zug ist ein Schluck fruchtiger Dekadenz \u2013 stilvoll zu genie\u00dfen, auch wenn man den Abend singend auf der Theke ausklingen l\u00e4sst. <\/p>\n<hr class=\"\" data-start=\"907\" data-end=\"910\">\n<h3 class=\"\" data-start=\"912\" data-end=\"943\">Stilvoller Dampf, leichte Wolke<\/h3>\n<p class=\"\" data-start=\"945\" data-end=\"1266\">Wie alle geheimen <strong data-start=\"982\" data-end=\"1003\">Tr\u00e4nke der Curious Speakeasy<\/strong> basiert Lady Emily auf einer <strong data-start=\"1031\" data-end=\"1054\">100% pflanzlichen Basis<\/strong> (PG-Gem\u00fcse\/VG) mit einem <strong data-start=\"1089\" data-end=\"1098\">Verh\u00e4ltnis von 40\/60<\/strong>, perfekt f\u00fcr einen <strong data-start=\"1122\" data-end=\"1148\">luftigen und schmackhaften<\/strong> Dampf in RDL oder DTL. Zarte Wolken, sehr pr\u00e4sente Aromen und immer ein kleiner Hauch von Glamour im Dampf. <\/p>\n<hr class=\"\" data-start=\"1268\" data-end=\"1271\">\n<h3 class=\"\" data-start=\"1273\" data-end=\"1308\">Wie kann man diese Dame st\u00e4rken?<\/h3>\n<p class=\"\" data-start=\"1310\" data-end=\"1458\">Die <strong data-start=\"1323\" data-end=\"1332\">70 ml<\/strong> Flasche enth\u00e4lt bereits <strong data-start=\"1347\" data-end=\"1386\">50 ml E-Liquid mit Aromen<\/strong>. Es liegt an Ihnen, es an Ihre Stimmung (und Ihren Nikotinbedarf) anzupassen: <\/p>\n<ul data-start=\"1460\" data-end=\"1676\">\n<li class=\"\" data-start=\"1460\" data-end=\"1500\">\n<p class=\"\" data-start=\"1462\" data-end=\"1500\">\u2795 <strong data-start=\"1464\" data-end=\"1477\">1 Auffrischungsimpfung<\/strong> = <strong data-start=\"1480\" data-end=\"1500\">60 ml in 3 mg\/ml<\/strong><\/p>\n<\/li>\n<li class=\"\" data-start=\"1501\" data-end=\"1542\">\n<p class=\"\" data-start=\"1503\" data-end=\"1542\">\u2795 <strong data-start=\"1505\" data-end=\"1519\">2 Auffrischungsimpfungen<\/strong> = <strong data-start=\"1522\" data-end=\"1542\">70 ml in 6 mg\/ml<\/strong><\/p>\n<\/li>\n<li class=\"\" data-start=\"1543\" data-end=\"1676\">\n<p class=\"\" data-start=\"1545\" data-end=\"1676\">Nikotinfrei? Verdampfen Sie ihn so, wie er ist, oder f\u00fcgen Sie ein wenig <strong data-start=\"1607\" data-end=\"1621\">PG\/VG-Basis<\/strong> hinzu, um den Trank aufzuhellen, ohne seinen Charme zu verlieren. <\/p>\n<\/li>\n<\/ul>\n<p class=\"\" data-start=\"1678\" data-end=\"1838\"><em data-start=\"1681\" data-end=\"1711\">Ein kleiner Rat von einem Barkeeper:<\/em> \u00dcberschreiten Sie <strong data-start=\"1728\" data-end=\"1759\">nicht 2 Booster oder 20 ml Base<\/strong>, auf die Gefahr hin, dass Ihre Emily von einer gro\u00dfartigen Dame zu einem einfachen fruchtigen Kr\u00e4utertee wird.<\/p>\n<hr class=\"\" data-start=\"1840\" data-end=\"1843\">\n<h3 class=\"\" data-start=\"1845\" data-end=\"1891\">Kurioses Blatt &#8211; Speakeasy Lady Emily 50 ml \/ 70 ml<\/h3>\n<ul data-start=\"1893\" data-end=\"2191\">\n<li class=\"\" data-start=\"1893\" data-end=\"1937\">\n<p class=\"\" data-start=\"1895\" data-end=\"1937\">70 ml PET-Flasche mit Kindersicherung<\/p>\n<\/li>\n<li class=\"\" data-start=\"1938\" data-end=\"1979\">\n<p class=\"\" data-start=\"1940\" data-end=\"1979\">50 ml E-Liquid mit Aromen<\/p>\n<\/li>\n<li class=\"\" data-start=\"1980\" data-end=\"2022\">\n<p class=\"\" data-start=\"1982\" data-end=\"2022\">100% pflanzliche Basis (pflanzliches PG\/VG)<\/p>\n<\/li>\n<li class=\"\" data-start=\"2023\" data-end=\"2049\">\n<p class=\"\" data-start=\"2025\" data-end=\"2049\">\u2696\ufe0f PG\/VG-Verh\u00e4ltnis: 40\/60<\/p>\n<\/li>\n<li class=\"\" data-start=\"2050\" data-end=\"2109\">\n<p class=\"\" data-start=\"2052\" data-end=\"2109\">Aromatische Noten: Ananas, Preiselbeere, Granatapfel, Brombeere<\/p>\n<\/li>\n<li class=\"\" data-start=\"2110\" data-end=\"2155\">\n<p class=\"\" data-start=\"2112\" data-end=\"2155\">Nikotingehalt: 0 mg\/ml (zu erh\u00f6hen)<\/p>\n<\/li>\n<li class=\"\" data-start=\"2156\" data-end=\"2191\">\n<p class=\"\" data-start=\"2158\" data-end=\"2191\">Kunstvoll gefertigt in Frankreich<\/p>\n<\/li>\n<\/ul>\n<hr class=\"\" data-start=\"2193\" data-end=\"2196\">\n<p class=\"\" data-start=\"2198\" data-end=\"2437\"><strong>Curious &#8211; Speakeasy Lady Emily 50 ml \/ 70 ml<\/strong> ist <strong data-start=\"2220\" data-end=\"2328\">der Geschmack eines verbotenen Abends, einer verbotenen Frucht, eines fruchtigen Cocktails mit dem Anschein eines sozialen Skandals<\/strong>. Eine Diva im Herzen, ein Sturm im Panzer. Trauen Sie sich, ihn zu einem letzten Tanz einzuladen?  <\/p>\n<p data-start=\"2198\" data-end=\"2437\">\n<p data-start=\"2198\" data-end=\"2437\">\n<p class=\"class-fabrication\"><strong>Wichtig:<\/strong> E-Liquid in Aromen 50 ml, verkauft in einer 70 ml Flasche.<\/p>\n<p>Hergestellt in Frankreich; VPG \/ VG-Rate: 40\/60.<\/p>\n<p>Entdecken Sie alle Produkte der <strong>Marke <a href=\"..\/product_brand\/curieux\/\" target=\"_blank\" rel=\"noopener\">Curieux<\/a>.<\/strong><\/p>\n<p>Erhalten Sie Rabatte oder die neuesten Informationen zu unseren Produkten, indem Sie uns in unseren sozialen Netzwerken folgen: <strong><a href=\"https:\/\/www.facebook.com\/VapeAigleCH\" target=\"_blank\" rel=\"noopener\">Facebook<\/a> <\/strong>oder <strong><a href=\"https:\/\/www.instagram.com\/vapotheque\" target=\"_blank\" rel=\"noopener\">Instagram<\/a>.<\/strong><\/p>\n","protected":false},"excerpt":{"rendered":"<p>Curious &#8211; Speakeasy Lady Emily 50 ml \/ 70 ml: Schicker Cocktail f\u00fcr einen dekadenten Abend Tags\u00fcber eine kultivierte Dame der Gesellschaft, nachts eine Ikone der Fl\u00fcsterkneipe, macht Lady Emily nie halbe Sachen. Unter ihrer desillusionierten Herzoginnenluft verbirgt sich eine gequ\u00e4lte Seele&#8230; der seine Sorgen in einem fruchtigen Cocktail ertr\u00e4nkt, der ebenso gewagt wie raffiniert [&hellip;]<\/p>\n","protected":false},"featured_media":47719,"template":"","meta":{"_acf_changed":false},"product_cat":[405,404,442,408,1686,1679],"product_tag":[],"class_list":{"0":"post-44965","1":"product","2":"type-product","3":"status-publish","4":"has-post-thumbnail","6":"product_brand-curieux-de","7":"product_cat-e-liquids","8":"product_cat-fruchtig","9":"product_cat-hervorgehobene-produkte","10":"product_cat-lieferbar-innerhalb-von-24-stunden-de","11":"product_cat-50-ml-fur-70-ml","12":"product_cat-menge-e-flussigkeit-kapazitat-flasche","14":"first","15":"instock","16":"taxable","17":"shipping-taxable","18":"purchasable","19":"product-type-simple"},"acf":[],"jetpack_sharing_enabled":true,"_links":{"self":[{"href":"https:\/\/vapotheque.ch\/de\/wp-json\/wp\/v2\/product\/44965","targetHints":{"allow":["GET"]}}],"collection":[{"href":"https:\/\/vapotheque.ch\/de\/wp-json\/wp\/v2\/product"}],"about":[{"href":"https:\/\/vapotheque.ch\/de\/wp-json\/wp\/v2\/types\/product"}],"wp:featuredmedia":[{"embeddable":true,"href":"https:\/\/vapotheque.ch\/de\/wp-json\/wp\/v2\/media\/47719"}],"wp:attachment":[{"href":"https:\/\/vapotheque.ch\/de\/wp-json\/wp\/v2\/media?parent=44965"}],"wp:term":[{"taxonomy":"product_cat","embeddable":true,"href":"https:\/\/vapotheque.ch\/de\/wp-json\/wp\/v2\/product_cat?post=44965"},{"taxonomy":"product_tag","embeddable":true,"href":"https:\/\/vapotheque.ch\/de\/wp-json\/wp\/v2\/product_tag?post=44965"}],"curies":[{"name":"wp","href":"https:\/\/api.w.org\/{rel}","templated":true}]}}