{"id":44281,"date":"2025-03-07T10:15:03","date_gmt":"2025-03-07T09:15:03","guid":{"rendered":"https:\/\/vapotheque.ch\/boutique\/cebueno-el-mordjvape-100ml-e-liquid\/"},"modified":"2025-03-15T12:48:31","modified_gmt":"2025-03-15T11:48:31","slug":"cebueno-el-mordjvape-100ml-e-liquid","status":"publish","type":"product","link":"https:\/\/vapotheque.ch\/de\/shop\/cebueno-el-mordjvape-100ml-e-liquid\/","title":{"rendered":"Cebueno &#8211; El Mordjvape 100 ml \/ 120 ml E-Liquid"},"content":{"rendered":"<h3 data-start=\"0\" data-end=\"78\"><strong data-start=\"4\" data-end=\"71\">Cebueno El Mordjvape 100 ml \/ 120 ml E-Liquid: Die Haselnuss-Versuchung in der Flasche!<\/strong><\/h3>\n<p data-start=\"80\" data-end=\"453\">Achtung f\u00fcr Feinschmecker, machen Sie sich bereit f\u00fcr einen <strong data-start=\"119\" data-end=\"144\">puren Moment des Genusses<\/strong> ! <strong data-start=\"150\" data-end=\"166\">El Mordjvape<\/strong> de <strong data-start=\"170\" data-end=\"181\">Cebueno<\/strong> ist <strong data-start=\"186\" data-end=\"208\">das ultimative E-Liquid<\/strong> f\u00fcr Liebhaber von reichhaltigen und beruhigenden Aromen. Stellen Sie sich einen <strong data-start=\"276\" data-end=\"310\">ultra-cremigen Brotaufstrich<\/strong> vor, bei dem <strong data-start=\"318\" data-end=\"330\">die Haselnuss<\/strong> in perfekter Harmonie mit einem Hauch von <strong data-start=\"377\" data-end=\"395\">s\u00fc\u00dfer S\u00fc\u00dfe<\/strong> tanzt&#8230; Ja, genau das erwartet dich in dieser Flasche! <\/p>\n<p data-start=\"455\" data-end=\"876\"><strong data-start=\"458\" data-end=\"499\">Eine Explosion von Gourmet-Aromen!<\/strong><br data-start=\"499\" data-end=\"502\">Jeder Zug st\u00fcrzt Sie in einen <strong data-start=\"535\" data-end=\"560\">Wirbelsturm der Freuden<\/strong>, als h\u00e4tten Sie gerade ein Glas dieses ber\u00fchmten Aufstrichs ge\u00f6ffnet (den Sie nur mit einem L\u00f6ffel essen k\u00f6nnen). Eine <strong data-start=\"707\" data-end=\"732\">cremige und schmelzende<\/strong> Textur, ein <strong data-start=\"742\" data-end=\"764\">reichhaltiger und ausgewogener<\/strong> Geschmack, ohne jemals s\u00fc\u00dflich zu sein&#8230; Cebueno hat <strong data-start=\"810\" data-end=\"833\">das perfekte Rezept<\/strong> gefunden, um alle s\u00fc\u00dfen Gel\u00fcste zu stillen! <\/p>\n<p data-start=\"878\" data-end=\"1170\"><strong data-start=\"883\" data-end=\"919\">Franz\u00f6sische Qualit\u00e4t, XXL-Genuss!<\/strong><br data-start=\"919\" data-end=\"922\">Hergestellt in Frankreich mit <strong data-start=\"949\" data-end=\"979\">tadellosem Know-how<\/strong>, wird El Mordjvape mit Aromen f\u00fcr maximale Intensit\u00e4t <strong data-start=\"998\" data-end=\"1018\">verst\u00e4rkt<\/strong> . Und mit seinem <strong data-start=\"1060\" data-end=\"1089\">gro\u00dfz\u00fcgigen 100-ml-Format<\/strong> begleitet er Dich lange bei immer mehr Gourmet-Vape-Sessions. <\/p>\n<p data-start=\"1172\" data-end=\"1459\"><strong data-start=\"1175\" data-end=\"1225\">Eine perfekte Balance f\u00fcr alle Dampfer!<\/strong><br data-start=\"1225\" data-end=\"1228\">Mit seinem <strong data-start=\"1237\" data-end=\"1261\">PG\/VG-Verh\u00e4ltnis von 50\/50<\/strong> ist El Mordjvape in einem engen Zug genauso angenehm wie in einem luftigeren Vape. Es sorgt f\u00fcr eine <strong data-start=\"1350\" data-end=\"1382\">au\u00dfergew\u00f6hnliche Geschmackswiedergabe<\/strong>, eine sch\u00f6ne Dampfproduktion und ein <strong data-start=\"1422\" data-end=\"1447\">ultra-weiches Gef\u00fchl<\/strong> im Hals. <\/p>\n<p data-start=\"1461\" data-end=\"1845\"><strong data-start=\"1464\" data-end=\"1494\">Warum werden Sie es lieben?<\/strong><br data-start=\"1494\" data-end=\"1497\">\u2705 <strong data-start=\"1499\" data-end=\"1530\">Himmlisch lecker im Geschmack<\/strong> : Haselnusscreme wie ein Brotaufstrich<br data-start=\"1573\" data-end=\"1576\">\u2705 <strong data-start=\"1578\" data-end=\"1626\">Eine cremige und ultra-beruhigende Textur<\/strong><br data-start=\"1626\" data-end=\"1629\">\u2705 <strong data-start=\"1631\" data-end=\"1651\">Intensivierte Aromen<\/strong> f\u00fcr eine Geschmacksexplosion<br data-start=\"1681\" data-end=\"1684\">\u2705 <strong data-start=\"1686\" data-end=\"1708\">Hergestellt in Frankreich<\/strong> mit Premium-Qualit\u00e4t<br data-start=\"1733\" data-end=\"1736\">\u2705 <strong data-start=\"1738\" data-end=\"1753\">PG\/VG 50\/50<\/strong> : perfekt f\u00fcr alle Arten von Ger\u00e4ten<br data-start=\"1791\" data-end=\"1794\">\u2705 <strong data-start=\"1796\" data-end=\"1813\">100 ml Format<\/strong> f\u00fcr eine Delikatesse, die lange h\u00e4lt<\/p>\n<p data-start=\"1847\" data-end=\"1963\"><strong data-start=\"1850\" data-end=\"1906\">Achtung: hohes Risiko der Geschmackssucht!<\/strong>  Wenn man es einmal probiert hat, ist es schwer, damit aufzuh\u00f6ren&#8230;<\/p>\n<p data-start=\"1965\" data-end=\"2085\"><strong data-start=\"1968\" data-end=\"2005\">Sind Sie bereit, der Versuchung zu erliegen?<\/strong> Schnappen Sie sich Ihre Flasche <strong data-start=\"2027\" data-end=\"2043\">El Mordjvape<\/strong> und genie\u00dfen Sie jeden Zug!<\/p>\n<p data-start=\"1965\" data-end=\"2085\">\n<p>Z\u00f6gern Sie nicht, unsere anderen <a href=\"https:\/\/vapotheque.ch\/de\/kategorie\/e-liquids\/gourmands-de\/?orderby=date\">Gourmet E-Liquids<\/a> zu entdecken.<\/p>\n<p>Erhalten Sie Rabatte oder die neuesten Informationen zu unseren Produkten, indem Sie uns in unseren sozialen Netzwerken folgen: <a href=\"https:\/\/www.facebook.com\/VapeAigleCH\" target=\"_blank\" rel=\"noopener\">Facebook<\/a> oder <a href=\"https:\/\/www.instagram.com\/vapotheque\" target=\"_blank\" rel=\"noopener\">Instagram<\/a>.<\/p>\n","protected":false},"excerpt":{"rendered":"<p>Cebueno El Mordjvape 100 ml \/ 120 ml E-Liquid: Die Haselnuss-Versuchung in der Flasche! Achtung f\u00fcr Feinschmecker, machen Sie sich bereit f\u00fcr einen puren Moment des Genusses ! El Mordjvape de Cebueno ist das ultimative E-Liquid f\u00fcr Liebhaber von reichhaltigen und beruhigenden Aromen. Stellen Sie sich einen ultra-cremigen Brotaufstrich vor, bei dem die Haselnuss in [&hellip;]<\/p>\n","protected":false},"featured_media":44279,"template":"","meta":{"_acf_changed":false},"product_cat":[405,397,442,408,1690,1679],"product_tag":[],"class_list":{"0":"post-44281","1":"product","2":"type-product","3":"status-publish","4":"has-post-thumbnail","6":"product_brand-cebueno-de","7":"product_cat-e-liquids","8":"product_cat-gourmands-de","9":"product_cat-hervorgehobene-produkte","10":"product_cat-lieferbar-innerhalb-von-24-stunden-de","11":"product_cat-100-ml-fur-120-ml","12":"product_cat-menge-e-flussigkeit-kapazitat-flasche","14":"first","15":"instock","16":"taxable","17":"shipping-taxable","18":"purchasable","19":"product-type-simple"},"acf":[],"jetpack_sharing_enabled":true,"_links":{"self":[{"href":"https:\/\/vapotheque.ch\/de\/wp-json\/wp\/v2\/product\/44281","targetHints":{"allow":["GET"]}}],"collection":[{"href":"https:\/\/vapotheque.ch\/de\/wp-json\/wp\/v2\/product"}],"about":[{"href":"https:\/\/vapotheque.ch\/de\/wp-json\/wp\/v2\/types\/product"}],"wp:featuredmedia":[{"embeddable":true,"href":"https:\/\/vapotheque.ch\/de\/wp-json\/wp\/v2\/media\/44279"}],"wp:attachment":[{"href":"https:\/\/vapotheque.ch\/de\/wp-json\/wp\/v2\/media?parent=44281"}],"wp:term":[{"taxonomy":"product_cat","embeddable":true,"href":"https:\/\/vapotheque.ch\/de\/wp-json\/wp\/v2\/product_cat?post=44281"},{"taxonomy":"product_tag","embeddable":true,"href":"https:\/\/vapotheque.ch\/de\/wp-json\/wp\/v2\/product_tag?post=44281"}],"curies":[{"name":"wp","href":"https:\/\/api.w.org\/{rel}","templated":true}]}}