{"id":44149,"date":"2025-02-25T13:09:36","date_gmt":"2025-02-25T12:09:36","guid":{"rendered":"https:\/\/vapotheque.ch\/boutique\/aspire-minican-leere-kartusche\/"},"modified":"2025-02-25T13:09:36","modified_gmt":"2025-02-25T12:09:36","slug":"aspire-minican-leere-kartusche","status":"publish","type":"product","link":"https:\/\/vapotheque.ch\/de\/shop\/aspire-minican-leere-kartusche\/","title":{"rendered":"Aspire &#8211; Minican Leere Kartusche"},"content":{"rendered":"<h2>Vakuum-Kartusche Vakuum Minican<\/h2>\n<p>Die <strong>Aspire Minican<\/strong> 3ml PCTG Empty Cartridge ist f\u00fcr <strong>einen engen MTL-Zug<\/strong> <strong>ausgelegt<\/strong>. Es werden <strong>Minican-Spulen (separat erh\u00e4ltlich) <\/strong>ben\u00f6tigt, um verwendet zu werden! <\/p>\n<p>Wenn Sie mehrere Minican-Patronen haben, k\u00f6nnen Sie die Geschmacksrichtungen leichter variieren.<\/p>\n<h3 style=\"display: none;\">Mit welcher Hardware sollte ich die Minican-Ersatzpatrone verwenden?<\/h3>\n<h4>Mit welcher Hardware sollte ich die Minican-Ersatzpatrone verwenden?<\/h4>\n<ul>\n<li>Der <strong>Minican-Pod<\/strong><\/li>\n<li>Der Minican+ Pod<\/li>\n<li>Der Minican 2 Pod<\/li>\n<li>Der <strong>Minican 3 Pod<\/strong><\/li>\n<li>Der <strong>Minican 3 Pro Pod<\/strong><\/li>\n<\/ul>\n<p>Entdecken Sie alle anderen Produkte der Marke <strong><a href=\"..\/product_brand\/aspire\/\" target=\"_blank\" rel=\"noopener\">Aspire<\/a><\/strong>.<\/p>\n<p>Erhalten Sie Rabatte oder die neuesten Informationen zu unseren anderen Produkten, die im Gesch\u00e4ft erh\u00e4ltlich sind, indem Sie uns in unseren sozialen Netzwerken folgen: <strong><a href=\"https:\/\/www.facebook.com\/VapeAigleCH\" target=\"_blank\" rel=\"noopener\">Facebook<\/a><\/strong> oder <strong><a href=\"https:\/\/www.instagram.com\/vapotheque\" target=\"_blank\" rel=\"noopener\">Instagram<\/a><\/strong>.<\/p>\n","protected":false},"excerpt":{"rendered":"<p>Vakuum-Kartusche Vakuum Minican Die Aspire Minican 3ml PCTG Empty Cartridge ist f\u00fcr einen engen MTL-Zug ausgelegt. Es werden Minican-Spulen (separat erh\u00e4ltlich) ben\u00f6tigt, um verwendet zu werden! Wenn Sie mehrere Minican-Patronen haben, k\u00f6nnen Sie die Geschmacksrichtungen leichter variieren. Mit welcher Hardware sollte ich die Minican-Ersatzpatrone verwenden? Mit welcher Hardware sollte ich die Minican-Ersatzpatrone verwenden? Der Minican-Pod [&hellip;]<\/p>\n","protected":false},"featured_media":44068,"template":"","meta":{"_acf_changed":false},"product_cat":[408,453,469],"product_tag":[],"class_list":{"0":"post-44149","1":"product","2":"type-product","3":"status-publish","4":"has-post-thumbnail","6":"product_brand-aspire-de","7":"product_cat-lieferbar-innerhalb-von-24-stunden-de","8":"product_cat-pods-de","9":"product_cat-zubehor-pods","11":"first","12":"instock","13":"taxable","14":"shipping-taxable","15":"purchasable","16":"product-type-simple"},"acf":[],"jetpack_sharing_enabled":true,"_links":{"self":[{"href":"https:\/\/vapotheque.ch\/de\/wp-json\/wp\/v2\/product\/44149","targetHints":{"allow":["GET"]}}],"collection":[{"href":"https:\/\/vapotheque.ch\/de\/wp-json\/wp\/v2\/product"}],"about":[{"href":"https:\/\/vapotheque.ch\/de\/wp-json\/wp\/v2\/types\/product"}],"wp:featuredmedia":[{"embeddable":true,"href":"https:\/\/vapotheque.ch\/de\/wp-json\/wp\/v2\/media\/44068"}],"wp:attachment":[{"href":"https:\/\/vapotheque.ch\/de\/wp-json\/wp\/v2\/media?parent=44149"}],"wp:term":[{"taxonomy":"product_cat","embeddable":true,"href":"https:\/\/vapotheque.ch\/de\/wp-json\/wp\/v2\/product_cat?post=44149"},{"taxonomy":"product_tag","embeddable":true,"href":"https:\/\/vapotheque.ch\/de\/wp-json\/wp\/v2\/product_tag?post=44149"}],"curies":[{"name":"wp","href":"https:\/\/api.w.org\/{rel}","templated":true}]}}