{"id":43979,"date":"2025-02-06T17:39:55","date_gmt":"2025-02-06T16:39:55","guid":{"rendered":"https:\/\/vapotheque.ch\/boutique\/neugierig-montpellier-emerveille-e-liquide\/"},"modified":"2025-02-06T17:39:55","modified_gmt":"2025-02-06T16:39:55","slug":"neugierig-montpellier-emerveille-e-liquide","status":"publish","type":"product","link":"https:\/\/vapotheque.ch\/de\/shop\/neugierig-montpellier-emerveille-e-liquide\/","title":{"rendered":"Neugierig &#8211; Montpellier Emerveille E-Liquide"},"content":{"rendered":"<h2><strong>Neugierige Montpellier erweckt E-Liquide zum Leben: Ein Hauch von s\u00fcdlichen Aromen! \u2600\ufe0f <\/strong><\/h2>\n<p>Willkommen <strong>im sonnigen Montpellier<\/strong>, wo die gepflasterten Gassen vom Zirpen der Zikaden widerhallen und die Luft von bet\u00f6renden D\u00fcften durchdrungen ist. Zwischen <strong>farbenfrohen M\u00e4rkten und einem entspannten Lebensstil<\/strong> l\u00e4dt <strong>Curieux<\/strong> Sie zu einem einzigartigen Geschmackserlebnis mit dem <strong>Curieux Montpellier Emerveille E-Liquide<\/strong> ein, einem E-Liquid, das so lebendig ist wie die Stadt, die es inspiriert! \u2728 <\/p>\n<p><strong>Was steht auf dem Men\u00fc?<\/strong> Ein <strong>exquisiter Cocktail aus saftigen roten Fr\u00fcchten<\/strong>, verfeinert mit einer <strong>blumigen Hibiskusnote<\/strong>, die ebenso zart wie \u00fcberraschend ist. Eine Mischung, die so bet\u00f6rend ist wie ein Spaziergang durch die \u00fcppigen G\u00e4rten S\u00fcdfrankreichs&#8230;   <\/p>\n<hr>\n<h2><strong>Ein Hexagon-Sortiment, das zum Reisen einl\u00e4dt \u200d.\u2642\ufe0f<\/strong><\/h2>\n<p>Mit der <strong>Edition Hexagone<\/strong> nimmt uns <strong>Curieux<\/strong> mit auf eine <strong>Tour de France der Geschm\u00e4cker<\/strong> und erkundet symboltr\u00e4chtige St\u00e4dte und ihren Geschmacksreichtum. Nachdem <strong>die Serie<\/strong> die Liebhaber von fruchtigen und frischen Aromen erobert hat, <strong>\u00f6ffnet sie sich nun auch den Feinschmeckern<\/strong> f\u00fcr immer gewagtere Rezepte! <\/p>\n<p>\u2728 <strong>Eine Welt im Retro-Stil<\/strong>, die dem franz\u00f6sischen Erbe alle Ehre macht<br \/> <strong>Eine Basis aus 100% pflanzlichem PG<\/strong>, die sanfter zum Hals ist und jedes Aroma hervorhebt<br \/> <strong>Eine perfekt gestaltete Verpackung<\/strong>, die den sch\u00f6nsten handwerklichen Schaufenstern w\u00fcrdig ist.<\/p>\n<p>Mit dem <strong>Curieux Montpellier Emerveille E-Liquid<\/strong> bietet uns <strong>Curieux<\/strong> eine <strong>geschmackvolle und moderne Interpretation des S\u00fcdens<\/strong>, zwischen fruchtiger Gro\u00dfz\u00fcgigkeit und blumiger Eleganz.<\/p>\n<hr>\n<h2><strong>Ein aufregender Cocktail : Rote Fr\u00fcchte &amp; Hibiskus  <\/strong><\/h2>\n<p>Stellen Sie sich einen Korb voller <strong>reifer<\/strong>, sonnenverw\u00f6hnter <strong>roter Beeren<\/strong> vor, in dem jede Frucht mit einer <strong>s\u00e4uerlichen und s\u00fc\u00dfen Note<\/strong> am Gaumen explodiert. Um das Bild zu vervollst\u00e4ndigen, f\u00fcgt eine <strong>blumige Liebkosung von Hibiskus<\/strong> eine <strong>berauschende Tiefe<\/strong> hinzu, die ein <strong>leicht frisches und zart exotisches<\/strong> Gef\u00fchl verleiht. <\/p>\n<p> <strong>Eine subtile und raffinierte Kombination<\/strong> aus fruchtig, blumig und \u00fcberraschend, die Sie mit <strong>einem einzigen Atemzug in die sonnigen Arkaden von Montpellier<\/strong> entf\u00fchrt.<\/p>\n<hr>\n<h2><strong>Ein praktisches und anpassbares Format \ufe0f.<\/strong><\/h2>\n<p>Da jeder Dampfer seine eigenen Vorlieben hat, ist <strong>Curieux Montpellier Emerveille E-Liquid<\/strong> in einem <strong>50 ml Shortfill-Format mit Aroma-Boost<\/strong> in einer <strong>70 ml Flasche<\/strong> konzipiert, so dass Sie Nikotin-Booster nach Lust und Laune hinzuf\u00fcgen k\u00f6nnen:<\/p>\n<p> <strong>0 mg\/ml<\/strong> (so wie es ist) &#8211; F\u00fcr ein 100% geschmackvolles Dampfen<br \/>\u2795 <strong>1 Booster (10 ml) \u2192 3 mg\/ml<\/strong><br \/>\u2795 <strong>2 Booster (20 ml) \u2192 6 mg\/ml<\/strong><\/p>\n<p><strong>Und es ist ganz einfach!<\/strong><br \/>1\ufe0f\u20e3 <strong>Entkorken<\/strong> Sie Ihre Flasche <br \/>2\ufe0f\u20e3 <strong>F\u00fcgen<\/strong> Sie Ihre(n) Booster <strong>hinzu<\/strong><br \/> 3\ufe0f\u20e3 <strong>Sch\u00fctteln Sie kr\u00e4ftig<\/strong><br \/>4\ufe0f\u20e3 <strong>Lassen Sie<\/strong>die Flasche <strong>einige Minuten stehen<\/strong>&#8230; und genie\u00dfen Sie!  <\/p>\n<hr>\n<h2><strong>Warum sollten Sie sich in Montpellier \u00c9merveille verlieben?  <\/strong><\/h2>\n<p>\u2714 <strong>Ein originelles und elegantes Rezept<\/strong>, in dem rote Fr\u00fcchte und Hibiskus in Harmonie tanzen<br \/>\u2714 <strong>Eine Hexagone-Reihe, die Frankreich in den Vordergrund stellt<\/strong>, mit einer verf\u00fchrerischen Retro-Welt<br \/>\u2714 <strong>Eine pflanzliche PG-Basis<\/strong> f\u00fcr eine au\u00dfergew\u00f6hnliche Geschmackswiedergabe<br \/>\u2714 <strong>Ein praktisches Shortfill-Format<\/strong>, das an Ihren Nikotinbedarf angepasst werden kann<br \/>\u2714 <strong>Ein in Frankreich hergestelltes E-Liquid<\/strong>, das f\u00fcr Qualit\u00e4t und Know-how b\u00fcrgt.<\/p>\n<p> <strong>Sind Sie bereit, sich nach Montpellier und seinen Geschmackswundern zu begeben?<\/strong> Lassen Sie sich von dem <strong>Curieux Montpellier Emerveille E-Liquide<\/strong> verf\u00fchren und genie\u00dfen Sie die sonnige Seele des S\u00fcdens in einer einzigen Wolke! \ufe0f<\/p>\n<p>&nbsp;<\/p>\n<p>&nbsp;<\/p>\n<p class=\"class-fabrication\"><strong>Wichtig:<\/strong> Liquid mit Aromastoffen, verkauft in einer 70 ml-Flasche.<\/p>\n<p>Hergestellt in Frankreich; VPG \/ VG Verh\u00e4ltnis: 40\/60.<\/p>\n<p>Sehen Sie sich alle Produkte der Marke <strong><a href=\"\/product_brand\/curieux\/\" target=\"_blank\" rel=\"noopener\">Curieux<\/a><\/strong> an.<\/p>\n<p>Erhalten Sie Rabatte oder die neuesten Informationen \u00fcber unsere Produkte, indem Sie uns in unseren sozialen Netzwerken folgen: <strong><a href=\"https:\/\/www.facebook.com\/VapeAigleCH\" target=\"_blank\" rel=\"noopener\">Facebook<\/a> <\/strong>oder <strong><a href=\"https:\/\/www.instagram.com\/vapotheque\" target=\"_blank\" rel=\"noopener\">Instagram<\/a>.<\/strong><\/p>\n","protected":false},"excerpt":{"rendered":"<p>Neugierige Montpellier erweckt E-Liquide zum Leben: Ein Hauch von s\u00fcdlichen Aromen! \u2600\ufe0f Willkommen im sonnigen Montpellier, wo die gepflasterten Gassen vom Zirpen der Zikaden widerhallen und die Luft von bet\u00f6renden D\u00fcften durchdrungen ist. Zwischen farbenfrohen M\u00e4rkten und einem entspannten Lebensstil l\u00e4dt Curieux Sie zu einem einzigartigen Geschmackserlebnis mit dem Curieux Montpellier Emerveille E-Liquide ein, einem [&hellip;]<\/p>\n","protected":false},"featured_media":47709,"template":"","meta":{"_acf_changed":false},"product_cat":[405,404,442,408,423,1686,1679],"product_tag":[],"class_list":{"0":"post-43979","1":"product","2":"type-product","3":"status-publish","4":"has-post-thumbnail","6":"product_brand-curieux-de","7":"product_cat-e-liquids","8":"product_cat-fruchtig","9":"product_cat-hervorgehobene-produkte","10":"product_cat-lieferbar-innerhalb-von-24-stunden-de","11":"product_cat-promos","12":"product_cat-50-ml-fur-70-ml","13":"product_cat-menge-e-flussigkeit-kapazitat-flasche","15":"first","16":"instock","17":"taxable","18":"shipping-taxable","19":"purchasable","20":"product-type-simple"},"acf":[],"jetpack_sharing_enabled":true,"_links":{"self":[{"href":"https:\/\/vapotheque.ch\/de\/wp-json\/wp\/v2\/product\/43979","targetHints":{"allow":["GET"]}}],"collection":[{"href":"https:\/\/vapotheque.ch\/de\/wp-json\/wp\/v2\/product"}],"about":[{"href":"https:\/\/vapotheque.ch\/de\/wp-json\/wp\/v2\/types\/product"}],"wp:featuredmedia":[{"embeddable":true,"href":"https:\/\/vapotheque.ch\/de\/wp-json\/wp\/v2\/media\/47709"}],"wp:attachment":[{"href":"https:\/\/vapotheque.ch\/de\/wp-json\/wp\/v2\/media?parent=43979"}],"wp:term":[{"taxonomy":"product_cat","embeddable":true,"href":"https:\/\/vapotheque.ch\/de\/wp-json\/wp\/v2\/product_cat?post=43979"},{"taxonomy":"product_tag","embeddable":true,"href":"https:\/\/vapotheque.ch\/de\/wp-json\/wp\/v2\/product_tag?post=43979"}],"curies":[{"name":"wp","href":"https:\/\/api.w.org\/{rel}","templated":true}]}}