{"id":43975,"date":"2025-02-06T17:20:23","date_gmt":"2025-02-06T16:20:23","guid":{"rendered":"https:\/\/vapotheque.ch\/boutique\/kleine-wolke-omas-dessert-e-liquide\/"},"modified":"2025-02-06T17:20:23","modified_gmt":"2025-02-06T16:20:23","slug":"kleine-wolke-omas-dessert-e-liquide","status":"publish","type":"product","link":"https:\/\/vapotheque.ch\/de\/shop\/kleine-wolke-omas-dessert-e-liquide\/","title":{"rendered":"Kleine Wolke &#8211; Omas Dessert E-Liquide"},"content":{"rendered":"<h1><strong>Mamie&#8217;s E-Liquide Dessert: Eine kleine Wolke von S\u00fc\u00dfe! \u2601\ufe0f <\/strong><\/h1>\n<p>Schlie\u00dfen Sie die Augen und stellen Sie sich vor&#8230; <strong>ein Sonntag bei Oma<\/strong>, an dem der verf\u00fchrerische Duft einer frisch karamellisierten Cr\u00e8me br\u00fbl\u00e9e mit Vanille das Haus erf\u00fcllt. Sie h\u00f6ren das <em>Knacken<\/em> des Karamells unter dem L\u00f6ffel, Sie f\u00fchlen, wie die Vanille im Mund schmilzt&#8230; <strong>Mamie&#8217;s Petit Nuage Dessert<\/strong> <strong>E-Liquide<\/strong> bringt Sie direkt in diese s\u00fc\u00dfen und tr\u00f6stlichen Erinnerungen zur\u00fcck!   <\/p>\n<hr>\n<h2><strong>Eine Wolke von Gourmandise In Ihrem Vape \ufe0f.<\/strong><\/h2>\n<p>Petit Nuage hat sein ganzes <strong>franz\u00f6sisches Know-how<\/strong> eingesetzt, um eine <strong>perfekt ausgewogene Cr\u00e8me Br\u00fbl\u00e9e<\/strong> zu kreieren, bei der jeder Zug Ihnen :<\/p>\n<p>\u2728 <strong>Cremige<\/strong>, s\u00fc\u00dfe <strong>Vanille<\/strong>, reich an Aromen<br \/> <strong>Knuspriges Karamell<\/strong>, das zart auf dem Gaumen schmilzt<br \/> <strong>Ultra-komfortable<\/strong>, cremige Basis, so k\u00f6stlich wie ein hausgemachtes Dessert<\/p>\n<p> <strong>Was ist das Plus?<\/strong> Ein perfektes Gleichgewicht zwischen Gaumenfreuden und S\u00fc\u00dfe, f\u00fcr ein Dampfen <strong>, das nie langweilig wird<\/strong>!<\/p>\n<hr>\n<h2><strong>Kleine Wolke, Meister der Gourmet-E-Liquids<\/strong> \u200d.\u2728<\/h2>\n<p>Die franz\u00f6sischen Designer von <strong>Petit Nuage<\/strong> sind wahre <strong>Geschmacksk\u00fcnstler<\/strong>. Jedes Aroma wird mit <strong>Pr\u00e4zision<\/strong> verarbeitet, f\u00fcr Rezepte, die die Geschmacksknospen <strong>wecken und das Herz erw\u00e4rmen<\/strong>. Ob Sie nun <strong>fruchtige, leckere oder klassische Aromen<\/strong> m\u00f6gen, ihr Sortiment ist eine <strong>Einladung zum Genuss<\/strong>.  <\/p>\n<p>Und mit dem <strong>Petit Nuage Dessert de Mamie<\/strong> <strong>E-Liquide<\/strong> haben sie <strong>ein Rezept<\/strong> kreiert, das <strong>alle Liebhaber von s\u00fc\u00dfen Backwaren begeistern wird<\/strong>!  <\/p>\n<hr>\n<h2><strong>Ein cleveres Format f\u00fcr das Dampfen \u00e0 la Carte  <\/strong><\/h2>\n<p>Da jeder Dampfer einzigartig ist, bietet Ihnen <strong>Petit Nuage<\/strong> mit seinem <strong>60 ml Shortfill-Format<\/strong> absolute Flexibilit\u00e4t:<\/p>\n<p> <strong>Lieferung mit leerem 30 ml Messkolben<\/strong>, um Ihre Fl\u00fcssigkeit nach Ihren W\u00fcnschen zu verst\u00e4rken<br \/> <strong>100% anpassbare Dosierung<\/strong> f\u00fcr einen ma\u00dfgeschneiderten Nikotingehalt<br \/> <strong>PG\/VG-Verh\u00e4ltnis 50\/50<\/strong>, ideal f\u00fcr ein ausgewogenes Dampfen mit intensiven Aromen und gro\u00dfz\u00fcgigem Dampf.<\/p>\n<hr>\n<h2><strong>Warum sollten Sie sich f\u00fcr Oma E-Liquids kleine Dessert-Wolke entscheiden? \u2764\ufe0f <\/strong><\/h2>\n<p>\u2714 <strong>Eine exquisite Vanille Cr\u00e8me br\u00fbl\u00e9e<\/strong>, verfeinert mit zartschmelzendem Karamell<br \/>\u2714 <strong>Ein Rezept, das mit Liebe<\/strong> von leidenschaftlichen franz\u00f6sischen Kreateuren <strong>verarbeitet<\/strong> wurde<br \/>\u2714 <strong>Ein flexibles Format<\/strong> f\u00fcr eine ma\u00dfgeschneiderte Nikotindosierung<br \/>\u2714 <strong>Ein PG\/VG-Verh\u00e4ltnis von 50\/50<\/strong>, perfekt f\u00fcr alle Arten von Dampfern<br \/>\u2714 <strong>Ein herzerw\u00e4rmender Geschmack<\/strong>, den man ohne M\u00e4\u00dfigung genie\u00dfen kann.<\/p>\n<p> <strong>Sind Sie bereit, in die s\u00fc\u00dfen Erinnerungen Ihrer Kindheit einzutauchen?<\/strong> Testen Sie den <strong>Petit Nuage Dessert de Mamie<\/strong> <strong>E-Liquide<\/strong> und lassen Sie sich von seiner nostalgischen S\u00fc\u00dfe tragen! \u2601\ufe0f <\/p>\n<p>&nbsp;<\/p>\n<h3>Hilfe beim Boosten Ihrer Kleinen Wolke &#8211; Oma&#8217;s Dessert E-Liquid<\/h3>\n<p>In der Packung von Omas Dessert finden Sie eine <strong>volle<\/strong> <strong>60-ml-Flasche<\/strong> und eine leere 30-ml-Flasche, um Ihnen beim Hinzuf\u00fcgen von Nikotin mit Hilfe der Nikotin-Booster zu helfen. <a href=\"https:\/\/vapotheque.ch\/de\/kategorie\/diy-de\/boosters-diy-de\/\"><strong>Nikotinbooster<\/strong><\/a> die Sie ausgew\u00e4hlt haben.<\/p>\n<p>So k\u00f6nnen Sie Ihre kleine Mischung nur in der 30 ml Messflasche herstellen und den Rest der 60 ml Flasche f\u00fcr den sp\u00e4teren Gebrauch aufbewahren. Um Ihnen zu helfen, die Anzahl der <a href=\"https:\/\/vapotheque.ch\/de\/kategorie\/diy-de\/boosters-diy-de\/\"><strong>Nikotinbooster<\/strong><\/a> unten finden Sie einige Beispiele: <\/p>\n<ul>\n<li>F\u00fcr 3 mg \/ ml Nikotin m\u00fcssen Sie 1x bestellen. <a href=\"https:\/\/vapotheque.ch\/de\/kategorie\/diy-de\/boosters-diy-de\/\"><strong>Nikotinbooster<\/strong><\/a>. Sie f\u00fcllen Ihren Booster in die mitgelieferte 30 ml Mix-Flasche bis zur angegebenen Graduierung und f\u00fcllen dann dieselbe Flasche mit der 60 ml Flasche von Omas Dessert auf. Sie haben noch die H\u00e4lfte des Boosters und die Fl\u00fcssigkeit in der 60 ml Flasche, die Sie verwenden k\u00f6nnen, wenn die Mix-Flasche leer ist.  <\/li>\n<li>F\u00fcr 6 mg \/ ml Nikotin m\u00fcssen Sie 1x bestellen. <a href=\"https:\/\/vapotheque.ch\/de\/kategorie\/diy-de\/boosters-diy-de\/\"><strong>Nikotinbooster<\/strong><\/a>. Sie f\u00fcllen Ihren Booster in die mitgelieferte 30 ml Mix-Flasche bis zur angegebenen Graduierung und f\u00fcllen dann die gleiche Flasche mit der 60 ml Flasche von Omas Dessert auf. Sie haben Ihren Booster aufgebraucht, aber Sie haben noch etwas Fl\u00fcssigkeit in der 60 ml Flasche, die Sie verwenden k\u00f6nnen, wenn die Mix-Flasche leer ist.  <\/li>\n<li>F\u00fcr 9 mg \/ ml m\u00fcssen Sie 2x bestellen. <a href=\"https:\/\/vapotheque.ch\/de\/kategorie\/diy-de\/boosters-diy-de\/\"><strong>Nikotinbooster<\/strong><\/a>. Sie f\u00fcllen Ihren Booster in die mitgelieferte 30 ml Mix-Flasche bis zur angegebenen Skala und f\u00fcllen dann dieselbe Flasche mit der 60 ml Flasche von Omas Dessert auf. Sie haben noch die H\u00e4lfte des Boosters und die Fl\u00fcssigkeit in der 60 ml Flasche, die Sie verwenden k\u00f6nnen, wenn die Mix-Flasche leer ist.  <\/li>\n<\/ul>\n<p>&nbsp;<\/p>\n<p><img data-recalc-dims=\"1\" decoding=\"async\" class=\"size-full wp-image-34855\" src=\"https:\/\/i0.wp.com\/vapotheque.ch\/wp-content\/uploads\/2024\/04\/Fiole-Petit-Nuage.webp?resize=500%2C488&#038;ssl=1\" alt=\"Das zweisprachige Etikett des Liquids Petit Nuage - Fullmoon Party enth\u00e4lt Anweisungen zur Nikotinmischung und eine Ma\u00dftabelle in mg\/ml bis 30 ml, die in Englisch und Franz\u00f6sisch bereitgestellt wird.\" width=\"500\" height=\"488\"><\/p>\n<p>&nbsp;<\/p>\n<p>&nbsp;<\/p>\n<p>&nbsp;<\/p>\n<p>PG\/VG-Verh\u00e4ltnis: <strong>50\/50<\/strong>.<\/p>\n<p>Hergestellt in Frankreich.<\/p>\n<p>Erh\u00e4ltlich in einer Flasche mit <strong>60 ml<\/strong> Inhalt. Eine zus\u00e4tzliche leere <strong>30 ml<\/strong> Flasche wird mit Omas E-Liquid Kleine Wolke Dessert geliefert. <\/p>\n<p>Entdecken Sie weitere Produkte der Marke <a href=\"https:\/\/vapotheque.ch\/de\/marque\/petit-nuage-de\/\" target=\"_blank\" rel=\"noopener\">Petit Nuage<\/a>.<\/p>\n<p>Erhalten Sie Rabatte oder die neuesten Informationen \u00fcber unsere Produkte, indem Sie uns auf unseren sozialen Netzwerken folgen: <a href=\"https:\/\/www.facebook.com\/VapeAigleCH\" target=\"_blank\" rel=\"noopener\">Facebook<\/a> oder <a href=\"https:\/\/www.instagram.com\/vapotheque\" target=\"_blank\" rel=\"noopener\">Instagram<\/a>.<\/p>\n","protected":false},"excerpt":{"rendered":"<p>Mamie&#8217;s E-Liquide Dessert: Eine kleine Wolke von S\u00fc\u00dfe! \u2601\ufe0f Schlie\u00dfen Sie die Augen und stellen Sie sich vor&#8230; ein Sonntag bei Oma, an dem der verf\u00fchrerische Duft einer frisch karamellisierten Cr\u00e8me br\u00fbl\u00e9e mit Vanille das Haus erf\u00fcllt. Sie h\u00f6ren das Knacken des Karamells unter dem L\u00f6ffel, Sie f\u00fchlen, wie die Vanille im Mund schmilzt&#8230; Mamie&#8217;s [&hellip;]<\/p>\n","protected":false},"featured_media":43557,"template":"","meta":{"_acf_changed":false},"product_cat":[405,397,442,408,1692,1679],"product_tag":[],"class_list":{"0":"post-43975","1":"product","2":"type-product","3":"status-publish","4":"has-post-thumbnail","6":"product_brand-petit-nuage-de","7":"product_cat-e-liquids","8":"product_cat-gourmands-de","9":"product_cat-hervorgehobene-produkte","10":"product_cat-lieferbar-innerhalb-von-24-stunden-de","11":"product_cat-60-ml-30-ml-fur-mix","12":"product_cat-menge-e-flussigkeit-kapazitat-flasche","14":"first","15":"outofstock","16":"taxable","17":"shipping-taxable","18":"purchasable","19":"product-type-simple"},"acf":[],"jetpack_sharing_enabled":true,"_links":{"self":[{"href":"https:\/\/vapotheque.ch\/de\/wp-json\/wp\/v2\/product\/43975","targetHints":{"allow":["GET"]}}],"collection":[{"href":"https:\/\/vapotheque.ch\/de\/wp-json\/wp\/v2\/product"}],"about":[{"href":"https:\/\/vapotheque.ch\/de\/wp-json\/wp\/v2\/types\/product"}],"wp:featuredmedia":[{"embeddable":true,"href":"https:\/\/vapotheque.ch\/de\/wp-json\/wp\/v2\/media\/43557"}],"wp:attachment":[{"href":"https:\/\/vapotheque.ch\/de\/wp-json\/wp\/v2\/media?parent=43975"}],"wp:term":[{"taxonomy":"product_cat","embeddable":true,"href":"https:\/\/vapotheque.ch\/de\/wp-json\/wp\/v2\/product_cat?post=43975"},{"taxonomy":"product_tag","embeddable":true,"href":"https:\/\/vapotheque.ch\/de\/wp-json\/wp\/v2\/product_tag?post=43975"}],"curies":[{"name":"wp","href":"https:\/\/api.w.org\/{rel}","templated":true}]}}