{"id":43969,"date":"2025-02-07T17:02:31","date_gmt":"2025-02-07T16:02:31","guid":{"rendered":"https:\/\/vapotheque.ch\/boutique\/geekvape-drip-tip-wenax\/"},"modified":"2025-02-07T17:02:31","modified_gmt":"2025-02-07T16:02:31","slug":"geekvape-drip-tip-wenax","status":"publish","type":"product","link":"https:\/\/vapotheque.ch\/de\/shop\/geekvape-drip-tip-wenax\/","title":{"rendered":"Geekvape &#8211; Drip Tip Wenax"},"content":{"rendered":"<h1><strong>Wenax M1 GeekVape Drip Tip &#8211; Ein kleines Detail, das alles ver\u00e4ndert!  <\/strong><\/h1>\n<p>Ihr <strong>Wenax M1 Pod<\/strong> verdient nur das <strong>Beste<\/strong>! GeekVape hat das verstanden und bietet Ihnen <strong>ein Paket mit zwei Drip Tips<\/strong> an, die speziell entwickelt wurden, um <strong>Ihren Dampfkomfort<\/strong> zu verbessern.<\/p>\n<p> <strong>Optimierte Ergonomie<\/strong> f\u00fcr ein ultra-nat\u00fcrliches Mundgef\u00fchl<br \/>\ufe0f <strong>Premium-Materialien<\/strong> &#8211; W\u00e4hlen Sie zwischen <strong>klassischem Kunststoff<\/strong> oder <strong>ultraweichem Soft Touch<\/strong><br \/> <strong>Einfach zu installieren<\/strong>, einfach auf Ihre Wenax M1 Kartusche aufstecken<br \/>\u2728 Angenehmeres und <strong>immersives D<\/strong>ampfen<\/p>\n<hr>\n<h2><strong>Ein Must-Have f\u00fcr ein Maximum an Komfort! \u2601\ufe0f <\/strong><\/h2>\n<p>\u00dcberlassen Sie nichts dem Zufall! <strong>Das Drip Tip ist der Kontaktpunkt zwischen Ihnen und Ihrem Dampfen<\/strong>, daher sollte es <strong>perfekt auf Ihre W\u00fcnsche abgestimmt<\/strong> sein.<\/p>\n<p> <strong>Soft Touch<\/strong>: eine samtige Oberfl\u00e4che f\u00fcr unvergleichlichen Komfort<br \/> <strong>Kunststoffausf\u00fchrung<\/strong>: steifer und robuster f\u00fcr eine dauerhafte Nutzung<\/p>\n<p>Ob Sie nun ein <strong>anspruchsvoller MTL-Dampfer<\/strong> oder ein Liebhaber des <strong>engen und geschmackvollen Ziehens<\/strong> sind, diese Drip Tips wurden entwickelt, um <strong>Ihr Vergn\u00fcgen bei jedem Zug zu maximieren<\/strong>.<\/p>\n<hr>\n<h2><strong>Warum Wenax M1 Drip Tips?  <\/strong><\/h2>\n<p>\u2714 O <strong>ptimiert f\u00fcr den Wenax M1 Pod<\/strong> &#8211; Perfekte Passform<br \/>\u2714 <strong>Zwei Texturen zur Auswahl<\/strong> &#8211; Weich oder robust, Sie haben die <strong>Wahl<\/strong><br \/>\u2714 <strong>Einfache Installation<\/strong> &#8211; Ersetzen Sie Ihren Drip Tip im Handumdrehen<br \/>\u2714 <strong>Unentbehrlich f\u00fcr ein Premium-Erlebnis<\/strong>.<\/p>\n<p> <strong>Packung mit 2 Drip Tips<\/strong>, damit Sie nie unvorbereitet sind!<\/p>\n<p>Mit <strong>den Wenax M1 Drip Tips von GeekVape<\/strong> wird jeder Zug zum reinen <strong>Vergn\u00fcgen<\/strong>! \u2728<\/p>\n","protected":false},"excerpt":{"rendered":"<p>Wenax M1 GeekVape Drip Tip &#8211; Ein kleines Detail, das alles ver\u00e4ndert! Ihr Wenax M1 Pod verdient nur das Beste! GeekVape hat das verstanden und bietet Ihnen ein Paket mit zwei Drip Tips an, die speziell entwickelt wurden, um Ihren Dampfkomfort zu verbessern. Optimierte Ergonomie f\u00fcr ein ultra-nat\u00fcrliches Mundgef\u00fchl\ufe0f Premium-Materialien &#8211; W\u00e4hlen Sie zwischen klassischem [&hellip;]<\/p>\n","protected":false},"featured_media":43604,"template":"","meta":{"_acf_changed":false},"product_cat":[408,422,416],"product_tag":[],"class_list":{"0":"post-43969","1":"product","2":"type-product","3":"status-publish","4":"has-post-thumbnail","6":"product_brand-geekvape-de","7":"product_cat-lieferbar-innerhalb-von-24-stunden-de","8":"product_cat-verschiedenes-zubehor","9":"product_cat-zubehor","11":"first","12":"instock","13":"taxable","14":"shipping-taxable","15":"purchasable","16":"product-type-simple"},"acf":[],"jetpack_sharing_enabled":true,"_links":{"self":[{"href":"https:\/\/vapotheque.ch\/de\/wp-json\/wp\/v2\/product\/43969","targetHints":{"allow":["GET"]}}],"collection":[{"href":"https:\/\/vapotheque.ch\/de\/wp-json\/wp\/v2\/product"}],"about":[{"href":"https:\/\/vapotheque.ch\/de\/wp-json\/wp\/v2\/types\/product"}],"wp:featuredmedia":[{"embeddable":true,"href":"https:\/\/vapotheque.ch\/de\/wp-json\/wp\/v2\/media\/43604"}],"wp:attachment":[{"href":"https:\/\/vapotheque.ch\/de\/wp-json\/wp\/v2\/media?parent=43969"}],"wp:term":[{"taxonomy":"product_cat","embeddable":true,"href":"https:\/\/vapotheque.ch\/de\/wp-json\/wp\/v2\/product_cat?post=43969"},{"taxonomy":"product_tag","embeddable":true,"href":"https:\/\/vapotheque.ch\/de\/wp-json\/wp\/v2\/product_tag?post=43969"}],"curies":[{"name":"wp","href":"https:\/\/api.w.org\/{rel}","templated":true}]}}