{"id":43965,"date":"2025-02-07T17:01:06","date_gmt":"2025-02-07T16:01:06","guid":{"rendered":"https:\/\/vapotheque.ch\/boutique\/mpv-c4-lader\/"},"modified":"2025-06-25T11:17:51","modified_gmt":"2025-06-25T09:17:51","slug":"mpv-c4-lader","status":"publish","type":"product","link":"https:\/\/vapotheque.ch\/de\/shop\/mpv-c4-lader\/","title":{"rendered":"MPV &#8211; C4 Lader"},"content":{"rendered":"<h2><strong>MPV &#8211; C4 Ladeger\u00e4t: Der unfehlbare Verb\u00fcndete f\u00fcr Ihre Akkus! \u26a1<\/strong><\/h2>\n<p>Sie suchen <strong>ein hocheffizientes, sicheres und robustes Ladeger\u00e4t<\/strong>, um Ihre Akkus in aller Ruhe zu laden? <strong>Das MPV C4<\/strong> Ladeger\u00e4t ist hier, um Ihre Ladungsroutine zu <strong>revolutionieren<\/strong>! <strong>Mit seinen 4 Steckpl\u00e4tzen<\/strong> und <strong>zahlreichen Schutzvorrichtungen<\/strong> garantiert es Ihnen <strong>ein reibungsloses Erlebnis<\/strong>, w\u00e4hrend es gleichzeitig Ihre Batterien schont.  <\/p>\n<p><strong>4 Steckpl\u00e4tze<\/strong> f\u00fcr absolute Flexibilit\u00e4t<br \/>\n\u26a1 <strong>Schnelles und intelligentes Auf<\/strong>laden, bis zu <strong>0,5A pro Steckplatz<\/strong><br \/>\n\ufe0f <strong>Mehrere eingebaute Sicherungen<\/strong> f\u00fcr ein sorgenfreies Aufladen<br \/>\n<strong>Robustes Design<\/strong>, hochwertige Materialien f\u00fcr maximale Haltbarkeit<\/p>\n<hr>\n<h2><strong>Vielseitigkeit, die keine W\u00fcnsche offen l\u00e4sst \u2728<\/strong><\/h2>\n<p><strong>Das MPV Ladeger\u00e4t C4<\/strong> ist <strong>die ultimative Waffe<\/strong> f\u00fcr alle anspruchsvollen Dampfer. Er unterst\u00fctzt <strong>eine breite Palette von Akkus<\/strong>, von den kompaktesten bis zu den leistungsst\u00e4rksten Formaten: <\/p>\n<p><strong>Ultrabreite Kompatibilit\u00e4t<\/strong>: 10440, 14500, 14650, RCR16340, 16650, 17500, 17650, 17670, 18350, 18490, 18500, 18650, 20700, 21700, 22700, 26650, 26700&#8230; und viele andere!<\/p>\n<p>Mit <strong>seinen 4 unabh\u00e4ngigen<\/strong> <strong>Ladef\u00e4chern<\/strong> k\u00f6nnen Sie <strong>mehrere Akkus gleichzeitig laden<\/strong>, ohne Kompromisse bei der Leistung eingehen zu m\u00fcssen.<\/p>\n<hr>\n<h2><strong>Ein Konzentrat an Sicherheit und Intelligenz \ufe0f<\/strong><\/h2>\n<p><strong>Sie gehen kein Risiko ein!<\/strong> MPV hat den C4 so konzipiert, dass er <strong>ein ebenso effizientes wie sicheres Aufladen<\/strong> erm\u00f6glicht:<\/p>\n<p><strong>Automatische Erkennung des Ladezustands<\/strong>, um die Lebensdauer Ihrer Akkus zu erhalten<br \/>\n<strong>Optimiertes und ausgeglichenes Laden,<\/strong> um \u00dcberhitzung oder \u00dcberladung zu vermeiden.<br \/>\n\u26a1 <strong>Ladestrom von 0,5A pro Slot<\/strong>, ideal f\u00fcr kontrolliertes und effizientes Laden<br \/>\n\ufe0f <strong>Robuste<\/strong>, verschlei\u00df- und sto\u00dffeste <strong>Konstruktion<\/strong><\/p>\n<hr>\n<h2><strong>Warum sollten Sie sich f\u00fcr den MPV Chargeur C4 entscheiden?  <\/strong><\/h2>\n<p>\u2714 <strong>Ultra-vielseitig<\/strong>, kompatibel mit vielen Akku-Formaten<br \/>\n\u2714 <strong>Gleichzeitiges Aufladen von 4 Akkus<\/strong>, f\u00fcr optimale Zeitersparnis<br \/>\n\u2714 S <strong>icher und intelligent<\/strong>, verl\u00e4ngert die Lebensdauer Ihrer Batterien<br \/>\n\u2714 Solide <strong>Konstruktion<\/strong>, auf Dauer angelegt<br \/>\n\u2714 S <strong>chnell, zuverl\u00e4ssig und einfach zu bedienen<\/strong>, der ideale Begleiter f\u00fcr anspruchsvolle Dampfer. <\/p>\n<p><strong>Lassen Sie Ihre Akkus nicht mehr leer laufen!<\/strong> \u26a1 Mit <strong>dem MPV C4 Ladeger\u00e4t<\/strong> k\u00f6nnen Sie <strong>schnell, sicher und gut<\/strong> laden. Ein Muss f\u00fcr <strong>alle Dampfer, die auf der Suche nach Leistung und Zuverl\u00e4ssigkeit sind<\/strong>! <\/p>\n<p>&nbsp;<\/p>\n<p>&nbsp;<\/p>\n<p>Erhalten Sie Rabatte oder die neuesten Informationen \u00fcber unsere anderen Produkte, die in den Gesch\u00e4ften erh\u00e4ltlich sind, indem Sie uns auf unseren sozialen Netzwerken folgen: <a href=\"https:\/\/www.facebook.com\/VapeAigleCH\" target=\"_blank\" rel=\"noopener\">Facebook<\/a> oder <a href=\"https:\/\/www.instagram.com\/vapotheque\" target=\"_blank\" rel=\"noopener\">Instagram<\/a>.<\/p>\n","protected":false},"excerpt":{"rendered":"<p>MPV &#8211; C4 Ladeger\u00e4t: Der unfehlbare Verb\u00fcndete f\u00fcr Ihre Akkus! \u26a1 Sie suchen ein hocheffizientes, sicheres und robustes Ladeger\u00e4t, um Ihre Akkus in aller Ruhe zu laden? Das MPV C4 Ladeger\u00e4t ist hier, um Ihre Ladungsroutine zu revolutionieren! Mit seinen 4 Steckpl\u00e4tzen und zahlreichen Schutzvorrichtungen garantiert es Ihnen ein reibungsloses Erlebnis, w\u00e4hrend es gleichzeitig Ihre [&hellip;]<\/p>\n","protected":false},"featured_media":43601,"template":"","meta":{"_acf_changed":false},"product_cat":[424,442,408],"product_tag":[],"class_list":{"0":"post-43965","1":"product","2":"type-product","3":"status-publish","4":"has-post-thumbnail","6":"product_brand-mpv-de","7":"product_cat-akkus-und-ladegerate","8":"product_cat-hervorgehobene-produkte","9":"product_cat-lieferbar-innerhalb-von-24-stunden-de","11":"first","12":"instock","13":"taxable","14":"shipping-taxable","15":"purchasable","16":"product-type-simple"},"acf":[],"jetpack_sharing_enabled":true,"_links":{"self":[{"href":"https:\/\/vapotheque.ch\/de\/wp-json\/wp\/v2\/product\/43965","targetHints":{"allow":["GET"]}}],"collection":[{"href":"https:\/\/vapotheque.ch\/de\/wp-json\/wp\/v2\/product"}],"about":[{"href":"https:\/\/vapotheque.ch\/de\/wp-json\/wp\/v2\/types\/product"}],"wp:featuredmedia":[{"embeddable":true,"href":"https:\/\/vapotheque.ch\/de\/wp-json\/wp\/v2\/media\/43601"}],"wp:attachment":[{"href":"https:\/\/vapotheque.ch\/de\/wp-json\/wp\/v2\/media?parent=43965"}],"wp:term":[{"taxonomy":"product_cat","embeddable":true,"href":"https:\/\/vapotheque.ch\/de\/wp-json\/wp\/v2\/product_cat?post=43965"},{"taxonomy":"product_tag","embeddable":true,"href":"https:\/\/vapotheque.ch\/de\/wp-json\/wp\/v2\/product_tag?post=43965"}],"curies":[{"name":"wp","href":"https:\/\/api.w.org\/{rel}","templated":true}]}}