{"id":43963,"date":"2025-02-06T18:24:10","date_gmt":"2025-02-06T17:24:10","guid":{"rendered":"https:\/\/vapotheque.ch\/boutique\/neugierig-strassburg-und-glitter-e-liquid\/"},"modified":"2025-02-06T18:24:10","modified_gmt":"2025-02-06T17:24:10","slug":"neugierig-strassburg-und-glitter-e-liquid","status":"publish","type":"product","link":"https:\/\/vapotheque.ch\/de\/shop\/neugierig-strassburg-und-glitter-e-liquid\/","title":{"rendered":"Neugierig &#8211; Stra\u00dfburg und Glitter E-Liquid"},"content":{"rendered":"<h2><strong>Neugierige Stra\u00dfburg und Glitzer E-Liquid : Der Dampf, der Ihre Papillen zum Glitzern bringt! \u2728<\/strong><\/h2>\n<p>Willkommen in <strong>der Hauptstadt von Weihnachten und M\u00e4rchen<\/strong>, wo die <strong>gepflasterten Stra\u00dfen glitzern<\/strong>, die Kan\u00e4le zwischen den Fachwerkh\u00e4usern verlaufen und <strong>die Aromen in einem unvergesslichen fruchtigen Glanz zum Leben erweckt werden<\/strong>. Mit dem <strong>Curieux Strasbourg et Paillettes E-Liquide<\/strong> nimmt uns <b>die Marke <\/b>mit auf eine ebenso <strong>raffinierte wie prickelnde<\/strong> Erfahrung, bei der <strong>s\u00fc\u00dfe und saftige wei\u00dfe Trauben<\/strong> <strong>auf s\u00fc\u00dfe und bet\u00f6rende blaue Himbeeren<\/strong> treffen. <\/p>\n<p> <strong>Ein helles und elegantes Rezept<\/strong>, wie Stra\u00dfburg mit seinen festlichen Girlanden!<br \/> <strong>Ein \u00fcberraschendes fruchtiges Duett<\/strong> aus saftiger S\u00fc\u00dfe und k\u00f6stlicher S\u00e4ure<br \/> <strong>Ein Dampf, der so prickelnd wie ein Feuerwerk<\/strong> ist und jeden Zug erhellt.<\/p>\n<hr>\n<h2><strong>L&#8217;Hexagone en Vape &#8211; Eine Tour de France der Aromen  <\/strong><\/h2>\n<p>Mit <strong>der Produktreihe Hexagone<\/strong> l\u00e4dt <strong>Curieux<\/strong> uns zu einer <strong>einzigartigen Geschmacksreise<\/strong> ein, die von den sch\u00f6nsten St\u00e4dten Frankreichs inspiriert ist. Nach den K\u00f6stlichkeiten von <strong>Nantes<\/strong> und den s\u00fcdlichen Leckereien von <strong>Montpellier<\/strong>, ist nun <strong>Stra\u00dfburg mit seinem fruchtigen Glanz<\/strong> an der Reihe! <\/p>\n<p> <strong>Eine Basis aus 100% pflanzlichem PG<\/strong>, weicher und ideal f\u00fcr ein reines Dampfen<br \/> <strong>Ein perfektes Gleichgewicht zwischen Frische und Vollmundigkeit<\/strong> f\u00fcr ein subtiles Dampfen<br \/> Eine kunstvolle <strong>Verpackung mit einer raffinierten Retro-\u00c4sthetik<\/strong>, die der Seele der Stadt treu bleibt.<\/p>\n<p>Bereiten Sie sich auf <strong>eine Geschmacksexplosion<\/strong> vor, bei der <strong>die els\u00e4ssische Raffinesse<\/strong> in Ihrem Dampfer Einzug h\u00e4lt!<\/p>\n<hr>\n<h2><strong>Ein Festival der Aromen: Wei\u00dfe Traube &amp; Blaue Himbeere  <\/strong><\/h2>\n<p>Stellen Sie sich vor&#8230; <strong>Eine knackige wei\u00dfe Traube<\/strong>, die einen s\u00fc\u00dfen und leicht s\u00e4uerlichen Saft freisetzt, der an die els\u00e4ssische Weinlese unter der goldenen Sonne erinnert. Dann eine <strong>reife blaue Himbeere<\/strong> mit einem Hauch von S\u00fc\u00dfe und aromatischer Intensit\u00e4t, die das Ganze veredelt. <\/p>\n<p>\u2728 <strong>Eine harmonische Mischung<\/strong> aus zarter Frische und intensiver Fruchtigkeit.<br \/>\u2728 <strong>Ein Dampf, der im Mund prickelt<\/strong>, wie ein els\u00e4ssischer Wein, der durch seltene Fr\u00fcchte verfeinert wird.<br \/>\u2728 <strong>Eine leuchtende und bezaubernde Wolke<\/strong> f\u00fcr ein magisches Erlebnis.<\/p>\n<hr>\n<h2><strong>Ein Format, das f\u00fcr alle geeignet ist  <\/strong><\/h2>\n<p><strong>Curieux Strasbourg et Paillettes E-Liquide<\/strong> wurde in einem <strong>50 ml Shortfill-Format mit Aromen<\/strong> <strong>und<\/strong> einem <strong>70 ml Flakon<\/strong> entwickelt und erm\u00f6glicht es Ihnen, Nikotinbooster nach Belieben hinzuzuf\u00fcgen:<\/p>\n<p> <strong>0 mg\/ml<\/strong> (so wie es ist) &#8211; F\u00fcr ein reines und intensives Dampfen.<br \/>\u2795 <strong>1 Booster (10 ml) \u2192 3 mg\/ml<\/strong><br \/>\u2795 <strong>2 Booster (20 ml) \u2192 6 mg\/ml<\/strong><\/p>\n<p><strong>Ganz einfache Anwendung<\/strong>:<br \/>1\ufe0f\u20e3 <strong>Entkorken<\/strong> S <strong>ie Ihren Flakon<\/strong><br \/> <strong>2\ufe0f\u20e3 <strong>  Geben<\/strong> Sie Ihre(n) Booster <strong>hinzu<\/strong><br \/>3\ufe0f\u20e3 <br \/> 4\ufe0f\u20e3 Sch\u00fctteln Sie kr\u00e4ftig <strong>Lassen Sie<\/strong>den Flakon <strong>einige Minuten stehen<\/strong>&#8230; und tauchen Sie ein in diese <strong>fruchtig-schimmernde Pause<\/strong>!<\/strong><\/p>\n<hr>\n<h2><strong>Warum sollten Sie sich in Curious Strasbourg and Paillettes E-Liquide verlieben? \u2728<\/strong><\/h2>\n<p>\u2714 <strong>Ein unwiderstehliches fruchtiges Duo<\/strong> aus der Frische der wei\u00dfen Traube und der s\u00fc\u00dfen Intensit\u00e4t der blauen Himbeere<br \/>\u2714 <strong>Eine Hexagone-Reihe, die die franz\u00f6sischen St\u00e4dte<\/strong> gekonnt veredelt<br \/>\u2714 <strong>Eine pflanzliche PG-Basis<\/strong>, f\u00fcr eine optimale Geschmackswiedergabe und eine sanftere Kehle<br \/>\u2714 <strong>Ein ultrapraktisches Shortfill-Format<\/strong>, das an Ihren Nikotingehalt angepasst werden kann<br \/>\u2714 <strong>Ein 100% franz\u00f6sisches E-Liquid<\/strong> von Curieux, eine unumg\u00e4ngliche Referenz.<\/p>\n<p> <strong>Sind Sie bereit, beim Dampfen zu gl\u00e4nzen?<\/strong> Lassen Sie sich von dem <strong>Curieux Strasbourg et Paillettes E-Liquide<\/strong> verzaubern, einem fruchtigen und strahlenden Rezept, das Ihre Tage zum Funkeln bringen wird! \u2728<\/p>\n<p>&nbsp;<\/p>\n<p>&nbsp;<\/p>\n<p class=\"class-fabrication\"><strong>Wichtig:<\/strong> Liquid mit Aromastoffen, verkauft in einer 70 ml-Flasche.<\/p>\n<p>Hergestellt in Frankreich; VPG \/ VG Verh\u00e4ltnis: 40\/60.<\/p>\n<p>Sehen Sie sich alle Produkte der Marke <strong><a href=\"\/product_brand\/curieux\/\" target=\"_blank\" rel=\"noopener\">Curieux<\/a><\/strong> an.<\/p>\n<p>Erhalten Sie Rabatte oder die neuesten Informationen \u00fcber unsere Produkte, indem Sie uns in unseren sozialen Netzwerken folgen: <strong><a href=\"https:\/\/www.facebook.com\/VapeAigleCH\" target=\"_blank\" rel=\"noopener\">Facebook<\/a> <\/strong>oder <strong><a href=\"https:\/\/www.instagram.com\/vapotheque\" target=\"_blank\" rel=\"noopener\">Instagram<\/a>.<\/strong><\/p>\n","protected":false},"excerpt":{"rendered":"<p>Neugierige Stra\u00dfburg und Glitzer E-Liquid : Der Dampf, der Ihre Papillen zum Glitzern bringt! \u2728 Willkommen in der Hauptstadt von Weihnachten und M\u00e4rchen, wo die gepflasterten Stra\u00dfen glitzern, die Kan\u00e4le zwischen den Fachwerkh\u00e4usern verlaufen und die Aromen in einem unvergesslichen fruchtigen Glanz zum Leben erweckt werden. Mit dem Curieux Strasbourg et Paillettes E-Liquide nimmt uns [&hellip;]<\/p>\n","protected":false},"featured_media":47715,"template":"","meta":{"_acf_changed":false},"product_cat":[405,404,442,408,1686,1679],"product_tag":[],"class_list":{"0":"post-43963","1":"product","2":"type-product","3":"status-publish","4":"has-post-thumbnail","6":"product_brand-curieux-de","7":"product_cat-e-liquids","8":"product_cat-fruchtig","9":"product_cat-hervorgehobene-produkte","10":"product_cat-lieferbar-innerhalb-von-24-stunden-de","11":"product_cat-50-ml-fur-70-ml","12":"product_cat-menge-e-flussigkeit-kapazitat-flasche","14":"first","15":"instock","16":"taxable","17":"shipping-taxable","18":"purchasable","19":"product-type-simple"},"acf":[],"jetpack_sharing_enabled":true,"_links":{"self":[{"href":"https:\/\/vapotheque.ch\/de\/wp-json\/wp\/v2\/product\/43963","targetHints":{"allow":["GET"]}}],"collection":[{"href":"https:\/\/vapotheque.ch\/de\/wp-json\/wp\/v2\/product"}],"about":[{"href":"https:\/\/vapotheque.ch\/de\/wp-json\/wp\/v2\/types\/product"}],"wp:featuredmedia":[{"embeddable":true,"href":"https:\/\/vapotheque.ch\/de\/wp-json\/wp\/v2\/media\/47715"}],"wp:attachment":[{"href":"https:\/\/vapotheque.ch\/de\/wp-json\/wp\/v2\/media?parent=43963"}],"wp:term":[{"taxonomy":"product_cat","embeddable":true,"href":"https:\/\/vapotheque.ch\/de\/wp-json\/wp\/v2\/product_cat?post=43963"},{"taxonomy":"product_tag","embeddable":true,"href":"https:\/\/vapotheque.ch\/de\/wp-json\/wp\/v2\/product_tag?post=43963"}],"curies":[{"name":"wp","href":"https:\/\/api.w.org\/{rel}","templated":true}]}}