{"id":43961,"date":"2025-02-06T18:15:57","date_gmt":"2025-02-06T17:15:57","guid":{"rendered":"https:\/\/vapotheque.ch\/boutique\/neugierig-nantes-est-a-louest-e-liquide\/"},"modified":"2026-01-13T00:17:36","modified_gmt":"2026-01-12T23:17:36","slug":"neugierig-nantes-est-a-louest-e-liquide","status":"publish","type":"product","link":"https:\/\/vapotheque.ch\/de\/shop\/neugierig-nantes-est-a-louest-e-liquide\/","title":{"rendered":"Neugierig &#8211; Nantes Est \u00c0 l&#8217;Ouest E-Liquide"},"content":{"rendered":"<h2><strong>Neugierig auf Nantes Est \u00c0 l&#8217;Ouest E-Liquide : Die Gourmet-Bretagne dampft!  <\/strong><\/h2>\n<p>Begeben Sie sich auf eine <strong>unvergessliche Geschmacksreise<\/strong> in das Herz des Westens mit dem <strong>Curieux Nantes Est \u00c0 l&#8217;Ouest E-Liquid<\/strong>, ein k\u00f6stliches <strong>und authentisches Rezept<\/strong>, inspiriert von der kulinarischen Seele dieser Stadt, in der die <strong>Loire auf den Atlantik trifft<\/strong>. <strong>Curieux<\/strong> ist ein E-Liquid zwischen Tradition und Moderne, das nach <strong>Kindheitserinnerungen<\/strong> und Gourmetpausen am Flussufer duftet. <\/p>\n<p><strong>Was steht auf dem Programm?<\/strong> Ein knuspriges, leicht goldbraunes <strong>Petit-Beurre-Biskuit<\/strong>, das durch eine <strong>zart karamellisierte Walnuss<\/strong> verfeinert wird, die eine s\u00fc\u00dfe und tr\u00f6stende Note verleiht. Was ist das Ergebnis? Ein <strong>perfektes Gleichgewicht zwischen knusprig, zartschmelzend und<\/strong> s\u00fc\u00df, wie ein s\u00fc\u00dfer Ausflug in eine handwerkliche Keksfabrik in Nantes!  <\/p>\n<hr>\n<h2><strong>Die Hexagone-Reihe &#8211; Eine Tour de France der Aromen \u200d.\u2642\ufe0f<\/strong><\/h2>\n<p>Nachdem <strong>Curieux<\/strong> die Liebhaber <strong>fruchtiger und frischer<\/strong> Aromen erobert hat, \u00fcberrascht er uns nun mit <strong>k\u00f6stlicheren<\/strong> Rezepten, die von den Spezialit\u00e4ten der gro\u00dfen franz\u00f6sischen St\u00e4dte inspiriert sind. <strong>Curieux Nantes Est \u00c0 l&#8217;Ouest E-Liquide<\/strong> ehrt <strong>den unumg\u00e4nglichen Biscuit Petit Be<\/strong> urre in einer <strong>modernen und \u00e4u\u00dferst schmackhaften Interpretation<\/strong>.<\/p>\n<p> <strong>Eine Basis aus 100% pflanzlichem PG<\/strong>, sanfter im Hals und aromatreu<br \/> <strong>Eine Hommage an die lokalen<\/strong> Aromen, zwischen Tradition und Neuinterpretation<br \/> <strong>Eine raffinierte Retro-Verpackung<\/strong>, die den Geist der Stadt einf\u00e4ngt<\/p>\n<p>Bereiten Sie sich auf ein wohltuendes <strong>und s\u00fcchtig machendes Dampfen<\/strong> vor, das alle Liebhaber von <strong>gro\u00dfz\u00fcgigen und gut verarbeiteten Aromen<\/strong> begeistern wird!<\/p>\n<hr>\n<h2><strong>Petit Beurre &amp; Karamellisierte Waln\u00fcsse: Eine S\u00fc\u00dfigkeit zum Anbei\u00dfen!  <\/strong><\/h2>\n<p><strong>Stellen Sie sich vor&#8230;<\/strong> Ein goldener Keks, <strong>knusprig und zart schmelzend<\/strong>, mit einem leicht buttrigen Duft, der Ihre Geschmacksnerven schon beim ersten Zug erf\u00fcllt. Dann kommen die <strong>karamellisierten Waln\u00fcsse<\/strong>, die eine <strong>subtile s\u00fc\u00dfe und knusprige Note<\/strong> hinzuf\u00fcgen, mit diesem kleinen ger\u00f6steten Geschmack, der den ganzen Unterschied ausmacht. <\/p>\n<p> <strong>Eine herzerw\u00e4rmende e-Liquid, die an die Z\u00e4rtlichkeit fr\u00fcherer Snacks erinnert<\/strong>, mit einem modernen Touch, der sie einzigartig macht.<\/p>\n<hr>\n<h2><strong>Praktisches und anpassungsf\u00e4higes Format \ufe0f<\/strong><\/h2>\n<p><strong>Curieux Nantes Est \u00c0 l&#8217;Ouest E-Liquide<\/strong> wurde in einem <strong>50 ml Shortfill-Format<\/strong> entwickelt, das in einem <strong>70 ml Flakon<\/strong> <strong>mit Aromen<\/strong> angereichert ist, so dass Sie nach Belieben Nikotinbooster hinzuf\u00fcgen k\u00f6nnen:<\/p>\n<p> <strong>0 mg\/ml<\/strong> (so wie es ist) &#8211; F\u00fcr ein 100%ig geschmackvolles Dampfen.<br \/>\u2795 <strong>1 Booster (10 ml) \u2192 3 mg\/ml<\/strong><br \/>\u2795 <strong>2 Booster (20 ml) \u2192 6 mg\/ml<\/strong><\/p>\n<p><strong>Ganz einfache Anwendung<\/strong>:<br \/>1\ufe0f\u20e3 <strong>\u00d6ffnen<\/strong> S <strong>ie Ihren Flakon<\/strong><br \/> <strong>2\ufe0f\u20e3 <strong> F\u00fcgen<\/strong> Sie Ihre(n) Booster <strong>hinzu<\/strong><br \/>3\ufe0f\u20e3 <br \/> 4\ufe0f\u20e3 Sch\u00fctteln Sie kr\u00e4ftig <strong>Warten Sie einige Minuten<\/strong>&#8230; und genie\u00dfen Sie dieses <strong>Geb\u00e4ck<\/strong>! <\/strong> <\/p>\n<hr>\n<h2><strong>Warum sollten Sie sich in das neugierige Nantes Est \u00c0 l&#8217;Ouest E-Liquide verlieben?  <\/strong><\/h2>\n<p>\u2714 <strong>Ein ultra-gourmandiges Rezept<\/strong>, bei dem Biskuit und karamellisierte Waln\u00fcsse perfekt harmonieren<br \/>\u2714 <strong>Eine Hexagone-Reihe, die franz\u00f6sische Spezialit\u00e4ten<\/strong> gekonnt <strong>verfeinert<\/strong><br \/>\u2714 <strong>Eine pflanzliche PG-Basis<\/strong> f\u00fcr eine au\u00dfergew\u00f6hnliche Geschmackswiedergabe<br \/>\u2714 <strong>Ein praktisches Shortfill-Format<\/strong>, das sich an Ihren Nikotinbedarf anpassen l\u00e4sst<br \/>\u2714 <strong>Ein in Frankreich<\/strong> mit echtem Know-how <strong>hergestelltes E-Liquid<\/strong>.<\/p>\n<p> <strong>Sind Sie bereit f\u00fcr einen Bissen der Nanteser Leckereien?<\/strong> Dann lassen Sie sich von <strong>Nantes est \u00e0 l&#8217;Ouest<\/strong> verf\u00fchren, einer e-Liquid, die so lecker ist wie ein guter Snack am Wasser!  <\/p>\n<p>&nbsp;<\/p>\n<p>&nbsp;<\/p>\n<p class=\"class-fabrication\"><strong>Wichtig:<\/strong> Liquid mit Aromastoffen, verkauft in einer 70 ml-Flasche.<\/p>\n<p>Hergestellt in Frankreich; VPG \/ VG Verh\u00e4ltnis: 40\/60.<\/p>\n<p>Sehen Sie sich alle Produkte der Marke <strong><a href=\"\/product_brand\/curieux\/\" target=\"_blank\" rel=\"noopener\">Curieux<\/a><\/strong> an.<\/p>\n<p>Erhalten Sie Rabatte oder die neuesten Informationen \u00fcber unsere Produkte, indem Sie uns in unseren sozialen Netzwerken folgen: <strong><a href=\"https:\/\/www.facebook.com\/VapeAigleCH\" target=\"_blank\" rel=\"noopener\">Facebook<\/a> <\/strong>oder <strong><a href=\"https:\/\/www.instagram.com\/vapotheque\" target=\"_blank\" rel=\"noopener\">Instagram<\/a>.<\/strong><\/p>\n","protected":false},"excerpt":{"rendered":"<p>Neugierig auf Nantes Est \u00c0 l&#8217;Ouest E-Liquide : Die Gourmet-Bretagne dampft! Begeben Sie sich auf eine unvergessliche Geschmacksreise in das Herz des Westens mit dem Curieux Nantes Est \u00c0 l&#8217;Ouest E-Liquid, ein k\u00f6stliches und authentisches Rezept, inspiriert von der kulinarischen Seele dieser Stadt, in der die Loire auf den Atlantik trifft. Curieux ist ein E-Liquid [&hellip;]<\/p>\n","protected":false},"featured_media":47711,"template":"","meta":{"_acf_changed":false},"product_cat":[405,397,442,408,1686,1679],"product_tag":[],"class_list":{"0":"post-43961","1":"product","2":"type-product","3":"status-publish","4":"has-post-thumbnail","6":"product_brand-curieux-de","7":"product_cat-e-liquids","8":"product_cat-gourmands-de","9":"product_cat-hervorgehobene-produkte","10":"product_cat-lieferbar-innerhalb-von-24-stunden-de","11":"product_cat-50-ml-fur-70-ml","12":"product_cat-menge-e-flussigkeit-kapazitat-flasche","14":"first","15":"instock","16":"taxable","17":"shipping-taxable","18":"purchasable","19":"product-type-simple"},"acf":[],"jetpack_sharing_enabled":true,"_links":{"self":[{"href":"https:\/\/vapotheque.ch\/de\/wp-json\/wp\/v2\/product\/43961","targetHints":{"allow":["GET"]}}],"collection":[{"href":"https:\/\/vapotheque.ch\/de\/wp-json\/wp\/v2\/product"}],"about":[{"href":"https:\/\/vapotheque.ch\/de\/wp-json\/wp\/v2\/types\/product"}],"wp:featuredmedia":[{"embeddable":true,"href":"https:\/\/vapotheque.ch\/de\/wp-json\/wp\/v2\/media\/47711"}],"wp:attachment":[{"href":"https:\/\/vapotheque.ch\/de\/wp-json\/wp\/v2\/media?parent=43961"}],"wp:term":[{"taxonomy":"product_cat","embeddable":true,"href":"https:\/\/vapotheque.ch\/de\/wp-json\/wp\/v2\/product_cat?post=43961"},{"taxonomy":"product_tag","embeddable":true,"href":"https:\/\/vapotheque.ch\/de\/wp-json\/wp\/v2\/product_tag?post=43961"}],"curies":[{"name":"wp","href":"https:\/\/api.w.org\/{rel}","templated":true}]}}