{"id":43952,"date":"2025-02-05T13:56:02","date_gmt":"2025-02-05T12:56:02","guid":{"rendered":"https:\/\/vapotheque.ch\/boutique\/vaping-in-paris-silver-fox-gefrorene-erdbeere-sels-10-ml-e-liquid\/"},"modified":"2025-02-05T13:56:02","modified_gmt":"2025-02-05T12:56:02","slug":"vaping-in-paris-silver-fox-gefrorene-erdbeere-sels-10-ml-e-liquid","status":"publish","type":"product","link":"https:\/\/vapotheque.ch\/de\/shop\/vaping-in-paris-silver-fox-gefrorene-erdbeere-sels-10-ml-e-liquid\/","title":{"rendered":"Vaping In Paris &#8211; Silver Fox &#8211; Gefrorene Erdbeere SELS 10 ML E-Liquid"},"content":{"rendered":"<div class=\"flex-shrink-0 flex flex-col relative items-end\">\n<div>\n<div class=\"pt-0\">\n<div class=\"gizmo-bot-avatar flex h-8 w-8 items-center justify-center overflow-hidden rounded-full\">\n<h2 class=\"relative p-1 rounded-sm flex items-center justify-center bg-token-main-surface-primary text-token-text-primary h-8 w-8\"><strong>Vaping In Paris Silver Fox &#8211; Gefrorene Erdbeere SELS 10 ML E-Liquid \u2744\ufe0f: <\/strong><strong>Ein Wirbelwind aus gefrorener Erdbeere f\u00fcr ein ultra-erfrischendes Dampfen!<\/strong><\/h2>\n<\/div>\n<\/div>\n<\/div>\n<\/div>\n<div class=\"group\/conversation-turn relative flex w-full min-w-0 flex-col agent-turn px-4 @xs\/thread:px-0 @sm\/thread:px-1.5\">\n<div class=\"flex-col gap-1 md:gap-3\">\n<div class=\"flex max-w-full flex-col flex-grow\">\n<div class=\"min-h-8 text-message flex w-full flex-col items-end gap-2 whitespace-normal break-words text-start [.text-message+&amp;]:mt-5\" dir=\"auto\" data-message-author-role=\"assistant\" data-message-id=\"48fbe378-6c1f-4b5b-8985-0d3a5617a7fa\" data-message-model-slug=\"gpt-4o\">\n<div class=\"flex w-full flex-col gap-1 empty:hidden first:pt-[3px]\">\n<div class=\"markdown prose w-full break-words dark:prose-invert light\">\n<p>Sie tr\u00e4umen von einer reifen, s\u00fc\u00dfen Erdbeere, die im Mund mit einem Hauch von eisiger Frische explodiert? <strong>Vaping In Paris Silver Fox &#8211; Fraise Glac\u00e9e SELS 10 ML E-Liquide<\/strong> ist genau das Richtige f\u00fcr Sie! \u2744\ufe0f Stellen Sie sich vor, Sie bei\u00dfen in eine saftige Erdbeere, die frisch aus dem K\u00fchlschrank kommt, ihr herrlich fruchtiger Duft wird durch eine Welle von Frische verfeinert, die den Moment verl\u00e4ngert&#8230; <strong>Ein eisiges Erlebnis, das Ihre Geschmacksnerven begeistern wird!<\/strong> <\/p>\n<p>Dieses Liquid <strong>mit Nikotinsalzen<\/strong> wurde f\u00fcr Liebhaber <strong>intensiver und erfrischender Fruchtaromen<\/strong> entwickelt und bietet ein weiches Gef\u00fchl im Hals, w\u00e4hrend es gleichzeitig eine ultraschnelle Nikotinaufnahme garantiert. <strong>Perfekt f\u00fcr ein effizientes und genussvolles Dampfen ohne Kompromisse!<\/strong><\/p>\n<hr>\n<h3><strong>Warum sollten Sie sich f\u00fcr die Vaping In Paris Silver Fox &#8211; Gefrorene Erdbeere SELS 10 ML E-Liquid entscheiden?<\/strong><\/h3>\n<p>\u2714 <strong>Eine ultra-realistische Erdbeere<\/strong>: Ein s\u00fc\u00dfer, nat\u00fcrlicher und intensiv fruchtiger Geschmack.<br \/>\n\u2714 <strong>Ausgewogene Frische<\/strong>: Kein k\u00fcnstlicher Koolada, nur ein perfekt dosierter Eiseffekt.<br \/>\n\u2714 <strong>Eine gesunde Formel<\/strong>: <strong>100 % pflanzliche<\/strong> Basis, <strong>ohne unn\u00f6tige S\u00fc\u00dfstoffe oder Zusatzstoffe<\/strong>.<br \/>\n\u2714 Ein <strong>von Puffs inspirierter Genuss<\/strong>: Die <strong>Silver Fox Salt<\/strong> Serie reproduziert getreu die Aromen von Einweg-Puffs, f\u00fcr ein ges\u00fcnderes und nachhaltigeres Dampfen.<br \/>\n\u2714 <strong>Die Wirksamkeit von Nikotinsalzen<\/strong>: Ein sanfterer Hit, eine schnellere Befriedigung und weniger Z\u00fcge erforderlich.<\/p>\n<hr>\n<h3><strong>Technische Merkmale<\/strong><\/h3>\n<p><strong>PG\/VG: 50\/50<\/strong> &#8211; Ein ideales Gleichgewicht zwischen Geschmack, Dampf und einem weichen Mundgef\u00fchl.<br \/>\n<strong>Nikotin in Salzform<\/strong> &#8211; schnelle Absorption und angenehmeres Gef\u00fchl im Hals.<br \/>\n<strong>Kompatibel mit Pods und kleinen Widerst\u00e4nden<\/strong> &#8211; F\u00fcr eine bessere Geschmackswiedergabe.<\/p>\n<p><strong>Hinweise zur Verwendung<\/strong>:<br \/>\n\u2705 <strong>Empfohlene Leistung:<\/strong> \u00dcberschreiten Sie nicht <strong>18-20 W<\/strong>, um die Qualit\u00e4t der Nikotinsalze zu erhalten.<br \/>\n\u2705 <strong>Idealer Widerstand:<\/strong> <strong>1 Ohm oder mehr<\/strong> f\u00fcr ein sanfteres Dampfen und eine optimale Wiedergabe der Aromen.<\/p>\n<p>\ufe0f <strong>Sind Sie bereit f\u00fcr einen Sturm aus eisgek\u00fchlten Erdbeeren?<\/strong> Ein Zug und Sie werden in eine fruchtige, gefrorene und unwiderstehlich s\u00fcchtig machende Welt entf\u00fchrt! \u2744\ufe0f <\/p>\n<p>&nbsp;<\/p>\n<p><strong><span style=\"vertical-align: inherit;\">Wichtig<\/span><\/strong><span style=\"vertical-align: inherit;\"> E-Liquid bereits nikotinisiert, verkauft in einer 10 ml Flasche.<\/span><\/p>\n<p class=\"class-fabrication\"><span style=\"vertical-align: inherit;\">Hergestellt in Frankreich; Dosierung MPGV\/GV: 50 % \/ 50 %. Passt sich an alle Arten von Ger\u00e4ten an. <\/span><\/p>\n<p><span style=\"vertical-align: inherit;\">Entdecken Sie weitere Produkte der Marke <\/span><a href=\"..\/..\/marque\/vaping-in-paris\"><span style=\"vertical-align: inherit;\">Vaping in Paris<\/span><\/a><span style=\"vertical-align: inherit;\"> .<\/span><\/p>\n<p><span style=\"vertical-align: inherit;\">Erhalten Sie Rabatte oder die neuesten Informationen \u00fcber unsere Produkte, indem Sie uns in unseren sozialen Netzwerken folgen: <\/span><a href=\"https:\/\/www.facebook.com\/VapeAigleCH\" target=\"_blank\" rel=\"noopener\"><span style=\"vertical-align: inherit;\">Facebook<\/span><\/a><span style=\"vertical-align: inherit;\"> oder <\/span><a href=\"https:\/\/www.instagram.com\/vapotheque\" target=\"_blank\" rel=\"noopener\"><span style=\"vertical-align: inherit;\">Instagram<\/span><\/a><span style=\"vertical-align: inherit;\"> .<\/span><\/p>\n<\/div>\n<\/div>\n<\/div>\n<\/div>\n<\/div>\n<\/div>\n","protected":false},"excerpt":{"rendered":"<p>Vaping In Paris Silver Fox &#8211; Gefrorene Erdbeere SELS 10 ML E-Liquid \u2744\ufe0f: Ein Wirbelwind aus gefrorener Erdbeere f\u00fcr ein ultra-erfrischendes Dampfen! Sie tr\u00e4umen von einer reifen, s\u00fc\u00dfen Erdbeere, die im Mund mit einem Hauch von eisiger Frische explodiert? Vaping In Paris Silver Fox &#8211; Fraise Glac\u00e9e SELS 10 ML E-Liquide ist genau das Richtige [&hellip;]<\/p>\n","protected":false},"featured_media":43342,"template":"","meta":{"_acf_changed":false},"product_cat":[405,404,442,408,1629,1716],"product_tag":[],"class_list":{"0":"post-43952","1":"product","2":"type-product","3":"status-publish","4":"has-post-thumbnail","6":"product_brand-vaping-in-paris-de","7":"product_cat-e-liquids","8":"product_cat-fruchtig","9":"product_cat-hervorgehobene-produkte","10":"product_cat-lieferbar-innerhalb-von-24-stunden-de","11":"product_cat-10-ml-mit-nikotin","12":"product_cat-10ml-790-de","14":"first","15":"instock","16":"taxable","17":"shipping-taxable","18":"purchasable","19":"product-type-variable"},"acf":[],"jetpack_sharing_enabled":true,"_links":{"self":[{"href":"https:\/\/vapotheque.ch\/de\/wp-json\/wp\/v2\/product\/43952","targetHints":{"allow":["GET"]}}],"collection":[{"href":"https:\/\/vapotheque.ch\/de\/wp-json\/wp\/v2\/product"}],"about":[{"href":"https:\/\/vapotheque.ch\/de\/wp-json\/wp\/v2\/types\/product"}],"wp:featuredmedia":[{"embeddable":true,"href":"https:\/\/vapotheque.ch\/de\/wp-json\/wp\/v2\/media\/43342"}],"wp:attachment":[{"href":"https:\/\/vapotheque.ch\/de\/wp-json\/wp\/v2\/media?parent=43952"}],"wp:term":[{"taxonomy":"product_cat","embeddable":true,"href":"https:\/\/vapotheque.ch\/de\/wp-json\/wp\/v2\/product_cat?post=43952"},{"taxonomy":"product_tag","embeddable":true,"href":"https:\/\/vapotheque.ch\/de\/wp-json\/wp\/v2\/product_tag?post=43952"}],"curies":[{"name":"wp","href":"https:\/\/api.w.org\/{rel}","templated":true}]}}