{"id":43951,"date":"2025-02-05T16:10:38","date_gmt":"2025-02-05T15:10:38","guid":{"rendered":"https:\/\/vapotheque.ch\/boutique\/vaping-in-paris-silver-fox-gefrorene-banane-sels-10-ml-e-liquid\/"},"modified":"2025-02-05T16:10:38","modified_gmt":"2025-02-05T15:10:38","slug":"vaping-in-paris-silver-fox-gefrorene-banane-sels-10-ml-e-liquid","status":"publish","type":"product","link":"https:\/\/vapotheque.ch\/de\/shop\/vaping-in-paris-silver-fox-gefrorene-banane-sels-10-ml-e-liquid\/","title":{"rendered":"Vaping In Paris &#8211; Silver Fox &#8211; Gefrorene Banane SELS 10 ML E-Liquid"},"content":{"rendered":"<h2><strong>Vaping In Paris Silver Fox &#8211; Banana Iced SELS 10 ML E-Liquid \u2744\ufe0f: <\/strong><strong>Ein Hauch von tropischer Frische in jedem Zug!<\/strong><\/h2>\n<p>Sie dachten, Sie kennen die Banane? Das ist nicht wahr! Das <strong>Vaping In Paris Silver Fox &#8211; Banane Eis SELS 10 ML E-Liquid<\/strong> l\u00e4sst Sie diese mythische Frucht <strong>in<\/strong> einem ganz neuen Licht erscheinen: eine <strong>reife, s\u00fc\u00dfe und weiche Banane<\/strong>, die durch eine <strong>frostige Frische<\/strong> getwistet wird, die die Geschmacksknospen elektrisiert! \ufe0f\u2744\ufe0f   <\/p>\n<p>Jede Inhalation ist eine <strong>Kaskade von Aromen<\/strong>, wo die <strong>runde, s\u00fc\u00dfe Banane<\/strong> auf eine <strong>eisige Welle<\/strong> trifft. Das alles ohne k\u00fcnstliche S\u00fc\u00dfstoffe oder Coolada, nur <strong>die perfekte Balance<\/strong> zwischen Nat\u00fcrlichkeit und intensivem Genuss. <\/p>\n<hr>\n<h3><strong>Warum sollten Sie sich f\u00fcr das Vaping In Paris Silver Fox &#8211; Banane Eis SELS 10 ML E-Liquid entscheiden?<\/strong><\/h3>\n<p>\u2714 <strong>Eine ultrarealistische Banane<\/strong>: S\u00fc\u00df, leicht cremig, mit einer nat\u00fcrlichen s\u00fc\u00dfen Note.<br \/>\n\u2714 <strong>Ein subtiler, aber durchschlagender Frosteffekt<\/strong>: Keine aggressive Frische, sondern genau das Richtige, um die Frucht hervorzuheben. \u2744\ufe0f<br \/>\n\u2714 <strong>Eine saubere Zusammensetzung<\/strong>: <strong>100% pflanzliche Basis<\/strong>, ohne unn\u00f6tige Zusatzstoffe, f\u00fcr ein ges\u00fcnderes und authentischeres Dampfen.<br \/>\n\u2714 <strong>Eine Alternative zu Einweg-Puffs<\/strong>: Finden Sie <strong>den Genuss von Puffs<\/strong> wieder, mit <strong>einer Premium-Qualit\u00e4t und einem verantwortungsvolleren Format<\/strong>.<br \/>\n\u2714 <strong>Die Vorteile von Nikotinsalzen<\/strong>: <strong>Schnelle Absorption, sanfter Hals-Hit, sofortige Befriedigung<\/strong>. <\/p>\n<hr>\n<h3><strong>Technische Merkmale<\/strong><\/h3>\n<p><strong>PG\/VG: 50\/50<\/strong> &#8211; Ein perfektes Gleichgewicht zwischen Geschmack und Dampf.<br \/>\n<strong>Nikotinsalze<\/strong> &#8211; F\u00fcr ein weicheres und effektiveres Gef\u00fchl.<br \/>\n<strong>Kompatibel mit Pods und geeigneten Widerst\u00e4nden<\/strong> &#8211; Ein fl\u00fcssiges und schmackhaftes Dampfen bei jedem Zug.<\/p>\n<p><strong>Hinweise zur Verwendung<\/strong>:<br \/>\n\u2705 <strong>Empfohlene maximale Leistung:<\/strong> <strong>18-20W<\/strong>, um die Qualit\u00e4t der Nikotinsalze zu erhalten.<br \/>\n\u2705 <strong>Idealer Widerstand:<\/strong> <strong>1 Ohm oder mehr<\/strong> f\u00fcr einen weicheren Dampf und eine bessere Wiedergabe der Aromen.<\/p>\n<p>\ufe0f <strong>Sind Sie bereit f\u00fcr einen gefrosteten tropischen Wirbelwind?<\/strong> Testen Sie das <strong>Vaping In Paris Silver Fox &#8211; Gefrorene Banane SELS 10 ML E-Liquid<\/strong> und lassen Sie sich von dieser gefrorenen Banane verzaubern! \u2744\ufe0f <\/p>\n<p>&nbsp;<\/p>\n<p><strong><span style=\"vertical-align: inherit;\">Wichtig<\/span><\/strong><span style=\"vertical-align: inherit;\"> E-Liquid bereits nikotinisiert, verkauft in einer 10 ml Flasche.<\/span><\/p>\n<p class=\"class-fabrication\"><span style=\"vertical-align: inherit;\">Hergestellt in Frankreich; Dosierung MPGV\/GV: 50 % \/ 50 %. Passt sich an alle Arten von Ger\u00e4ten an. <\/span><\/p>\n<p><span style=\"vertical-align: inherit;\">Entdecken Sie weitere Produkte der Marke <\/span><a href=\"..\/marque\/vaping-in-paris\"><span style=\"vertical-align: inherit;\">Vaping in Paris<\/span><\/a><span style=\"vertical-align: inherit;\"> .<\/span><\/p>\n<p><span style=\"vertical-align: inherit;\">Erhalten Sie Rabatte oder die neuesten Informationen \u00fcber unsere Produkte, indem Sie uns in unseren sozialen Netzwerken folgen: <\/span><a href=\"https:\/\/www.facebook.com\/VapeAigleCH\" target=\"_blank\" rel=\"noopener\"><span style=\"vertical-align: inherit;\">Facebook<\/span><\/a><span style=\"vertical-align: inherit;\"> oder <\/span><a href=\"https:\/\/www.instagram.com\/vapotheque\" target=\"_blank\" rel=\"noopener\"><span style=\"vertical-align: inherit;\">Instagram<\/span><\/a><span style=\"vertical-align: inherit;\"> .<\/span><\/p>\n","protected":false},"excerpt":{"rendered":"<p>Vaping In Paris Silver Fox &#8211; Banana Iced SELS 10 ML E-Liquid \u2744\ufe0f: Ein Hauch von tropischer Frische in jedem Zug! Sie dachten, Sie kennen die Banane? Das ist nicht wahr! Das Vaping In Paris Silver Fox &#8211; Banane Eis SELS 10 ML E-Liquid l\u00e4sst Sie diese mythische Frucht in einem ganz neuen Licht erscheinen: [&hellip;]<\/p>\n","protected":false},"featured_media":43381,"template":"","meta":{"_acf_changed":false},"product_cat":[405,404,442,408,1629,1716],"product_tag":[],"class_list":{"0":"post-43951","1":"product","2":"type-product","3":"status-publish","4":"has-post-thumbnail","6":"product_brand-vaping-in-paris-de","7":"product_cat-e-liquids","8":"product_cat-fruchtig","9":"product_cat-hervorgehobene-produkte","10":"product_cat-lieferbar-innerhalb-von-24-stunden-de","11":"product_cat-10-ml-mit-nikotin","12":"product_cat-10ml-790-de","14":"first","15":"instock","16":"taxable","17":"shipping-taxable","18":"purchasable","19":"product-type-variable"},"acf":[],"jetpack_sharing_enabled":true,"_links":{"self":[{"href":"https:\/\/vapotheque.ch\/de\/wp-json\/wp\/v2\/product\/43951","targetHints":{"allow":["GET"]}}],"collection":[{"href":"https:\/\/vapotheque.ch\/de\/wp-json\/wp\/v2\/product"}],"about":[{"href":"https:\/\/vapotheque.ch\/de\/wp-json\/wp\/v2\/types\/product"}],"wp:featuredmedia":[{"embeddable":true,"href":"https:\/\/vapotheque.ch\/de\/wp-json\/wp\/v2\/media\/43381"}],"wp:attachment":[{"href":"https:\/\/vapotheque.ch\/de\/wp-json\/wp\/v2\/media?parent=43951"}],"wp:term":[{"taxonomy":"product_cat","embeddable":true,"href":"https:\/\/vapotheque.ch\/de\/wp-json\/wp\/v2\/product_cat?post=43951"},{"taxonomy":"product_tag","embeddable":true,"href":"https:\/\/vapotheque.ch\/de\/wp-json\/wp\/v2\/product_tag?post=43951"}],"curies":[{"name":"wp","href":"https:\/\/api.w.org\/{rel}","templated":true}]}}