{"id":43948,"date":"2025-02-05T13:39:54","date_gmt":"2025-02-05T12:39:54","guid":{"rendered":"https:\/\/vapotheque.ch\/boutique\/vaping-in-paris-silver-fox-gefrorene-wassermelone-e-liquid\/"},"modified":"2025-04-26T12:31:59","modified_gmt":"2025-04-26T10:31:59","slug":"vaping-in-paris-silver-fox-gefrorene-wassermelone-e-liquid","status":"publish","type":"product","link":"https:\/\/vapotheque.ch\/de\/shop\/vaping-in-paris-silver-fox-gefrorene-wassermelone-e-liquid\/","title":{"rendered":"Vaping In Paris &#8211; Silver Fox &#8211; Eisgek\u00fchlte Wassermelone E-Fl\u00fcssigkeit 50 ml \/ 75 ml"},"content":{"rendered":"<h3><strong>Verdampfen in Paris \u2013 Silver Fox Eisgek\u00fchlte \u2744\ufe0f Wassermelone<\/strong><\/h3>\n<p><strong>Eine Welle fruchtiger Frische, die den Sommer zum Schmelzen bringt!<\/strong><\/p>\n<p>Machen Sie sich bereit f\u00fcr einen Frischekick mit <strong>Iced Watermelon<\/strong> aus der Silver <strong>Fox-Reihe<\/strong> ! Stellen Sie sich eine saftige, sonnenverw\u00f6hnte Wassermelonenscheibe vor, die im Mund mit einer unwiderstehlichen s\u00fc\u00dfen S\u00fc\u00dfe platzt&#8230; Und gleich dahinter eine frostige Welle, die Ihren Gaumen umschmeichelt und den Genuss verl\u00e4ngert. <strong>Ein Zug und Sie werden mitten in den Sommer versetzt und nippen an einer frischen Granita unter Palmen!<\/strong><\/p>\n<p>Bei <strong>Vaping in Paris<\/strong> gibt es keinen Platz f\u00fcr Tricks: <strong>100% nat\u00fcrliche Aromen<\/strong>, eine <strong>100% pflanzliche Basis<\/strong>, <strong>keine S\u00fc\u00dfstoffe<\/strong>, nur <strong>die Authentizit\u00e4t einer ultra-realistischen, eisgek\u00fchlten Wassermelone<\/strong>.<\/p>\n<hr>\n<h3><strong>Warum eisgek\u00fchlte Wassermelone w\u00e4hlen?<\/strong><\/h3>\n<p>\u2714 <strong>Ultra saftiger Geschmack<\/strong> : Die s\u00fc\u00dfe, durstl\u00f6schende S\u00fc\u00dfe einer reifen Wassermelone.<br \/>\u2714 <strong>Ein nat\u00fcrlicher Frischeeffekt<\/strong> : Keine k\u00fcnstliche Coolada, nur ein ausgewogenes und angenehmes Eisgef\u00fchl.<br \/>\u2714 <strong>Ein gesunder und sauberer Dampf:<\/strong> Formel ohne \u00fcberfl\u00fcssige S\u00fc\u00dfstoffe oder Zusatzstoffe, mit <strong>100% nat\u00fcrlichen Aromen<\/strong>.<br \/>\u2714 <strong>Ein pufffreundliches Erlebnis<\/strong> : Die Silver <strong>Fox-Serie<\/strong> imitiert perfekt die Aromen von Einweg-Puffs und sorgt so f\u00fcr langanhaltenden Genuss.<br \/>\u2714 <strong>Eine 100% pflanzliche Basis<\/strong> : F\u00fcr ein sanfteres und respektvolleres Dampfen.<\/p>\n<hr>\n<h3><strong>Technische Merkmale<\/strong><\/h3>\n<p><strong>PG\/VG-Verh\u00e4ltnis: 50\/50<\/strong> \u2013 Eine perfekte Balance zwischen Zug, Geschmack und Dampfproduktion.<br \/><strong>Made in France<\/strong> \u2013 Premium-Qualit\u00e4t und raffinierte Aromen.<br \/><strong>50 ml \/ 75 ml Format<\/strong> \u2013 Nikotinschub nach Ihren Vorlieben.<\/p>\n<p><strong>Eisgek\u00fchlte Wassermelone<\/strong> ist <strong>der perfekte Verb\u00fcndete f\u00fcr hei\u00dfe Tage<\/strong>, ein ultra-erfrischender Atem, der Lust auf ein Bad fruchtiger Frische macht. \u2744\ufe0f<\/p>\n<p><strong>Sind Sie bereit, jeden Puff in einen unvergesslichen Sommermoment zu verwandeln?<\/strong><\/p>\n<\/p>\n<p><span style=\"vertical-align: inherit\">Hergestellt in Frankreich; MPGV\/GV-Dosierung: 50% \/ 50%. Passt sich jeder Art von Ausr\u00fcstung an. <\/span><\/p>\n<\/p>\n<p><span style=\"vertical-align: inherit\">Entdecken Sie die anderen Produkte der Marke Vaping <\/span><a href=\"..\/..\/marque\/vaping-in-paris\"><span style=\"vertical-align: inherit\">in Paris<\/span><\/a><span style=\"vertical-align: inherit\">.<\/span><\/p>\n<p><span style=\"vertical-align: inherit\">Erhalten Sie Rabatte oder die neuesten Informationen zu unseren Produkten, indem Sie uns in unseren sozialen Netzwerken folgen: <\/span><a href=\"https:\/\/www.facebook.com\/VapeAigleCH\" target=\"_blank\" rel=\"noopener\"><span style=\"vertical-align: inherit\">Facebook<\/span><\/a><span style=\"vertical-align: inherit\"> oder <\/span><a href=\"https:\/\/www.instagram.com\/vapotheque\/\" target=\"_blank\" rel=\"noopener\"><span style=\"vertical-align: inherit\">Instagram<\/span><\/a><span style=\"vertical-align: inherit\"> .<\/span><\/p>\n","protected":false},"excerpt":{"rendered":"<p>Verdampfen in Paris \u2013 Silver Fox Eisgek\u00fchlte \u2744\ufe0f Wassermelone Eine Welle fruchtiger Frische, die den Sommer zum Schmelzen bringt! Machen Sie sich bereit f\u00fcr einen Frischekick mit Iced Watermelon aus der Silver Fox-Reihe ! Stellen Sie sich eine saftige, sonnenverw\u00f6hnte Wassermelonenscheibe vor, die im Mund mit einer unwiderstehlichen s\u00fc\u00dfen S\u00fc\u00dfe platzt&#8230; Und gleich dahinter eine [&hellip;]<\/p>\n","protected":false},"featured_media":43339,"template":"","meta":{"_acf_changed":false},"product_cat":[405,404,442,408,1866,1686,1679],"product_tag":[],"class_list":{"0":"post-43948","1":"product","2":"type-product","3":"status-publish","4":"has-post-thumbnail","6":"product_brand-vaping-in-paris-de","7":"product_cat-e-liquids","8":"product_cat-fruchtig","9":"product_cat-hervorgehobene-produkte","10":"product_cat-lieferbar-innerhalb-von-24-stunden-de","11":"product_cat-silver-fox-50-ml-de","12":"product_cat-50-ml-fur-70-ml","13":"product_cat-menge-e-flussigkeit-kapazitat-flasche","15":"first","16":"instock","17":"taxable","18":"shipping-taxable","19":"purchasable","20":"product-type-simple"},"acf":[],"jetpack_sharing_enabled":true,"_links":{"self":[{"href":"https:\/\/vapotheque.ch\/de\/wp-json\/wp\/v2\/product\/43948","targetHints":{"allow":["GET"]}}],"collection":[{"href":"https:\/\/vapotheque.ch\/de\/wp-json\/wp\/v2\/product"}],"about":[{"href":"https:\/\/vapotheque.ch\/de\/wp-json\/wp\/v2\/types\/product"}],"wp:featuredmedia":[{"embeddable":true,"href":"https:\/\/vapotheque.ch\/de\/wp-json\/wp\/v2\/media\/43339"}],"wp:attachment":[{"href":"https:\/\/vapotheque.ch\/de\/wp-json\/wp\/v2\/media?parent=43948"}],"wp:term":[{"taxonomy":"product_cat","embeddable":true,"href":"https:\/\/vapotheque.ch\/de\/wp-json\/wp\/v2\/product_cat?post=43948"},{"taxonomy":"product_tag","embeddable":true,"href":"https:\/\/vapotheque.ch\/de\/wp-json\/wp\/v2\/product_tag?post=43948"}],"curies":[{"name":"wp","href":"https:\/\/api.w.org\/{rel}","templated":true}]}}