{"id":43946,"date":"2025-02-05T13:26:46","date_gmt":"2025-02-05T12:26:46","guid":{"rendered":"https:\/\/vapotheque.ch\/boutique\/vaping-in-paris-silver-fox-bubblegum-glace-e-liquide\/"},"modified":"2025-04-26T12:32:51","modified_gmt":"2025-04-26T10:32:51","slug":"vaping-in-paris-silver-fox-bubblegum-glace-e-liquide","status":"publish","type":"product","link":"https:\/\/vapotheque.ch\/de\/shop\/vaping-in-paris-silver-fox-bubblegum-glace-e-liquide\/","title":{"rendered":"Vaping In Paris &#8211; Silver Fox &#8211; Iced Bubblegum E-Liquid 50 ml \/ 75 ml"},"content":{"rendered":"<h3><strong>Verdampfen in Paris \u2013 Silver Fox Bubblegum Iced E-Liquid 50 ml \/ 75 ml \u2744\ufe0f<\/strong><\/h3>\n<p><strong>Eine R\u00fcckkehr in die Kindheit mit frostiger Frische!<\/strong><\/p>\n<p>Halten Sie sich fest, denn <strong>Iced Bubblegum<\/strong> aus der <strong>Silver Fox-Reihe<\/strong> wird Ihr inneres Kind mit einem ultra-realistischen Geschmack von s\u00fc\u00dfem Kaugummi wecken, der durch eine zarte Frische weicher wird, die Ihre Geschmacksknospen umh\u00fcllt! Stellen Sie sich das regressive und gierige Gef\u00fchl vor, wenn man stundenlang Erdbeer- oder Himbeer-Kaugummi kaut&#8230; Aber mit einem frostigen Twist, der es noch unwiderstehlicher macht! <\/p>\n<p>Mit diesem Rezept verspricht Ihnen <strong>Vaping in Paris<\/strong> ein <strong>s\u00fc\u00dfes und erfrischendes Erlebnis<\/strong>, ohne S\u00fc\u00dfstoffe oder k\u00fcnstliche Coolada. Nur <strong>der intensive Geschmack von Bubblegum<\/strong>, ausgeglichen durch einen Hauch von nat\u00fcrlicher Frische f\u00fcr ein peppiges und nostalgisches Dampfen. <\/p>\n<hr>\n<h3><strong>Warum Iced Bubblegum erliegen?<\/strong><\/h3>\n<p>\u2714 <strong>Ein lustiger und s\u00fcchtig machender Geschmack<\/strong> : Finden Sie den legend\u00e4ren Geschmack von Kaugummi, der durch eine eisige Note f\u00fcr ein noch intensiveres Gef\u00fchl verst\u00e4rkt wird.<br \/>\u2714 <strong>Ein sauberer und nat\u00fcrlicher Dampf<\/strong> : Keine S\u00fc\u00dfstoffe, keine \u00fcberfl\u00fcssigen chemischen Zus\u00e4tze, mit <strong>100% nat\u00fcrlichen Aromen<\/strong>.<br \/>\u2714 <strong>Realistische Haptik<\/strong> : Die <strong>Silver Fox-Reihe<\/strong> bildet die Aromen von Einweg-Puffs perfekt nach, f\u00fcr ein schmackhaftes und lang anhaltendes Erlebnis.<br \/>\u2714 <strong>Eine 100% pflanzliche Basis<\/strong> : Eine ges\u00fcndere Zusammensetzung f\u00fcr einen friedlichen Dampf.<\/p>\n<hr>\n<h3><strong>Technische Merkmale<\/strong><\/h3>\n<p><strong>PG\/VG-Verh\u00e4ltnis: 50\/50<\/strong> \u2013 Eine perfekte Balance zwischen Zug, Geschmack und Dampfproduktion.<br \/><strong>Made in France<\/strong> \u2013 Qualit\u00e4t und Know-how am Rendezvous.<br \/><strong>50 ml \/ 75 ml Format<\/strong> \u2013 Nikotinschub nach Ihren W\u00fcnschen.<\/p>\n<p><strong>Ein gefrorener Bubblegum, der Sie in Ihre Kindheitserinnerungen zur\u00fcckversetzt&#8230; mit einem ultra-frischen Effekt!<\/strong>  Bei jedem Einatmen erleben Sie diese s\u00fc\u00dfe und eisige Explosion, die Sie garantiert zum L\u00e4cheln bringt.<\/p>\n<p>\u2744\ufe0f <strong>Sind Sie bereit, die gr\u00f6\u00dfte Frischeblase zu pusten?<\/strong><\/p>\n<\/p>\n<p><span style=\"vertical-align: inherit\">Hergestellt in Frankreich; MPGV\/GV-Dosierung: 50% \/ 50%. Passt sich jeder Art von Ausr\u00fcstung an. <\/span><\/p>\n<\/p>\n<p><span style=\"vertical-align: inherit\">Entdecken Sie die anderen Produkte der Marke Vaping <\/span><a href=\"..\/..\/marque\/vaping-in-paris\"><span style=\"vertical-align: inherit\">in Paris<\/span><\/a><span style=\"vertical-align: inherit\">.<\/span><\/p>\n<p><span style=\"vertical-align: inherit\">Erhalten Sie Rabatte oder die neuesten Informationen zu unseren Produkten, indem Sie uns in unseren sozialen Netzwerken folgen: <\/span><a href=\"https:\/\/www.facebook.com\/VapeAigleCH\" target=\"_blank\" rel=\"noopener\"><span style=\"vertical-align: inherit\">Facebook<\/span><\/a><span style=\"vertical-align: inherit\"> oder <\/span><a href=\"https:\/\/www.instagram.com\/vapotheque\/\" target=\"_blank\" rel=\"noopener\"><span style=\"vertical-align: inherit\">Instagram<\/span><\/a><span style=\"vertical-align: inherit\"> .<\/span><\/p>\n","protected":false},"excerpt":{"rendered":"<p>Verdampfen in Paris \u2013 Silver Fox Bubblegum Iced E-Liquid 50 ml \/ 75 ml \u2744\ufe0f Eine R\u00fcckkehr in die Kindheit mit frostiger Frische! Halten Sie sich fest, denn Iced Bubblegum aus der Silver Fox-Reihe wird Ihr inneres Kind mit einem ultra-realistischen Geschmack von s\u00fc\u00dfem Kaugummi wecken, der durch eine zarte Frische weicher wird, die Ihre [&hellip;]<\/p>\n","protected":false},"featured_media":43336,"template":"","meta":{"_acf_changed":false},"product_cat":[405,404,442,408,1866,1686,1679],"product_tag":[],"class_list":{"0":"post-43946","1":"product","2":"type-product","3":"status-publish","4":"has-post-thumbnail","6":"product_brand-vaping-in-paris-de","7":"product_cat-e-liquids","8":"product_cat-fruchtig","9":"product_cat-hervorgehobene-produkte","10":"product_cat-lieferbar-innerhalb-von-24-stunden-de","11":"product_cat-silver-fox-50-ml-de","12":"product_cat-50-ml-fur-70-ml","13":"product_cat-menge-e-flussigkeit-kapazitat-flasche","15":"first","16":"instock","17":"taxable","18":"shipping-taxable","19":"purchasable","20":"product-type-simple"},"acf":[],"jetpack_sharing_enabled":true,"_links":{"self":[{"href":"https:\/\/vapotheque.ch\/de\/wp-json\/wp\/v2\/product\/43946","targetHints":{"allow":["GET"]}}],"collection":[{"href":"https:\/\/vapotheque.ch\/de\/wp-json\/wp\/v2\/product"}],"about":[{"href":"https:\/\/vapotheque.ch\/de\/wp-json\/wp\/v2\/types\/product"}],"wp:featuredmedia":[{"embeddable":true,"href":"https:\/\/vapotheque.ch\/de\/wp-json\/wp\/v2\/media\/43336"}],"wp:attachment":[{"href":"https:\/\/vapotheque.ch\/de\/wp-json\/wp\/v2\/media?parent=43946"}],"wp:term":[{"taxonomy":"product_cat","embeddable":true,"href":"https:\/\/vapotheque.ch\/de\/wp-json\/wp\/v2\/product_cat?post=43946"},{"taxonomy":"product_tag","embeddable":true,"href":"https:\/\/vapotheque.ch\/de\/wp-json\/wp\/v2\/product_tag?post=43946"}],"curies":[{"name":"wp","href":"https:\/\/api.w.org\/{rel}","templated":true}]}}