{"id":43943,"date":"2025-02-05T14:57:13","date_gmt":"2025-02-05T13:57:13","guid":{"rendered":"https:\/\/vapotheque.ch\/boutique\/vaping-in-paris-silver-fox-dragon-litchi-sels-10-ml-e-liquide\/"},"modified":"2025-02-05T14:57:13","modified_gmt":"2025-02-05T13:57:13","slug":"vaping-in-paris-silver-fox-dragon-litchi-sels-10-ml-e-liquide","status":"publish","type":"product","link":"https:\/\/vapotheque.ch\/de\/shop\/vaping-in-paris-silver-fox-dragon-litchi-sels-10-ml-e-liquide\/","title":{"rendered":"Vaping In Paris &#8211; Silver Fox &#8211; Dragon Litchi SELS 10 ML E-Liquide"},"content":{"rendered":"<h2><strong>Vaping In Paris Silver Fox &#8211; Dragon Litchi SELS 10 ML E-Liquid \u2744\ufe0f: <\/strong><strong>Ein exotischer Wirbelwind zwischen S\u00fc\u00dfe und Nervenkitzel!<\/strong><\/h2>\n<p>\u2728 <strong>Vaping In Paris Silver Fox &#8211; Dragon Litchi SELS 10 ML E-Liquid<\/strong> ist ein E-Liquid mit Nikotinsalz, das f\u00fcr Liebhaber von intensiven, ausgewogenen und ultra-realistischen Aromen entwickelt wurde. Lassen Sie sich von einem <strong>bet\u00f6renden Dampfen<\/strong> mitrei\u00dfen, in dem die<strong>Exotik der Drachenfrucht<\/strong> auf die s\u00fc\u00dfe und blumige Eleganz der <strong>Litschi<\/strong> trifft, umh\u00fcllt von einer <strong>frostigen Frische<\/strong>, die Ihre Geschmacksknospen weckt! <\/p>\n<p>Jeder Zug ist eine <strong>wahre Reise der Sinne<\/strong>: eine unwiderstehliche fruchtige S\u00fc\u00dfe, gefolgt von einem <strong>belebenden Gef\u00fchl der Frische<\/strong>, perfekt f\u00fcr ein leichtes und intensives Dampfen!<\/p>\n<hr>\n<h3><strong>Warum sollten Sie Vaping In Paris Silver Fox &#8211; Dragon Litchi SELS 10 ML E-Liquide kaufen?<\/strong><\/h3>\n<p>\u2714 <strong>Ein exotisches, s\u00fcchtig machendes Fruchtduo<\/strong>: Der einzigartige Geschmack der <strong>Drachenfrucht<\/strong> verschmilzt mit <strong>Litschi<\/strong> zu einer Geschmacksexplosion im Mund.<br \/>\n\u2714 <strong>Ein kontrollierter Frosteffekt<\/strong>: Eine pr\u00e4sente, aber nat\u00fcrliche Frische, <strong>ohne k\u00fcnstliche Coolada<\/strong> oder Exzesse.<br \/>\n\u2714 <strong>Premium-Qualit\u00e4t<\/strong>: <strong>Ohne S\u00fc\u00dfstoffe oder unn\u00f6tige Zusatzstoffe<\/strong>, mit einer <strong>100% pflanzlichen Basis<\/strong> und <strong>nat\u00fcrlichen Aromen<\/strong> f\u00fcr ein ges\u00fcnderes Dampfen.<br \/>\n\u2714 <strong>Die Erfahrung von Puffs, aber in einer E-Liquid-Version<\/strong>: Genie\u00dfen Sie die <strong>gleiche Art von starkem Aroma<\/strong>, aber mit <strong>besserer Qualit\u00e4t und einer langlebigeren Alternative<\/strong>!<br \/>\n\u2714 <strong>Die Vorteile von Nikotinsalzen<\/strong>: Ein <strong>weicherer Rachenhit<\/strong>, eine <strong>schnelle Assimilation<\/strong> und <strong>sofortige Befriedigung<\/strong>, ideal f\u00fcr eine wirksame Entw\u00f6hnung.<\/p>\n<hr>\n<h3><strong>Technische Merkmale<\/strong><\/h3>\n<p><strong>PG\/VG: 50\/50<\/strong> &#8211; Ein perfektes Gleichgewicht zwischen aromatischer Intensit\u00e4t und Dampfentwicklung.<br \/>\n<strong>Nikotinsalze<\/strong> &#8211; F\u00fcr eine schnelle Absorption und einen unvergleichlichen Dampfkomfort.<br \/>\n<strong>Kompatibel mit Pods und geeigneten Widerst\u00e4nden<\/strong> &#8211; F\u00fcr eine optimale Geschmackswiedergabe.<\/p>\n<p><strong>Hinweise zur Verwendung<\/strong>:<br \/>\n\u2705 <strong>Empfohlene Leistung:<\/strong> \u00dcberschreiten Sie nicht <strong>18-20W<\/strong>, um die Qualit\u00e4t der Nikotinsalze zu erhalten.<br \/>\n\u2705 <strong>Idealer Widerstand:<\/strong> <strong>1 Ohm oder mehr<\/strong> f\u00fcr einen weichen Dampf und eine optimale aromatische Intensit\u00e4t.<\/p>\n<p>\ufe0f <strong>Brauchen Sie einen Hauch von eisiger Exotik?<\/strong> Testen Sie das <strong>Vaping In Paris Silver Fox &#8211; Dragon Litchi SELS 10 ML E-Liquide<\/strong> und lassen Sie diese <strong>frostige tropische Fusion<\/strong> Ihre Geschmacksknospen in ferne L\u00e4nder entf\u00fchren! \u2744\ufe0f\u2728 <\/p>\n<p>&nbsp;<\/p>\n<p><strong><span style=\"vertical-align: inherit;\">Wichtig<\/span><\/strong><span style=\"vertical-align: inherit;\"> E-Liquid bereits nikotinisiert, verkauft in einer 10 ml Flasche.<\/span><\/p>\n<p class=\"class-fabrication\"><span style=\"vertical-align: inherit;\">Hergestellt in Frankreich; Dosierung MPGV\/GV: 50 % \/ 50 %. Passt sich an alle Arten von Ger\u00e4ten an. <\/span><\/p>\n<p><span style=\"vertical-align: inherit;\">Entdecken Sie weitere Produkte der Marke <\/span><a href=\"..\/marque\/vaping-in-paris\"><span style=\"vertical-align: inherit;\">Vaping in Paris<\/span><\/a><span style=\"vertical-align: inherit;\"> .<\/span><\/p>\n<p><span style=\"vertical-align: inherit;\">Erhalten Sie Rabatte oder die neuesten Informationen \u00fcber unsere Produkte, indem Sie uns in unseren sozialen Netzwerken folgen: <\/span><a href=\"https:\/\/www.facebook.com\/VapeAigleCH\" target=\"_blank\" rel=\"noopener\"><span style=\"vertical-align: inherit;\">Facebook<\/span><\/a><span style=\"vertical-align: inherit;\"> oder <\/span><a href=\"https:\/\/www.instagram.com\/vapotheque\" target=\"_blank\" rel=\"noopener\"><span style=\"vertical-align: inherit;\">Instagram<\/span><\/a><span style=\"vertical-align: inherit;\"> .<\/span><\/p>\n","protected":false},"excerpt":{"rendered":"<p>Vaping In Paris Silver Fox &#8211; Dragon Litchi SELS 10 ML E-Liquid \u2744\ufe0f: Ein exotischer Wirbelwind zwischen S\u00fc\u00dfe und Nervenkitzel! \u2728 Vaping In Paris Silver Fox &#8211; Dragon Litchi SELS 10 ML E-Liquid ist ein E-Liquid mit Nikotinsalz, das f\u00fcr Liebhaber von intensiven, ausgewogenen und ultra-realistischen Aromen entwickelt wurde. Lassen Sie sich von einem bet\u00f6renden [&hellip;]<\/p>\n","protected":false},"featured_media":43361,"template":"","meta":{"_acf_changed":false},"product_cat":[405,404,442,408,1629,1716],"product_tag":[],"class_list":{"0":"post-43943","1":"product","2":"type-product","3":"status-publish","4":"has-post-thumbnail","6":"product_brand-vaping-in-paris-de","7":"product_cat-e-liquids","8":"product_cat-fruchtig","9":"product_cat-hervorgehobene-produkte","10":"product_cat-lieferbar-innerhalb-von-24-stunden-de","11":"product_cat-10-ml-mit-nikotin","12":"product_cat-10ml-790-de","14":"first","15":"instock","16":"taxable","17":"shipping-taxable","18":"purchasable","19":"product-type-variable"},"acf":[],"jetpack_sharing_enabled":true,"_links":{"self":[{"href":"https:\/\/vapotheque.ch\/de\/wp-json\/wp\/v2\/product\/43943","targetHints":{"allow":["GET"]}}],"collection":[{"href":"https:\/\/vapotheque.ch\/de\/wp-json\/wp\/v2\/product"}],"about":[{"href":"https:\/\/vapotheque.ch\/de\/wp-json\/wp\/v2\/types\/product"}],"wp:featuredmedia":[{"embeddable":true,"href":"https:\/\/vapotheque.ch\/de\/wp-json\/wp\/v2\/media\/43361"}],"wp:attachment":[{"href":"https:\/\/vapotheque.ch\/de\/wp-json\/wp\/v2\/media?parent=43943"}],"wp:term":[{"taxonomy":"product_cat","embeddable":true,"href":"https:\/\/vapotheque.ch\/de\/wp-json\/wp\/v2\/product_cat?post=43943"},{"taxonomy":"product_tag","embeddable":true,"href":"https:\/\/vapotheque.ch\/de\/wp-json\/wp\/v2\/product_tag?post=43943"}],"curies":[{"name":"wp","href":"https:\/\/api.w.org\/{rel}","templated":true}]}}