{"id":43942,"date":"2025-02-05T12:26:19","date_gmt":"2025-02-05T11:26:19","guid":{"rendered":"https:\/\/vapotheque.ch\/boutique\/vaping-in-paris-silver-fox-gefrorene-banane-e-liquid\/"},"modified":"2025-04-26T12:33:39","modified_gmt":"2025-04-26T10:33:39","slug":"vaping-in-paris-silver-fox-gefrorene-banane-e-liquid","status":"publish","type":"product","link":"https:\/\/vapotheque.ch\/de\/shop\/vaping-in-paris-silver-fox-gefrorene-banane-e-liquid\/","title":{"rendered":"Vaping In Paris &#8211; Silver Fox &#8211; Banane Iced E-Fl\u00fcssigkeit 50 ml \/ 75 ml"},"content":{"rendered":"<h3><strong>Verdampfen in Paris \u2013 Silver Fox Iced Banana E-Liquid 50 ml \/ 75 ml \u2744\ufe0f<\/strong><\/h3>\n<p><strong>Ein frostiger Wirbelsturm der Gier!<\/strong> \ufe0f<\/p>\n<p>Machen Sie sich bereit f\u00fcr ein <strong>100% nat\u00fcrliches<\/strong> Frost-Erlebnis, bei dem sich die unwiderstehliche S\u00fc\u00dfe reifer Bananen mit exquisiter Frische f\u00fcr einen \u00e4u\u00dferst beruhigenden Effekt verbindet. Mit der <strong>Frozen Banana<\/strong> aus der <strong>Silver Fox-Reihe<\/strong> entf\u00fchrt Sie jeder Zug in eine Wolke aus fruchtigen, weichen und erfrischenden Aromen. <\/p>\n<p>Stellen Sie sich eine zartschmelzende Banane vor, die genau richtig ges\u00fc\u00dft ist, direkt aus dem Gefrierschrank kommt und bereit ist, Ihnen ein <strong>intensives Eisvergn\u00fcgen<\/strong> zu bieten. Keine S\u00fc\u00dfstoffe, kein k\u00fcnstlicher Koolada, nur der echte Bananengeschmack mit einer Welle nat\u00fcrlicher Frische! <\/p>\n<hr>\n<h3><strong>Warum Iced Banana w\u00e4hlen?<\/strong><\/h3>\n<p>\u2714 <strong>Eine Geschmacksexplosion<\/strong> : Eine perfekte Balance zwischen der S\u00fc\u00dfe der Banane und einer ausgewogenen Frische.<br \/>\u2714 <strong>Eine saubere und hochwertige Komposition<\/strong> : Keine S\u00fc\u00dfstoffe, keine \u00fcberfl\u00fcssigen Zusatzstoffe, mit <strong>100% nat\u00fcrlichen Aromen<\/strong>.<br \/>\u2714 <strong>Eine authentische Sensation<\/strong> : Die Silver <strong>Fox-Serie<\/strong> bildet die Aromen von Einweg-Puffs originalgetreu nach, aber in einer qualitativeren und nachf\u00fcllbaren Version.<br \/>\u2714 <strong>Eine 100% pflanzliche Basis<\/strong> : Ein reinerer Dampf, der Ihre Erwartungen respektiert.<\/p>\n<hr>\n<h3><strong>Die technischen Merkmale<\/strong><\/h3>\n<p><strong>PG\/VG-Verh\u00e4ltnis: 50\/50<\/strong> \u2013 Eine perfekte Balance zwischen Zug, Geschmack und Dampfproduktion.<br \/><strong>Made in France<\/strong> \u2013 Eine Garantie f\u00fcr Qualit\u00e4t und Exzellenz.<br \/><strong>50 ml \/ 75 ml Format<\/strong> \u2013 Nikotinschub nach Ihren Vorlieben.<\/p>\n<p><strong>Eine fruchtige und frostige Wolke, die man ohne M\u00e4\u00dfigung genie\u00dfen kann!<\/strong> Egal, ob Sie ein Fan von Z\u00fcgen sind oder einfach nur auf der Suche nach einem ultrarealistischen und erfrischenden E-Liquid sind, <strong>Iced Banana wird<\/strong> Sie von der ersten Inhalation an verf\u00fchren.<\/p>\n<p>\ufe0f <strong>Sind Sie bereit f\u00fcr eine vereiste Banane, die nicht an Pep fehlt?<\/strong><\/p>\n<\/p>\n<p><span style=\"vertical-align: inherit\">Hergestellt in Frankreich; MPGV\/GV-Dosierung: 50% \/ 50%. Passt sich jeder Art von Ausr\u00fcstung an. <\/span><\/p>\n<\/p>\n<p><span style=\"vertical-align: inherit\">Entdecken Sie die anderen Produkte der Marke Vaping <\/span><a href=\"..\/..\/marque\/vaping-in-paris\"><span style=\"vertical-align: inherit\">in Paris<\/span><\/a><span style=\"vertical-align: inherit\">.<\/span><\/p>\n<p><span style=\"vertical-align: inherit\">Erhalten Sie Rabatte oder die neuesten Informationen zu unseren Produkten, indem Sie uns in unseren sozialen Netzwerken folgen: <\/span><a href=\"https:\/\/www.facebook.com\/VapeAigleCH\" target=\"_blank\" rel=\"noopener\"><span style=\"vertical-align: inherit\">Facebook<\/span><\/a><span style=\"vertical-align: inherit\"> oder <\/span><a href=\"https:\/\/www.instagram.com\/vapotheque\/\" target=\"_blank\" rel=\"noopener\"><span style=\"vertical-align: inherit\">Instagram<\/span><\/a><span style=\"vertical-align: inherit\"> .<\/span><\/p>\n","protected":false},"excerpt":{"rendered":"<p>Verdampfen in Paris \u2013 Silver Fox Iced Banana E-Liquid 50 ml \/ 75 ml \u2744\ufe0f Ein frostiger Wirbelsturm der Gier! \ufe0f Machen Sie sich bereit f\u00fcr ein 100% nat\u00fcrliches Frost-Erlebnis, bei dem sich die unwiderstehliche S\u00fc\u00dfe reifer Bananen mit exquisiter Frische f\u00fcr einen \u00e4u\u00dferst beruhigenden Effekt verbindet. Mit der Frozen Banana aus der Silver Fox-Reihe [&hellip;]<\/p>\n","protected":false},"featured_media":43332,"template":"","meta":{"_acf_changed":false},"product_cat":[405,404,442,408,1866,1686,1679],"product_tag":[],"class_list":{"0":"post-43942","1":"product","2":"type-product","3":"status-publish","4":"has-post-thumbnail","6":"product_brand-vaping-in-paris-de","7":"product_cat-e-liquids","8":"product_cat-fruchtig","9":"product_cat-hervorgehobene-produkte","10":"product_cat-lieferbar-innerhalb-von-24-stunden-de","11":"product_cat-silver-fox-50-ml-de","12":"product_cat-50-ml-fur-70-ml","13":"product_cat-menge-e-flussigkeit-kapazitat-flasche","15":"first","16":"instock","17":"taxable","18":"shipping-taxable","19":"purchasable","20":"product-type-simple"},"acf":[],"jetpack_sharing_enabled":true,"_links":{"self":[{"href":"https:\/\/vapotheque.ch\/de\/wp-json\/wp\/v2\/product\/43942","targetHints":{"allow":["GET"]}}],"collection":[{"href":"https:\/\/vapotheque.ch\/de\/wp-json\/wp\/v2\/product"}],"about":[{"href":"https:\/\/vapotheque.ch\/de\/wp-json\/wp\/v2\/types\/product"}],"wp:featuredmedia":[{"embeddable":true,"href":"https:\/\/vapotheque.ch\/de\/wp-json\/wp\/v2\/media\/43332"}],"wp:attachment":[{"href":"https:\/\/vapotheque.ch\/de\/wp-json\/wp\/v2\/media?parent=43942"}],"wp:term":[{"taxonomy":"product_cat","embeddable":true,"href":"https:\/\/vapotheque.ch\/de\/wp-json\/wp\/v2\/product_cat?post=43942"},{"taxonomy":"product_tag","embeddable":true,"href":"https:\/\/vapotheque.ch\/de\/wp-json\/wp\/v2\/product_tag?post=43942"}],"curies":[{"name":"wp","href":"https:\/\/api.w.org\/{rel}","templated":true}]}}