{"id":43939,"date":"2025-02-05T12:11:32","date_gmt":"2025-02-05T11:11:32","guid":{"rendered":"https:\/\/vapotheque.ch\/boutique\/vaping-in-paris-california-breeze-e-liquid\/"},"modified":"2025-04-26T12:35:48","modified_gmt":"2025-04-26T10:35:48","slug":"vaping-in-paris-california-breeze-e-liquid","status":"publish","type":"product","link":"https:\/\/vapotheque.ch\/de\/shop\/vaping-in-paris-california-breeze-e-liquid\/","title":{"rendered":"Verdampfen in Paris &#8211; California Breeze E-Fl\u00fcssigkeit 50 ml \/ 75 ml"},"content":{"rendered":"<h3><strong>Dampfen in Paris \u2013 CALIFORNIA BREEZE \u2744\ufe0f<\/strong><\/h3>\n<p>\u2600\ufe0f <strong>Ein Hauch frischer Luft von der Westk\u00fcste!<\/strong><\/p>\n<p>Atmen Sie tief ein und lassen Sie sich von <strong>California Breeze<\/strong> mitrei\u00dfen, einem E-Liquid, das den freien und erfrischenden Geist der kalifornischen Str\u00e4nde einf\u00e4ngt. Stellen Sie sich vor, Sie sitzen am Steuer eines Cabriolets, die Haare im Wind, und fahren den mythischen Pacific Coast Highway entlang&#8230; Mit jedem Zug streichelt ein <strong>helles klassisches Blond<\/strong> Ihren Gaumen, unmittelbar gefolgt von einer <strong>Welle frischer Minze<\/strong> , die Ihnen ein Gef\u00fchl von absoluter Freiheit vermittelt. <\/p>\n<hr>\n<h3><strong>Warum sollten Sie sich in California Breeze verlieben?<\/strong><\/h3>\n<p>\u2714 <strong>Ein weicher Klassiker<\/strong> : Ein helles und ausgewogenes Blond, perfekt f\u00fcr den t\u00e4glichen Dampf.<br \/>\u2714 <strong>Eine belebende Minze<\/strong> : Eine frische und belebende Note, die die Geschmacksknospen weckt.<br \/>\u2714 <strong>Eine saubere Komposition<\/strong> : <strong>Keine S\u00fc\u00dfstoffe, keine synthetischen Zusatzstoffe<\/strong>, auf <strong>100% pflanzlicher<\/strong> Basis und nat\u00fcrlichen franz\u00f6sischen Aromen.<\/p>\n<hr>\n<h3><strong>Ein Premium-E-Liquid, ein reines Erlebnis  <\/strong><\/h3>\n<p>Mit <strong>California Breeze<\/strong> beweist Vaping in Paris einmal mehr sein Engagement f\u00fcr au\u00dfergew\u00f6hnliche E-Liquids, die <strong>ohne \u00dcberfl\u00fcssiges<\/strong> und mit streng ausgew\u00e4hlten Inhaltsstoffen entwickelt wurden.<\/p>\n<p><strong>PG\/VG-Verh\u00e4ltnis: 50\/50<\/strong> \u2013 Eine perfekte Balance zwischen Zug und Dampfproduktion.<br \/><strong>Format: 50 ml \/ 75 ml <\/strong>\u2013 Boostbar, um den gew\u00fcnschten Nikotingehalt zu erreichen.<br \/><strong>Made in France<\/strong> \u2013 Qualit\u00e4t, Authentizit\u00e4t und Genuss garantiert.<\/p>\n<hr>\n<h3><strong>Sind Sie bereit, die kalifornische Brise zu sp\u00fcren?  <\/strong><\/h3>\n<p>Egal, ob Du ein Fan von <strong>klassischer Minze<\/strong> bist oder auf der Suche nach einem leichten und erfrischenden Dampf bist, <strong>California Breeze<\/strong> ist hier, um einen Hauch von Coolness in Deinen Alltag zu bringen.<\/p>\n<p><strong>Nehmen Sie den k\u00fchlen Weg und lassen Sie sich vom Wind des Pazifiks tragen!<\/strong><\/p>\n","protected":false},"excerpt":{"rendered":"<p>Dampfen in Paris \u2013 CALIFORNIA BREEZE \u2744\ufe0f \u2600\ufe0f Ein Hauch frischer Luft von der Westk\u00fcste! Atmen Sie tief ein und lassen Sie sich von California Breeze mitrei\u00dfen, einem E-Liquid, das den freien und erfrischenden Geist der kalifornischen Str\u00e4nde einf\u00e4ngt. Stellen Sie sich vor, Sie sitzen am Steuer eines Cabriolets, die Haare im Wind, und fahren [&hellip;]<\/p>\n","protected":false},"featured_media":43329,"template":"","meta":{"_acf_changed":false},"product_cat":[405,442,403,1686,1679],"product_tag":[],"class_list":{"0":"post-43939","1":"product","2":"type-product","3":"status-publish","4":"has-post-thumbnail","6":"product_brand-vaping-in-paris-de","7":"product_cat-e-liquids","8":"product_cat-hervorgehobene-produkte","9":"product_cat-tabak","10":"product_cat-50-ml-fur-70-ml","11":"product_cat-menge-e-flussigkeit-kapazitat-flasche","13":"first","14":"instock","15":"taxable","16":"shipping-taxable","17":"purchasable","18":"product-type-simple"},"acf":[],"jetpack_sharing_enabled":true,"_links":{"self":[{"href":"https:\/\/vapotheque.ch\/de\/wp-json\/wp\/v2\/product\/43939","targetHints":{"allow":["GET"]}}],"collection":[{"href":"https:\/\/vapotheque.ch\/de\/wp-json\/wp\/v2\/product"}],"about":[{"href":"https:\/\/vapotheque.ch\/de\/wp-json\/wp\/v2\/types\/product"}],"wp:featuredmedia":[{"embeddable":true,"href":"https:\/\/vapotheque.ch\/de\/wp-json\/wp\/v2\/media\/43329"}],"wp:attachment":[{"href":"https:\/\/vapotheque.ch\/de\/wp-json\/wp\/v2\/media?parent=43939"}],"wp:term":[{"taxonomy":"product_cat","embeddable":true,"href":"https:\/\/vapotheque.ch\/de\/wp-json\/wp\/v2\/product_cat?post=43939"},{"taxonomy":"product_tag","embeddable":true,"href":"https:\/\/vapotheque.ch\/de\/wp-json\/wp\/v2\/product_tag?post=43939"}],"curies":[{"name":"wp","href":"https:\/\/api.w.org\/{rel}","templated":true}]}}