{"id":43938,"date":"2025-02-05T14:20:24","date_gmt":"2025-02-05T13:20:24","guid":{"rendered":"https:\/\/vapotheque.ch\/boutique\/vaping-in-paris-silver-fox-dragon-corossol-sels-10-ml-e-liquide\/"},"modified":"2025-02-05T14:20:24","modified_gmt":"2025-02-05T13:20:24","slug":"vaping-in-paris-silver-fox-dragon-corossol-sels-10-ml-e-liquide","status":"publish","type":"product","link":"https:\/\/vapotheque.ch\/de\/shop\/vaping-in-paris-silver-fox-dragon-corossol-sels-10-ml-e-liquide\/","title":{"rendered":"Vaping In Paris &#8211; Silver Fox &#8211; Dragon Corossol SELS 10 ML E-Liquide"},"content":{"rendered":"<h2><strong>Vaping In Paris Silver Fox &#8211; Dragon Corossol SELS 10 ML E-Liquid \u2744\ufe0f: <\/strong><strong>Eine frostige tropische Explosion f\u00fcr ein au\u00dfergew\u00f6hnliches Dampfen!<\/strong><\/h2>\n<p>Tauchen Sie ein in ein <strong>exotisches und eisiges Abenteuer<\/strong> mit dem <strong>Vaping In Paris Silver Fox &#8211; Dragon Corossol SELS 10 ML E-Liquide<\/strong>! \u2728 Stellen Sie sich die s\u00fc\u00dfe S\u00fc\u00dfe der <strong>Drachenfrucht<\/strong> vor, ein Juwel mit zart blumigen Noten, kombiniert mit der tropischen Intensit\u00e4t der <strong>Corossol<\/strong>, einer Frucht mit einem s\u00fc\u00dfen und leicht s\u00e4uerlichen Geschmack, verfeinert durch eine <strong>Welle der Frische<\/strong>, die die Geschmacksknospen weckt! Ein explosiver <strong>, fruchtiger und erfrischender<\/strong> Cocktail f\u00fcr Liebhaber intensiver Empfindungen. \u2744\ufe0f   <\/p>\n<p><strong>Jeder Zug ist eine Einladung zu einer Reise<\/strong>: eine Explosion von tropischen Fr\u00fcchten auf einem Eisbett, die jede Inhalation zu einem reinen Genussmoment macht.<\/p>\n<hr>\n<h3><strong>Warum sollten Sie sich f\u00fcr die Vaping In Paris Silver Fox &#8211; Dragon Corossol SELS 10 ML E-Liquide entscheiden?<\/strong><\/h3>\n<p>\u2714 <strong>Ein einzigartiges Fruchtduo<\/strong>: Eine magische Verbindung von Drachenfrucht und Korossol f\u00fcr ein exotisches Dampferlebnis.<br \/>\n\u2714 <strong>Ausgewogene Frische<\/strong>: Keine k\u00fcnstliche Coolada, nur ein nat\u00fcrliches, perfekt dosiertes Frostgef\u00fchl.<br \/>\n\u2714 <strong>Eine ges\u00fcndere e-Fl\u00fcssigkeit<\/strong>: <strong>Ohne unn\u00f6tige S\u00fc\u00dfstoffe oder Zusatzstoffe<\/strong>, mit einer <strong>100% pflanzlichen Basis<\/strong>.<br \/>\n\u2714 <strong>Inspiriert von Puffs, aber besser!<\/strong>: Die <strong>Silver Fox Salt<\/strong> Serie reproduziert die intensiven Aromen von Einweg-Puffs, mit besserer Qualit\u00e4t und einer langlebigeren Alternative.<br \/>\n\u2714 <strong>Die Vorteile von Nikotinsalzen<\/strong>: Schnelle Absorption, sanfterer Kehlkopfhit und sofortige Befriedigung f\u00fcr ein effizientes und angenehmes Dampfen.<\/p>\n<hr>\n<h3><strong>Technische Merkmale<\/strong><\/h3>\n<p><strong>PG\/VG: 50\/50<\/strong> &#8211; Ein perfektes Gleichgewicht zwischen Geschmack und Dampfentwicklung.<br \/>\n<strong>Nikotinsalze<\/strong> &#8211; F\u00fcr eine schnelle Assimilation und einen optimalen Dampfkomfort.<br \/>\n<strong>Kompatibel mit den richtigen Pods und Widerst\u00e4nden<\/strong> &#8211; F\u00fcr ein au\u00dfergew\u00f6hnliches Aroma.<\/p>\n<p><strong>Hinweise zur Verwendung<\/strong>:<br \/>\n\u2705 <strong>Empfohlene Leistung:<\/strong> \u00dcberschreiten Sie nicht <strong>18-20 W<\/strong>, um die Qualit\u00e4t der Nikotinsalze zu erhalten.<br \/>\n\u2705 <strong>Idealer Widerstand:<\/strong> <strong>1 Ohm oder mehr<\/strong> f\u00fcr ein sanfteres Dampfen und eine optimale aromatische Intensit\u00e4t.<\/p>\n<p>\ufe0f <strong>Lust auf einen Hauch von tropischer Frische?<\/strong> Lassen Sie sich von dem <strong>Vaping In Paris Silver Fox &#8211; Dragon Corossol SELS 10 ML E-Liquid<\/strong> verf\u00fchren und verwandeln Sie jeden Zug in eine <strong>exotische und gefrostete Reise<\/strong>! \u2744\ufe0f\u2728<\/p>\n<p>&nbsp;<\/p>\n<p><strong><span style=\"vertical-align: inherit;\">Wichtig<\/span><\/strong><span style=\"vertical-align: inherit;\"> E-Liquid bereits nikotinisiert, verkauft in einer 10 ml Flasche.<\/span><\/p>\n<p class=\"class-fabrication\"><span style=\"vertical-align: inherit;\">Hergestellt in Frankreich; Dosierung MPGV\/GV: 50 % \/ 50 %. Passt sich an alle Arten von Ger\u00e4ten an. <\/span><\/p>\n<p><span style=\"vertical-align: inherit;\">Entdecken Sie weitere Produkte der Marke <\/span><a href=\"..\/..\/marque\/vaping-in-paris\"><span style=\"vertical-align: inherit;\">Vaping in Paris<\/span><\/a><span style=\"vertical-align: inherit;\"> .<\/span><\/p>\n<p><span style=\"vertical-align: inherit;\">Erhalten Sie Rabatte oder die neuesten Informationen \u00fcber unsere Produkte, indem Sie uns in unseren sozialen Netzwerken folgen: <\/span><a href=\"https:\/\/www.facebook.com\/VapeAigleCH\" target=\"_blank\" rel=\"noopener\"><span style=\"vertical-align: inherit;\">Facebook<\/span><\/a><span style=\"vertical-align: inherit;\"> oder <\/span><a href=\"https:\/\/www.instagram.com\/vapotheque\" target=\"_blank\" rel=\"noopener\"><span style=\"vertical-align: inherit;\">Instagram<\/span><\/a><span style=\"vertical-align: inherit;\"> .<\/span><\/p>\n","protected":false},"excerpt":{"rendered":"<p>Vaping In Paris Silver Fox &#8211; Dragon Corossol SELS 10 ML E-Liquid \u2744\ufe0f: Eine frostige tropische Explosion f\u00fcr ein au\u00dfergew\u00f6hnliches Dampfen! Tauchen Sie ein in ein exotisches und eisiges Abenteuer mit dem Vaping In Paris Silver Fox &#8211; Dragon Corossol SELS 10 ML E-Liquide! \u2728 Stellen Sie sich die s\u00fc\u00dfe S\u00fc\u00dfe der Drachenfrucht vor, ein [&hellip;]<\/p>\n","protected":false},"featured_media":43352,"template":"","meta":{"_acf_changed":false},"product_cat":[405,404,442,408,1629,1716],"product_tag":[],"class_list":{"0":"post-43938","1":"product","2":"type-product","3":"status-publish","4":"has-post-thumbnail","6":"product_brand-vaping-in-paris-de","7":"product_cat-e-liquids","8":"product_cat-fruchtig","9":"product_cat-hervorgehobene-produkte","10":"product_cat-lieferbar-innerhalb-von-24-stunden-de","11":"product_cat-10-ml-mit-nikotin","12":"product_cat-10ml-790-de","14":"first","15":"instock","16":"taxable","17":"shipping-taxable","18":"purchasable","19":"product-type-variable"},"acf":[],"jetpack_sharing_enabled":true,"_links":{"self":[{"href":"https:\/\/vapotheque.ch\/de\/wp-json\/wp\/v2\/product\/43938","targetHints":{"allow":["GET"]}}],"collection":[{"href":"https:\/\/vapotheque.ch\/de\/wp-json\/wp\/v2\/product"}],"about":[{"href":"https:\/\/vapotheque.ch\/de\/wp-json\/wp\/v2\/types\/product"}],"wp:featuredmedia":[{"embeddable":true,"href":"https:\/\/vapotheque.ch\/de\/wp-json\/wp\/v2\/media\/43352"}],"wp:attachment":[{"href":"https:\/\/vapotheque.ch\/de\/wp-json\/wp\/v2\/media?parent=43938"}],"wp:term":[{"taxonomy":"product_cat","embeddable":true,"href":"https:\/\/vapotheque.ch\/de\/wp-json\/wp\/v2\/product_cat?post=43938"},{"taxonomy":"product_tag","embeddable":true,"href":"https:\/\/vapotheque.ch\/de\/wp-json\/wp\/v2\/product_tag?post=43938"}],"curies":[{"name":"wp","href":"https:\/\/api.w.org\/{rel}","templated":true}]}}