{"id":43851,"date":"2025-01-15T12:21:20","date_gmt":"2025-01-15T11:21:20","guid":{"rendered":"https:\/\/vapotheque.ch\/boutique\/le-mixologue-500-ml\/"},"modified":"2025-01-15T12:21:20","modified_gmt":"2025-01-15T11:21:20","slug":"le-mixologue-500-ml","status":"publish","type":"product","link":"https:\/\/vapotheque.ch\/de\/shop\/le-mixologue-500-ml\/","title":{"rendered":"Le Mixologue &#8211; 500 ML"},"content":{"rendered":"<h3><strong>Mixologie by Le Mixologue: Die Kunst des grenzenlosen Kreierens! \ud83c\udfa8<\/strong><\/h3>\n<p>Willkommen in der Welt, in der das Dampfen zu einem kreativen Spielplatz ohne Grenzen wird! Vergessen Sie mit <strong>Le Mixologue<\/strong> die gleichf\u00f6rmigen und vorhersehbaren Geschmacksrichtungen. Hier ist jede Dampfwolke ein Kunstwerk und jeder Zug eine neue Erfahrung. \ud83c\udf89 <\/p>\n<hr>\n<h3><strong>Ein Cocktail aus Kreativit\u00e4t und Leidenschaft<\/strong><\/h3>\n<p>Mixologie klingt nach einem Begriff, der nur f\u00fcr Party-Profis reserviert ist, oder? Aber das stimmt nicht! Hier ist <strong>die<\/strong> Mixologie <strong>die Kunst der Cocktails&#8230; in der Version des Dampfens!<\/strong> Kein Wodka und kein Shaker, sondern Aromen, die mit chirurgischer Pr\u00e4zision von passionierten Dampfern bearbeitet werden. Diese Experten, die ihren Status als Hobbydampfer gegen den von inspirierten Kreativen eingetauscht haben, haben ein klares Ziel: <strong>Ihnen einzigartige Liquids anzubieten<\/strong>, die von Gaumen f\u00fcr Gaumen entwickelt wurden.   <\/p>\n<hr>\n<h3><strong>Eine aromatische Orgel zum Erforschen<\/strong><\/h3>\n<p>Stellen Sie sich eine Orgel mit <strong>85 dampfbereiten Mono-Aromen<\/strong> vor, aber das ist erst der Anfang. Der Mixologue ist eine Symphonie von Optionen:<br \/>\n\ud83c\udfaf <strong>Fruchtig<\/strong> f\u00fcr die Liebhaber der Frische.<br \/>\n\ud83c\udfaf <strong>Gourmand<\/strong> f\u00fcr die S\u00fc\u00dfschn\u00e4bel.<br \/>\n\ud83c\udfaf <strong>Subtil oder kr\u00e4ftig<\/strong> f\u00fcr die Abenteurer des Geschmacks.<br \/>\n\ud83c\udfaf <strong>Erfrischend und originell<\/strong> f\u00fcr diejenigen, die sich trauen, die ausgetretenen Pfade zu verlassen. <\/p>\n<p>Ihr bevorzugter Einzelh\u00e4ndler wird zu einem wahren <strong>Alchimisten des Geschmacks<\/strong>, der bereit ist, individuelle Mischungen aus Ihren W\u00fcnschen zu kreieren. Alles ist m\u00f6glich, sogar das Unwahrscheinliche, und die Ergebnisse werden Sie \u00fcberraschen&#8230; im positiven Sinne! <\/p>\n<hr>\n<h3><strong>Die Bedeutung von Details<\/strong><\/h3>\n<p>Bei Le Mixologue wird jeder Aspekt sorgf\u00e4ltig durchdacht:<br \/>\n\u2728 <strong>Die Optik<\/strong>: eine Flasche, die ins Auge f\u00e4llt.<br \/>\n\u2728 <strong>Der Geruch<\/strong>: Ein Duft, der das Wasser im Munde zusammenlaufen l\u00e4sst.<br \/>\n\u2728 <strong>Die Textur<\/strong>: ein sanftes oder intensives Dampfen, je nach Ihren Vorlieben.<br \/>\nNichts wird dem Zufall \u00fcberlassen. Hier wird das Dampfen zu einer Kunst f\u00fcr sich, bei der jedes Detail z\u00e4hlt. <\/p>\n<hr>\n<h3><strong>Freiheit in der Flasche<\/strong><\/h3>\n<p>Mit Le Mixologue wird Ihr Dampfen zu einem ma\u00dfgeschneiderten Abenteuer:<br \/>\n\ud83e\uddea <strong>Verf\u00fcgbare Formate<\/strong>: 10, 30, 60, 120, 200 und jetzt <strong>500 ml<\/strong>!<br \/>\n\ud83d\udd25 <strong>Individuell<\/strong>: F\u00fcgen Sie Nikotinbooster (bis zu 6 mg, um eine aromatische Verd\u00fcnnung zu vermeiden) hinzu, um Ihren Bed\u00fcrfnissen gerecht zu werden.<br \/>\n\ud83d\udca1 <strong>Volle Flexibilit\u00e4t<\/strong>: Testen Sie unwahrscheinliche Mischungen, denn jede Kombination hat das Potenzial, Ihr n\u00e4chster Favorit zu werden.<\/p>\n<hr>\n<h3><strong>Sicherheit an erster Stelle<\/strong><\/h3>\n<p>Seit einem Jahrzehnt haben elektronische Zigaretten die Welt des Nikotins revolutioniert. Aber bei Le Mixologue ist das Dampfen nicht nur eine Leidenschaft, sondern eine <strong>100% sichere<\/strong> Erfahrung. Die Liquids entsprechen einem strengen gesetzlichen Rahmen und garantieren Ihnen h\u00f6chste Qualit\u00e4t und Sicherheit.  <\/p>\n<hr>\n<h3><strong>Kurz gesagt, was ist Le Mixologue?<\/strong><\/h3>\n<p>Es ist eine Einladung zum Spielen, zum Testen, zum Wagnis. Eine Marke f\u00fcr diejenigen, die sich nicht mit dem Klassischen zufrieden geben, sondern ein <strong>einzigartiges, ma\u00dfgeschneidertes<\/strong> Dampfen <strong>voller \u00dcberraschungen<\/strong> w\u00fcnschen. Sind Sie bereit, Ihrer Kreativit\u00e4t freien Lauf zu lassen? \ud83c\udf1f <\/p>\n<hr>\n<p>\ud83d\udc49 <strong>Mit Le Mixologue k\u00f6nnen Sie kreativ sein, probieren, staunen&#8230; und vor allem Spa\u00df haben!<\/strong> \ud83c\udf89<\/p>\n<p>&nbsp;<\/p>\n<p>&nbsp;<\/p>\n","protected":false},"excerpt":{"rendered":"<p>Mixologie by Le Mixologue: Die Kunst des grenzenlosen Kreierens! \ud83c\udfa8 Willkommen in der Welt, in der das Dampfen zu einem kreativen Spielplatz ohne Grenzen wird! Vergessen Sie mit Le Mixologue die gleichf\u00f6rmigen und vorhersehbaren Geschmacksrichtungen. Hier ist jede Dampfwolke ein Kunstwerk und jeder Zug eine neue Erfahrung. \ud83c\udf89 Ein Cocktail aus Kreativit\u00e4t und Leidenschaft Mixologie [&hellip;]<\/p>\n","protected":false},"featured_media":42541,"template":"","meta":{"_acf_changed":false},"product_cat":[405,404,397,408,401,403],"product_tag":[],"class_list":{"0":"post-43851","1":"product","2":"type-product","3":"status-publish","4":"has-post-thumbnail","6":"product_brand-der-mixologe","7":"product_cat-e-liquids","8":"product_cat-fruchtig","9":"product_cat-gourmands-de","10":"product_cat-lieferbar-innerhalb-von-24-stunden-de","11":"product_cat-minze","12":"product_cat-tabak","13":"pa_saveur-mixo-aloe-vera-de","14":"pa_saveur-mixo-ananas-de","15":"pa_saveur-mixo-angeln","16":"pa_saveur-mixo-apfel","17":"pa_saveur-mixo-aprikose","18":"pa_saveur-mixo-banane-de","19":"pa_saveur-mixo-birne","20":"pa_saveur-mixo-blaue-himbeere","21":"pa_saveur-mixo-bonbon-de","22":"pa_saveur-mixo-brombeere","23":"pa_saveur-mixo-brownie-de","24":"pa_saveur-mixo-bubble-gum-de","25":"pa_saveur-mixo-butterscotch-de","26":"pa_saveur-mixo-casse-coco-de","27":"pa_saveur-mixo-cheesecake-de","28":"pa_saveur-mixo-chlorophyll","29":"pa_saveur-mixo-classic-bambus","30":"pa_saveur-mixo-classic-sanft","31":"pa_saveur-mixo-classic-vollmundig","32":"pa_saveur-mixo-cola-de","33":"pa_saveur-mixo-cookie-de","34":"pa_saveur-mixo-custard-de","35":"pa_saveur-mixo-donut-de","36":"pa_saveur-mixo-doppelte-mango","37":"pa_saveur-mixo-doppelte-milch","38":"pa_saveur-mixo-doppelter-apfel","39":"pa_saveur-mixo-doppelter-pfirsich","40":"pa_saveur-mixo-drachenfrucht","41":"pa_saveur-mixo-dragubus-de","42":"pa_saveur-mixo-energy-drink-de","43":"pa_saveur-mixo-englische-creme","44":"pa_saveur-mixo-erdnussbutter","45":"pa_saveur-mixo-fraser","46":"pa_saveur-mixo-frische-minze","47":"pa_saveur-mixo-getreide","48":"pa_saveur-mixo-grapefruit","49":"pa_saveur-mixo-grenadine-de","50":"pa_saveur-mixo-gruner-tee","51":"pa_saveur-mixo-guave","52":"pa_saveur-mixo-haselnuss","53":"pa_saveur-mixo-heidelbeere","54":"pa_saveur-mixo-himbeere","55":"pa_saveur-mixo-johannisbeere","56":"pa_saveur-mixo-kaffee","57":"pa_saveur-mixo-kaktus","58":"pa_saveur-mixo-karamell","59":"pa_saveur-mixo-kirsche","60":"pa_saveur-mixo-kiwi-de","61":"pa_saveur-mixo-klassisch","62":"pa_saveur-mixo-klassisch-mexikanisch","63":"pa_saveur-mixo-lakritze","64":"pa_saveur-mixo-leidenschaft","65":"pa_saveur-mixo-limonade-de","66":"pa_saveur-mixo-litschi","67":"pa_saveur-mixo-mandarine-de","68":"pa_saveur-mixo-mandelcreme","69":"pa_saveur-mixo-mango","70":"pa_saveur-mixo-marshmallow","71":"pa_saveur-mixo-melone","72":"pa_saveur-mixo-milk-shake-de","73":"pa_saveur-mixo-mocha-de","74":"pa_saveur-mixo-nougat-de","75":"pa_saveur-mixo-papaya","76":"pa_saveur-mixo-pascha-minze","77":"pa_saveur-mixo-peps-orange-de","78":"pa_saveur-mixo-petit-beurre-de","79":"pa_saveur-mixo-pfefferminztee","80":"pa_saveur-mixo-pistazie","81":"pa_saveur-mixo-polare-minze","82":"pa_saveur-mixo-pop-corn-de","83":"pa_saveur-mixo-rote-fruchte","84":"pa_saveur-mixo-rum","85":"pa_saveur-mixo-schlangenfrucht","86":"pa_saveur-mixo-schokolade","87":"pa_saveur-mixo-schwarze-johannisbeere","88":"pa_saveur-mixo-silbermond","89":"pa_saveur-mixo-spekulatius","90":"pa_saveur-mixo-traube","91":"pa_saveur-mixo-tropisch","92":"pa_saveur-mixo-vanille-de","93":"pa_saveur-mixo-violet","94":"pa_saveur-mixo-walderdbeere","95":"pa_saveur-mixo-wassermelone","96":"pa_saveur-mixo-whisky-de","97":"pa_saveur-mixo-zitrone","98":"pa_saveur-mixo-zuckerwatte","100":"first","101":"outofstock","102":"taxable","103":"shipping-taxable","104":"purchasable","105":"product-type-variable"},"acf":[],"jetpack_sharing_enabled":true,"_links":{"self":[{"href":"https:\/\/vapotheque.ch\/de\/wp-json\/wp\/v2\/product\/43851","targetHints":{"allow":["GET"]}}],"collection":[{"href":"https:\/\/vapotheque.ch\/de\/wp-json\/wp\/v2\/product"}],"about":[{"href":"https:\/\/vapotheque.ch\/de\/wp-json\/wp\/v2\/types\/product"}],"wp:featuredmedia":[{"embeddable":true,"href":"https:\/\/vapotheque.ch\/de\/wp-json\/wp\/v2\/media\/42541"}],"wp:attachment":[{"href":"https:\/\/vapotheque.ch\/de\/wp-json\/wp\/v2\/media?parent=43851"}],"wp:term":[{"taxonomy":"product_cat","embeddable":true,"href":"https:\/\/vapotheque.ch\/de\/wp-json\/wp\/v2\/product_cat?post=43851"},{"taxonomy":"product_tag","embeddable":true,"href":"https:\/\/vapotheque.ch\/de\/wp-json\/wp\/v2\/product_tag?post=43851"}],"curies":[{"name":"wp","href":"https:\/\/api.w.org\/{rel}","templated":true}]}}