{"id":43850,"date":"2025-01-14T17:28:24","date_gmt":"2025-01-14T16:28:24","guid":{"rendered":"https:\/\/vapotheque.ch\/boutique\/geekvape-drip-tips-wenax-filter\/"},"modified":"2026-01-14T15:15:42","modified_gmt":"2026-01-14T14:15:42","slug":"geekvape-drip-tips-wenax-filter","status":"publish","type":"product","link":"https:\/\/vapotheque.ch\/de\/shop\/geekvape-drip-tips-wenax-filter\/","title":{"rendered":"Geekvape &#8211; Drip tips Wenax-Filter"},"content":{"rendered":"<h3><strong>Geekvape Drip tips Wenax Filter: Realistisches und komfortables Dampfen!<\/strong><\/h3>\n<p>M\u00f6chten Sie das Gef\u00fchl einer echten Zigarette erleben und gleichzeitig die Welt des Dampfens erkunden? Die <strong>Geekvape Drip tips Wenax Filter<\/strong> aus Baumwolle f\u00fcr <strong>Wenax M1 Filter<\/strong> und <strong>S-Patronen<\/strong> sind da, um Ihnen eine realistische und immersive Erfahrung zu bieten. Dieses kleine Zubeh\u00f6r ist ideal f\u00fcr Anf\u00e4nger und verwandelt Ihr Dampfen in ein perfektes Werkzeug f\u00fcr einen sanften \u00dcbergang.  <\/p>\n<hr>\n<h3><strong>Die Vorteile dieser Baumwollfilter?<\/strong><\/h3>\n<ul>\n<li><strong>Ein ultra-realistisches Gef\u00fchl<\/strong>: Die Baumwolltextur imitiert perfekt das Mundgef\u00fchl eines Zigarettenfilters.<\/li>\n<li><strong>Au\u00dfergew\u00f6hnliche Geschmackswiedergabe<\/strong>: In Verbindung mit den Wenax M1 Patronen und ihren optimierten Widerst\u00e4nden veredeln diese Filter Ihre Lieblings-E-Liquids.<\/li>\n<li><strong>Indirekte Inhalation (MTL)<\/strong>: f\u00fcr einen engen Zug, der an den einer herk\u00f6mmlichen Zigarette erinnert.<\/li>\n<\/ul>\n<hr>\n<h3><strong>Kompatibilit\u00e4t und Einfachheit<\/strong><\/h3>\n<p>Diese Filter sind ausschlie\u00dflich f\u00fcr :<\/p>\n<ul>\n<li><strong>Wenax M1 Filterpatronen<\/strong>.<\/li>\n<li><strong>Die Patronen Wenax S<\/strong>.<\/li>\n<\/ul>\n<p>\u26a0\ufe0f <strong>Nicht kompatibel mit Wenax M1 Standardpatronen.<\/strong><\/p>\n<hr>\n<h3><strong>Das perfekte Paket f\u00fcr ein sorgenfreies Dampfen<\/strong><\/h3>\n<p>Jede Packung enth\u00e4lt <strong>10 Ersatzfilter aus Baumwolle<\/strong>. Eine praktische und kosteng\u00fcnstige L\u00f6sung, um langfristig ein optimales Dampferlebnis zu gew\u00e4hrleisten. <\/p>\n<hr>\n<h3><strong>Warum sollten Sie sie w\u00e4hlen?<\/strong><\/h3>\n<p>Mit diesen <strong>Geekvape Drip tips Wenax Filtern<\/strong> wendet sich die Marke an alle, die mit dem Dampfen beginnen oder eine realistische Alternative zu Zigaretten suchen. Die Kombination aus engem Zug, perfekter Geschmackswiedergabe und un\u00fcbertroffenem Mundkomfort macht diese Drip Tips zu einem unverzichtbaren Accessoire f\u00fcr Dampfer, die auf der Suche nach Authentizit\u00e4t sind. <\/p>\n<hr>\n<h3><strong>Verwandeln Sie Ihr Dampfen in ein realistisches und genussvolles Erlebnis.<\/strong><\/h3>\n<p>Sind Sie bereit, jeden Zug zu einem angenehmen und vertrauten Moment zu machen? W\u00e4hlen Sie die Ersatzfilter f\u00fcr Wenax M1 Patronen und genie\u00dfen Sie den sanften \u00dcbergang zu einem einfachen und effizienten Dampfen.   <\/p>\n<p>&nbsp;<\/p>\n<p>&nbsp;<\/p>\n<p>Erhalten Sie Rabatte oder die neuesten Informationen \u00fcber unsere Produkte, indem Sie uns auf unseren sozialen Netzwerken folgen: <a href=\"https:\/\/www.facebook.com\/VapeAigleCH\" target=\"_blank\" rel=\"noopener\">Facebook<\/a> oder <a href=\"https:\/\/www.instagram.com\/vapotheque\" target=\"_blank\" rel=\"noopener\">Instagram<\/a>.<\/p>\n","protected":false},"excerpt":{"rendered":"<p>Geekvape Drip tips Wenax Filter: Realistisches und komfortables Dampfen! M\u00f6chten Sie das Gef\u00fchl einer echten Zigarette erleben und gleichzeitig die Welt des Dampfens erkunden? Die Geekvape Drip tips Wenax Filter aus Baumwolle f\u00fcr Wenax M1 Filter und S-Patronen sind da, um Ihnen eine realistische und immersive Erfahrung zu bieten. Dieses kleine Zubeh\u00f6r ist ideal f\u00fcr [&hellip;]<\/p>\n","protected":false},"featured_media":45389,"template":"","meta":{"_acf_changed":false},"product_cat":[442,408,453,456,416,469],"product_tag":[],"class_list":{"0":"post-43850","1":"product","2":"type-product","3":"status-publish","4":"has-post-thumbnail","6":"product_brand-geekvape-de","7":"product_cat-hervorgehobene-produkte","8":"product_cat-lieferbar-innerhalb-von-24-stunden-de","9":"product_cat-pods-de","10":"product_cat-verschiedene","11":"product_cat-zubehor","12":"product_cat-zubehor-pods","14":"first","15":"instock","16":"taxable","17":"shipping-taxable","18":"purchasable","19":"product-type-simple"},"acf":[],"jetpack_sharing_enabled":true,"_links":{"self":[{"href":"https:\/\/vapotheque.ch\/de\/wp-json\/wp\/v2\/product\/43850","targetHints":{"allow":["GET"]}}],"collection":[{"href":"https:\/\/vapotheque.ch\/de\/wp-json\/wp\/v2\/product"}],"about":[{"href":"https:\/\/vapotheque.ch\/de\/wp-json\/wp\/v2\/types\/product"}],"wp:featuredmedia":[{"embeddable":true,"href":"https:\/\/vapotheque.ch\/de\/wp-json\/wp\/v2\/media\/45389"}],"wp:attachment":[{"href":"https:\/\/vapotheque.ch\/de\/wp-json\/wp\/v2\/media?parent=43850"}],"wp:term":[{"taxonomy":"product_cat","embeddable":true,"href":"https:\/\/vapotheque.ch\/de\/wp-json\/wp\/v2\/product_cat?post=43850"},{"taxonomy":"product_tag","embeddable":true,"href":"https:\/\/vapotheque.ch\/de\/wp-json\/wp\/v2\/product_tag?post=43850"}],"curies":[{"name":"wp","href":"https:\/\/api.w.org\/{rel}","templated":true}]}}