{"id":43845,"date":"2025-01-14T16:53:12","date_gmt":"2025-01-14T15:53:12","guid":{"rendered":"https:\/\/vapotheque.ch\/boutique\/liquidarom-vanille-creme-10ml-e-liquide\/"},"modified":"2025-01-14T16:53:12","modified_gmt":"2025-01-14T15:53:12","slug":"liquidarom-vanille-creme-10ml-e-liquide","status":"publish","type":"product","link":"https:\/\/vapotheque.ch\/de\/shop\/liquidarom-vanille-creme-10ml-e-liquide\/","title":{"rendered":"LiquidArom &#8211; Vanille Creme 10ML E-Liquide"},"content":{"rendered":"<h2><strong>LiquidArom Creme Vanille 10ML E-Liquid : Die Gourmet-Wolke von Liquidarom \u2728<\/strong><\/h2>\n<p>Tauchen Sie ein in eine Welt der S\u00fc\u00dfe mit dem <strong>LiquidArom Creme Vanille 10ML E-Liquid<\/strong>, dem kleinen Gourmet-Nugget aus der <strong>Tasty Collection<\/strong>. Stellen Sie sich eine samtige Custard vor, in der die Cremigkeit einer perfekten Creme mit der Feinheit von Vanille kombiniert wird. Jeder Zug ist eine Einladung zum Genuss, wie ein L\u00f6ffel Dessert, den Sie nie ausl\u00f6ffeln m\u00f6chten!  <\/p>\n<hr>\n<h3><strong>Warum sollten Sie sich f\u00fcr LiquidArom Creme Vanille 10ML E-Liquid entscheiden?<\/strong><\/h3>\n<ul>\n<li><strong>Ein Dessert bei jeder Inhalation<\/strong>: reichhaltige, cremige und subtil s\u00fc\u00dfe Noten, die an die besten hausgemachten Cremes erinnern.<\/li>\n<li><strong>Perfektes Gleichgewicht<\/strong>: Mit einem PG\/VG-Verh\u00e4ltnis von <strong>50\/50<\/strong> bietet dieses Liquid ein harmonisches Erlebnis von intensiven Aromen und guter Dampfentwicklung.<\/li>\n<li><strong>Vielseitig<\/strong>: passt sich allen Arten von E-Zigaretten an und sorgt f\u00fcr ein einfaches und leckeres Dampfen.<\/li>\n<\/ul>\n<hr>\n<h3><strong>Einfach zu verwenden, fertig zum Genie\u00dfen!<\/strong><\/h3>\n<p><strong>Das LiquidArom Creme Vanille 10ML E-Liquid<\/strong> ist in der <strong>10<\/strong> <strong>ml Fertiggr\u00f6\u00dfe<\/strong> erh\u00e4ltlich und ist ideal f\u00fcr Gourmet-Dampfer, die es gerne einfach haben. F\u00fcllen Sie einfach Ihren Tank, um Ihr Dampfen in ein Dessert zu verwandeln. <\/p>\n<hr>\n<h3><strong>Erh\u00e4ltlich in verschiedenen Dosierungen f\u00fcr jeden Gaumen.<\/strong><\/h3>\n<ul>\n<li><strong>6 mg\/ml<\/strong>: perfekt f\u00fcr einen weichen und angenehmen Hit (auf Bestellung erh\u00e4ltlich).<\/li>\n<li><strong>12 mg\/ml<\/strong>: f\u00fcr diejenigen, die einen Nikotinschub suchen, ohne auf den Genuss zu verzichten.<br \/>Sie sind sich nicht sicher, welche Dosierung Sie w\u00e4hlen sollen? Schauen Sie sich unseren praktischen Leitfaden an, um die richtige Dosierung f\u00fcr Sie zu finden. <\/li>\n<\/ul>\n<hr>\n<h3><strong>Technische Merkmale :<\/strong><\/h3>\n<ul>\n<li><strong>Inhalt<\/strong>: 10-ml-Flasche aus PET, mit Kindersicherung.<\/li>\n<li><strong>PG\/VG-Verh\u00e4ltnis<\/strong>: 50\/50, f\u00fcr ein ideales Gleichgewicht zwischen Geschmack und Dampf.<\/li>\n<li><strong>Geschmack<\/strong>: Gourmet.<\/li>\n<li><strong>Aromatische Noten<\/strong>: Sahne, Vanille, Kustard.<\/li>\n<li><strong>Nikotin<\/strong>: Erh\u00e4ltlich in 6 mg\/ml und 12 mg\/ml.<\/li>\n<li><strong>Herkunft<\/strong>: Sorgf\u00e4ltig in Frankreich hergestellt.<\/li>\n<\/ul>\n<hr>\n<h3><strong>Warum sollte man sich mit einer einfachen E-Liquid begn\u00fcgen, wenn man einen Nachtisch haben kann?  <\/strong><\/h3>\n<p>Mit dem <strong>LiquidArom Creme Vanille 10ML E-Liquid<\/strong> ist jeder Zug eine s\u00fc\u00dfe Pause, die Ihren Gaumen verw\u00f6hnen wird. Ob zum Kaffee oder zum Entspannen am Ende des Tages, dieses E-Liquid ist ein Muss f\u00fcr alle Liebhaber von Gourmetgeschmack. <\/p>\n<p><strong>Sind Sie bereit, in eine Wolke aus cremiger Vanille einzutauchen?<\/strong>  Ihre E-Zigarette wartet schon darauf!  <\/p>\n<p>&nbsp;<\/p>\n<p>Wichtig :<\/p>\n<p>Bereits nikotinhaltige E-Liquids, verkauft in einem <strong>10 ml<\/strong> Fl\u00e4schchen.<\/p>\n<p>Hergestellt in Frankreich.<\/p>\n<p>PG\/VG-Anteil: <strong>50 %\/50 %<\/strong>.<\/p>\n<p>Sehen Sie sich alle Produkte der Marke <a href=\"\/product_brand\/liquidarom\/\" target=\"_blank\" rel=\"noopener\">Liquidarom<\/a> an.<\/p>\n<p>Erhalten Sie Rabatte oder die neuesten Informationen \u00fcber unsere Produkte, indem Sie uns auf unseren sozialen Netzwerken folgen: <a href=\"https:\/\/www.facebook.com\/VapeAigleCH\" target=\"_blank\" rel=\"noopener\">Facebook<\/a> oder <a href=\"https:\/\/www.instagram.com\/vapotheque\" target=\"_blank\" rel=\"noopener\">Instagram<\/a>.<\/p>\n","protected":false},"excerpt":{"rendered":"<p>LiquidArom Creme Vanille 10ML E-Liquid : Die Gourmet-Wolke von Liquidarom \u2728 Tauchen Sie ein in eine Welt der S\u00fc\u00dfe mit dem LiquidArom Creme Vanille 10ML E-Liquid, dem kleinen Gourmet-Nugget aus der Tasty Collection. Stellen Sie sich eine samtige Custard vor, in der die Cremigkeit einer perfekten Creme mit der Feinheit von Vanille kombiniert wird. Jeder [&hellip;]<\/p>\n","protected":false},"featured_media":42440,"template":"","meta":{"_acf_changed":false},"product_cat":[405,397,442,408,1629,1716],"product_tag":[],"class_list":{"0":"post-43845","1":"product","2":"type-product","3":"status-publish","4":"has-post-thumbnail","6":"product_brand-liquidarom-de","7":"product_cat-e-liquids","8":"product_cat-gourmands-de","9":"product_cat-hervorgehobene-produkte","10":"product_cat-lieferbar-innerhalb-von-24-stunden-de","11":"product_cat-10-ml-mit-nikotin","12":"product_cat-10ml-790-de","14":"first","15":"outofstock","16":"taxable","17":"shipping-taxable","18":"product-type-variable"},"acf":[],"jetpack_sharing_enabled":true,"_links":{"self":[{"href":"https:\/\/vapotheque.ch\/de\/wp-json\/wp\/v2\/product\/43845","targetHints":{"allow":["GET"]}}],"collection":[{"href":"https:\/\/vapotheque.ch\/de\/wp-json\/wp\/v2\/product"}],"about":[{"href":"https:\/\/vapotheque.ch\/de\/wp-json\/wp\/v2\/types\/product"}],"wp:featuredmedia":[{"embeddable":true,"href":"https:\/\/vapotheque.ch\/de\/wp-json\/wp\/v2\/media\/42440"}],"wp:attachment":[{"href":"https:\/\/vapotheque.ch\/de\/wp-json\/wp\/v2\/media?parent=43845"}],"wp:term":[{"taxonomy":"product_cat","embeddable":true,"href":"https:\/\/vapotheque.ch\/de\/wp-json\/wp\/v2\/product_cat?post=43845"},{"taxonomy":"product_tag","embeddable":true,"href":"https:\/\/vapotheque.ch\/de\/wp-json\/wp\/v2\/product_tag?post=43845"}],"curies":[{"name":"wp","href":"https:\/\/api.w.org\/{rel}","templated":true}]}}