{"id":43843,"date":"2025-01-14T16:30:27","date_gmt":"2025-01-14T15:30:27","guid":{"rendered":"https:\/\/vapotheque.ch\/boutique\/liquidarom-creme-karamell-100ml-e-liquide\/"},"modified":"2025-11-11T13:39:57","modified_gmt":"2025-11-11T12:39:57","slug":"liquidarom-creme-karamell-100ml-e-liquide","status":"publish","type":"product","link":"https:\/\/vapotheque.ch\/de\/shop\/liquidarom-creme-karamell-100ml-e-liquide\/","title":{"rendered":"LiquidArom &#8211; Creme Karamell 100ML E-Liquide"},"content":{"rendered":"<h2><strong>LiquidArom Creme Caramel 100ML E-Liquide : Der Gourmetgenuss  <\/strong><\/h2>\n<p>Vergessen Sie die sonnt\u00e4glichen Desserts, das <strong>LiquidArom Cr\u00e8me Caramel 100ML E-Liquide<\/strong> bietet Ihnen ein t\u00e4gliches Festmahl f\u00fcr Ihren Gaumen! Stellen Sie sich eine zartschmelzende, cremige Karamellcreme vor, die vor s\u00fc\u00dfer Weichheit nur so strotzt. Jeder Zug ist wie ein L\u00f6ffel in einem hausgemachten Dessert, das Gro\u00df und Klein zum Schmelzen bringt.  <\/p>\n<p>Mit diesem <strong>100 ml Shortfill-Format<\/strong> k\u00f6nnen Sie nach Belieben in eine Wolke von Leckereien eintauchen. Und f\u00fcr die Liebhaber von Karamell ist dies der perfekte Begleiter f\u00fcr ein sanftes, tr\u00f6stendes Dampfen und 100% Genuss. <\/p>\n<hr>\n<h3><strong>Warum Sie sich in Cr\u00e8me Caramel verlieben werden?<\/strong><\/h3>\n<ul>\n<li><strong>Ein Rezept zum Niederknien<\/strong>: Reichhaltiges, seidiges Karamell, das durch eine cremige Sahne abgemildert wird, f\u00fcr ein Dampfen, das wie eine s\u00fc\u00dfe Umarmung wirkt.<\/li>\n<li><strong>Gro\u00dfes Format f\u00fcr Genie\u00dfer<\/strong>: 100 ml verst\u00e4rkte Aromen in einer 120 ml-Flasche, bereit f\u00fcr Ihre Nikotinbooster.<\/li>\n<li><strong>Vielseitigkeit garantiert<\/strong>: Mit einem PG\/VG-Verh\u00e4ltnis von <strong>50\/50<\/strong> passt diese Fl\u00fcssigkeit in fast alle Ger\u00e4te und sorgt f\u00fcr ein perfektes Gleichgewicht zwischen Geschmack und Dampf.<\/li>\n<\/ul>\n<hr>\n<h3><strong>Wie funktioniert das? \ufe0f<\/strong><\/h3>\n<ul>\n<li><strong>F\u00fcgen Sie Ihre Booster hinzu<\/strong>: 2 Booster, um 3 mg\/ml Nikotin zu erhalten.<\/li>\n<li><strong>Gut sch\u00fctteln<\/strong>: mischen, etwas stehen lassen&#8230; und genie\u00dfen!<\/li>\n<\/ul>\n<hr>\n<h3><strong>Die kleinen Extras von Cr\u00e8me Caramel  <\/strong><\/h3>\n<ul>\n<li><strong>Hergestellt in Frankreich<\/strong>: Garant f\u00fcr Qualit\u00e4t und handwerkliches K\u00f6nnen.<\/li>\n<li><strong>Ein grenzenloser Genuss<\/strong>: perfekt f\u00fcr Dessert-Liebhaber, die keine zus\u00e4tzlichen Kalorien wollen!<\/li>\n<\/ul>\n<hr>\n<h3><strong>Technische Merkmale :<\/strong><\/h3>\n<ul>\n<li><strong>Inhalt<\/strong>: 120 ml Flasche mit 100 ml Fl\u00fcssigkeit.<\/li>\n<li><strong>PG\/VG-Verh\u00e4ltnis<\/strong>: 50\/50, kompatibel mit den meisten E-Zigaretten.<\/li>\n<li><strong>Typ<\/strong>: Booster-Aromen zur Verd\u00fcnnung (Nikotin nicht inbegriffen).<\/li>\n<li><strong>Herkunft<\/strong>: Mit Liebe in Frankreich gez\u00fcchtet.<\/li>\n<\/ul>\n<hr>\n<h3><strong>Ein Dessert, das Sie in vollen Z\u00fcgen genie\u00dfen k\u00f6nnen!<\/strong><\/h3>\n<p>Mit dem <strong>LiquidArom Cr\u00e8me Caramel 100ML E-Liquid<\/strong> machen Sie Ihr Dampfen zu einem echten Gourmet-Vergn\u00fcgen. Perfekt zum Kaffee, zum Abschluss eines langen Tages oder einfach zum Genie\u00dfen eines Cocooning-Moments. Also, sind Sie bereit, in diese Wolke aus Karamell und S\u00fc\u00dfe einzutauchen?    <\/p>\n<p>&nbsp;<\/p>\n<p>&nbsp;<\/p>\n<p><strong>Wichtig :<\/strong><\/p>\n<p>Mit Aromen angereicherte E-Liquids, verkauft in einem <strong>120 ml<\/strong> Fl\u00e4schchen.<\/p>\n<p>Hergestellt in Frankreich.<\/p>\n<p>PG\/VG-Anteil: <strong>50 %\/50 %<\/strong>.<\/p>\n<p>Sehen Sie sich alle Produkte der Marke <a href=\"\/product_brand\/liquidarom\/\" target=\"_blank\" rel=\"noopener\">Liquidarom<\/a> an.<\/p>\n<p>Erhalten Sie Rabatte oder die neuesten Informationen \u00fcber unsere Produkte, indem Sie uns auf unseren sozialen Netzwerken folgen: <a href=\"https:\/\/www.facebook.com\/VapeAigleCH\" target=\"_blank\" rel=\"noopener\">Facebook<\/a> oder <a href=\"https:\/\/www.instagram.com\/vapotheque\" target=\"_blank\" rel=\"noopener\">Instagram<\/a>.<\/p>\n","protected":false},"excerpt":{"rendered":"<p>LiquidArom Creme Caramel 100ML E-Liquide : Der Gourmetgenuss Vergessen Sie die sonnt\u00e4glichen Desserts, das LiquidArom Cr\u00e8me Caramel 100ML E-Liquide bietet Ihnen ein t\u00e4gliches Festmahl f\u00fcr Ihren Gaumen! Stellen Sie sich eine zartschmelzende, cremige Karamellcreme vor, die vor s\u00fc\u00dfer Weichheit nur so strotzt. Jeder Zug ist wie ein L\u00f6ffel in einem hausgemachten Dessert, das Gro\u00df und [&hellip;]<\/p>\n","protected":false},"featured_media":42435,"template":"","meta":{"_acf_changed":false},"product_cat":[405,397,442,408,1690,1679],"product_tag":[],"class_list":{"0":"post-43843","1":"product","2":"type-product","3":"status-publish","4":"has-post-thumbnail","6":"product_brand-e-tasty-de","7":"product_brand-liquidarom-de","8":"product_cat-e-liquids","9":"product_cat-gourmands-de","10":"product_cat-hervorgehobene-produkte","11":"product_cat-lieferbar-innerhalb-von-24-stunden-de","12":"product_cat-100-ml-fur-120-ml","13":"product_cat-menge-e-flussigkeit-kapazitat-flasche","15":"first","16":"instock","17":"taxable","18":"shipping-taxable","19":"purchasable","20":"product-type-simple"},"acf":[],"jetpack_sharing_enabled":true,"_links":{"self":[{"href":"https:\/\/vapotheque.ch\/de\/wp-json\/wp\/v2\/product\/43843","targetHints":{"allow":["GET"]}}],"collection":[{"href":"https:\/\/vapotheque.ch\/de\/wp-json\/wp\/v2\/product"}],"about":[{"href":"https:\/\/vapotheque.ch\/de\/wp-json\/wp\/v2\/types\/product"}],"wp:featuredmedia":[{"embeddable":true,"href":"https:\/\/vapotheque.ch\/de\/wp-json\/wp\/v2\/media\/42435"}],"wp:attachment":[{"href":"https:\/\/vapotheque.ch\/de\/wp-json\/wp\/v2\/media?parent=43843"}],"wp:term":[{"taxonomy":"product_cat","embeddable":true,"href":"https:\/\/vapotheque.ch\/de\/wp-json\/wp\/v2\/product_cat?post=43843"},{"taxonomy":"product_tag","embeddable":true,"href":"https:\/\/vapotheque.ch\/de\/wp-json\/wp\/v2\/product_tag?post=43843"}],"curies":[{"name":"wp","href":"https:\/\/api.w.org\/{rel}","templated":true}]}}