{"id":43838,"date":"2025-01-09T15:21:15","date_gmt":"2025-01-09T14:21:15","guid":{"rendered":"https:\/\/vapotheque.ch\/boutique\/vape-cellar-aberdeen-20-60ml-e-liquid\/"},"modified":"2026-01-21T13:58:04","modified_gmt":"2026-01-21T12:58:04","slug":"vape-cellar-aberdeen-20-60ml-e-liquid","status":"publish","type":"product","link":"https:\/\/vapotheque.ch\/de\/shop\/vape-cellar-aberdeen-20-60ml-e-liquid\/","title":{"rendered":"Vape Cellar &#8211; Aberdeen 20 \/ 60ML E-Liquid"},"content":{"rendered":"<h2>Vape Cellar Aberdeen 20 \/ 60ML E-Liquid : F\u00fcr die Liebhaber von Pfeifentabak!<\/h2>\n<p>Vape Cellar pr\u00e4sentiert uns seine Tabakreihe L&#8217;Absolv wie einen Grand Cru. Vape Cellar Aberdeen 20 \/ 60ML E-Liquid: Die Farbe ist ziegelrot und klar, die Nase ist aromatisch und lieblich, mit balsamischen Vanillenoten und Aromen von kompottartigen Fr\u00fcchten. <\/p>\n<p>Am Gaumen ist er zart und samtig, die Aromen sind geschmolzen und der fruchtige Abgang zieht sich \u00fcber mehrere Caudalies hin.<\/p>\n<p>Eine ausgewogene aromatische Mischung, die vor allem Raucher von &#8220;Pfeifentabak&#8221; begeistern wird.<\/p>\n<p><b>(Reifung im Tank: 6 Wochen vor der Abf\u00fcllung in Flaschen)<\/b><\/p>\n<p>&nbsp;<\/p>\n<p><strong>Hinweise zu Gebrauch und Lagerung: <\/strong><br \/>An einem trockenen und k\u00fchlen Ort lagern. Von direktem Sonnenlicht oder starkem Gl\u00fchlicht fernhalten. Beh\u00e4lter dicht verschlossen und luftdicht aufbewahren.  <br \/><strong>ERINNERUNG:<\/strong> Lesen Sie vor Gebrauch die Gebrauchsanweisung.<\/p>\n<p>Hergestellt von Vape Cellar.<\/p>\n<p>&nbsp;<\/p>\n<p><strong>ACHTUNG: Dieses Produkt ist ein konzentriertes Aroma von 20 ml, das vor Gebrauch verd\u00fcnnt werden muss!<\/strong><\/p>\n<p>&nbsp;<\/p>\n<h3><\/h3>\n<h3>Hilfe beim Boosten Ihres Aberdeen E-Liquide :<\/h3>\n<p>Wenn Sie Ihren <strong>Aberdeen<\/strong> erhalten, m\u00fcssen Sie die Nikotinersatzprodukte hinzuf\u00fcgen. <a href=\"https:\/\/vapotheque.ch\/de\/kategorie\/diy-de\/boosters-diy-de\/\"><strong>Nikotin-Booster<\/strong><\/a> (falls erforderlich) sowie <strong><a href=\"https:\/\/vapotheque.ch\/de\/shop\/vapor-flavour-base-30-70-2\/\">PG\/VG-Base<\/a><\/strong> bevor Sie ihn rauchen k\u00f6nnen. Die Flasche, die Sie erhalten, wird mit <strong>20 ml Aromakonzentrat<\/strong> gef\u00fcllt sein. <\/p>\n<p>In dieser Reihenfolge m\u00fcssen Sie <strong>zuerst die<\/strong> ben\u00f6tigten <strong>Nikotinbooster<\/strong> <strong>und dann die PG\/VG-Basis<\/strong> hinzuf\u00fcgen, um die Flasche zu f\u00fcllen. Um Ihnen zu helfen, die Anzahl der <a href=\"https:\/\/vapotheque.ch\/de\/kategorie\/diy-de\/boosters-diy-de\/\"><strong>Nikotin-Booster<\/strong><\/a> und der Menge an Glukose <strong><a href=\"https:\/\/vapotheque.ch\/de\/shop\/vapor-flavour-base-30-70-2\/\">PG\/VG-Basis<\/a><\/strong> Nachfolgend finden Sie einige Beispiele: <\/p>\n<ul>\n<li>F\u00fcr 3 mg \/ ml Nikotin m\u00fcssen Sie 1x bestellen. <a href=\"https:\/\/vapotheque.ch\/de\/kategorie\/diy-de\/boosters-diy-de\/\"><strong>Nikotin-Booster<\/strong><\/a> und 1x 100 ML Nikotin. <strong><a href=\"https:\/\/vapotheque.ch\/de\/shop\/vapor-flavour-base-30-70-2\/\">Basis 30 PG \/ 70 VG<\/a><\/strong>. F\u00fcllen Sie den Booster in die E-Liquid-Flasche und f\u00fcllen Sie die Flasche mit der PG\/VG\/VG-Basis auf. <\/li>\n<li>F\u00fcr 6 mg \/ ml Nikotin m\u00fcssen Sie 2x bestellen. <a href=\"https:\/\/vapotheque.ch\/de\/kategorie\/diy-de\/boosters-diy-de\/\"><strong>Nikotin-Booster<\/strong><\/a> und 1x 100 ML Nikotin. <strong><a href=\"https:\/\/vapotheque.ch\/de\/shop\/vapor-flavour-base-30-70-2\/\">Basis 30 PG \/ 70 VG bestellen.<\/a><\/strong>. Geben Sie den Booster in die E-Liquid-Flasche und f\u00fcllen Sie die Flasche mit der Basis PG \/ VG \/ VG auf. <\/li>\n<li>F\u00fcr 9 mg \/ ml m\u00fcssen Sie 3x bestellen. <a href=\"https:\/\/vapotheque.ch\/de\/kategorie\/diy-de\/boosters-diy-de\/\"><strong>Nikotin-Booster<\/strong><\/a> und 1x 100 ML von <strong><a href=\"https:\/\/vapotheque.ch\/de\/shop\/vapor-flavour-base-30-70-2\/\">Basis 30 PG \/ 70 VG bestellen.<\/a><\/strong>. Geben Sie den Booster in die E-Liquid-Flasche und f\u00fcllen Sie die Flasche mit der Basis PG \/ VG \/ VG auf. <\/li>\n<\/ul>\n<p><strong>So geht es weiter, bis das maximale Volumen der Flasche erreicht ist.<\/strong><\/p>\n<p><strong>Sollte nach dem Ausf\u00fcllen der Flasche noch etwas Basis vorhanden sein, bewahren Sie diese bitte dunkel und bei Raumtemperatur auf. Sie k\u00f6nnen sie bei Ihrer n\u00e4chsten Bestellung verwenden. <\/strong><\/p>\n<p>&nbsp;<\/p>\n<p>Wichtig: Liquid mit Aromastoffen, verkauft in einer 60 ml Flasche.<\/p>\n<p>&nbsp;<\/p>\n<p>Sehen Sie sich alle Produkte der Marke <a href=\"\/product_brand\/vape-cellar\/\" target=\"_blank\" rel=\"noopener\">Vape Cellar<\/a> an.<\/p>\n<p>Erhalten Sie Rabatte oder die neuesten Informationen \u00fcber unsere Produkte, indem Sie uns auf unseren sozialen Netzwerken folgen: <a href=\"https:\/\/www.facebook.com\/VapeAigleCH\" target=\"_blank\" rel=\"noopener\">Facebook<\/a> oder <a href=\"https:\/\/www.instagram.com\/vapotheque\" target=\"_blank\" rel=\"noopener\">Instagram<\/a>.<\/p>\n","protected":false},"excerpt":{"rendered":"<p>Vape Cellar Aberdeen 20 \/ 60ML E-Liquid : F\u00fcr die Liebhaber von Pfeifentabak! Vape Cellar pr\u00e4sentiert uns seine Tabakreihe L&#8217;Absolv wie einen Grand Cru. Vape Cellar Aberdeen 20 \/ 60ML E-Liquid: Die Farbe ist ziegelrot und klar, die Nase ist aromatisch und lieblich, mit balsamischen Vanillenoten und Aromen von kompottartigen Fr\u00fcchten. Am Gaumen ist er [&hellip;]<\/p>\n","protected":false},"featured_media":39945,"template":"","meta":{"_acf_changed":false},"product_cat":[405,442,408,403,1681,1135,1679,1134],"product_tag":[],"class_list":{"0":"post-43838","1":"product","2":"type-product","3":"status-publish","4":"has-post-thumbnail","6":"product_brand-vape-cellar-de","7":"product_cat-e-liquids","8":"product_cat-hervorgehobene-produkte","9":"product_cat-lieferbar-innerhalb-von-24-stunden-de","10":"product_cat-tabak","11":"product_cat-20-ml-fur-60-ml","12":"product_cat-labsolv-de","13":"product_cat-menge-e-flussigkeit-kapazitat-flasche","14":"product_cat-vape-cellar-de","16":"first","17":"outofstock","18":"taxable","19":"shipping-taxable","20":"purchasable","21":"product-type-simple"},"acf":[],"jetpack_sharing_enabled":true,"_links":{"self":[{"href":"https:\/\/vapotheque.ch\/de\/wp-json\/wp\/v2\/product\/43838","targetHints":{"allow":["GET"]}}],"collection":[{"href":"https:\/\/vapotheque.ch\/de\/wp-json\/wp\/v2\/product"}],"about":[{"href":"https:\/\/vapotheque.ch\/de\/wp-json\/wp\/v2\/types\/product"}],"wp:featuredmedia":[{"embeddable":true,"href":"https:\/\/vapotheque.ch\/de\/wp-json\/wp\/v2\/media\/39945"}],"wp:attachment":[{"href":"https:\/\/vapotheque.ch\/de\/wp-json\/wp\/v2\/media?parent=43838"}],"wp:term":[{"taxonomy":"product_cat","embeddable":true,"href":"https:\/\/vapotheque.ch\/de\/wp-json\/wp\/v2\/product_cat?post=43838"},{"taxonomy":"product_tag","embeddable":true,"href":"https:\/\/vapotheque.ch\/de\/wp-json\/wp\/v2\/product_tag?post=43838"}],"curies":[{"name":"wp","href":"https:\/\/api.w.org\/{rel}","templated":true}]}}