{"id":43828,"date":"2025-01-09T14:10:55","date_gmt":"2025-01-09T13:10:55","guid":{"rendered":"https:\/\/vapotheque.ch\/boutique\/full-moon-purple-concentrate-30ml\/"},"modified":"2025-01-09T14:10:55","modified_gmt":"2025-01-09T13:10:55","slug":"full-moon-purple-concentrate-30ml","status":"publish","type":"product","link":"https:\/\/vapotheque.ch\/de\/shop\/full-moon-purple-concentrate-30ml\/","title":{"rendered":"Full Moon &#8211; Purple Concentrate 30ml"},"content":{"rendered":"<h2><strong>Full Moon Concentrate Purple 30ml: eine fruchtig-frische Explosion f\u00fcr Ihre DIY-Kreationen!<\/strong> <\/h2>\n<p>Der Erfolg von <strong>Full Moon<\/strong> ist ungebrochen und zu unserer Freude gibt es das ber\u00fchmte Aromakonzentrat <strong>Purple<\/strong> jetzt auch in einer gro\u00dfz\u00fcgigen <strong>30-ml-Gr\u00f6\u00dfe<\/strong>. Machen Sie sich bereit f\u00fcr ein unvergleichliches DIY-Erlebnis mit diesem fruchtig-frischen Aroma, das Ihren selbstgemachten Liquids eine neue Dimension verleiht! <\/p>\n<hr>\n<h3><strong>Ein magisches und herrlich fruchtiges Rezept<\/strong><\/h3>\n<p>In jedem Tropfen des <strong>Full Moon Concentrate Purple 30ml<\/strong> erwartet Sie ein wahrer Cocktail von Aromen:<\/p>\n<ul>\n<li>Intensiv s\u00fc\u00dfe <strong>schwarze Traube<\/strong>, die den Gaumen mit ihren reichen und tiefen Noten umschmeichelt.<\/li>\n<li>Ein <strong>s\u00e4uerlicher Apfel<\/strong>, der genau die richtige Menge an Pep und Biss mitbringt.<\/li>\n<li>Das Ganze wird durch einen <strong>Hauch<\/strong> von belebender <strong>Frische<\/strong> verfeinert, f\u00fcr ein intensives und erfrischendes Dampfen.<\/li>\n<\/ul>\n<hr>\n<h3><strong>Full Moon: Malaysische Expertise im Dienste des Heimwerkers<\/strong><\/h3>\n<p>Mit seinen Aromen aus Malaysia ist <strong>Full Moon<\/strong> eine Referenz f\u00fcr Liebhaber von fruchtigem Dampfen. Seine Konzentrate sind eine perfekte Mischung aus <strong>klassischen und exotischen Aromen<\/strong>, immer mit einer charakteristischen Frische. <\/p>\n<p>In der <strong>30 ml<\/strong> Version haben Sie jetzt alles, was Sie brauchen, um Ihre aromatischen Meisterwerke zu kreieren und den Genuss noch l\u00e4nger zu erhalten!<\/p>\n<hr>\n<h3><strong>Do-it-yourself: Entfalten Sie Ihre Kreativit\u00e4t in wenigen einfachen Schritten<\/strong><\/h3>\n<p>\u26a0\ufe0f <strong>Wichtig<\/strong>: Dieses Aroma ist ein Konzentrat, es muss mit einer neutralen Basis verd\u00fcnnt werden und darf <strong>nicht alleine gedampft<\/strong> werden.<\/p>\n<ul>\n<li><strong>Empfohlene Dosierung<\/strong>:<br \/>Verd\u00fcnnen Sie <strong>15%<\/strong> <strong>Purple<\/strong> Aroma mit einer 50\/50 PG\/VG Basis f\u00fcr ein perfektes Gleichgewicht zwischen Geschmack und Dampfentwicklung.<\/li>\n<li><strong>Reifung<\/strong>:<br \/>Nehmen Sie sich die Zeit, um Ihre Mischung f\u00fcr einen optimalen Geschmack zu entfalten:<\/p>\n<ul>\n<li>Einfache fruchtige Aromen: 0 bis 5 Tage.<\/li>\n<li>Komplexe fruchtige Aromen: 3 bis 7 Tage.<\/li>\n<li>Minze, Gew\u00fcrze, Vanille: 1 bis 2 Wochen.<\/li>\n<li>Gourmands: 2 bis 3 Wochen.<\/li>\n<li>Tabak: mindestens 2 Wochen.<\/li>\n<\/ul>\n<\/li>\n<\/ul>\n<hr>\n<h3><strong>H\u00f6chste Qualit\u00e4t in jeder Flasche<\/strong><\/h3>\n<ul>\n<li><strong>Ohne Diacetyl, Parabene und Ambrox<\/strong>, f\u00fcr ein reines und geschmackvolles Dampfen.<\/li>\n<li><strong>30 ml<\/strong> PET-Flasche mit Originalit\u00e4tsring, Kindersicherung und pr\u00e4zisem Tropfverschluss.<\/li>\n<li>Alle wichtigen Informationen: Zusammensetzung, Chargennummer und MHD deutlich angegeben.<\/li>\n<\/ul>\n<hr>\n<h3><strong>Warum sollten Sie Full Moon Purple Concentrate 30ml w\u00e4hlen?<\/strong><\/h3>\n<p>Weil dieses Aroma <strong>ein Must-Have<\/strong> f\u00fcr alle Liebhaber fruchtig-frischer Dampfer ist! Ob Sie nun ein Fan von saftigen Trauben oder knackigen \u00c4pfeln sind, das <strong>Full Moon Concentrate Purple 30ml<\/strong> wird Ihre DIY-Produkte verfeinern. Es ist die perfekte Balance zwischen Genuss, Frische und Einfachheit, in einem Format, das ideal f\u00fcr Ihre inspirierendsten Kreationen ist.  <\/p>\n<p><strong>  Verwandeln Sie Ihre Mischungen in fruchtige Kunstwerke mit dem Full Moon Concentrate Purple 30ml!  <\/strong><\/p>\n<p>&nbsp;<\/p>\n<p><strong>ACHTUNG: Dieses Konzentrat ist nicht zum alleinigen Verdampfen geeignet, verd\u00fcnnen Sie es vor dem Gebrauch!<\/strong><\/p>\n<p>&nbsp;<\/p>\n<p><a href=\"https:\/\/vapotheque.ch\/de\/kategorie\/diy-de\/konzentrate\/\" target=\"_blank\" rel=\"noopener\">Hier<\/a> finden Sie alle unsere Konzentrate.<\/p>\n<p>Erhalten Sie Rabatte oder die neuesten Informationen \u00fcber unsere Produkte, indem Sie uns auf unseren sozialen Netzwerken folgen: <a href=\"https:\/\/www.facebook.com\/VapeAigleCH\" target=\"_blank\" rel=\"noopener\">Facebook<\/a> oder <a href=\"https:\/\/www.instagram.com\/vapotheque\" target=\"_blank\" rel=\"noopener\">Instagram<\/a>.<\/p>\n","protected":false},"excerpt":{"rendered":"<p>Full Moon Concentrate Purple 30ml: eine fruchtig-frische Explosion f\u00fcr Ihre DIY-Kreationen! Der Erfolg von Full Moon ist ungebrochen und zu unserer Freude gibt es das ber\u00fchmte Aromakonzentrat Purple jetzt auch in einer gro\u00dfz\u00fcgigen 30-ml-Gr\u00f6\u00dfe. Machen Sie sich bereit f\u00fcr ein unvergleichliches DIY-Erlebnis mit diesem fruchtig-frischen Aroma, das Ihren selbstgemachten Liquids eine neue Dimension verleiht! Ein [&hellip;]<\/p>\n","protected":false},"featured_media":42152,"template":"","meta":{"_acf_changed":false},"product_cat":[443,468,408],"product_tag":[],"class_list":{"0":"post-43828","1":"product","2":"type-product","3":"status-publish","4":"has-post-thumbnail","6":"product_brand-full-moon-de","7":"product_cat-diy-de","8":"product_cat-konzentrate","9":"product_cat-lieferbar-innerhalb-von-24-stunden-de","11":"first","12":"instock","13":"taxable","14":"shipping-taxable","15":"purchasable","16":"product-type-simple"},"acf":[],"jetpack_sharing_enabled":true,"_links":{"self":[{"href":"https:\/\/vapotheque.ch\/de\/wp-json\/wp\/v2\/product\/43828","targetHints":{"allow":["GET"]}}],"collection":[{"href":"https:\/\/vapotheque.ch\/de\/wp-json\/wp\/v2\/product"}],"about":[{"href":"https:\/\/vapotheque.ch\/de\/wp-json\/wp\/v2\/types\/product"}],"wp:featuredmedia":[{"embeddable":true,"href":"https:\/\/vapotheque.ch\/de\/wp-json\/wp\/v2\/media\/42152"}],"wp:attachment":[{"href":"https:\/\/vapotheque.ch\/de\/wp-json\/wp\/v2\/media?parent=43828"}],"wp:term":[{"taxonomy":"product_cat","embeddable":true,"href":"https:\/\/vapotheque.ch\/de\/wp-json\/wp\/v2\/product_cat?post=43828"},{"taxonomy":"product_tag","embeddable":true,"href":"https:\/\/vapotheque.ch\/de\/wp-json\/wp\/v2\/product_tag?post=43828"}],"curies":[{"name":"wp","href":"https:\/\/api.w.org\/{rel}","templated":true}]}}