{"id":43823,"date":"2024-12-31T14:52:55","date_gmt":"2024-12-31T13:52:55","guid":{"rendered":"https:\/\/vapotheque.ch\/boutique\/steam-train-whistle-20-60ml-e-liquide\/"},"modified":"2024-12-31T14:52:55","modified_gmt":"2024-12-31T13:52:55","slug":"steam-train-whistle-20-60ml-e-liquide","status":"publish","type":"product","link":"https:\/\/vapotheque.ch\/de\/shop\/steam-train-whistle-20-60ml-e-liquide\/","title":{"rendered":"Steam Train &#8211; Whistle 20 \/ 60ML E-Liquide"},"content":{"rendered":"<h2>Steam Train Whistle 20 \/ 60ML E-Liquide: Die Limonade, die sich abhebt!<\/h2>\n<p><a href=\"https:\/\/vapotheque.ch\/de\/steam-train-4\/\">Die Marke Steam Train<\/a> wird Sie mit der <strong>Steam Train Whistle 20 \/ 60ML E-Liquid<\/strong> beeindrucken, wenn Sie fruchtige Aromen mit einer frischen Note in Ihrer E-Liquid m\u00f6gen. <strong>Steam Train<\/strong> bietet Ihnen ein E-Liquid, das exklusiv f\u00fcr Sie entwickelt wurde!<\/p>\n<p>Es ist anzunehmen, dass Dampfer bei E-Liquids die Wahl zwischen den verschiedenen Geschmacksrichtungen haben, die von den Herstellern angeboten werden. Aus diesem Grund hat Steam train beschlossen, diesen neuen Saft mit fruchtigen Aromen zu entwickeln, die \u00fcber alle Erwartungen hinausgehen. Auch wenn diese E-Fl\u00fcssigkeit vor allem bei Frauen beliebt ist, k\u00f6nnen auch M\u00e4nner von der s\u00fc\u00dfen Note profitieren.  <\/p>\n<p>Steam Train hat keine halben Sachen gemacht, als sie die <strong>Steam Train Whistle 20 \/ 60ML E-Liquid<\/strong> entwickelt haben! Dieses E-Liquid ist ein wahres Geschmackskonzentrat aus den Aromen der Fr\u00fcchte, aus denen es besteht. Eine <strong>Zitronenlimonade<\/strong> mit <strong>braunem Zucker<\/strong> unterstreicht die Authentizit\u00e4t dieses Saftes. Perfekt f\u00fcr Dampfer, die auf der Suche nach einer exotischen Note in ihrer Fl\u00fcssigkeit sind. Au\u00dferdem werden diese Aromen Ihren Geschmackssinn beim <b>Dampfen <\/b>erfrischen, egal<b> wo<\/b> Sie sich befinden!   <\/p>\n<p>&nbsp;<\/p>\n<p><strong>ACHTUNG: Dieses Produkt ist ein konzentriertes Aroma von 24 ml, das vor Gebrauch verd\u00fcnnt werden muss!<\/strong><\/p>\n<p>&nbsp;<\/p>\n<h3><\/h3>\n<h3>Hilfe beim Boosten Ihres Whistle E-Liquide :<\/h3>\n<p>Wenn Sie Ihre Whistle erhalten, m\u00fcssen Sie die Nikotinersatzprodukte hinzuf\u00fcgen. <a href=\"https:\/\/vapotheque.ch\/de\/kategorie\/diy-de\/boosters-diy-de\/\"><strong>Nikotin-Booster<\/strong><\/a> (falls erforderlich) und Glukose. <strong><a href=\"https:\/\/vapotheque.ch\/de\/shop\/vapor-flavour-base-30-70-2\/\">PG\/VG-Basis<\/a><\/strong> bevor Sie ihn dampfen k\u00f6nnen. Die Flasche, die Sie erhalten, wird mit <strong>20 ml konzentriertem Aroma<\/strong> gef\u00fcllt. <\/p>\n<p>In dieser Reihenfolge m\u00fcssen Sie <strong>zuerst die<\/strong> ben\u00f6tigten <strong>Nikotinbooster<\/strong> <strong>und dann die PG\/VG-Basis<\/strong> hinzuf\u00fcgen, um die Flasche zu f\u00fcllen. Um Ihnen zu helfen, die Anzahl der <a href=\"https:\/\/vapotheque.ch\/de\/kategorie\/diy-de\/boosters-diy-de\/\"><strong>Nikotin-Booster<\/strong><\/a> und der Menge an Glukose <strong><a href=\"https:\/\/vapotheque.ch\/de\/shop\/vapor-flavour-base-30-70-2\/\">PG\/VG-Basis<\/a><\/strong> Nachfolgend finden Sie einige Beispiele: <\/p>\n<ul>\n<li>F\u00fcr 3 mg \/ ml Nikotin m\u00fcssen Sie 1x bestellen. <a href=\"https:\/\/vapotheque.ch\/de\/kategorie\/diy-de\/boosters-diy-de\/\"><strong>Nikotin-Booster<\/strong><\/a> und 1x 100 ML Nikotin. <strong><a href=\"https:\/\/vapotheque.ch\/de\/shop\/vapor-flavour-base-30-70-2\/\">Basis 30 PG \/ 70 VG<\/a><\/strong>. F\u00fcllen Sie den Booster in die E-Liquid-Flasche und f\u00fcllen Sie diese mit der PG\/VG\/VG-Basis auf. <\/li>\n<li>F\u00fcr 6 mg \/ ml Nikotin m\u00fcssen Sie 2x bestellen. <a href=\"https:\/\/vapotheque.ch\/de\/kategorie\/diy-de\/boosters-diy-de\/\"><strong>Nikotin-Booster<\/strong><\/a> und 1x 100 ML Nikotin. <strong><a href=\"https:\/\/vapotheque.ch\/de\/shop\/vapor-flavour-base-30-70-2\/\">Basis 30 PG \/ 70 VG bestellen.<\/a><\/strong>. Geben Sie den Booster in die E-Liquid-Flasche und f\u00fcllen Sie die Flasche mit der Basis PG \/ VG \/ VG auf. <\/li>\n<li>F\u00fcr 9 mg \/ ml m\u00fcssen Sie 3x bestellen. <a href=\"https:\/\/vapotheque.ch\/de\/kategorie\/diy-de\/boosters-diy-de\/\"><strong>Nikotin-Booster<\/strong><\/a> und 1x 100 ML von <strong><a href=\"https:\/\/vapotheque.ch\/de\/shop\/vapor-flavour-base-30-70-2\/\">Basis 30 PG \/ 70 VG bestellen.<\/a><\/strong>. Geben Sie den Booster in die E-Liquid-Flasche und f\u00fcllen Sie diese mit der Basis PG \/ VG \/ VG auf. <\/li>\n<\/ul>\n<p><strong>So geht es weiter, bis das maximale Volumen der Flasche erreicht ist.<\/strong><\/p>\n<p><strong>Sollte nach dem Ausf\u00fcllen der Flasche noch etwas Basis vorhanden sein, bewahren Sie diese bitte dunkel und bei Raumtemperatur auf. Sie k\u00f6nnen sie bei Ihrer n\u00e4chsten Bestellung verwenden. <\/strong><\/p>\n<p>&nbsp;<\/p>\n<p>Wichtig: Liquid mit Aromastoffen, verkauft in einer 120 ml Flasche.<\/p>\n<p class=\"class-fabrication\">Hergestellt in Griechenland; Dosierung: 100 % PG.<\/p>\n<p>&nbsp;<\/p>\n<p>Sehen Sie sich weitere Produkte der Marke <a href=\"https:\/\/vapotheque.ch\/de\/marque\/steam-train-de\/\" target=\"_blank\" rel=\"noopener\">Steam Train<\/a> an.<\/p>\n<p>Erhalten Sie Rabatte oder die neuesten Informationen \u00fcber die Steam Train Journey, indem Sie uns auf <a href=\"https:\/\/www.facebook.com\/VapeAigleCH\" target=\"_blank\" rel=\"noopener\">Facebook<\/a> oder <a href=\"https:\/\/www.instagram.com\/vapotheque\" target=\"_blank\" rel=\"noopener\">Instagram<\/a> folgen.<\/p>\n","protected":false},"excerpt":{"rendered":"<p>Steam Train Whistle 20 \/ 60ML E-Liquide: Die Limonade, die sich abhebt! Die Marke Steam Train wird Sie mit der Steam Train Whistle 20 \/ 60ML E-Liquid beeindrucken, wenn Sie fruchtige Aromen mit einer frischen Note in Ihrer E-Liquid m\u00f6gen. Steam Train bietet Ihnen ein E-Liquid, das exklusiv f\u00fcr Sie entwickelt wurde! Es ist anzunehmen, [&hellip;]<\/p>\n","protected":false},"featured_media":42038,"template":"","meta":{"_acf_changed":false},"product_cat":[405,404,442,408,1681,1679],"product_tag":[],"class_list":{"0":"post-43823","1":"product","2":"type-product","3":"status-publish","4":"has-post-thumbnail","6":"product_brand-steam-train-de","7":"product_cat-e-liquids","8":"product_cat-fruchtig","9":"product_cat-hervorgehobene-produkte","10":"product_cat-lieferbar-innerhalb-von-24-stunden-de","11":"product_cat-20-ml-fur-60-ml","12":"product_cat-menge-e-flussigkeit-kapazitat-flasche","14":"first","15":"instock","16":"taxable","17":"shipping-taxable","18":"purchasable","19":"product-type-simple"},"acf":[],"jetpack_sharing_enabled":true,"_links":{"self":[{"href":"https:\/\/vapotheque.ch\/de\/wp-json\/wp\/v2\/product\/43823","targetHints":{"allow":["GET"]}}],"collection":[{"href":"https:\/\/vapotheque.ch\/de\/wp-json\/wp\/v2\/product"}],"about":[{"href":"https:\/\/vapotheque.ch\/de\/wp-json\/wp\/v2\/types\/product"}],"wp:featuredmedia":[{"embeddable":true,"href":"https:\/\/vapotheque.ch\/de\/wp-json\/wp\/v2\/media\/42038"}],"wp:attachment":[{"href":"https:\/\/vapotheque.ch\/de\/wp-json\/wp\/v2\/media?parent=43823"}],"wp:term":[{"taxonomy":"product_cat","embeddable":true,"href":"https:\/\/vapotheque.ch\/de\/wp-json\/wp\/v2\/product_cat?post=43823"},{"taxonomy":"product_tag","embeddable":true,"href":"https:\/\/vapotheque.ch\/de\/wp-json\/wp\/v2\/product_tag?post=43823"}],"curies":[{"name":"wp","href":"https:\/\/api.w.org\/{rel}","templated":true}]}}