{"id":43822,"date":"2024-12-31T14:30:45","date_gmt":"2024-12-31T13:30:45","guid":{"rendered":"https:\/\/vapotheque.ch\/boutique\/vaping-in-paris-silver-fox-exotische-e-liquids\/"},"modified":"2025-04-26T12:35:46","modified_gmt":"2025-04-26T10:35:46","slug":"vaping-in-paris-silver-fox-exotische-e-liquids","status":"publish","type":"product","link":"https:\/\/vapotheque.ch\/de\/shop\/vaping-in-paris-silver-fox-exotische-e-liquids\/","title":{"rendered":"Verdampfen in Paris &#8211; Silver Fox &#8211; Exotisches E-Liquid 50 ml \/ 75 ml"},"content":{"rendered":"<h2><strong>Verdampfen in Paris Silver Fox Exotique E-Liquid 50 ml \/ 75 ml: Ein eisiger Tauchgang ins Herz der Tropen!<\/strong>  \u2744\ufe0f<\/h2>\n<p>Bereiten Sie Ihre Geschmacksknospen auf einen echten Karneval tropischer Aromen vor mit dem <strong>Vaping In Paris Silver Fox Exotic E-Liquid 50 ml \/ 75 ml<\/strong>, dem Juwel der <strong>Silver Fox-Reihe<\/strong> von <strong>Vaping In Paris<\/strong>. Dieser Cocktail aus s\u00fc\u00dfer Ananas, saftiger Mango und intensiver Passionsfrucht l\u00e4dt zu einer geschmacklichen Flucht ein, die durch eine extreme Frische verst\u00e4rkt wird, die die Sinne belebt. <\/p>\n<h3><strong>Ein fruchtiges und frostiges Festival f\u00fcr Ihren Dampf<\/strong><\/h3>\n<p>Stellen Sie sich einen Bissen frisch gepfl\u00fcckter Ananas vor, der mit der samtigen S\u00fc\u00dfe der Mango und der hellen S\u00e4ure der Passionsfrucht verschmilzt. F\u00fcgen Sie eine eisige Welle hinzu, die jeden Zug in eine belebende Explosion verwandelt. Das ist das Geheimnis des <strong>Verdampfens in Paris Silver Fox Exotique E-Liquid 50 ml \/ 75 ml<\/strong> : eine perfekte Balance zwischen aromatischer Intensit\u00e4t, eisiger Frische und tropischer S\u00fc\u00dfe.  <\/p>\n<h3><strong>  Die nat\u00fcrliche Essenz des Dampfens<\/strong><\/h3>\n<p>Bei <strong>Vaping In Paris<\/strong> ist Qualit\u00e4t K\u00f6nig. Das <strong>Vaping in Paris Silver Fox Exotic E-Liquid 50ml \/ 75ml<\/strong> ist mit <strong>100% nat\u00fcrlichen<\/strong> <strong>Aromen und einer 100% pflanzlichen Basis<\/strong> ausgestattet und bietet einen gesunden und reinen Dampf, ohne Coolada oder k\u00fcnstliche S\u00fc\u00dfstoffe. Denn der Geschmack, der echte, braucht keine Kunstgriffe, um zu gl\u00e4nzen.  <\/p>\n<h3><strong>Silver Fox: Puffgeschmack, nur besser!<\/strong><\/h3>\n<p>Lieben Sie Einweg-Puffs? Die Silver <strong>Fox E-Liquids<\/strong> fangen die Essenz der E-Liquids ein und bieten Ihnen ein noch raffinierteres Erlebnis. Mit dem <strong>Vaping in Paris Silver Fox Exotique E-Liquid 50 ml \/ 75 ml<\/strong>, finden Sie lebendige Aromen und unvergleichliche Frische, alles in einem \u00f6kologischen und wirtschaftlichen Format.  <\/p>\n<h3><strong>Technische Merkmale :<\/strong><\/h3>\n<ul>\n<li><strong>PG\/VG 50\/50<\/strong>, die perfekte Balance f\u00fcr intensive Aromen und einen gro\u00dfz\u00fcgigen Dampf.<\/li>\n<li>Kompatibel mit <strong>Nikotinboostern<\/strong> f\u00fcr eine millimetergenaue Personalisierung.<\/li>\n<\/ul>\n<h3><strong>Ein Ticket in ein eisiges Paradies<\/strong><\/h3>\n<p>Suchst Du nach einem Hauch frischer Luft und Sonnenschein in Deinem Vape? Egal, ob es darum geht, Ihre Sommertage wiederzubeleben oder Ihre Winter aufzuw\u00e4rmen, das <strong>Vaping in Paris Silver Fox Exotic E-Liquid 50 ml \/ 75 ml<\/strong> ist Ihre Eintrittskarte f\u00fcr einen tropischen, frostigen Dampf mit jedem Zug. <\/p>\n<p>Sind Sie bereit, sich auf dieses fruchtige Abenteuer einzulassen? \u2744\ufe0f<\/p>\n<\/p>\n<\/p>\n<p><span style=\"vertical-align: inherit\">Hergestellt in Frankreich; MPGV\/GV-Dosierung: 50% \/ 50%. Passt sich jeder Art von Ausr\u00fcstung an. <\/span><\/p>\n<\/p>\n<p><span style=\"vertical-align: inherit\">Entdecken Sie die anderen Produkte der Marke Vaping <\/span><a href=\"..\/..\/marque\/vaping-in-paris\"><span style=\"vertical-align: inherit\">in Paris<\/span><\/a><span style=\"vertical-align: inherit\">.<\/span><\/p>\n<p><span style=\"vertical-align: inherit\">Erhalten Sie Rabatte oder die neuesten Informationen zu unseren Produkten, indem Sie uns in unseren sozialen Netzwerken folgen: <\/span><a href=\"https:\/\/www.facebook.com\/VapeAigleCH\" target=\"_blank\" rel=\"noopener\"><span style=\"vertical-align: inherit\">Facebook<\/span><\/a><span style=\"vertical-align: inherit\"> oder <\/span><a href=\"https:\/\/www.instagram.com\/vapotheque\" target=\"_blank\" rel=\"noopener\"><span style=\"vertical-align: inherit\">Instagram<\/span><\/a><span style=\"vertical-align: inherit\"> .<\/span><\/p>\n","protected":false},"excerpt":{"rendered":"<p>Verdampfen in Paris Silver Fox Exotique E-Liquid 50 ml \/ 75 ml: Ein eisiger Tauchgang ins Herz der Tropen! \u2744\ufe0f Bereiten Sie Ihre Geschmacksknospen auf einen echten Karneval tropischer Aromen vor mit dem Vaping In Paris Silver Fox Exotic E-Liquid 50 ml \/ 75 ml, dem Juwel der Silver Fox-Reihe von Vaping In Paris. Dieser [&hellip;]<\/p>\n","protected":false},"featured_media":42033,"template":"","meta":{"_acf_changed":false},"product_cat":[405,404,442,408,1866,1686,1679],"product_tag":[],"class_list":{"0":"post-43822","1":"product","2":"type-product","3":"status-publish","4":"has-post-thumbnail","6":"product_brand-vaping-in-paris-de","7":"product_cat-e-liquids","8":"product_cat-fruchtig","9":"product_cat-hervorgehobene-produkte","10":"product_cat-lieferbar-innerhalb-von-24-stunden-de","11":"product_cat-silver-fox-50-ml-de","12":"product_cat-50-ml-fur-70-ml","13":"product_cat-menge-e-flussigkeit-kapazitat-flasche","15":"first","16":"instock","17":"taxable","18":"shipping-taxable","19":"purchasable","20":"product-type-simple"},"acf":[],"jetpack_sharing_enabled":true,"_links":{"self":[{"href":"https:\/\/vapotheque.ch\/de\/wp-json\/wp\/v2\/product\/43822","targetHints":{"allow":["GET"]}}],"collection":[{"href":"https:\/\/vapotheque.ch\/de\/wp-json\/wp\/v2\/product"}],"about":[{"href":"https:\/\/vapotheque.ch\/de\/wp-json\/wp\/v2\/types\/product"}],"wp:featuredmedia":[{"embeddable":true,"href":"https:\/\/vapotheque.ch\/de\/wp-json\/wp\/v2\/media\/42033"}],"wp:attachment":[{"href":"https:\/\/vapotheque.ch\/de\/wp-json\/wp\/v2\/media?parent=43822"}],"wp:term":[{"taxonomy":"product_cat","embeddable":true,"href":"https:\/\/vapotheque.ch\/de\/wp-json\/wp\/v2\/product_cat?post=43822"},{"taxonomy":"product_tag","embeddable":true,"href":"https:\/\/vapotheque.ch\/de\/wp-json\/wp\/v2\/product_tag?post=43822"}],"curies":[{"name":"wp","href":"https:\/\/api.w.org\/{rel}","templated":true}]}}