{"id":43820,"date":"2024-12-31T13:59:09","date_gmt":"2024-12-31T12:59:09","guid":{"rendered":"https:\/\/vapotheque.ch\/boutique\/vaping-in-paris-silver-fox-litchi-rose-e-liquide\/"},"modified":"2025-04-26T12:35:54","modified_gmt":"2025-04-26T10:35:54","slug":"vaping-in-paris-silver-fox-litchi-rose-e-liquide","status":"publish","type":"product","link":"https:\/\/vapotheque.ch\/de\/shop\/vaping-in-paris-silver-fox-litchi-rose-e-liquide\/","title":{"rendered":"Verdampfen in Paris &#8211; Silver Fox &#8211; Pink Lychee E-Liquid 50 ml \/ 75 ml"},"content":{"rendered":"<h2><strong>Vaping in Paris Silver Fox Pink Lychee E-Liquid 50 ml \/ 75 ml: Ein blumiger und fruchtiger Spaziergang in frostigen L\u00e4ndern!<\/strong>  \u2744\ufe0f<\/h2>\n<p>Entdecken Sie das <strong>Vaping in Paris Silver Fox Pink Lychee E-Liquid 50 ml \/ 75 ml<\/strong>, ein Juwel der <strong>Silver Fox<\/strong> Reihe, das Sie zu einem delikaten Geschmackserlebnis einl\u00e4dt. Lassen Sie sich von einer gewagten Kombination verf\u00fchren: die exotische S\u00fc\u00dfe der Litschi, sublimiert durch die bet\u00f6rende Raffinesse der Rose, alles umh\u00fcllt von einer eisigen Frische. <\/p>\n<h3><strong>Ein au\u00dfergew\u00f6hnliches fruchtiges und blumiges Duo<\/strong><\/h3>\n<p>Stellen Sie sich vor, in eine saftige Litschi zu bei\u00dfen und dann von der duftenden S\u00fc\u00dfe eines Strau\u00dfes frischer Rosen umh\u00fcllt zu werden. F\u00fcgen Sie eine eisige Brise hinzu, die Ihre Geschmacksnerven auf eine unvergessliche Sinnesreise entf\u00fchrt. Jeder Zug dieser E-Liquids ist eine echte Flucht aus dem Alltag, wo Eleganz und Exotik aufeinandertreffen.  <\/p>\n<h3><strong>  Nat\u00fcrlich gut, unwiderstehlich rein<\/strong><\/h3>\n<p>Bei <strong>Vaping In Paris<\/strong> hat Qualit\u00e4t Priorit\u00e4t. Das <strong>Vaping in Paris Silver Fox Pink Lychee E-Liquid 50 ml \/ 75 ml<\/strong> besteht zu <strong>100% aus nat\u00fcrlichen<\/strong> <strong>Aromen und zu 100% aus pflanzlicher Basis<\/strong>, um einen gesunden und authentischen Dampf zu garantieren. Hier gibt es keine Koolada oder k\u00fcnstliche S\u00fc\u00dfstoffe, nur eine Reinheit, die jede Geschmacksnote hervorhebt.  <\/p>\n<h3><strong>Silver Fox: Geschmack wie die besten Puffs<\/strong><\/h3>\n<p>Liebhaber von Einweg-Puffs werden begeistert sein: Die Silver Fox-Serie f\u00e4ngt die Essenz der feinsten Aromen mit unglaublicher Pr\u00e4zision ein. Mit dem <strong>Vaping in Paris Silver Fox Pink Lychee E-Liquid 50 ml \/ 75 ml<\/strong> k\u00f6nnen Sie eine perfekte Balance zwischen aromatischer Intensit\u00e4t und Frische genie\u00dfen. <\/p>\n<h3><strong>Technische Merkmale :<\/strong><\/h3>\n<ul>\n<li><strong>PG\/VG-Verh\u00e4ltnis 50\/50<\/strong>, perfekt f\u00fcr eine optimale Geschmackswiedergabe und einen ausgewogenen Dampf.<\/li>\n<li>Kompatibel mit der Zugabe von <strong>Nikotin-Boostern<\/strong>, um Ihr Dampfen nach Ihren Vorlieben zu gestalten.<\/li>\n<\/ul>\n<h3><strong>Eine Geschmacksreise in Ihrer Reichweite<\/strong><\/h3>\n<p>Egal, ob Sie auf der Suche nach einem erfrischenden Dampf f\u00fcr den Sommer oder einem blumigen Aroma sind, das Ihre Momente der Entspannung begleitet, das <strong>Vaping in Paris Silver Fox Lychee Rose E-Liquid 50 ml \/ 75 ml<\/strong> wird alle Ihre Erwartungen erf\u00fcllen.<\/p>\n<p>Sind Sie bereit, sich von dieser k\u00f6stlichen fruchtigen und blumigen Fusion mitrei\u00dfen zu lassen? \u2744\ufe0f<\/p>\n<\/p>\n<\/p>\n<p><span style=\"vertical-align: inherit\">Hergestellt in Frankreich; MPGV\/GV-Dosierung: 50% \/ 50%. Passt sich jeder Art von Ausr\u00fcstung an. <\/span><\/p>\n<\/p>\n<p><span style=\"vertical-align: inherit\">Entdecken Sie die anderen Produkte der Marke Vaping <\/span><a href=\"..\/..\/marque\/vaping-in-paris\"><span style=\"vertical-align: inherit\">in Paris<\/span><\/a><span style=\"vertical-align: inherit\">.<\/span><\/p>\n<p><span style=\"vertical-align: inherit\">Erhalten Sie Rabatte oder die neuesten Informationen zu unseren Produkten, indem Sie uns in unseren sozialen Netzwerken folgen: <\/span><a href=\"https:\/\/www.facebook.com\/VapeAigleCH\" target=\"_blank\" rel=\"noopener\"><span style=\"vertical-align: inherit\">Facebook<\/span><\/a><span style=\"vertical-align: inherit\"> oder <\/span><a href=\"https:\/\/www.instagram.com\/vapotheque\" target=\"_blank\" rel=\"noopener\"><span style=\"vertical-align: inherit\">Instagram<\/span><\/a><span style=\"vertical-align: inherit\"> .<\/span><\/p>\n","protected":false},"excerpt":{"rendered":"<p>Vaping in Paris Silver Fox Pink Lychee E-Liquid 50 ml \/ 75 ml: Ein blumiger und fruchtiger Spaziergang in frostigen L\u00e4ndern! \u2744\ufe0f Entdecken Sie das Vaping in Paris Silver Fox Pink Lychee E-Liquid 50 ml \/ 75 ml, ein Juwel der Silver Fox Reihe, das Sie zu einem delikaten Geschmackserlebnis einl\u00e4dt. Lassen Sie sich von [&hellip;]<\/p>\n","protected":false},"featured_media":42028,"template":"","meta":{"_acf_changed":false},"product_cat":[405,404,442,408,1866,1686,1679],"product_tag":[],"class_list":{"0":"post-43820","1":"product","2":"type-product","3":"status-publish","4":"has-post-thumbnail","6":"product_brand-vaping-in-paris-de","7":"product_cat-e-liquids","8":"product_cat-fruchtig","9":"product_cat-hervorgehobene-produkte","10":"product_cat-lieferbar-innerhalb-von-24-stunden-de","11":"product_cat-silver-fox-50-ml-de","12":"product_cat-50-ml-fur-70-ml","13":"product_cat-menge-e-flussigkeit-kapazitat-flasche","15":"first","16":"outofstock","17":"taxable","18":"shipping-taxable","19":"purchasable","20":"product-type-simple"},"acf":[],"jetpack_sharing_enabled":true,"_links":{"self":[{"href":"https:\/\/vapotheque.ch\/de\/wp-json\/wp\/v2\/product\/43820","targetHints":{"allow":["GET"]}}],"collection":[{"href":"https:\/\/vapotheque.ch\/de\/wp-json\/wp\/v2\/product"}],"about":[{"href":"https:\/\/vapotheque.ch\/de\/wp-json\/wp\/v2\/types\/product"}],"wp:featuredmedia":[{"embeddable":true,"href":"https:\/\/vapotheque.ch\/de\/wp-json\/wp\/v2\/media\/42028"}],"wp:attachment":[{"href":"https:\/\/vapotheque.ch\/de\/wp-json\/wp\/v2\/media?parent=43820"}],"wp:term":[{"taxonomy":"product_cat","embeddable":true,"href":"https:\/\/vapotheque.ch\/de\/wp-json\/wp\/v2\/product_cat?post=43820"},{"taxonomy":"product_tag","embeddable":true,"href":"https:\/\/vapotheque.ch\/de\/wp-json\/wp\/v2\/product_tag?post=43820"}],"curies":[{"name":"wp","href":"https:\/\/api.w.org\/{rel}","templated":true}]}}