{"id":43817,"date":"2024-12-26T16:40:19","date_gmt":"2024-12-26T15:40:19","guid":{"rendered":"https:\/\/vapotheque.ch\/boutique\/vaping-in-paris-silver-fox-e-liquid-angeln\/"},"modified":"2025-04-26T12:35:52","modified_gmt":"2025-04-26T10:35:52","slug":"vaping-in-paris-silver-fox-e-liquid-angeln","status":"publish","type":"product","link":"https:\/\/vapotheque.ch\/de\/shop\/vaping-in-paris-silver-fox-e-liquid-angeln\/","title":{"rendered":"Verdampfen in Paris &#8211; Silver Fox &#8211; Pfirsich E-Liquid 50 ml \/ 75 ml"},"content":{"rendered":"<h2><strong>Verdampfen in Paris Silver Fox Peach E-Liquid 50 ml \/ 75 ml: Sommer in jedem Zug!<\/strong>  \u2744\ufe0f<\/h2>\n<p>Machen Sie sich bereit f\u00fcr ein atemberaubendes Geschmackserlebnis mit dem <strong>Vaping in Paris Silver Fox Peach E-Liquid 50 ml \/ 75 ml<\/strong> ! Dieses E-Liquid l\u00e4dt Sie ein, die perfekte Verbindung zwischen der fruchtigen S\u00fc\u00dfe eines reifen Pfirsichs und einer eisigen Frische zu genie\u00dfen, die Ihre Geschmacksknospen begeistern wird.<\/p>\n<p><strong>  Ein Rezept mit tausend und einer Empfindung!<\/strong><br \/>Tauchen Sie ein in einen s\u00fc\u00dfen und erfrischenden Dampf, in dem jeder Zug die Essenz eines saftigen Pfirsichs einf\u00e4ngt, der im Hochsommer gepfl\u00fcckt wurde. F\u00fcgen Sie eine eisige Note hinzu, die an eine frische Brise in einem sonnigen Obstgarten erinnert, und Sie erhalten ein unwiderstehliches Rezept. <\/p>\n<p> <strong> 100% nat\u00fcrlich, 100% pflanzlich, 100% Genuss<\/strong><br \/>Vaping In Paris hat sein ganzes Know-how in dieses Meisterwerk gesteckt: <strong>nat\u00fcrliche Aromen<\/strong>, eine <strong>100% pflanzliche Basis<\/strong> und vor allem keine Coolada oder k\u00fcnstliche S\u00fc\u00dfstoffe. Das Ergebnis? Ein gesunder, reiner und intensiv geschmacklicher Verdampfer, perfekt f\u00fcr alle, die nach Authentizit\u00e4t ohne Kompromisse suchen.  <\/p>\n<p><strong>\u2728 Silver Fox: der ultimative Puff-Geschmack!<\/strong><br \/>Die Silver Fox Serie wurde von den besten Einweg-Puffs inspiriert und zeichnet sich durch die Kunst aus, anspruchsvolle Aromen mit unvergleichlicher Pr\u00e4zision zu reproduzieren. Wenn Sie fruchtige, frische und charaktervolle Liquids m\u00f6gen, haben Sie hier Ihren neuen Favoriten gefunden. <\/p>\n<p><strong>  Technische Eigenschaften:<\/strong><\/p>\n<ul>\n<li>PG\/VG-Verh\u00e4ltnis: <strong>50\/50<\/strong> f\u00fcr ein perfektes Gleichgewicht zwischen Geschmack und Dampfentwicklung.<\/li>\n<li>Format, das mit <strong>Nikotinboostern<\/strong> nach Ihren W\u00fcnschen personalisiert werden kann.<\/li>\n<\/ul>\n<p> <strong> Ein kleines Extra:<\/strong> Wenn Sie diesem E-Liquid Nikotin hinzuf\u00fcgen m\u00f6chten, f\u00fcgen Sie einfach einen oder mehrere Booster hinzu, und schon sind Sie fertig!<\/p>\n<p>Sind Sie bereit, der eisigen S\u00fc\u00dfe des <strong>Verdampfens in Paris Silver Fox Peach E-Liquid 50 ml \/ 75 ml<\/strong> zu erliegen? \u2744\ufe0f<\/p>\n<\/p>\n<p><span style=\"vertical-align: inherit\">Hergestellt in Frankreich; MPGV\/GV-Dosierung: 50% \/ 50%. Passt sich jeder Art von Ausr\u00fcstung an. <\/span><\/p>\n<\/p>\n<p><span style=\"vertical-align: inherit\">Entdecken Sie die anderen Produkte der Marke Vaping <\/span><a href=\"..\/..\/marque\/vaping-in-paris\"><span style=\"vertical-align: inherit\">in Paris<\/span><\/a><span style=\"vertical-align: inherit\">.<\/span><\/p>\n<p><span style=\"vertical-align: inherit\">Erhalten Sie Rabatte oder die neuesten Informationen zu unseren Produkten, indem Sie uns in unseren sozialen Netzwerken folgen: <\/span><a href=\"https:\/\/www.facebook.com\/VapeAigleCH\" target=\"_blank\" rel=\"noopener\"><span style=\"vertical-align: inherit\">Facebook<\/span><\/a><span style=\"vertical-align: inherit\"> oder <\/span><a href=\"https:\/\/www.instagram.com\/vapotheque\" target=\"_blank\" rel=\"noopener\"><span style=\"vertical-align: inherit\">Instagram<\/span><\/a><span style=\"vertical-align: inherit\"> .<\/span><\/p>\n","protected":false},"excerpt":{"rendered":"<p>Verdampfen in Paris Silver Fox Peach E-Liquid 50 ml \/ 75 ml: Sommer in jedem Zug! \u2744\ufe0f Machen Sie sich bereit f\u00fcr ein atemberaubendes Geschmackserlebnis mit dem Vaping in Paris Silver Fox Peach E-Liquid 50 ml \/ 75 ml ! Dieses E-Liquid l\u00e4dt Sie ein, die perfekte Verbindung zwischen der fruchtigen S\u00fc\u00dfe eines reifen Pfirsichs [&hellip;]<\/p>\n","protected":false},"featured_media":45472,"template":"","meta":{"_acf_changed":false},"product_cat":[405,404,442,408,1866,1686,1679],"product_tag":[],"class_list":{"0":"post-43817","1":"product","2":"type-product","3":"status-publish","4":"has-post-thumbnail","6":"product_brand-vaping-in-paris-de","7":"product_cat-e-liquids","8":"product_cat-fruchtig","9":"product_cat-hervorgehobene-produkte","10":"product_cat-lieferbar-innerhalb-von-24-stunden-de","11":"product_cat-silver-fox-50-ml-de","12":"product_cat-50-ml-fur-70-ml","13":"product_cat-menge-e-flussigkeit-kapazitat-flasche","15":"first","16":"instock","17":"taxable","18":"shipping-taxable","19":"purchasable","20":"product-type-simple"},"acf":[],"jetpack_sharing_enabled":true,"_links":{"self":[{"href":"https:\/\/vapotheque.ch\/de\/wp-json\/wp\/v2\/product\/43817","targetHints":{"allow":["GET"]}}],"collection":[{"href":"https:\/\/vapotheque.ch\/de\/wp-json\/wp\/v2\/product"}],"about":[{"href":"https:\/\/vapotheque.ch\/de\/wp-json\/wp\/v2\/types\/product"}],"wp:featuredmedia":[{"embeddable":true,"href":"https:\/\/vapotheque.ch\/de\/wp-json\/wp\/v2\/media\/45472"}],"wp:attachment":[{"href":"https:\/\/vapotheque.ch\/de\/wp-json\/wp\/v2\/media?parent=43817"}],"wp:term":[{"taxonomy":"product_cat","embeddable":true,"href":"https:\/\/vapotheque.ch\/de\/wp-json\/wp\/v2\/product_cat?post=43817"},{"taxonomy":"product_tag","embeddable":true,"href":"https:\/\/vapotheque.ch\/de\/wp-json\/wp\/v2\/product_tag?post=43817"}],"curies":[{"name":"wp","href":"https:\/\/api.w.org\/{rel}","templated":true}]}}