{"id":41642,"date":"2024-12-20T16:00:41","date_gmt":"2024-12-20T15:00:41","guid":{"rendered":"https:\/\/vapotheque.ch\/boutique\/terror-train-los-polos-25-75-ml-e-liquid\/"},"modified":"2024-12-20T16:00:41","modified_gmt":"2024-12-20T15:00:41","slug":"terror-train-los-polos-25-75-ml-e-liquid","status":"publish","type":"product","link":"https:\/\/vapotheque.ch\/de\/shop\/terror-train-los-polos-25-75-ml-e-liquid\/","title":{"rendered":"Terror Train &#8211; Los Polos 25 \/ 75 ML E-Liquid"},"content":{"rendered":"<h2><strong>Terror Train Los Polos E-Liquide: Eine ikonische Explosion der Frische!<\/strong>  \u2744\ufe0f\ud83c\udf6c<\/h2>\n<p>Mit <strong>Terror Train Los Polos E-Liquide<\/strong> k\u00f6nnen Sie sich darauf vorbereiten, die legend\u00e4re Intensit\u00e4t der &#8220;POLO&#8221;-Bonbons wiederzuentdecken. Stellen Sie sich eine Welle von Gletscherfrische vor, die sich mit reiner, strahlender Minze vermischt und ein Geschmackserlebnis bietet, das so belebend ist wie ein Polarhauch. Jeder Atemzug versetzt Sie in einen erfrischenden und unvergesslichen Strudel, perfekt f\u00fcr Liebhaber des ikonischen Minzgef\u00fchls! \ud83c\udf2c\ufe0f\u2728   <\/p>\n<hr>\n<h3><strong>Warum sollten Sie den Terror Train Los Polos E-Liquide verwenden?<\/strong><\/h3>\n<ul>\n<li><strong>Ein Klassiker in neuem<\/strong> Gewand: Entdecken Sie den authentischen Geschmack der &#8220;POLO&#8221;-Bonbons, die perfekte Kombination aus Minzs\u00fc\u00dfe und erfrischender Frische.<\/li>\n<li><strong>Eine Welle eisiger Frische<\/strong>: Ein frostiges Gef\u00fchl, das den Gaumen reinigt und bei jedem Einatmen einen erfrischenden Abdruck hinterl\u00e4sst.<\/li>\n<li><strong>Peppiges D<\/strong> ampfen: Ideal f\u00fcr ein belebendes Dampfen, das Ihre Sinne weckt und Ihren Tag erfrischt.<\/li>\n<\/ul>\n<hr>\n<h3><strong>Gebrauchsanweisung: Bereiten Sie Ihren Eissturm vor!<\/strong>  \ud83d\udee0\ufe0f<\/h3>\n<p>\u26a0\ufe0f <strong>Achtung: Dieses konzentrierte Aroma ist nicht gebrauchsfertig!<\/strong> Achten Sie darauf, dass es vor der Verwendung richtig verd\u00fcnnt wird.<\/p>\n<ol>\n<li><strong>Empfohlene Verd\u00fcnnung<\/strong>: Mischen Sie mit Ihrer PG\/VG-Basis nach Ihrem Geschmack.<\/li>\n<li><strong>Eine wichtige Reifezeit<\/strong>: Lassen Sie Ihre Zubereitung ruhen, damit der Mentholgeschmack seine optimale Intensit\u00e4t erreicht.<\/li>\n<li><strong>Genie\u00dfen Sie die Frische<\/strong>: Einmal fertig, genie\u00dfen Sie einen eiskalten und strahlenden Dampf, der Sie in die einfachen Freuden eines zeitlosen Klassikers zur\u00fcckversetzt.<\/li>\n<\/ol>\n<hr>\n<p>Mit dem <strong>Terror Train Los Polos E-Liquide<\/strong> verwandeln Sie Ihr Dampfen in einen Hauch von Polarluft: die ikonische S\u00fc\u00dfigkeit neu erfunden f\u00fcr Ihre frostigen Momente! \u2744\ufe0f\ud83c\udf6c <\/p>\n<p>&nbsp;<\/p>\n<p>&nbsp;<\/p>\n<p>&nbsp;<\/p>\n<h3>Hilfe beim Boosten Ihres Terror Train Los Polos E-Liquide :<\/h3>\n<p>Wenn Sie Ihre Los Polos erhalten, m\u00fcssen Sie die Nikotinersatzprodukte hinzuf\u00fcgen. <a href=\"https:\/\/vapotheque.ch\/de\/kategorie\/diy-de\/boosters-diy-de\/\"><strong>Nikotin-Booster<\/strong><\/a> (falls erforderlich) und Glukose. <strong><a href=\"https:\/\/vapotheque.ch\/de\/shop\/vapor-flavour-basis-30pg-70vg\/\">PG\/VG-Base<\/a><\/strong> bevor Sie ihn rauchen k\u00f6nnen. Die Flasche, die Sie erhalten, ist mit <strong>25 ml konzentriertem Aroma<\/strong> gef\u00fcllt. In dieser Reihenfolge m\u00fcssen Sie <strong>zuerst die<\/strong> ben\u00f6tigten <strong>Nikotinbooster<\/strong> <strong>und dann die PG\/VG-Basis<\/strong> hinzuf\u00fcgen, um die Flasche zu f\u00fcllen. Um Ihnen zu helfen, die Anzahl der <a href=\"https:\/\/vapotheque.ch\/de\/kategorie\/diy-de\/boosters-diy-de\/\"><strong>Nikotin-Boostern zu helfen.<\/strong><\/a> und der Menge an Glukose <strong><a href=\"https:\/\/vapotheque.ch\/de\/shop\/vapor-flavour-basis-30pg-70vg\/\">PG\/VG-Basis<\/a><\/strong> Nachfolgend finden Sie einige Beispiele: <\/p>\n<ul>\n<li>F\u00fcr 3 mg \/ ml Nikotin m\u00fcssen Sie 1x bestellen. <a href=\"https:\/\/vapotheque.ch\/de\/kategorie\/diy-de\/boosters-diy-de\/\"><strong>Nikotin-Booster<\/strong><\/a> und 1x 100 ML Nikotin. <strong><a href=\"https:\/\/vapotheque.ch\/de\/shop\/vapor-flavour-basis-30pg-70vg\/\">Basis 30 PG \/ 70 VG bestellen.<\/a><\/strong>. F\u00fcllen Sie den Booster in die Flasche Terror Train Los Polos und f\u00fcllen Sie die Flasche mit der Basis PG \/ VG \/ VG auf. <\/li>\n<li>F\u00fcr 6 mg \/ ml Nikotin m\u00fcssen Sie 2x bestellen. <a href=\"https:\/\/vapotheque.ch\/de\/kategorie\/diy-de\/boosters-diy-de\/\"><strong>Nikotin-Booster<\/strong><\/a> und 1x 100 ML Nikotin. <strong><a href=\"https:\/\/vapotheque.ch\/de\/shop\/vapor-flavour-basis-30pg-70vg\/\">Basis 30 PG \/ 70 VG bestellen.<\/a><\/strong>. Sie gie\u00dfen den Booster in die Flasche Terror Train Los Polos und f\u00fcllen dann die Flasche mit der Basis PG \/ VG \/ VG auf. <\/li>\n<li>F\u00fcr 9 mg \/ ml m\u00fcssen Sie 3x bestellen. <a href=\"https:\/\/vapotheque.ch\/de\/kategorie\/diy-de\/boosters-diy-de\/\"><strong>Nikotin-Booster<\/strong><\/a> und 1x 100 ML von <strong><a href=\"https:\/\/vapotheque.ch\/de\/shop\/vapor-flavour-basis-30pg-70vg\/\">Basis 30 PG \/ 70 VG bestellen.<\/a><\/strong>. Sie gie\u00dfen den Booster in die Flasche Terror Train Los Polos und f\u00fcllen dann die gleiche Flasche mit der Basis PG \/ VG \/ VG auf. <\/li>\n<\/ul>\n<p><strong>So geht es weiter, bis das maximale Volumen der Flasche erreicht ist.<\/strong><\/p>\n<p><strong>Sollte nach dem Ausf\u00fcllen der Flasche noch etwas Basis vorhanden sein, bewahren Sie diese bitte dunkel und bei Raumtemperatur auf. Sie k\u00f6nnen sie bei Ihrer n\u00e4chsten Bestellung verwenden. <\/strong><\/p>\n<p>&nbsp;<\/p>\n<p><strong>Wichtig<\/strong>: Liquid mit Aromastoffen, verkauft in einer 75 ml-Flasche.<\/p>\n<p class=\"class-fabrication\">Hergestellt in Griechenland; Dosierung: 100 % PG.<\/p>\n<p>Entdecken Sie weitere Produkte der Marke  <a href=\"https:\/\/vapotheque.ch\/de\/marque\/steam-train-de\/\" target=\"_blank\" rel=\"noopener\">Steam Train<\/a>.<\/p>\n<p>Erhalten Sie Rabatte oder die neuesten Informationen \u00fcber den Steam Train, indem Sie uns auf <a href=\"https:\/\/www.facebook.com\/VapeAigleCH\" target=\"_blank\" rel=\"noopener\">Facebook<\/a> oder <a href=\"https:\/\/www.instagram.com\/vapotheque\" target=\"_blank\" rel=\"noopener\">Instagram<\/a> folgen.<\/p>\n<p>&nbsp;<\/p>\n","protected":false},"excerpt":{"rendered":"<p>Terror Train Los Polos E-Liquide: Eine ikonische Explosion der Frische! \u2744\ufe0f\ud83c\udf6c Mit Terror Train Los Polos E-Liquide k\u00f6nnen Sie sich darauf vorbereiten, die legend\u00e4re Intensit\u00e4t der &#8220;POLO&#8221;-Bonbons wiederzuentdecken. Stellen Sie sich eine Welle von Gletscherfrische vor, die sich mit reiner, strahlender Minze vermischt und ein Geschmackserlebnis bietet, das so belebend ist wie ein Polarhauch. Jeder [&hellip;]<\/p>\n","protected":false},"featured_media":41635,"template":"","meta":{"_acf_changed":false},"product_cat":[405,442,408,401,1683,1679],"product_tag":[],"class_list":{"0":"post-41642","1":"product","2":"type-product","3":"status-publish","4":"has-post-thumbnail","6":"product_brand-steam-train-de","7":"product_cat-e-liquids","8":"product_cat-hervorgehobene-produkte","9":"product_cat-lieferbar-innerhalb-von-24-stunden-de","10":"product_cat-minze","11":"product_cat-25-ml-fuer-75-ml","12":"product_cat-menge-e-flussigkeit-kapazitat-flasche","14":"first","15":"instock","16":"taxable","17":"shipping-taxable","18":"purchasable","19":"product-type-simple"},"acf":[],"jetpack_sharing_enabled":true,"_links":{"self":[{"href":"https:\/\/vapotheque.ch\/de\/wp-json\/wp\/v2\/product\/41642","targetHints":{"allow":["GET"]}}],"collection":[{"href":"https:\/\/vapotheque.ch\/de\/wp-json\/wp\/v2\/product"}],"about":[{"href":"https:\/\/vapotheque.ch\/de\/wp-json\/wp\/v2\/types\/product"}],"wp:featuredmedia":[{"embeddable":true,"href":"https:\/\/vapotheque.ch\/de\/wp-json\/wp\/v2\/media\/41635"}],"wp:attachment":[{"href":"https:\/\/vapotheque.ch\/de\/wp-json\/wp\/v2\/media?parent=41642"}],"wp:term":[{"taxonomy":"product_cat","embeddable":true,"href":"https:\/\/vapotheque.ch\/de\/wp-json\/wp\/v2\/product_cat?post=41642"},{"taxonomy":"product_tag","embeddable":true,"href":"https:\/\/vapotheque.ch\/de\/wp-json\/wp\/v2\/product_tag?post=41642"}],"curies":[{"name":"wp","href":"https:\/\/api.w.org\/{rel}","templated":true}]}}