{"id":41627,"date":"2024-11-15T11:32:37","date_gmt":"2024-11-15T10:32:37","guid":{"rendered":"https:\/\/vapotheque.ch\/boutique\/steam-train-timekeeper-line-timeless-gem-12-60-ml-e-liquide\/"},"modified":"2024-11-15T11:32:37","modified_gmt":"2024-11-15T10:32:37","slug":"steam-train-timekeeper-line-timeless-gem-12-60-ml-e-liquide","status":"publish","type":"product","link":"https:\/\/vapotheque.ch\/de\/shop\/steam-train-timekeeper-line-timeless-gem-12-60-ml-e-liquide\/","title":{"rendered":"Steam Train &#8211; Timekeeper Line Timeless Gem 12 \/ 60 ml E-Liquide"},"content":{"rendered":"<div class=\"flex-shrink-0 flex flex-col relative items-end\">\n<div class=\"pt-0\">\n<div class=\"gizmo-bot-avatar flex h-8 w-8 items-center justify-center overflow-hidden rounded-full\">\n<h2><strong>Steam Train Timekeeper Line Timeless Gem 12 \/ 60 ml E-Liquide : Die zitronig-s\u00fc\u00dfe K\u00f6stlichkeit, die Sie umhaut.<\/strong> \u2728<\/h2>\n<p>Machen Sie sich bereit f\u00fcr eine Geschmacksreise mit dem neuen <strong>Steam Train Timekeeper Line Timeless Gem 12 \/ 60 ml E-Liquid<\/strong>, in dem die prickelnde Frische der Zitrone mit der unwiderstehlichen S\u00fc\u00dfe traditioneller Zuckerkekse tanzt. Stellen Sie sich einen weichen Keks vor, der an den R\u00e4ndern leicht knusprig ist und mit einem Hauch von Zitronens\u00e4ure verfeinert wird, der Ihre Geschmacksknospen zum Leuchten bringt. Eine perfekte Balance zwischen s\u00fc\u00dfem Genuss und belebender Frische, die Sie (fast) hemmungslos genie\u00dfen k\u00f6nnen! <strong>Eine Kombination, die zum Tr\u00e4umen<\/strong> anregt<br \/>\nJede Inhalation ist ein Fest f\u00fcr die Sinne: Die Weichheit des Kekses umh\u00fcllt Sie mit S\u00fc\u00dfe, w\u00e4hrend die Zitrone f\u00fcr eine strahlende Lebendigkeit sorgt, wie ein Sonnenstrahl in Ihrem Tag. Ein verspielter und beruhigender Geschmack, der bei jedem Zug einen reinen Genussmoment verspricht. <strong>ACHTUNG:<\/strong><br \/>\nDieses Produkt ist ein konzentriertes Aroma, das vor Gebrauch verd\u00fcnnt werden muss. Es ist nicht gebrauchsfertig. Nehmen Sie sich die Zeit, es perfekt zu mischen, um ein ma\u00dfgeschneidertes Dampferlebnis zu erhalten, so wie Sie es m\u00f6gen. \ufe0f  <\/p>\n<p><strong>Warum sollten Sie sich in Lemon Sugar Cookie verlieben?<\/strong><br \/>\nWeil er eine Explosion von s\u00fc\u00dfen, s\u00fc\u00dfen und s\u00e4uerlichen Aromen bietet, die an das einfache Gl\u00fcck eines hausgemachten Desserts erinnern. Ein echter Favorit f\u00fcr Naschkatzen und Liebhaber von Frische, ideal f\u00fcr eine s\u00fc\u00dfe Pause ohne Schuldgef\u00fchle. <\/p>\n<\/div>\n<\/div>\n<\/div>\n<p>&nbsp;<\/p>\n<h3>Hilfe beim Boosten Ihres Steam Train Timekeeper Line Timeless Gem E-Liquide :<\/h3>\n<p>Wenn Sie Ihren Timeless Gem erhalten, m\u00fcssen Sie die Nikotinersatzprodukte hinzuf\u00fcgen. <a href=\"https:\/\/vapotheque.ch\/de\/kategorie\/diy-de\/boosters-diy-de\/\"><strong>Nikotin-Booster<\/strong><\/a> (falls erforderlich) und Glukose. <strong><a href=\"https:\/\/vapotheque.ch\/de\/shop\/vapor-flavour-basis-30pg-70vg\/\">PG\/VG-Base<\/a><\/strong> bevor Sie ihn dampfen k\u00f6nnen. Die Flasche, die Sie erhalten, ist mit <strong>20 ml konzentriertem Aroma<\/strong> gef\u00fcllt. In dieser Reihenfolge m\u00fcssen Sie <strong>zuerst die<\/strong> ben\u00f6tigten <strong>Nikotinbooster<\/strong> <strong>und dann die PG\/VG-Basis<\/strong> hinzuf\u00fcgen, um die Flasche zu f\u00fcllen. Um Ihnen zu helfen, die Anzahl der <a href=\"https:\/\/vapotheque.ch\/de\/kategorie\/diy-de\/boosters-diy-de\/\"><strong>Nikotin-Boostern zu helfen.<\/strong><\/a> und der Menge an Glukose <strong><a href=\"https:\/\/vapotheque.ch\/de\/shop\/vapor-flavour-basis-30pg-70vg\/\">PG\/VG-Basis<\/a><\/strong> Nachfolgend finden Sie einige Beispiele: <\/p>\n<ul>\n<li>F\u00fcr 3 mg \/ ml Nikotin m\u00fcssen Sie 1x bestellen. <a href=\"https:\/\/vapotheque.ch\/de\/kategorie\/diy-de\/boosters-diy-de\/\"><strong>Nikotin-Booster<\/strong><\/a> und 1x 100 ML Nikotin. <strong><a href=\"https:\/\/vapotheque.ch\/de\/shop\/vapor-flavour-basis-30pg-70vg\/\">Basis 30 PG \/ 70 VG<\/a><\/strong>. F\u00fcllen Sie den Booster in die E-Liquid-Flasche und f\u00fcllen Sie diese mit der PG\/VG\/VG-Basis auf. <\/li>\n<li>F\u00fcr 6 mg \/ ml Nikotin m\u00fcssen Sie 2x bestellen. <a href=\"https:\/\/vapotheque.ch\/de\/kategorie\/diy-de\/boosters-diy-de\/\"><strong>Nikotin-Booster<\/strong><\/a> und 1x 100 ML Nikotin. <strong><a href=\"https:\/\/vapotheque.ch\/de\/shop\/vapor-flavour-basis-30pg-70vg\/\">Basis 30 PG \/ 70 VG bestellen.<\/a><\/strong>. Geben Sie den Booster in die E-Liquid-Flasche und f\u00fcllen Sie die Flasche mit der Basis PG \/ VG \/ VG auf. <\/li>\n<li>F\u00fcr 9 mg \/ ml m\u00fcssen Sie 3x bestellen. <a href=\"https:\/\/vapotheque.ch\/de\/kategorie\/diy-de\/boosters-diy-de\/\"><strong>Nikotin-Booster<\/strong><\/a> und 1x 100 ML von <strong><a href=\"https:\/\/vapotheque.ch\/de\/shop\/vapor-flavour-basis-30pg-70vg\/\">Basis 30 PG \/ 70 VG bestellen.<\/a><\/strong>. Geben Sie den Booster in die E-Liquid-Flasche und f\u00fcllen Sie diese mit der Basis PG \/ VG \/ VG auf. <\/li>\n<\/ul>\n<p><strong>So geht es weiter, bis das maximale Volumen der Flasche erreicht ist.<\/strong><\/p>\n<p><strong>Sollte nach dem Ausf\u00fcllen der Flasche noch etwas Basis vorhanden sein, bewahren Sie diese bitte dunkel und bei Raumtemperatur auf. Sie k\u00f6nnen sie bei Ihrer n\u00e4chsten Bestellung verwenden. <\/strong><\/p>\n<p>&nbsp;<\/p>\n<p>Wichtig: Mit Aromen angereicherte E-Liquids, die in einer 60-ml-Flasche verkauft werden.<\/p>\n<p class=\"class-fabrication\">Hergestellt in Griechenland; Dosierung: 100 % PG.<\/p>\n<p>Entdecken Sie weitere Produkte der Marke  <a href=\"https:\/\/vapotheque.ch\/de\/marque\/steam-train-de\/\" target=\"_blank\" rel=\"noopener\">Steam Train<\/a>.<\/p>\n<p>Erhalten Sie Rabatte oder die neuesten Informationen \u00fcber den Steam Train, indem Sie uns auf <a href=\"https:\/\/www.facebook.com\/VapeAigleCH\" target=\"_blank\" rel=\"noopener\">Facebook<\/a> oder <a href=\"https:\/\/www.instagram.com\/vapotheque\" target=\"_blank\" rel=\"noopener\">Instagram<\/a> folgen.<\/p>\n","protected":false},"excerpt":{"rendered":"<p>Steam Train Timekeeper Line Timeless Gem 12 \/ 60 ml E-Liquide : Die zitronig-s\u00fc\u00dfe K\u00f6stlichkeit, die Sie umhaut. \u2728 Machen Sie sich bereit f\u00fcr eine Geschmacksreise mit dem neuen Steam Train Timekeeper Line Timeless Gem 12 \/ 60 ml E-Liquid, in dem die prickelnde Frische der Zitrone mit der unwiderstehlichen S\u00fc\u00dfe traditioneller Zuckerkekse tanzt. Stellen [&hellip;]<\/p>\n","protected":false},"featured_media":36479,"template":"","meta":{"_acf_changed":false},"product_cat":[405,397,442,408,1680,1679],"product_tag":[],"class_list":{"0":"post-41627","1":"product","2":"type-product","3":"status-publish","4":"has-post-thumbnail","6":"product_brand-steam-train-de","7":"product_cat-e-liquids","8":"product_cat-gourmands-de","9":"product_cat-hervorgehobene-produkte","10":"product_cat-lieferbar-innerhalb-von-24-stunden-de","11":"product_cat-12-ml-fuer-60-ml","12":"product_cat-menge-e-flussigkeit-kapazitat-flasche","14":"first","15":"instock","16":"taxable","17":"shipping-taxable","18":"purchasable","19":"product-type-simple"},"acf":[],"jetpack_sharing_enabled":true,"_links":{"self":[{"href":"https:\/\/vapotheque.ch\/de\/wp-json\/wp\/v2\/product\/41627","targetHints":{"allow":["GET"]}}],"collection":[{"href":"https:\/\/vapotheque.ch\/de\/wp-json\/wp\/v2\/product"}],"about":[{"href":"https:\/\/vapotheque.ch\/de\/wp-json\/wp\/v2\/types\/product"}],"wp:featuredmedia":[{"embeddable":true,"href":"https:\/\/vapotheque.ch\/de\/wp-json\/wp\/v2\/media\/36479"}],"wp:attachment":[{"href":"https:\/\/vapotheque.ch\/de\/wp-json\/wp\/v2\/media?parent=41627"}],"wp:term":[{"taxonomy":"product_cat","embeddable":true,"href":"https:\/\/vapotheque.ch\/de\/wp-json\/wp\/v2\/product_cat?post=41627"},{"taxonomy":"product_tag","embeddable":true,"href":"https:\/\/vapotheque.ch\/de\/wp-json\/wp\/v2\/product_tag?post=41627"}],"curies":[{"name":"wp","href":"https:\/\/api.w.org\/{rel}","templated":true}]}}