{"id":41626,"date":"2024-11-15T10:59:39","date_gmt":"2024-11-15T09:59:39","guid":{"rendered":"https:\/\/vapotheque.ch\/boutique\/steam-train-tobacco-series-train-in-vain-12-60-ml-e-liquide\/"},"modified":"2025-06-25T11:17:52","modified_gmt":"2025-06-25T09:17:52","slug":"steam-train-tobacco-series-train-in-vain-12-60-ml-e-liquide","status":"publish","type":"product","link":"https:\/\/vapotheque.ch\/de\/shop\/steam-train-tobacco-series-train-in-vain-12-60-ml-e-liquide\/","title":{"rendered":"Steam Train &#8211; Tobacco Series Train in Vain 12 \/ 60 ml E-Liquide"},"content":{"rendered":"<h2><strong>Steam Train Tobacco Series Train in Vain 12 \/ 60 ml E-Liquid : Der Gourmet-Moment, wenn Tabak und Sahne ein perfektes Paar sind<\/strong> \u2728<\/h2>\n<p>Mit ihrem neuen Steam Train &#8211; Tobacco Series Train in Vain 12 \/ 60 ml E-Liquid tauchen Sie ein in eine Welt voller S\u00fc\u00dfe und Intensit\u00e4t mit diesem au\u00dfergew\u00f6hnlichen Aroma, in dem der robuste Charakter des Tabaks auf den cremigen Reichtum einer perfekt ausbalancierten Creme trifft. Jeder Zug ist eine wahre Liebkosung f\u00fcr den Gaumen und bietet eine Symphonie von Aromen, die Sie sofort verzaubern wird. Stellen Sie sich einen Tabak mit tiefen und authentischen Noten vor, der durch eine weiche und samtige Creme veredelt wird und so ein v\u00f6llig neues und unwiderstehliches Geschmackserlebnis schafft. Nicht zu s\u00fc\u00df und nicht zu intensiv, eine perfekte Balance, die sowohl die Liebhaber klassischer Tabaksorten als auch die Anh\u00e4nger von Gourmetgeschmack begeistern wird. <strong>ACHTUNG:<\/strong> Dieses Produkt ist ein konzentriertes Aroma, das vor der Verwendung verd\u00fcnnt werden muss. Es ist nicht zum Dampfen geeignet. Aber wenn Sie es einmal zubereitet haben, bereiten Sie sich auf einen Moment des puren Gl\u00fccks vor! \u2728 <\/p>\n<p><strong>Warum Widerstand?<\/strong>  Geben Sie Ihrem Dampfen einen Hauch von Eleganz und Genuss mit dieser einzigartigen Mischung, die Ihre Sinne bei jeder Inhalation verwirren wird.<\/p>\n<p>&nbsp;<\/p>\n<h3>Hilfe beim Boosten Ihres Steam Train Tobacco Series Train in Vain E-Liquide :<\/h3>\n<p>Wenn Sie Ihren Train in Vain erhalten, m\u00fcssen Sie die Nikotinersatzprodukte hinzuf\u00fcgen. <a href=\"https:\/\/vapotheque.ch\/de\/kategorie\/diy-de\/boosters-diy-de\/\"><strong>Nikotin-Booster<\/strong><\/a> (falls erforderlich) und die <strong><a href=\"https:\/\/vapotheque.ch\/de\/shop\/vapor-flavour-basis-30pg-70vg\/\">PG\/VG-Base<\/a><\/strong> bevor Sie ihn rauchen k\u00f6nnen. Die Flasche, die Sie erhalten, ist mit <strong>20 ml konzentriertem Aroma<\/strong> gef\u00fcllt. In dieser Reihenfolge m\u00fcssen Sie <strong>zuerst die<\/strong> ben\u00f6tigten <strong>Nikotinbooster<\/strong> <strong>und dann die PG\/VG-Basis<\/strong> hinzuf\u00fcgen, um die Flasche zu f\u00fcllen. Um Ihnen zu helfen, die Anzahl der <a href=\"https:\/\/vapotheque.ch\/de\/kategorie\/diy-de\/boosters-diy-de\/\"><strong>Nikotin-Boostern zu helfen.<\/strong><\/a> und der Menge an Glukose <strong><a href=\"https:\/\/vapotheque.ch\/de\/shop\/vapor-flavour-basis-30pg-70vg\/\">PG\/VG-Basis<\/a><\/strong> Nachfolgend finden Sie einige Beispiele: <\/p>\n<ul>\n<li>F\u00fcr 3 mg \/ ml Nikotin m\u00fcssen Sie 1x bestellen. <a href=\"https:\/\/vapotheque.ch\/de\/kategorie\/diy-de\/boosters-diy-de\/\"><strong>Nikotin-Booster<\/strong><\/a> und 1x 100 ML Nikotin. <strong><a href=\"https:\/\/vapotheque.ch\/de\/shop\/vapor-flavour-basis-30pg-70vg\/\">Basis 30 PG \/ 70 VG<\/a><\/strong>. F\u00fcllen Sie den Booster in die E-Liquid-Flasche und f\u00fcllen Sie diese mit der PG\/VG\/VG-Basis auf. <\/li>\n<li>F\u00fcr 6 mg \/ ml Nikotin m\u00fcssen Sie 2x bestellen. <a href=\"https:\/\/vapotheque.ch\/de\/kategorie\/diy-de\/boosters-diy-de\/\"><strong>Nikotin-Booster<\/strong><\/a> und 1x 100 ML Nikotin. <strong><a href=\"https:\/\/vapotheque.ch\/de\/shop\/vapor-flavour-basis-30pg-70vg\/\">Basis 30 PG \/ 70 VG bestellen.<\/a><\/strong>. Geben Sie den Booster in die E-Liquid-Flasche und f\u00fcllen Sie die Flasche mit der Basis PG \/ VG \/ VG auf. <\/li>\n<li>F\u00fcr 9 mg \/ ml m\u00fcssen Sie 3x bestellen. <a href=\"https:\/\/vapotheque.ch\/de\/kategorie\/diy-de\/boosters-diy-de\/\"><strong>Nikotin-Booster<\/strong><\/a> und 1x 100 ML von <strong><a href=\"https:\/\/vapotheque.ch\/de\/shop\/vapor-flavour-basis-30pg-70vg\/\">Basis 30 PG \/ 70 VG bestellen.<\/a><\/strong>. Geben Sie den Booster in die E-Liquid-Flasche und f\u00fcllen Sie diese mit der Basis PG \/ VG \/ VG auf. <\/li>\n<\/ul>\n<p><strong>So geht es weiter, bis das maximale Volumen der Flasche erreicht ist.<\/strong><\/p>\n<p><strong>Sollte nach dem Ausf\u00fcllen der Flasche noch etwas Basis vorhanden sein, bewahren Sie diese bitte dunkel und bei Raumtemperatur auf. Sie k\u00f6nnen sie bei Ihrer n\u00e4chsten Bestellung verwenden. <\/strong><\/p>\n<p>&nbsp;<\/p>\n<p>Wichtig: Mit Aromen angereicherte E-Liquids, die in einer 60-ml-Flasche verkauft werden.<\/p>\n<p class=\"class-fabrication\">Hergestellt in Griechenland; Dosierung: 100 % PG.<\/p>\n<p>Entdecken Sie weitere Produkte der Marke  <a href=\"https:\/\/vapotheque.ch\/de\/marque\/steam-train-de\/\" target=\"_blank\" rel=\"noopener\">Steam Train<\/a>.<\/p>\n<p>Erhalten Sie Rabatte oder die neuesten Informationen \u00fcber den Steam Train, indem Sie uns auf <a href=\"https:\/\/www.facebook.com\/VapeAigleCH\" target=\"_blank\" rel=\"noopener\">Facebook<\/a> oder <a href=\"https:\/\/www.instagram.com\/vapotheque\" target=\"_blank\" rel=\"noopener\">Instagram<\/a> folgen.<\/p>\n","protected":false},"excerpt":{"rendered":"<p>Steam Train Tobacco Series Train in Vain 12 \/ 60 ml E-Liquid : Der Gourmet-Moment, wenn Tabak und Sahne ein perfektes Paar sind \u2728 Mit ihrem neuen Steam Train &#8211; Tobacco Series Train in Vain 12 \/ 60 ml E-Liquid tauchen Sie ein in eine Welt voller S\u00fc\u00dfe und Intensit\u00e4t mit diesem au\u00dfergew\u00f6hnlichen Aroma, in [&hellip;]<\/p>\n","protected":false},"featured_media":36465,"template":"","meta":{"_acf_changed":false},"product_cat":[405,442,408,403,1680,1679],"product_tag":[],"class_list":{"0":"post-41626","1":"product","2":"type-product","3":"status-publish","4":"has-post-thumbnail","6":"product_brand-steam-train-de","7":"product_cat-e-liquids","8":"product_cat-hervorgehobene-produkte","9":"product_cat-lieferbar-innerhalb-von-24-stunden-de","10":"product_cat-tabak","11":"product_cat-12-ml-fuer-60-ml","12":"product_cat-menge-e-flussigkeit-kapazitat-flasche","14":"first","15":"instock","16":"sale","17":"taxable","18":"shipping-taxable","19":"purchasable","20":"product-type-simple"},"acf":[],"jetpack_sharing_enabled":true,"_links":{"self":[{"href":"https:\/\/vapotheque.ch\/de\/wp-json\/wp\/v2\/product\/41626","targetHints":{"allow":["GET"]}}],"collection":[{"href":"https:\/\/vapotheque.ch\/de\/wp-json\/wp\/v2\/product"}],"about":[{"href":"https:\/\/vapotheque.ch\/de\/wp-json\/wp\/v2\/types\/product"}],"wp:featuredmedia":[{"embeddable":true,"href":"https:\/\/vapotheque.ch\/de\/wp-json\/wp\/v2\/media\/36465"}],"wp:attachment":[{"href":"https:\/\/vapotheque.ch\/de\/wp-json\/wp\/v2\/media?parent=41626"}],"wp:term":[{"taxonomy":"product_cat","embeddable":true,"href":"https:\/\/vapotheque.ch\/de\/wp-json\/wp\/v2\/product_cat?post=41626"},{"taxonomy":"product_tag","embeddable":true,"href":"https:\/\/vapotheque.ch\/de\/wp-json\/wp\/v2\/product_tag?post=41626"}],"curies":[{"name":"wp","href":"https:\/\/api.w.org\/{rel}","templated":true}]}}