{"id":41622,"date":"2024-11-15T11:20:18","date_gmt":"2024-11-15T10:20:18","guid":{"rendered":"https:\/\/vapotheque.ch\/boutique\/steam-train-tobacco-series-black-betty-12-60-ml-e-liquid\/"},"modified":"2024-11-15T11:20:18","modified_gmt":"2024-11-15T10:20:18","slug":"steam-train-tobacco-series-black-betty-12-60-ml-e-liquid","status":"publish","type":"product","link":"https:\/\/vapotheque.ch\/de\/shop\/steam-train-tobacco-series-black-betty-12-60-ml-e-liquid\/","title":{"rendered":"Steam Train &#8211; Tobacco Series Black Betty 12 \/ 60 ml E-Liquid"},"content":{"rendered":"<div class=\"flex-shrink-0 flex flex-col relative items-end\">\n<div class=\"pt-0\">\n<div class=\"gizmo-bot-avatar flex h-8 w-8 items-center justify-center overflow-hidden rounded-full\">\n<h2><strong>Steam Train Tobacco Series Black Betty 12 \/ 60 ml E-Liquid : Das Gourmet-Duo, das bei jedem Zug verf\u00fchrt.<\/strong> \u2728<\/h2>\n<p>Der neue <strong>Steam Train Tobacco Series Black Betty 12 \/ 60 ml E-Liquid: <\/strong>Wenn die Intensit\u00e4t des Tabaks auf die unwiderstehliche S\u00fc\u00dfe von Karamell trifft, entsteht eine geschmackliche Alchemie, die einfach bet\u00f6rend ist. Stellen Sie sich einen Strudel von Aromen vor, in dem das zartschmelzende und s\u00fc\u00dfe Karamell den reichen und charismatischen Tabak z\u00e4rtlich umarmt und ein perfektes Gleichgewicht zwischen Sanftheit und Charakter bietet. Jede Inhalation ist eine k\u00f6stliche Liebkosung, gefolgt von einer Intensit\u00e4t, die Ihre Geschmacksknospen vibrieren l\u00e4sst. <strong>Eine sensorische Reise mit jeder Inspiration<\/strong><br \/>\nErliegen Sie dieser einzigartigen Erfahrung, bei der jeder Zug eine warme und raffinierte Welt heraufbeschw\u00f6rt. Das Karamell verf\u00fchrt mit seiner s\u00fc\u00dfen Cremigkeit, w\u00e4hrend der Tabak eine Tiefe und Kraft hinzuf\u00fcgt, die sowohl die Liebhaber von Leckereien als auch die Anh\u00e4nger von robusten Aromen verf\u00fchren wird. Dieses Konzentrat ist ein echter Favorit! <strong>ACHTUNG:<\/strong><br \/>\nDieses Produkt ist ein konzentriertes Aroma, das vor der Verwendung verd\u00fcnnt werden muss. Es ist nicht gebrauchsfertig. \u00dcbernehmen Sie die Kontrolle und kreieren Sie Ihre ideale Mischung, individuell nach Ihren W\u00fcnschen! \ufe0f  <\/p>\n<p><strong>Warum sollten Sie es einf\u00fchren?<\/strong><br \/>\nWeil er die perfekte Harmonie zwischen S\u00fc\u00dfe und Intensit\u00e4t verk\u00f6rpert, ein Must-Have f\u00fcr alle, die nach einem ausgewogenen und unvergesslichen Dampfen suchen. Ob f\u00fcr einen Moment der Entspannung oder ein intensives Geschmackserlebnis, <em>Caramel Tobacco Fusion<\/em> wird Sie verzaubern und Sie dazu bringen, f\u00fcr einen weiteren Zug zur\u00fcckzukehren. <\/p>\n<\/div>\n<\/div>\n<\/div>\n<p>&nbsp;<\/p>\n<h3>Hilfe beim Boosten Ihres Steam Train Tobacco Series Black Betty E-Liquids :<\/h3>\n<p>Wenn Sie Ihre Black Betty erhalten, m\u00fcssen Sie die Nikotinersatzprodukte hinzuf\u00fcgen. <a href=\"https:\/\/vapotheque.ch\/de\/kategorie\/diy-de\/boosters-diy-de\/\"><strong>Nikotinbooster<\/strong><\/a> (falls erforderlich) und Glukose. <strong><a href=\"https:\/\/vapotheque.ch\/de\/shop\/vapor-flavour-basis-30pg-70vg\/\">PG\/VG-Base<\/a><\/strong> bevor Sie ihn rauchen k\u00f6nnen. Die Flasche, die Sie erhalten, ist mit <strong>20 ml konzentriertem Aroma<\/strong> gef\u00fcllt. In dieser Reihenfolge m\u00fcssen Sie <strong>zuerst die<\/strong> ben\u00f6tigten <strong>Nikotinbooster<\/strong> <strong>und dann die PG\/VG-Basis<\/strong> hinzuf\u00fcgen, um die Flasche zu f\u00fcllen. Um Ihnen zu helfen, die Anzahl der <a href=\"https:\/\/vapotheque.ch\/de\/kategorie\/diy-de\/boosters-diy-de\/\"><strong>Nikotin-Boostern zu helfen.<\/strong><\/a> und der Menge an Glukose <strong><a href=\"https:\/\/vapotheque.ch\/de\/shop\/vapor-flavour-basis-30pg-70vg\/\">PG\/VG-Basis<\/a><\/strong> Nachfolgend finden Sie einige Beispiele: <\/p>\n<ul>\n<li>F\u00fcr 3 mg \/ ml Nikotin m\u00fcssen Sie 1x bestellen. <a href=\"https:\/\/vapotheque.ch\/de\/kategorie\/diy-de\/boosters-diy-de\/\"><strong>Nikotin-Booster<\/strong><\/a> und 1x 100 ML Nikotin. <strong><a href=\"https:\/\/vapotheque.ch\/de\/shop\/vapor-flavour-basis-30pg-70vg\/\">Basis 30 PG \/ 70 VG<\/a><\/strong>. F\u00fcllen Sie den Booster in die E-Liquid-Flasche und f\u00fcllen Sie diese mit der PG\/VG\/VG-Basis auf. <\/li>\n<li>F\u00fcr 6 mg \/ ml Nikotin m\u00fcssen Sie 2x bestellen. <a href=\"https:\/\/vapotheque.ch\/de\/kategorie\/diy-de\/boosters-diy-de\/\"><strong>Nikotin-Booster<\/strong><\/a> und 1x 100 ML Nikotin. <strong><a href=\"https:\/\/vapotheque.ch\/de\/shop\/vapor-flavour-basis-30pg-70vg\/\">Basis 30 PG \/ 70 VG bestellen.<\/a><\/strong>. Geben Sie den Booster in die E-Liquid-Flasche und f\u00fcllen Sie die Flasche mit der Basis PG \/ VG \/ VG auf. <\/li>\n<li>F\u00fcr 9 mg \/ ml m\u00fcssen Sie 3x bestellen. <a href=\"https:\/\/vapotheque.ch\/de\/kategorie\/diy-de\/boosters-diy-de\/\"><strong>Nikotin-Booster<\/strong><\/a> und 1x 100 ML von <strong><a href=\"https:\/\/vapotheque.ch\/de\/shop\/vapor-flavour-basis-30pg-70vg\/\">Basis 30 PG \/ 70 VG bestellen.<\/a><\/strong>. Geben Sie den Booster in die E-Liquid-Flasche und f\u00fcllen Sie diese mit der Basis PG \/ VG \/ VG auf. <\/li>\n<\/ul>\n<p><strong>So geht es weiter, bis das maximale Volumen der Flasche erreicht ist.<\/strong><\/p>\n<p><strong>Sollte nach dem Ausf\u00fcllen der Flasche noch etwas Basis vorhanden sein, bewahren Sie diese bitte dunkel und bei Raumtemperatur auf. Sie k\u00f6nnen sie bei Ihrer n\u00e4chsten Bestellung verwenden. <\/strong><\/p>\n<p>&nbsp;<\/p>\n<p>Wichtig: Mit Aromen angereicherte E-Liquids, die in einer 60-ml-Flasche verkauft werden.<\/p>\n<p class=\"class-fabrication\">Hergestellt in Griechenland; Dosierung: 100 % PG.<\/p>\n<p>Entdecken Sie weitere Produkte der Marke  <a href=\"https:\/\/vapotheque.ch\/de\/marque\/steam-train-de\/\" target=\"_blank\" rel=\"noopener\">Steam Train<\/a>.<\/p>\n<p>Erhalten Sie Rabatte oder die neuesten Informationen \u00fcber den Steam Train, indem Sie uns auf <a href=\"https:\/\/www.facebook.com\/VapeAigleCH\" target=\"_blank\" rel=\"noopener\">Facebook<\/a> oder <a href=\"https:\/\/www.instagram.com\/vapotheque\" target=\"_blank\" rel=\"noopener\">Instagram<\/a> folgen.<\/p>\n","protected":false},"excerpt":{"rendered":"<p>Steam Train Tobacco Series Black Betty 12 \/ 60 ml E-Liquid : Das Gourmet-Duo, das bei jedem Zug verf\u00fchrt. \u2728 Der neue Steam Train Tobacco Series Black Betty 12 \/ 60 ml E-Liquid: Wenn die Intensit\u00e4t des Tabaks auf die unwiderstehliche S\u00fc\u00dfe von Karamell trifft, entsteht eine geschmackliche Alchemie, die einfach bet\u00f6rend ist. Stellen Sie [&hellip;]<\/p>\n","protected":false},"featured_media":36475,"template":"","meta":{"_acf_changed":false},"product_cat":[405,442,408,403,1680,1679],"product_tag":[],"class_list":{"0":"post-41622","1":"product","2":"type-product","3":"status-publish","4":"has-post-thumbnail","6":"product_brand-steam-train-de","7":"product_cat-e-liquids","8":"product_cat-hervorgehobene-produkte","9":"product_cat-lieferbar-innerhalb-von-24-stunden-de","10":"product_cat-tabak","11":"product_cat-12-ml-fuer-60-ml","12":"product_cat-menge-e-flussigkeit-kapazitat-flasche","14":"first","15":"instock","16":"sale","17":"taxable","18":"shipping-taxable","19":"purchasable","20":"product-type-simple"},"acf":[],"jetpack_sharing_enabled":true,"_links":{"self":[{"href":"https:\/\/vapotheque.ch\/de\/wp-json\/wp\/v2\/product\/41622","targetHints":{"allow":["GET"]}}],"collection":[{"href":"https:\/\/vapotheque.ch\/de\/wp-json\/wp\/v2\/product"}],"about":[{"href":"https:\/\/vapotheque.ch\/de\/wp-json\/wp\/v2\/types\/product"}],"wp:featuredmedia":[{"embeddable":true,"href":"https:\/\/vapotheque.ch\/de\/wp-json\/wp\/v2\/media\/36475"}],"wp:attachment":[{"href":"https:\/\/vapotheque.ch\/de\/wp-json\/wp\/v2\/media?parent=41622"}],"wp:term":[{"taxonomy":"product_cat","embeddable":true,"href":"https:\/\/vapotheque.ch\/de\/wp-json\/wp\/v2\/product_cat?post=41622"},{"taxonomy":"product_tag","embeddable":true,"href":"https:\/\/vapotheque.ch\/de\/wp-json\/wp\/v2\/product_tag?post=41622"}],"curies":[{"name":"wp","href":"https:\/\/api.w.org\/{rel}","templated":true}]}}