{"id":41621,"date":"2024-11-15T13:01:43","date_gmt":"2024-11-15T12:01:43","guid":{"rendered":"https:\/\/vapotheque.ch\/boutique\/steam-train-timekeeper-line-emperors-return-24-120-ml-e-liquide\/"},"modified":"2024-11-15T13:01:43","modified_gmt":"2024-11-15T12:01:43","slug":"steam-train-timekeeper-line-emperors-return-24-120-ml-e-liquide","status":"publish","type":"product","link":"https:\/\/vapotheque.ch\/de\/shop\/steam-train-timekeeper-line-emperors-return-24-120-ml-e-liquide\/","title":{"rendered":"Steam Train &#8211; Timekeeper Line Emperor&#8217;s Return 24 \/ 120 ml E-Liquide"},"content":{"rendered":"<h2><strong>Steam Train Timekeeper Line Emperor&#8217;s Return 24 \/ 120 ml E-Liquid : Die Eleganz des Tabaks verm\u00e4hlt mit der S\u00fc\u00dfe des Gourmets<\/strong> \u2728<\/h2>\n<p>Mit dem neuen <strong>Steam Train Timekeeper Line Emperor&#8217;s Return 24 \/ 120 ml E-Liquid <\/strong>k\u00f6nnen sich alle Liebhaber von raffinierten und s\u00fc\u00dfen Aromen auf eine gewagte und unwiderstehliche Kombination gefasst machen. Dieses fesselnde E-Liquid vereint die intensive Tiefe eines reichhaltigen und authentischen Tabaks mit der knusprigen S\u00fc\u00dfe von Zuckerkeksen. Eine perfekte Kombination f\u00fcr alle, die Charakter und Genuss in Einklang bringen m\u00f6chten. <strong>Ein unvergessliches Duo von Aro<\/strong>men<br \/>\nStellen Sie sich die wohltuende W\u00e4rme eines eleganten Tabaks vor, der mit einer s\u00fc\u00dfen, leicht karamellisierten Note verfeinert wird, wie ein frisch gebackener, goldgelber Keks. Jeder Zug ist eine Symphonie, die St\u00e4rke und S\u00fc\u00dfe ausbalanciert, mit einem subtilen, s\u00fc\u00dfen Finale, das Sie mit einer exquisiten Note zur\u00fcckl\u00e4sst.  <\/p>\n<p><strong>Warum sollten Sie es adoptieren?<\/strong><\/p>\n<ul>\n<li><strong>F\u00fcr seinen einzigartigen Charakter:<\/strong> Der Tabak verbindet sich perfekt mit den s\u00fc\u00dfen Nuancen des Kekses und schafft so einen komplexen und s\u00fcchtig machenden Dampf.<\/li>\n<li><strong>F\u00fcr seine Vielseitigkeit:<\/strong> Ideal als Solist f\u00fcr eine Gourmetpause oder in Begleitung eines Kaffees f\u00fcr einen schicken und gem\u00fctlichen Moment. \u2615<\/li>\n<li><strong>F\u00fcr Liebhaber des Originellen:<\/strong> Wer h\u00e4tte gedacht, dass Tabak und Biskuit ein solch starkes Duo abgeben w\u00fcrden? Sie nat\u00fcrlich! <\/li>\n<\/ul>\n<p><strong>ACHTUNG:<\/strong><br \/>\nDieses Produkt ist ein konzentriertes Aroma, das vor der Verwendung verd\u00fcnnt werden soll. Es ist nicht gebrauchsfertig. Achten Sie darauf, dass Sie es sorgf\u00e4ltig mischen, um den vollen Reichtum seiner Aromen zu entfalten. \ufe0f <strong>Tobacco Sugar Cookie<\/strong> ist die perfekte Balance zwischen Raffinesse und Genuss, f\u00fcr den anspruchsvollen Gaumen auf der Suche nach etwas Neuem. Ein Dampfen, das sich traut, die ausgetretenen Pfade zu verlassen, und wir lieben es!<\/p>\n<p>&nbsp;<\/p>\n<p>&nbsp;<\/p>\n<h3>Hilfe beim Boosten Ihres Steam Train Timekeeper Line Timeless Gem E-Liquide :<\/h3>\n<p>Wenn Sie Ihren Timeless Gem erhalten, m\u00fcssen Sie die Nikotinersatzprodukte hinzuf\u00fcgen. <a href=\"https:\/\/vapotheque.ch\/de\/kategorie\/diy-de\/boosters-diy-de\/\"><strong>Nikotin-Booster<\/strong><\/a> (falls erforderlich) und Glukose. <strong><a href=\"https:\/\/vapotheque.ch\/de\/shop\/vapor-flavour-basis-30pg-70vg\/\">PG\/VG-Base<\/a><\/strong> bevor Sie ihn dampfen k\u00f6nnen. Die Flasche, die Sie erhalten, ist mit <strong>24 ml konzentriertem Aroma<\/strong> gef\u00fcllt. In dieser Reihenfolge m\u00fcssen Sie <strong>zuerst die<\/strong> ben\u00f6tigten <strong>Nikotinbooster<\/strong> <strong>und dann die PG\/VG-Basis<\/strong> hinzuf\u00fcgen, um die Flasche zu f\u00fcllen. Um Ihnen zu helfen, die Anzahl der <a href=\"https:\/\/vapotheque.ch\/de\/kategorie\/diy-de\/boosters-diy-de\/\"><strong>Nikotin-Boostern zu helfen.<\/strong><\/a> und der Menge an Glukose <strong><a href=\"https:\/\/vapotheque.ch\/de\/shop\/vapor-flavour-basis-30pg-70vg\/\">PG\/VG-Basis<\/a><\/strong> Nachfolgend finden Sie einige Beispiele: <\/p>\n<ul>\n<li>F\u00fcr 3 mg \/ ml Nikotin m\u00fcssen Sie 2x bestellen. <a href=\"https:\/\/vapotheque.ch\/de\/kategorie\/diy-de\/boosters-diy-de\/\"><strong>Nikotin Booster<\/strong><\/a> und 1x 100 ML Nikotin. <strong><a href=\"https:\/\/vapotheque.ch\/de\/shop\/vapor-flavour-basis-30pg-70vg\/\">Basis 30 PG \/ 70 VG bestellen.<\/a><\/strong>. F\u00fcllen Sie den Booster in die E-Liquid-Flasche und f\u00fcllen Sie die Flasche mit der PG\/VG\/VG-Basis auf. <\/li>\n<li>F\u00fcr 6 mg \/ ml Nikotin m\u00fcssen Sie 4x bestellen. <a href=\"https:\/\/vapotheque.ch\/de\/kategorie\/diy-de\/boosters-diy-de\/\"><strong>Nikotin-Booster<\/strong><\/a> und 1x 100 ML Nikotin. <strong><a href=\"https:\/\/vapotheque.ch\/de\/shop\/vapor-flavour-basis-30pg-70vg\/\">Basis 30 PG \/ 70 VG bestellen.<\/a><\/strong>. Geben Sie den Booster in die E-Liquid-Flasche und f\u00fcllen Sie die Flasche mit der Basis PG \/ VG \/ VG auf. <\/li>\n<li>F\u00fcr 9 mg \/ ml m\u00fcssen Sie 6x bestellen. <a href=\"https:\/\/vapotheque.ch\/de\/kategorie\/diy-de\/boosters-diy-de\/\"><strong>Nikotin-Booster<\/strong><\/a> und 1x 100 ML von <strong><a href=\"https:\/\/vapotheque.ch\/de\/shop\/vapor-flavour-basis-30pg-70vg\/\">Basis 30 PG \/ 70 VG bestellen.<\/a><\/strong>. Geben Sie den Booster in die E-Liquid-Flasche und f\u00fcllen Sie die Flasche mit der Basis PG \/ VG \/ VG auf. <\/li>\n<\/ul>\n<p><strong>So geht es weiter, bis das maximale Volumen der Flasche erreicht ist.<\/strong><\/p>\n<p><strong>Sollte nach dem Ausf\u00fcllen der Flasche noch etwas Basis vorhanden sein, bewahren Sie diese bitte dunkel und bei Raumtemperatur auf. Sie k\u00f6nnen sie bei Ihrer n\u00e4chsten Bestellung verwenden. <\/strong><\/p>\n<p>&nbsp;<\/p>\n<p>Wichtig: Mit Aromen angereicherte E-Liquids, die in einer 120-ml-Flasche verkauft werden.<\/p>\n<p class=\"class-fabrication\">Hergestellt in Griechenland; Dosierung: 100 % PG.<\/p>\n<p>&nbsp;<\/p>\n<p>Entdecken Sie weitere Produkte der Marke <a href=\"https:\/\/vapotheque.ch\/de\/marque\/steam-train-de\/\" target=\"_blank\" rel=\"noopener\">Steam Train<\/a>.<\/p>\n<p>Erhalten Sie Rabatte oder die neuesten Informationen \u00fcber Steam Train, indem Sie uns auf <a href=\"https:\/\/www.facebook.com\/VapeAigleCH\" target=\"_blank\" rel=\"noopener\">Facebook<\/a> oder <a href=\"https:\/\/www.instagram.com\/vapotheque\" target=\"_blank\" rel=\"noopener\">Instagram<\/a> folgen.<\/p>\n","protected":false},"excerpt":{"rendered":"<p>Steam Train Timekeeper Line Emperor&#8217;s Return 24 \/ 120 ml E-Liquid : Die Eleganz des Tabaks verm\u00e4hlt mit der S\u00fc\u00dfe des Gourmets \u2728 Mit dem neuen Steam Train Timekeeper Line Emperor&#8217;s Return 24 \/ 120 ml E-Liquid k\u00f6nnen sich alle Liebhaber von raffinierten und s\u00fc\u00dfen Aromen auf eine gewagte und unwiderstehliche Kombination gefasst machen. Dieses [&hellip;]<\/p>\n","protected":false},"featured_media":36490,"template":"","meta":{"_acf_changed":false},"product_cat":[405,397,442,408,403,1682,1679],"product_tag":[],"class_list":{"0":"post-41621","1":"product","2":"type-product","3":"status-publish","4":"has-post-thumbnail","6":"product_brand-steam-train-de","7":"product_cat-e-liquids","8":"product_cat-gourmands-de","9":"product_cat-hervorgehobene-produkte","10":"product_cat-lieferbar-innerhalb-von-24-stunden-de","11":"product_cat-tabak","12":"product_cat-24-ml-fur-120-ml","13":"product_cat-menge-e-flussigkeit-kapazitat-flasche","15":"first","16":"outofstock","17":"taxable","18":"shipping-taxable","19":"purchasable","20":"product-type-simple"},"acf":[],"jetpack_sharing_enabled":true,"_links":{"self":[{"href":"https:\/\/vapotheque.ch\/de\/wp-json\/wp\/v2\/product\/41621","targetHints":{"allow":["GET"]}}],"collection":[{"href":"https:\/\/vapotheque.ch\/de\/wp-json\/wp\/v2\/product"}],"about":[{"href":"https:\/\/vapotheque.ch\/de\/wp-json\/wp\/v2\/types\/product"}],"wp:featuredmedia":[{"embeddable":true,"href":"https:\/\/vapotheque.ch\/de\/wp-json\/wp\/v2\/media\/36490"}],"wp:attachment":[{"href":"https:\/\/vapotheque.ch\/de\/wp-json\/wp\/v2\/media?parent=41621"}],"wp:term":[{"taxonomy":"product_cat","embeddable":true,"href":"https:\/\/vapotheque.ch\/de\/wp-json\/wp\/v2\/product_cat?post=41621"},{"taxonomy":"product_tag","embeddable":true,"href":"https:\/\/vapotheque.ch\/de\/wp-json\/wp\/v2\/product_tag?post=41621"}],"curies":[{"name":"wp","href":"https:\/\/api.w.org\/{rel}","templated":true}]}}