{"id":41619,"date":"2024-11-15T14:55:24","date_gmt":"2024-11-15T13:55:24","guid":{"rendered":"https:\/\/vapotheque.ch\/boutique\/terror-train-strawberry-watermelon-bubblegum-25-75-ml-e-liquide\/"},"modified":"2024-11-15T14:55:24","modified_gmt":"2024-11-15T13:55:24","slug":"terror-train-strawberry-watermelon-bubblegum-25-75-ml-e-liquide","status":"publish","type":"product","link":"https:\/\/vapotheque.ch\/de\/shop\/terror-train-strawberry-watermelon-bubblegum-25-75-ml-e-liquide\/","title":{"rendered":"Terror Train &#8211; Strawberry Watermelon Bubblegum 25 \/ 75 ML E-Liquide"},"content":{"rendered":"<h2><strong>Terror Train Strawberry Watermelon Bubblegum 25 \/ 75 ML E-Liquid : Nostalgisches Dampfen in fruchtiger Form!<\/strong><\/h2>\n<p>Mit dem neuen <strong>Terror Train Strawberry Watermelon Bubblegum 25 \/ 75 ML E-Liquid <\/strong>k\u00f6nnen Sie sich von einer herrlich s\u00fc\u00dfen Mischung verf\u00fchren lassen, die Kindheitserinnerungen weckt. Stellen Sie sich die unwiderstehliche S\u00fc\u00dfe von reifen Erdbeeren, den saftigen Glanz von Wassermelone und die tr\u00f6stliche Note von klassischem Bubblegum vor. Eine wahre Geschmacksexplosion bei jedem Zug, die Sie direkt in Ihre s\u00fc\u00dfesten Erinnerungen zur\u00fcckversetzt! \u2728 <\/p>\n<h3><strong>Warum sollten Sie Strawberry Watermelon Bubblegum \u00fcbernehmen?<\/strong><\/h3>\n<ul>\n<li><strong>Ein erfolgreiches Trio :<\/strong> Die saftigen Erdbeeren und die frische Wassermelone harmonieren perfekt mit dem ikonischen Geschmack von s\u00fc\u00dfem Kaugummi. Eine fruchtige und nostalgische Harmonie! <\/li>\n<li><strong>Ein regressiver Genuss:<\/strong> Versetzen Sie sich in Ihre Kindheit zur\u00fcck mit diesem Geschmack, der an Bubblegum-Blasen erinnert, die in der Sommersonne gepustet werden.<\/li>\n<li><strong>Ein genussvolles und spielerisches Dampfen:<\/strong> Bei jeder Inhalation ist es ein R\u00fcckblick auf die Vergangenheit voller S\u00fc\u00dfe und guter Laune.<\/li>\n<\/ul>\n<h3><strong>Gebrauchsanweisung :<\/strong><\/h3>\n<p><strong>ACHTUNG:<\/strong> Dieses konzentrierte Aroma ist nicht gebrauchsfertig! Achten Sie darauf, es vor der Verwendung zu verd\u00fcnnen. <\/p>\n<ol>\n<li><strong>Verd\u00fcnnen Sie dieses wohlschmeckende Aroma<\/strong> mit einer PG\/VG-Basis nach Ihren W\u00fcnschen.<\/li>\n<li><strong>Mischen Sie die Mischung und warten Sie einige Tage,<\/strong> damit sich der Geschmack entwickeln kann.<\/li>\n<li><strong>Gehen Sie hin und genie\u00dfen Sie einen Moment der puren Gaumenfreude.<\/strong><\/li>\n<\/ol>\n<p>Mit <strong>Strawberry Watermelon Bubblegum<\/strong> verwandeln Sie jeden Zug in ein fruchtiges und nostalgisches Fest. Halten Sie den Genuss mit dieser unwiderstehlichen Mischung aufrecht, die ein L\u00e4cheln auf die Lippen von kleinen und gro\u00dfen S\u00fc\u00dfigkeitenliebhabern zaubert! <\/p>\n<p>&nbsp;<\/p>\n<p>&nbsp;<\/p>\n<h3>Hilfe beim Boosten Ihres Terror Train Strawberry Watermelon Bubblegum E-Liquide :<\/h3>\n<p>Wenn Sie Ihr Strawberry Watermelon Bubblegum erhalten, m\u00fcssen Sie die Nikotinersatzstoffe hinzuf\u00fcgen. <a href=\"https:\/\/vapotheque.ch\/de\/kategorie\/diy-de\/boosters-diy-de\/\"><strong>Nikotinbooster<\/strong><\/a> (falls erforderlich) und die <strong><a href=\"https:\/\/vapotheque.ch\/de\/shop\/vapor-flavour-basis-30pg-70vg\/\">PG\/VG-Basis<\/a><\/strong> bevor Sie ihn dampfen k\u00f6nnen. Die Flasche, die Sie erhalten, ist mit <strong>25 ml konzentriertem Aroma<\/strong> gef\u00fcllt. In dieser Reihenfolge m\u00fcssen Sie <strong>zuerst die<\/strong> ben\u00f6tigten <strong>Nikotinbooster<\/strong> <strong>und dann die PG\/VG-Basis<\/strong> hinzuf\u00fcgen, um die Flasche zu f\u00fcllen. Um Ihnen zu helfen, die Anzahl der <a href=\"https:\/\/vapotheque.ch\/de\/kategorie\/diy-de\/boosters-diy-de\/\"><strong>Nikotin-Boostern zu helfen.<\/strong><\/a> und der Menge an Glukose <strong><a href=\"https:\/\/vapotheque.ch\/de\/shop\/vapor-flavour-basis-30pg-70vg\/\">PG\/VG-Basis<\/a><\/strong> Nachfolgend finden Sie einige Beispiele: <\/p>\n<ul>\n<li>F\u00fcr 3 mg \/ ml Nikotin m\u00fcssen Sie 1x bestellen. <a href=\"https:\/\/vapotheque.ch\/de\/kategorie\/diy-de\/boosters-diy-de\/\"><strong>Nikotin-Booster<\/strong><\/a> und 1x 100 ML Nikotin. <strong><a href=\"https:\/\/vapotheque.ch\/de\/shop\/vapor-flavour-basis-30pg-70vg\/\">Basis 30 PG \/ 70 VG<\/a><\/strong>. Sie gie\u00dfen den Booster in die Flasche Terror Train Orange Tic-Tac und f\u00fcllen die Flasche mit der Basis PG \/ VG \/ VG auf. <\/li>\n<li>F\u00fcr 6 mg \/ ml Nikotin m\u00fcssen Sie 2x bestellen. <a href=\"https:\/\/vapotheque.ch\/de\/kategorie\/diy-de\/boosters-diy-de\/\"><strong>Nikotin-Booster<\/strong><\/a> und 1x 100 ML Nikotin. <strong><a href=\"https:\/\/vapotheque.ch\/de\/shop\/vapor-flavour-basis-30pg-70vg\/\">Basis 30 PG \/ 70 VG bestellen.<\/a><\/strong>. Sie gie\u00dfen den Booster in die Flasche Terror Train Orange Tic-Tac und f\u00fcllen die Flasche mit der Basis PG \/ VG \/ VG auf. <\/li>\n<li>F\u00fcr 9 mg \/ ml m\u00fcssen Sie 3x bestellen. <a href=\"https:\/\/vapotheque.ch\/de\/kategorie\/diy-de\/boosters-diy-de\/\"><strong>Nikotin-Booster<\/strong><\/a> und 1x 100 ML von <strong><a href=\"https:\/\/vapotheque.ch\/de\/shop\/vapor-flavour-basis-30pg-70vg\/\">Basis 30 PG \/ 70 VG bestellen.<\/a><\/strong>. Sie gie\u00dfen den Booster in die Flasche Terror Train Orange Tic-Tac und f\u00fcllen die Flasche mit der Basis PG \/ VG \/ VG auf. <\/li>\n<\/ul>\n<p><strong>So geht es weiter, bis das maximale Volumen der Flasche erreicht ist.<\/strong><\/p>\n<p><strong>Sollte nach dem Ausf\u00fcllen der Flasche noch etwas Basis vorhanden sein, bewahren Sie diese bitte dunkel und bei Raumtemperatur auf. Sie k\u00f6nnen sie bei Ihrer n\u00e4chsten Bestellung verwenden. <\/strong><\/p>\n<p>&nbsp;<\/p>\n<p><strong>Wichtig<\/strong>: Liquid mit Aromastoffen, verkauft in einer 75 ml-Flasche.<\/p>\n<p class=\"class-fabrication\">Hergestellt in Griechenland; Dosierung: 100 % PG.<\/p>\n<p>Entdecken Sie weitere Produkte der Marke  <a href=\"https:\/\/vapotheque.ch\/de\/marque\/steam-train-de\/\" target=\"_blank\" rel=\"noopener\">Steam Train<\/a>.<\/p>\n<p>Erhalten Sie Rabatte oder die neuesten Informationen \u00fcber den Steam Train, indem Sie uns auf <a href=\"https:\/\/www.facebook.com\/VapeAigleCH\" target=\"_blank\" rel=\"noopener\">Facebook<\/a> oder <a href=\"https:\/\/www.instagram.com\/vapotheque\" target=\"_blank\" rel=\"noopener\">Instagram<\/a> folgen.<\/p>\n","protected":false},"excerpt":{"rendered":"<p>Terror Train Strawberry Watermelon Bubblegum 25 \/ 75 ML E-Liquid : Nostalgisches Dampfen in fruchtiger Form! Mit dem neuen Terror Train Strawberry Watermelon Bubblegum 25 \/ 75 ML E-Liquid k\u00f6nnen Sie sich von einer herrlich s\u00fc\u00dfen Mischung verf\u00fchren lassen, die Kindheitserinnerungen weckt. Stellen Sie sich die unwiderstehliche S\u00fc\u00dfe von reifen Erdbeeren, den saftigen Glanz von [&hellip;]<\/p>\n","protected":false},"featured_media":36502,"template":"","meta":{"_acf_changed":false},"product_cat":[405,404,442,408,1683,1679],"product_tag":[],"class_list":{"0":"post-41619","1":"product","2":"type-product","3":"status-publish","4":"has-post-thumbnail","6":"product_brand-steam-train-de","7":"product_cat-e-liquids","8":"product_cat-fruchtig","9":"product_cat-hervorgehobene-produkte","10":"product_cat-lieferbar-innerhalb-von-24-stunden-de","11":"product_cat-25-ml-fuer-75-ml","12":"product_cat-menge-e-flussigkeit-kapazitat-flasche","14":"first","15":"instock","16":"taxable","17":"shipping-taxable","18":"purchasable","19":"product-type-simple"},"acf":[],"jetpack_sharing_enabled":true,"_links":{"self":[{"href":"https:\/\/vapotheque.ch\/de\/wp-json\/wp\/v2\/product\/41619","targetHints":{"allow":["GET"]}}],"collection":[{"href":"https:\/\/vapotheque.ch\/de\/wp-json\/wp\/v2\/product"}],"about":[{"href":"https:\/\/vapotheque.ch\/de\/wp-json\/wp\/v2\/types\/product"}],"wp:featuredmedia":[{"embeddable":true,"href":"https:\/\/vapotheque.ch\/de\/wp-json\/wp\/v2\/media\/36502"}],"wp:attachment":[{"href":"https:\/\/vapotheque.ch\/de\/wp-json\/wp\/v2\/media?parent=41619"}],"wp:term":[{"taxonomy":"product_cat","embeddable":true,"href":"https:\/\/vapotheque.ch\/de\/wp-json\/wp\/v2\/product_cat?post=41619"},{"taxonomy":"product_tag","embeddable":true,"href":"https:\/\/vapotheque.ch\/de\/wp-json\/wp\/v2\/product_tag?post=41619"}],"curies":[{"name":"wp","href":"https:\/\/api.w.org\/{rel}","templated":true}]}}