{"id":41618,"date":"2024-11-15T13:30:56","date_gmt":"2024-11-15T12:30:56","guid":{"rendered":"https:\/\/vapotheque.ch\/boutique\/terror-train-watermelon-ice-25-75-ml-e-liquid\/"},"modified":"2024-11-15T13:30:56","modified_gmt":"2024-11-15T12:30:56","slug":"terror-train-watermelon-ice-25-75-ml-e-liquid","status":"publish","type":"product","link":"https:\/\/vapotheque.ch\/de\/shop\/terror-train-watermelon-ice-25-75-ml-e-liquid\/","title":{"rendered":"Terror Train &#8211; Watermelon Ice 25 \/ 75 ML E-Liquid"},"content":{"rendered":"<h2><strong>Terror Train Watermelon Ice 25 \/ 75 ML E-Liquid : Der Frischekick, der Ihre hei\u00dfen Tage unvergesslich macht!<\/strong>  \u2744\ufe0f<\/h2>\n<p>Tauchen Sie ein in eine Welle der Frische mit dem neuen <strong>Terror Train Watermelon Ice 25 \/ 75 ML E-Liquid<\/strong>, das perfekt die saftige S\u00fc\u00dfe der <strong>Wassermelone<\/strong> mit einem revitalisierenden Frost kombiniert. Eine wahre Erfrischung f\u00fcr Tage, an denen die Sonne keine Geschenke macht! \u2600\ufe0f  <\/p>\n<h3><strong>Warum sollten Sie sich f\u00fcr die Gefrorene Wassermelone entscheiden?<\/strong><\/h3>\n<ul>\n<li><strong>Eine fruchtige Explosion:<\/strong> Jede Inhalation setzt den s\u00fc\u00dfen und durstl\u00f6schenden Geschmack von sonnengereiften Wassermelonen frei.<\/li>\n<li><strong>Eine durchschlagende Frische :<\/strong> Der Eiseffekt verwandelt diese fruchtige S\u00fc\u00dfe in einen erfrischenden Cocktail, der perfekt ist, um die D\u00e4mpfe hei\u00dfer Tage zu lindern. \u2744\ufe0f<\/li>\n<li><strong>Ein unvergleichlicher Sommergenuss:<\/strong> Mit diesem Aroma ist es, als ob der Sommer in Ihr Dampfen einziehen w\u00fcrde, egal wo Sie sich befinden.<\/li>\n<\/ul>\n<h3><strong>Gebrauchsanweisung :<\/strong><\/h3>\n<p><strong>ACHTUNG:<\/strong> Dieses konzentrierte Aroma ist nicht gebrauchsfertig! Denken Sie daran, es vor Gebrauch mit einer Basis zu verd\u00fcnnen, um sein volles Potenzial zu entfalten. \ufe0f<\/p>\n<ul>\n<li><strong>Dosieren, mischen, genie\u00dfen<\/strong>: F\u00fcgen Sie Ihre bevorzugte Dosis der Basis hinzu und lassen Sie die Magie wirken.<\/li>\n<\/ul>\n<p>Mit <strong>Wassermelone Eis<\/strong> ist jeder Zug eine Einladung, sich zu erfrischen und dabei die exquisite Leichtigkeit dieser fruchtigen Mischung zu genie\u00dfen. Ein Muss f\u00fcr alle, die sommerliche und belebende Aromen lieben. \u2728<\/p>\n<p>&nbsp;<\/p>\n<p>&nbsp;<\/p>\n<h3>Hilfe beim Boosten Ihres Terror Train Watermelon Ice E-Liquide :<\/h3>\n<p>Wenn Sie Ihr Watermelon Ice erhalten, m\u00fcssen Sie die Nikotinersatzprodukte hinzuf\u00fcgen. <a href=\"https:\/\/vapotheque.ch\/de\/kategorie\/diy-de\/boosters-diy-de\/\"><strong>Nikotin-Booster<\/strong><\/a> (falls erforderlich) und die <strong><a href=\"https:\/\/vapotheque.ch\/de\/shop\/vapor-flavour-basis-30pg-70vg\/\">PG\/VG-Basis<\/a><\/strong> bevor Sie es dampfen k\u00f6nnen. Die Flasche, die Sie erhalten, ist mit <strong>25 ml konzentriertem Aroma<\/strong> gef\u00fcllt. In dieser Reihenfolge m\u00fcssen Sie <strong>zuerst die<\/strong> ben\u00f6tigten <strong>Nikotinbooster<\/strong> <strong>und dann die PG\/VG-Basis<\/strong> hinzuf\u00fcgen, um die Flasche zu f\u00fcllen. Um Ihnen zu helfen, die Anzahl der <a href=\"https:\/\/vapotheque.ch\/de\/kategorie\/diy-de\/boosters-diy-de\/\"><strong>Nikotin-Boostern zu helfen.<\/strong><\/a> und der Menge an Glukose <strong><a href=\"https:\/\/vapotheque.ch\/de\/shop\/vapor-flavour-basis-30pg-70vg\/\">PG\/VG-Basis<\/a><\/strong> Nachfolgend finden Sie einige Beispiele: <\/p>\n<ul>\n<li>F\u00fcr 3 mg \/ ml Nikotin m\u00fcssen Sie 1x bestellen. <a href=\"https:\/\/vapotheque.ch\/de\/kategorie\/diy-de\/boosters-diy-de\/\"><strong>Nikotin-Booster<\/strong><\/a> und 1x 100 ML Nikotin. <strong><a href=\"https:\/\/vapotheque.ch\/de\/shop\/vapor-flavour-basis-30pg-70vg\/\">Basis 30 PG \/ 70 VG<\/a><\/strong>. Sie gie\u00dfen den Booster in die Flasche Terror Train Orange Tic-Tac und f\u00fcllen die Flasche mit der Basis PG \/ VG \/ VG auf. <\/li>\n<li>F\u00fcr 6 mg \/ ml Nikotin m\u00fcssen Sie 2x bestellen. <a href=\"https:\/\/vapotheque.ch\/de\/kategorie\/diy-de\/boosters-diy-de\/\"><strong>Nikotin-Booster<\/strong><\/a> und 1x 100 ML Nikotin. <strong><a href=\"https:\/\/vapotheque.ch\/de\/shop\/vapor-flavour-basis-30pg-70vg\/\">Basis 30 PG \/ 70 VG bestellen.<\/a><\/strong>. Sie gie\u00dfen den Booster in die Flasche Terror Train Orange Tic-Tac und f\u00fcllen die Flasche mit der Basis PG \/ VG \/ VG auf. <\/li>\n<li>F\u00fcr 9 mg \/ ml m\u00fcssen Sie 3x bestellen. <a href=\"https:\/\/vapotheque.ch\/de\/kategorie\/diy-de\/boosters-diy-de\/\"><strong>Nikotin-Booster<\/strong><\/a> und 1x 100 ML von <strong><a href=\"https:\/\/vapotheque.ch\/de\/shop\/vapor-flavour-basis-30pg-70vg\/\">Basis 30 PG \/ 70 VG bestellen.<\/a><\/strong>. Sie gie\u00dfen den Booster in die Flasche Terror Train Orange Tic-Tac und f\u00fcllen die Flasche mit der Basis PG \/ VG \/ VG auf. <\/li>\n<\/ul>\n<p><strong>So geht es weiter, bis das maximale Volumen der Flasche erreicht ist.<\/strong><\/p>\n<p><strong>Sollte nach dem Ausf\u00fcllen der Flasche noch etwas Basis vorhanden sein, bewahren Sie diese bitte dunkel und bei Raumtemperatur auf. Sie k\u00f6nnen sie bei Ihrer n\u00e4chsten Bestellung verwenden. <\/strong><\/p>\n<p>&nbsp;<\/p>\n<p><strong>Wichtig<\/strong>: Liquid mit Aromastoffen, verkauft in einer 75 ml-Flasche.<\/p>\n<p class=\"class-fabrication\">Hergestellt in Griechenland; Dosierung: 100 % PG.<\/p>\n<p>Entdecken Sie weitere Produkte der Marke  <a href=\"https:\/\/vapotheque.ch\/de\/marque\/steam-train-de\/\" target=\"_blank\" rel=\"noopener\">Steam Train<\/a>.<\/p>\n<p>Erhalten Sie Rabatte oder die neuesten Informationen \u00fcber den Steam Train, indem Sie uns auf <a href=\"https:\/\/www.facebook.com\/VapeAigleCH\" target=\"_blank\" rel=\"noopener\">Facebook<\/a> oder <a href=\"https:\/\/www.instagram.com\/vapotheque\" target=\"_blank\" rel=\"noopener\">Instagram<\/a> folgen.<\/p>\n","protected":false},"excerpt":{"rendered":"<p>Terror Train Watermelon Ice 25 \/ 75 ML E-Liquid : Der Frischekick, der Ihre hei\u00dfen Tage unvergesslich macht! \u2744\ufe0f Tauchen Sie ein in eine Welle der Frische mit dem neuen Terror Train Watermelon Ice 25 \/ 75 ML E-Liquid, das perfekt die saftige S\u00fc\u00dfe der Wassermelone mit einem revitalisierenden Frost kombiniert. Eine wahre Erfrischung f\u00fcr [&hellip;]<\/p>\n","protected":false},"featured_media":36496,"template":"","meta":{"_acf_changed":false},"product_cat":[405,404,442,408,423,1683,1679],"product_tag":[],"class_list":{"0":"post-41618","1":"product","2":"type-product","3":"status-publish","4":"has-post-thumbnail","6":"product_brand-steam-train-de","7":"product_cat-e-liquids","8":"product_cat-fruchtig","9":"product_cat-hervorgehobene-produkte","10":"product_cat-lieferbar-innerhalb-von-24-stunden-de","11":"product_cat-promos","12":"product_cat-25-ml-fuer-75-ml","13":"product_cat-menge-e-flussigkeit-kapazitat-flasche","15":"first","16":"outofstock","17":"taxable","18":"shipping-taxable","19":"purchasable","20":"product-type-simple"},"acf":[],"jetpack_sharing_enabled":true,"_links":{"self":[{"href":"https:\/\/vapotheque.ch\/de\/wp-json\/wp\/v2\/product\/41618","targetHints":{"allow":["GET"]}}],"collection":[{"href":"https:\/\/vapotheque.ch\/de\/wp-json\/wp\/v2\/product"}],"about":[{"href":"https:\/\/vapotheque.ch\/de\/wp-json\/wp\/v2\/types\/product"}],"wp:featuredmedia":[{"embeddable":true,"href":"https:\/\/vapotheque.ch\/de\/wp-json\/wp\/v2\/media\/36496"}],"wp:attachment":[{"href":"https:\/\/vapotheque.ch\/de\/wp-json\/wp\/v2\/media?parent=41618"}],"wp:term":[{"taxonomy":"product_cat","embeddable":true,"href":"https:\/\/vapotheque.ch\/de\/wp-json\/wp\/v2\/product_cat?post=41618"},{"taxonomy":"product_tag","embeddable":true,"href":"https:\/\/vapotheque.ch\/de\/wp-json\/wp\/v2\/product_tag?post=41618"}],"curies":[{"name":"wp","href":"https:\/\/api.w.org\/{rel}","templated":true}]}}