{"id":41598,"date":"2024-12-18T15:25:38","date_gmt":"2024-12-18T14:25:38","guid":{"rendered":"https:\/\/vapotheque.ch\/boutique\/don-cristo-maple-sels-10-ml-e-liquid\/"},"modified":"2024-12-18T15:25:38","modified_gmt":"2024-12-18T14:25:38","slug":"don-cristo-maple-sels-10-ml-e-liquid","status":"publish","type":"product","link":"https:\/\/vapotheque.ch\/de\/shop\/don-cristo-maple-sels-10-ml-e-liquid\/","title":{"rendered":"Don Cristo &#8211; Maple SELS 10 ml E-Liquid"},"content":{"rendered":"<h2><strong>Don Cristo Maple SELS 10 ml E-Liquid : Von Havanna bis zur Ahornplantage, ein au\u00dfergew\u00f6hnliches Dampfen!<\/strong><\/h2>\n<p>Bereiten Sie sich auf eine Geschmacksreise vor, die Sie vom sonnigen Kuba bis zu den schneebedeckten W\u00e4ldern Kanadas f\u00fchrt. <strong>Don Cristo Maple SELS 10 ml E-Liquid<\/strong> ist die perfekte Kombination aus der Authentizit\u00e4t einer kr\u00e4ftigen kubanischen Zigarre und der unwiderstehlichen S\u00fc\u00dfe von kanadischem Ahornsirup. Jeder Zug ist eine Gourmet-Symphonie, in der die robusten und rauchigen Aromen des Tabaks harmonisch mit der s\u00fc\u00dfen und tr\u00f6stenden S\u00fc\u00dfe des Ahorns tanzen. Ein <strong>klassischer Gourmand<\/strong>, der den anspruchsvollen Gaumen auf der Suche nach einem subtilen und raffinierten Gleichgewicht verf\u00fchren wird.   <\/p>\n<hr>\n<h3><strong>Warum Don Cristo Maple?<\/strong><\/h3>\n<ul>\n<li><strong>Ein legend\u00e4rer Geschmack<\/strong>: Die kr\u00e4ftigen Noten der kubanischen Zigarre werden mit einem Hauch von S\u00fc\u00dfe angereichert und schaffen so ein reiches und komplexes Erlebnis, das Luxus und Raffinesse vermittelt.<\/li>\n<li><strong>Hergestellt in Kanada<\/strong>: Diese E-Liquids wurden mit Sorgfalt entwickelt und vereinen die Essenz zweier Welten in einem einzigen Dampf.<\/li>\n<\/ul>\n<hr>\n<h3><strong>Sanftes Dampfen dank Nikotinsalzen<\/strong> \ufe0f<\/h3>\n<p>Mit ihrer Formulierung mit <strong>Nikotinsalzen<\/strong> ist die Don Cristo Maple ein idealer Verb\u00fcndeter f\u00fcr diejenigen, die die Befriedigung eines Hits suchen, aber in einer sanften Version f\u00fcr die Kehle.<\/p>\n<ul>\n<li><strong>Erh\u00e4ltlich in 10 mg\/ml und 20 mg\/ml<\/strong>: Perfekt f\u00fcr ehemalige Raucher, die nach einer Dosierung suchen, die ihren Bed\u00fcrfnissen entspricht.<\/li>\n<li><strong>Entwickelt f\u00fcr MTL E-Zigaretten<\/strong> (indirekte Inhalation): Ein sanftes und kontrolliertes Dampfen ohne das Risiko einer \u00dcberdosierung.<\/li>\n<\/ul>\n<hr>\n<h3><strong>Technische Merkmale<\/strong><\/h3>\n<ul>\n<li><strong>Flasche<\/strong>: 10 ml aus PET-Kunststoff, mit Kindersicherung f\u00fcr eine sorgenfreie Verwendung.<\/li>\n<li><strong>PG\/VG-Verh\u00e4ltnis<\/strong>: 50\/50 &#8211; Die perfekte Balance f\u00fcr eine gute Geschmackswiedergabe und eine diskrete Dampfproduktion.<\/li>\n<li><strong>Fertig zum Vapen<\/strong>: Kein Mischen erforderlich, einfach \u00f6ffnen, gie\u00dfen und genie\u00dfen.<\/li>\n<li><strong>Herkunft<\/strong>: 100 % kanadisch, mit der ganzen Liebe des Ahorns in jedem Tropfen.<\/li>\n<\/ul>\n<hr>\n<h3><strong>F\u00fcr wen?<\/strong><\/h3>\n<p>Ob Sie nun ein Liebhaber von <strong>Gourmet-Tabak<\/strong> sind oder ein Raucher auf der Suche nach einer eleganten und schmackhaften Alternative, <strong>Don Cristo Maple SELS 10 ml E-Liquid<\/strong> ist genau das Richtige f\u00fcr Sie. Perfekt f\u00fcr Momente der Entspannung oder als Begleitung zu einem Kaffee, ist dieses E-Liquid eine wahre Liebeserkl\u00e4rung an das raffinierte Dampfen. <\/p>\n<p>&nbsp;<\/p>\n<p><strong><span style=\"vertical-align: inherit;\">Wichtig<\/span><\/strong><span style=\"vertical-align: inherit;\"> E-Liquid bereits nikotinisiert, verkauft in einer 10 ml Flasche.<\/span><\/p>\n<p class=\"class-fabrication\"><span style=\"vertical-align: inherit;\">Hergestellt in Kanada; PG\/VG-Verh\u00e4ltnis: 50 % \/ 50 %. Passt sich an jede Art von Material an.<\/span><\/p>\n<p>&nbsp;<\/p>\n<p>Entdecken Sie weitere Produkte der Marke <a href=\"\/marque\/pg-vg-labs\/\" target=\"_blank\" rel=\"noopener\">PG VG Labs<\/a>!<\/p>\n<p>Erhalten Sie Rabatte oder die neuesten Informationen \u00fcber unsere Produkte, indem Sie uns auf unseren sozialen Netzwerken folgen: <a href=\"https:\/\/www.facebook.com\/VapeAigleCH\" target=\"_blank\" rel=\"noopener\">Facebook<\/a> oder <a href=\"https:\/\/www.instagram.com\/vapotheque\" target=\"_blank\" rel=\"noopener\">Instagram<\/a>.<\/p>\n","protected":false},"excerpt":{"rendered":"<p>Don Cristo Maple SELS 10 ml E-Liquid : Von Havanna bis zur Ahornplantage, ein au\u00dfergew\u00f6hnliches Dampfen! Bereiten Sie sich auf eine Geschmacksreise vor, die Sie vom sonnigen Kuba bis zu den schneebedeckten W\u00e4ldern Kanadas f\u00fchrt. Don Cristo Maple SELS 10 ml E-Liquid ist die perfekte Kombination aus der Authentizit\u00e4t einer kr\u00e4ftigen kubanischen Zigarre und der [&hellip;]<\/p>\n","protected":false},"featured_media":41522,"template":"","meta":{"_acf_changed":false},"product_cat":[405,442,408,403,1629,1719],"product_tag":[],"class_list":{"0":"post-41598","1":"product","2":"type-product","3":"status-publish","4":"has-post-thumbnail","6":"product_brand-don-cristo-de","7":"product_brand-pg-vg-labs-de","8":"product_cat-e-liquids","9":"product_cat-hervorgehobene-produkte","10":"product_cat-lieferbar-innerhalb-von-24-stunden-de","11":"product_cat-tabak","12":"product_cat-10-ml-mit-nikotin","13":"product_cat-10ml-850-de","15":"first","16":"instock","17":"taxable","18":"shipping-taxable","19":"purchasable","20":"product-type-variable"},"acf":[],"jetpack_sharing_enabled":true,"_links":{"self":[{"href":"https:\/\/vapotheque.ch\/de\/wp-json\/wp\/v2\/product\/41598","targetHints":{"allow":["GET"]}}],"collection":[{"href":"https:\/\/vapotheque.ch\/de\/wp-json\/wp\/v2\/product"}],"about":[{"href":"https:\/\/vapotheque.ch\/de\/wp-json\/wp\/v2\/types\/product"}],"wp:featuredmedia":[{"embeddable":true,"href":"https:\/\/vapotheque.ch\/de\/wp-json\/wp\/v2\/media\/41522"}],"wp:attachment":[{"href":"https:\/\/vapotheque.ch\/de\/wp-json\/wp\/v2\/media?parent=41598"}],"wp:term":[{"taxonomy":"product_cat","embeddable":true,"href":"https:\/\/vapotheque.ch\/de\/wp-json\/wp\/v2\/product_cat?post=41598"},{"taxonomy":"product_tag","embeddable":true,"href":"https:\/\/vapotheque.ch\/de\/wp-json\/wp\/v2\/product_tag?post=41598"}],"curies":[{"name":"wp","href":"https:\/\/api.w.org\/{rel}","templated":true}]}}