{"id":37621,"date":"2024-10-12T12:58:28","date_gmt":"2024-10-12T10:58:28","guid":{"rendered":"https:\/\/vapotheque.ch\/boutique\/vaping-in-paris-kates-miam-miam-10-ml-e-liquide\/"},"modified":"2024-10-12T12:58:28","modified_gmt":"2024-10-12T10:58:28","slug":"vaping-in-paris-kates-miam-miam-10-ml-e-liquide","status":"publish","type":"product","link":"https:\/\/vapotheque.ch\/de\/shop\/vaping-in-paris-kates-miam-miam-10-ml-e-liquide\/","title":{"rendered":"Vaping In Paris &#8211; Kate&#8217;s &#8211; Miam Miam 10 ML E-Liquide"},"content":{"rendered":"<h2><strong>Vaping In Paris Kate&#8217;s &#8211; Miam Miam 10 ML E-Liquid:<\/strong> Entdecken Sie die ultimative Gaumenfreude!<\/h2>\n<p>Bereiten Sie sich auf eine Explosion von k\u00f6stlichen Aromen vor mit <strong>Vaping In Paris Kate&#8217;s &#8211; Miam Miam 10 ML E-Liquid<\/strong>! Schon bei der Erw\u00e4hnung des Namens wissen Sie, dass dieses E-Liquid Ihre Geschmacksnerven anregen und Ihre Erinnerungen an die leckersten Desserts wieder aufleben lassen wird. Sie haben noch nie eine solche Symphonie der S\u00fc\u00dfe in Ihrer Dampfe gesehen: Stellen Sie sich eine subtile Mischung aus cremigem Kaffee, s\u00fc\u00dfer Vanille, zartem Karamell vor, die mit knackigen Macadamia-N\u00fcssen und einem Hauch von ger\u00f6steten Haseln\u00fcssen abgerundet wird. Ja, Ihnen l\u00e4uft bereits das Wasser im Mund zusammen, und das ist v\u00f6llig normal! Aber warten Sie, das ist noch nicht alles: Wie immer hat Vaping In Paris, getreu seinem Engagement f\u00fcr ein nat\u00fcrliches und kompromissloses Dampfen, diese K\u00f6stlichkeit ohne S\u00fc\u00dfstoffe oder synthetische Zusatzstoffe hergestellt. Hier sind es <strong>100% pflanzliche<\/strong> und <strong>nat\u00fcrliche franz\u00f6sische Aromen<\/strong> f\u00fcr eine ebenso reine wie schmackhafte Erfahrung. Das PG\/VG-Verh\u00e4ltnis von 40\/60 garantiert Ihnen einen weichen, gro\u00dfz\u00fcgigen und geschmackvollen Dampf, egal ob Sie ein Wolkenliebhaber oder ein Geschmackserforscher sind. Also, sind Sie bereit, <strong>in <\/strong> diesen Leckerbissen, den <strong>Vaping In Paris Kate&#8217;s &#8211; Miam Miam 10 ML E-Liquide <\/strong>, zu bei\u00dfen?  <\/p>\n<p>&nbsp;<\/p>\n<p><strong><span style=\"vertical-align: inherit;\">Wichtig<\/span><\/strong><span style=\"vertical-align: inherit;\"> E-Liquid bereits nikotinisiert, verkauft in einer 10 ml Flasche.<\/span><\/p>\n<p><span style=\"vertical-align: inherit;\">Hergestellt in Frankreich; Verh\u00e4ltnis MPGV\/GV: 40% \/ 60%. Passt sich an jede Art von Material an.<\/span><\/p>\n<p>&nbsp;<\/p>\n<p><span style=\"vertical-align: inherit;\">Entdecken Sie weitere Produkte der Marke <\/span><a href=\"\/marque\/vaping-in-paris\"><span style=\"vertical-align: inherit;\">Vaping in Paris<\/span><\/a><span style=\"vertical-align: inherit;\"> .<\/span><\/p>\n<p><span style=\"vertical-align: inherit;\">Erhalten Sie Rabatte oder die neuesten Informationen \u00fcber unsere Produkte, indem Sie uns in unseren sozialen Netzwerken folgen: <\/span><a href=\"https:\/\/www.facebook.com\/VapeAigleCH\" target=\"_blank\" rel=\"noopener\"><span style=\"vertical-align: inherit;\">Facebook<\/span><\/a><span style=\"vertical-align: inherit;\"> oder <\/span><a href=\"https:\/\/www.instagram.com\/vapotheque\" target=\"_blank\" rel=\"noopener\"><span style=\"vertical-align: inherit;\">Instagram<\/span><\/a><span style=\"vertical-align: inherit;\"> .<\/span><\/p>\n","protected":false},"excerpt":{"rendered":"<p>Vaping In Paris Kate&#8217;s &#8211; Miam Miam 10 ML E-Liquid: Entdecken Sie die ultimative Gaumenfreude! Bereiten Sie sich auf eine Explosion von k\u00f6stlichen Aromen vor mit Vaping In Paris Kate&#8217;s &#8211; Miam Miam 10 ML E-Liquid! Schon bei der Erw\u00e4hnung des Namens wissen Sie, dass dieses E-Liquid Ihre Geschmacksnerven anregen und Ihre Erinnerungen an die [&hellip;]<\/p>\n","protected":false},"featured_media":35337,"template":"","meta":{"_acf_changed":false},"product_cat":[405,397,442,408,1629,1716],"product_tag":[],"class_list":{"0":"post-37621","1":"product","2":"type-product","3":"status-publish","4":"has-post-thumbnail","6":"product_brand-vaping-in-paris-de","7":"product_cat-e-liquids","8":"product_cat-gourmands-de","9":"product_cat-hervorgehobene-produkte","10":"product_cat-lieferbar-innerhalb-von-24-stunden-de","11":"product_cat-10-ml-mit-nikotin","12":"product_cat-10ml-790-de","14":"first","15":"instock","16":"taxable","17":"shipping-taxable","18":"purchasable","19":"product-type-variable"},"acf":[],"jetpack_sharing_enabled":true,"_links":{"self":[{"href":"https:\/\/vapotheque.ch\/de\/wp-json\/wp\/v2\/product\/37621","targetHints":{"allow":["GET"]}}],"collection":[{"href":"https:\/\/vapotheque.ch\/de\/wp-json\/wp\/v2\/product"}],"about":[{"href":"https:\/\/vapotheque.ch\/de\/wp-json\/wp\/v2\/types\/product"}],"wp:featuredmedia":[{"embeddable":true,"href":"https:\/\/vapotheque.ch\/de\/wp-json\/wp\/v2\/media\/35337"}],"wp:attachment":[{"href":"https:\/\/vapotheque.ch\/de\/wp-json\/wp\/v2\/media?parent=37621"}],"wp:term":[{"taxonomy":"product_cat","embeddable":true,"href":"https:\/\/vapotheque.ch\/de\/wp-json\/wp\/v2\/product_cat?post=37621"},{"taxonomy":"product_tag","embeddable":true,"href":"https:\/\/vapotheque.ch\/de\/wp-json\/wp\/v2\/product_tag?post=37621"}],"curies":[{"name":"wp","href":"https:\/\/api.w.org\/{rel}","templated":true}]}}